{"id":665,"date":"2024-06-11T23:45:38","date_gmt":"2024-06-11T21:45:38","guid":{"rendered":"https:\/\/harmonyhotel.cz\/?page_id=665"},"modified":"2025-07-31T14:00:53","modified_gmt":"2025-07-31T12:00:53","slug":"saunen-welt","status":"publish","type":"page","link":"https:\/\/harmonyhotel.cz\/de\/wellness\/saunovy-svet\/","title":{"rendered":"Sauna-Welt"},"content":{"rendered":"<p class=\"has-text-align-center\">Das Wellness-Zentrum des Harmony Hotels wird auch die anspruchsvollsten Bed\u00fcrfnisse nach Entspannung und Erholung erf\u00fcllen. Das luxuri\u00f6se Design, das Angebot an Saunar\u00e4umen verschiedener Art und der Entspannungsbereich sind ein wesentlicher Bestandteil der neu er\u00f6ffneten Saunawelt, deren Angebot Ihre Erwartungen \u00fcbertreffen wird.<\/p>\n\n\n\n<div style=\"height:50px\" aria-hidden=\"true\" class=\"wp-block-spacer\"><\/div>\n\n\n\n<div class=\"wp-block-media-text has-media-on-the-right is-stacked-on-mobile is-image-fill-element\"><div class=\"wp-block-media-text__content\">\n<h2 class=\"wp-block-heading\">Gro\u00dfe finnische Sauna<\/h2>\n\n\n\n<p>Sie ist f\u00fcr gesunde Menschen geeignet, um die Fitness zu erhalten und zu st\u00e4rken, den K\u00f6rper aufzuw\u00e4rmen, die Muskeln zu entspannen, die Durchblutung der Haut zu f\u00f6rdern, die Poren zu reinigen und Stress abzubauen. Die Atmosph\u00e4re der Sauna tr\u00e4gt dazu bei, ein angenehmes Gef\u00fchl zu schaffen.<\/p>\n\n\n\n<p>Teplota vzduchu:&nbsp;cca <strong>90 \u00b0C<\/strong><br>Vlhkost vzduchu:&nbsp;cca <strong>20 \u2013 30 %<\/strong><br>Empfohlene Aufenthaltsdauer:&nbsp;<strong>5 - 15 Minuten<\/strong><\/p>\n<\/div><figure class=\"wp-block-media-text__media\"><a href=\"https:\/\/harmonyhotel.cz\/wp-content\/uploads\/2025\/07\/2024_06_25_9647_EOS_R5_LRN-1-scaled.jpg\"><img loading=\"lazy\" decoding=\"async\" width=\"1600\" height=\"1058\" src=\"https:\/\/harmonyhotel.cz\/wp-content\/uploads\/2025\/07\/2024_06_25_9647_EOS_R5_LRN-1-1600x1058.jpg\" alt=\"\" class=\"wp-image-1987 size-medium\" style=\"object-position:50% 50%\" srcset=\"https:\/\/harmonyhotel.cz\/wp-content\/uploads\/2025\/07\/2024_06_25_9647_EOS_R5_LRN-1-1600x1058.jpg 1600w, https:\/\/harmonyhotel.cz\/wp-content\/uploads\/2025\/07\/2024_06_25_9647_EOS_R5_LRN-1-800x529.jpg 800w, https:\/\/harmonyhotel.cz\/wp-content\/uploads\/2025\/07\/2024_06_25_9647_EOS_R5_LRN-1-18x12.jpg 18w\" sizes=\"auto, (max-width: 1600px) 100vw, 1600px\" \/><\/a><\/figure><\/div>\n\n\n\n<div class=\"wp-block-media-text is-stacked-on-mobile\"><figure class=\"wp-block-media-text__media\"><a href=\"https:\/\/harmonyhotel.cz\/wp-content\/uploads\/2024\/06\/Wellness-Spindleruv-Mlyn-Harmony-Hotel-Spindleruv-Mlyn-Sauna-9-scaled.jpg\"><img loading=\"lazy\" decoding=\"async\" width=\"800\" height=\"532\" src=\"https:\/\/harmonyhotel.cz\/wp-content\/uploads\/2024\/06\/Wellness-Spindleruv-Mlyn-Harmony-Hotel-Spindleruv-Mlyn-Sauna-9-800x532.jpg\" alt=\"Wellness Spindlerm\u00fchle - Harmony Hotel Spindlerm\u00fchle - Sauna\" class=\"wp-image-688 size-medium\" srcset=\"https:\/\/harmonyhotel.cz\/wp-content\/uploads\/2024\/06\/Wellness-Spindleruv-Mlyn-Harmony-Hotel-Spindleruv-Mlyn-Sauna-9-800x532.jpg 800w, https:\/\/harmonyhotel.cz\/wp-content\/uploads\/2024\/06\/Wellness-Spindleruv-Mlyn-Harmony-Hotel-Spindleruv-Mlyn-Sauna-9-1600x1065.jpg 1600w\" sizes=\"auto, (max-width: 800px) 100vw, 800px\" \/><\/a><\/figure><div class=\"wp-block-media-text__content\">\n<h2 class=\"wp-block-heading\">Tropische Sauna<\/h2>\n\n\n\n<p>Es ist f\u00fcr gesunde Menschen geeignet, um die Fitness zu erhalten und zu st\u00e4rken, den K\u00f6rper zu erw\u00e4rmen, die Muskeln zu entspannen, den Blutkreislauf zu f\u00f6rdern, die Poren zu reinigen und Stress abzubauen. Das angenehme Saunagef\u00fchl wird durch ein zartes Zitrusaroma verst\u00e4rkt. Es handelt sich um eine Art finnische Sauna mit h\u00f6herer Luftfeuchtigkeit.<\/p>\n\n\n\n<p>Teplota vzduchu:&nbsp;cca <strong>70 \u00b0C<\/strong><br>Vlhkost vzduchu:&nbsp;cca <strong>35 \u2013 55 %<\/strong><br>Empfohlene Aufenthaltsdauer:&nbsp;<strong>10 \u2013 15 Minuten<\/strong><\/p>\n<\/div><\/div>\n\n\n\n<div class=\"wp-block-media-text has-media-on-the-right is-stacked-on-mobile is-image-fill-element\"><div class=\"wp-block-media-text__content\">\n<h2 class=\"wp-block-heading\">Eukalyptus-Sauna (Kabine)<\/h2>\n\n\n\n<p>Sie ist f\u00fcr eine sanfte, aromatische Erw\u00e4rmung des K\u00f6rpers ausgelegt, die sich positiv auf die oberen Atemwege auswirkt. Der Komfort in der Kabine wird durch beheizte Sitze erh\u00f6ht.<\/p>\n\n\n\n<p>Teplota vzduchu:&nbsp;cca <strong>40 \u00b0C<\/strong><br>Vlhkost vzduchu:&nbsp;cca <strong>20 %<\/strong><br>Empfohlene Aufenthaltsdauer:&nbsp;<strong>15 Minuten<\/strong><\/p>\n<\/div><figure class=\"wp-block-media-text__media\"><a href=\"https:\/\/harmonyhotel.cz\/wp-content\/uploads\/2025\/07\/2024_06_25_9699_EOS_R5_LRN-1-scaled.jpg\"><img loading=\"lazy\" decoding=\"async\" width=\"1600\" height=\"1042\" src=\"https:\/\/harmonyhotel.cz\/wp-content\/uploads\/2025\/07\/2024_06_25_9699_EOS_R5_LRN-1-1600x1042.jpg\" alt=\"\" class=\"wp-image-1992 size-medium\" style=\"object-position:50% 50%\" srcset=\"https:\/\/harmonyhotel.cz\/wp-content\/uploads\/2025\/07\/2024_06_25_9699_EOS_R5_LRN-1-1600x1042.jpg 1600w, https:\/\/harmonyhotel.cz\/wp-content\/uploads\/2025\/07\/2024_06_25_9699_EOS_R5_LRN-1-800x521.jpg 800w, https:\/\/harmonyhotel.cz\/wp-content\/uploads\/2025\/07\/2024_06_25_9699_EOS_R5_LRN-1-18x12.jpg 18w\" sizes=\"auto, (max-width: 1600px) 100vw, 1600px\" \/><\/a><\/figure><\/div>\n\n\n\n<div class=\"wp-block-media-text is-stacked-on-mobile is-image-fill-element\"><figure class=\"wp-block-media-text__media\"><a href=\"https:\/\/harmonyhotel.cz\/wp-content\/uploads\/2025\/07\/2024_06_25_9654_EOS_R5_LRN-scaled.jpg\"><img loading=\"lazy\" decoding=\"async\" width=\"1600\" height=\"1055\" src=\"https:\/\/harmonyhotel.cz\/wp-content\/uploads\/2025\/07\/2024_06_25_9654_EOS_R5_LRN-1600x1055.jpg\" alt=\"\" class=\"wp-image-1892 size-medium\" style=\"object-position:50% 50%\" srcset=\"https:\/\/harmonyhotel.cz\/wp-content\/uploads\/2025\/07\/2024_06_25_9654_EOS_R5_LRN-1600x1055.jpg 1600w, https:\/\/harmonyhotel.cz\/wp-content\/uploads\/2025\/07\/2024_06_25_9654_EOS_R5_LRN-800x527.jpg 800w, https:\/\/harmonyhotel.cz\/wp-content\/uploads\/2025\/07\/2024_06_25_9654_EOS_R5_LRN-18x12.jpg 18w\" sizes=\"auto, (max-width: 1600px) 100vw, 1600px\" \/><\/a><\/figure><div class=\"wp-block-media-text__content\">\n<h2 class=\"wp-block-heading\">Dampfsauna (Bad)<\/h2>\n\n\n\n<p>Sie ist f\u00fcr eine sanfte, aromatische Erw\u00e4rmung des K\u00f6rpers ausgelegt, die sich positiv auf die oberen Atemwege auswirkt. Der Komfort in der Kabine wird durch beheizte Sitze erh\u00f6ht.<\/p>\n\n\n\n<p>Teplota vzduchu:&nbsp;cca <strong>50 \u00b0C<\/strong><br>Vlhkost vzduchu:&nbsp;cca <strong>100 %<\/strong><br>Empfohlene Aufenthaltsdauer:&nbsp;<strong>15 Minuten<\/strong><\/p>\n<\/div><\/div>\n\n\n\n<div class=\"wp-block-media-text has-media-on-the-right is-stacked-on-mobile is-image-fill-element\"><div class=\"wp-block-media-text__content\">\n<h2 class=\"wp-block-heading\">Kr\u00e4utersauna (Bad)<\/h2>\n\n\n\n<p>Das dosierte Kr\u00e4uteraroma, das aus einer Mischung wohltuender Kr\u00e4uter besteht, l\u00f6st ein angenehmes Gef\u00fchl der Entspannung und vollkommenen Erholung aus. Die Temperatur in der Sauna ist niedriger und die Sauna ist mit beheizten Sitzen ausgestattet.<\/p>\n\n\n\n<p>Teplota vzduchu:&nbsp;cca <strong>45 \u2013 55 \u00b0C<\/strong><br>Vlhkost vzduchu:&nbsp;cca <strong>40 \u2013 50 %<\/strong><br>Empfohlene Aufenthaltsdauer:&nbsp;<strong>10 Minuten<\/strong><\/p>\n<\/div><figure class=\"wp-block-media-text__media\"><a href=\"https:\/\/harmonyhotel.cz\/wp-content\/uploads\/2025\/07\/2024_06_25_9627_EOS_R5_LRN-1-scaled.jpg\"><img loading=\"lazy\" decoding=\"async\" width=\"1600\" height=\"1044\" src=\"https:\/\/harmonyhotel.cz\/wp-content\/uploads\/2025\/07\/2024_06_25_9627_EOS_R5_LRN-1-1600x1044.jpg\" alt=\"\" class=\"wp-image-1994 size-medium\" style=\"object-position:50% 50%\" srcset=\"https:\/\/harmonyhotel.cz\/wp-content\/uploads\/2025\/07\/2024_06_25_9627_EOS_R5_LRN-1-1600x1044.jpg 1600w, https:\/\/harmonyhotel.cz\/wp-content\/uploads\/2025\/07\/2024_06_25_9627_EOS_R5_LRN-1-800x522.jpg 800w, https:\/\/harmonyhotel.cz\/wp-content\/uploads\/2025\/07\/2024_06_25_9627_EOS_R5_LRN-1-18x12.jpg 18w\" sizes=\"auto, (max-width: 1600px) 100vw, 1600px\" \/><\/a><\/figure><\/div>\n\n\n\n<div class=\"wp-block-media-text is-stacked-on-mobile is-image-fill-element\"><figure class=\"wp-block-media-text__media\"><a href=\"https:\/\/harmonyhotel.cz\/wp-content\/uploads\/2025\/07\/2024_06_25_9660_EOS_R5_LRN-scaled.jpg\"><img loading=\"lazy\" decoding=\"async\" width=\"1600\" height=\"1067\" src=\"https:\/\/harmonyhotel.cz\/wp-content\/uploads\/2025\/07\/2024_06_25_9660_EOS_R5_LRN-1600x1067.jpg\" alt=\"\" class=\"wp-image-1995 size-medium\" style=\"object-position:50% 50%\" srcset=\"https:\/\/harmonyhotel.cz\/wp-content\/uploads\/2025\/07\/2024_06_25_9660_EOS_R5_LRN-1600x1067.jpg 1600w, https:\/\/harmonyhotel.cz\/wp-content\/uploads\/2025\/07\/2024_06_25_9660_EOS_R5_LRN-800x533.jpg 800w, https:\/\/harmonyhotel.cz\/wp-content\/uploads\/2025\/07\/2024_06_25_9660_EOS_R5_LRN-18x12.jpg 18w\" sizes=\"auto, (max-width: 1600px) 100vw, 1600px\" \/><\/a><\/figure><div class=\"wp-block-media-text__content\">\n<h2 class=\"wp-block-heading\">Kneipp'scher Steg<\/h2>\n\n\n\n<p>Die Kneippsche Hydrotherapie zeichnet sich durch den Wechsel von warmem und kaltem Wasser aus. Die Kieselsteine am Boden der Wasserboxen massieren die F\u00fc\u00dfe und die wechselnde Wassertemperatur verbessert die Durchblutung. Warme B\u00e4der helfen bei Atemwegserkrankungen, kalte B\u00e4der trainieren das Gef\u00e4\u00dfsystem und eignen sich zum Beispiel f\u00fcr chronisch kalte F\u00fc\u00dfe und Schwei\u00dff\u00fc\u00dfe. Wechselb\u00e4der verbessern die Blutzirkulation in allen K\u00f6rperbereichen und werden bei Kr\u00e4mpfen des Gef\u00e4\u00dfsystems sowie bei Erk\u00e4ltungen und anderen Beschwerden eingesetzt.<\/p>\n<\/div><\/div>\n\n\n\n<div class=\"wp-block-media-text has-media-on-the-right is-stacked-on-mobile is-image-fill-element\"><div class=\"wp-block-media-text__content\">\n<h2 class=\"wp-block-heading\">Abk\u00fchlung<\/h2>\n\n\n\n<p>Ein untrennbarer Bestandteil der Sauna ist die anschlie\u00dfende Abk\u00fchlung mit kaltem Wasser. Sie kann in verschiedenen Formen erfolgen - wir bieten die traditionelle Abk\u00fchlung mit einem h\u00e4ngenden Eisk\u00fcbel oder einer klassischen Eisdusche. F\u00fcr die Abenteuerlustigen steht die Abk\u00fchlung im K\u00fchlbecken zur Verf\u00fcgung, die durch die M\u00f6glichkeit eines kalten Wasserstrahls aus der Designwelle \u00fcber dem Becken erg\u00e4nzt wird.<\/p>\n<\/div><figure class=\"wp-block-media-text__media\"><a href=\"https:\/\/harmonyhotel.cz\/wp-content\/uploads\/2025\/07\/2024_06_25_9676_EOS_R5_LRN-1-scaled.jpg\"><img loading=\"lazy\" decoding=\"async\" width=\"1600\" height=\"1065\" src=\"https:\/\/harmonyhotel.cz\/wp-content\/uploads\/2025\/07\/2024_06_25_9676_EOS_R5_LRN-1-1600x1065.jpg\" alt=\"\" class=\"wp-image-1993 size-medium\" style=\"object-position:50% 50%\" srcset=\"https:\/\/harmonyhotel.cz\/wp-content\/uploads\/2025\/07\/2024_06_25_9676_EOS_R5_LRN-1-1600x1065.jpg 1600w, https:\/\/harmonyhotel.cz\/wp-content\/uploads\/2025\/07\/2024_06_25_9676_EOS_R5_LRN-1-800x532.jpg 800w, https:\/\/harmonyhotel.cz\/wp-content\/uploads\/2025\/07\/2024_06_25_9676_EOS_R5_LRN-1-18x12.jpg 18w\" sizes=\"auto, (max-width: 1600px) 100vw, 1600px\" \/><\/a><\/figure><\/div>\n\n\n\n<div class=\"wp-block-media-text is-stacked-on-mobile is-image-fill-element\"><figure class=\"wp-block-media-text__media\"><a href=\"https:\/\/harmonyhotel.cz\/wp-content\/uploads\/2025\/07\/2024_06_25_9634_EOS_R5_LRN-2-scaled.jpg\"><img loading=\"lazy\" decoding=\"async\" width=\"1600\" height=\"1071\" src=\"https:\/\/harmonyhotel.cz\/wp-content\/uploads\/2025\/07\/2024_06_25_9634_EOS_R5_LRN-2-1600x1071.jpg\" alt=\"\" class=\"wp-image-1990 size-medium\" style=\"object-position:50% 50%\" srcset=\"https:\/\/harmonyhotel.cz\/wp-content\/uploads\/2025\/07\/2024_06_25_9634_EOS_R5_LRN-2-1600x1071.jpg 1600w, https:\/\/harmonyhotel.cz\/wp-content\/uploads\/2025\/07\/2024_06_25_9634_EOS_R5_LRN-2-800x535.jpg 800w, https:\/\/harmonyhotel.cz\/wp-content\/uploads\/2025\/07\/2024_06_25_9634_EOS_R5_LRN-2-18x12.jpg 18w\" sizes=\"auto, (max-width: 1600px) 100vw, 1600px\" \/><\/a><\/figure><div class=\"wp-block-media-text__content\">\n<h2 class=\"wp-block-heading\">Entspannungszone<\/h2>\n\n\n\n<p>Entspannung ist ein wesentlicher Bestandteil eines gesunden Saunaerlebnisses.  Wir haben f\u00fcr Sie einen sch\u00f6nen Entspannungsraum mit Musik vorbereitet, der Teil der Saunawelt ist und dessen Aufenthalt f\u00fcr Sie alle ein angenehmer Abschluss des Saunagangs sein wird.<\/p>\n<\/div><\/div>\n\n\n\n<div class=\"wp-block-media-text has-media-on-the-right is-stacked-on-mobile is-image-fill-element\"><div class=\"wp-block-media-text__content\">\n<h2 class=\"wp-block-heading\">Kontakte und \u00d6ffnungszeiten<\/h2>\n\n\n\n<p>+420 499 469 113<br>+420 499 469 111<br>wellness@harmonyhotel.cz<\/p>\n\n\n\n<p><strong>T\u00e4glich, 16:00 - 22:00<\/strong><\/p>\n<\/div><figure class=\"wp-block-media-text__media\"><a href=\"https:\/\/harmonyhotel.cz\/wp-content\/uploads\/2025\/07\/2024_06_25_9639_EOS_R5_LRN-2-scaled.jpg\"><img loading=\"lazy\" decoding=\"async\" width=\"1600\" height=\"1065\" src=\"https:\/\/harmonyhotel.cz\/wp-content\/uploads\/2025\/07\/2024_06_25_9639_EOS_R5_LRN-2-1600x1065.jpg\" alt=\"\" class=\"wp-image-1991 size-medium\" style=\"object-position:50% 50%\" srcset=\"https:\/\/harmonyhotel.cz\/wp-content\/uploads\/2025\/07\/2024_06_25_9639_EOS_R5_LRN-2-1600x1065.jpg 1600w, https:\/\/harmonyhotel.cz\/wp-content\/uploads\/2025\/07\/2024_06_25_9639_EOS_R5_LRN-2-800x532.jpg 800w, https:\/\/harmonyhotel.cz\/wp-content\/uploads\/2025\/07\/2024_06_25_9639_EOS_R5_LRN-2-18x12.jpg 18w\" sizes=\"auto, (max-width: 1600px) 100vw, 1600px\" \/><\/a><\/figure><\/div>\n\n\n\n<p><\/p>","protected":false},"excerpt":{"rendered":"<p>Wellness centrum Harmony Hotelu uspokoj\u00ed i ty nejn\u00e1ro\u010dn\u011bj\u0161\u00ed po\u017eadavky na relaxaci a odpo\u010dinek. Luxusn\u00ed design, nab\u00eddka saunov\u00fdch prostor r\u016fzn\u00e9ho typu a relaxa\u010dn\u00ed area jsou neodmyslitelnou sou\u010d\u00e1st\u00ed nov\u011b otev\u0159en\u00e9ho Saunov\u00e9ho sv\u011bta (Sauna World), jeho\u017e nab\u00eddka p\u0159ed\u010d\u00ed Va\u0161e o\u010dek\u00e1v\u00e1n\u00ed. 5 druh\u016f saun, Kneipp\u016fv chodn\u00edk, ochalzovac\u00ed a relaxa\u010dn\u00ed z\u00f3na v tom nejvy\u0161\u0161\u00edm standardu. Velk\u00e1 finsk\u00e1 sauna Je vhodn\u00e1 [&hellip;]<\/p>\n","protected":false},"author":1,"featured_media":652,"parent":15,"menu_order":0,"comment_status":"closed","ping_status":"closed","template":"","meta":{"footnotes":""},"class_list":["post-665","page","type-page","status-publish","has-post-thumbnail","hentry"],"_links":{"self":[{"href":"https:\/\/harmonyhotel.cz\/de\/wp-json\/wp\/v2\/pages\/665","targetHints":{"allow":["GET"]}}],"collection":[{"href":"https:\/\/harmonyhotel.cz\/de\/wp-json\/wp\/v2\/pages"}],"about":[{"href":"https:\/\/harmonyhotel.cz\/de\/wp-json\/wp\/v2\/types\/page"}],"author":[{"embeddable":true,"href":"https:\/\/harmonyhotel.cz\/de\/wp-json\/wp\/v2\/users\/1"}],"replies":[{"embeddable":true,"href":"https:\/\/harmonyhotel.cz\/de\/wp-json\/wp\/v2\/comments?post=665"}],"version-history":[{"count":5,"href":"https:\/\/harmonyhotel.cz\/de\/wp-json\/wp\/v2\/pages\/665\/revisions"}],"predecessor-version":[{"id":1996,"href":"https:\/\/harmonyhotel.cz\/de\/wp-json\/wp\/v2\/pages\/665\/revisions\/1996"}],"up":[{"embeddable":true,"href":"https:\/\/harmonyhotel.cz\/de\/wp-json\/wp\/v2\/pages\/15"}],"wp:featuredmedia":[{"embeddable":true,"href":"https:\/\/harmonyhotel.cz\/de\/wp-json\/wp\/v2\/media\/652"}],"wp:attachment":[{"href":"https:\/\/harmonyhotel.cz\/de\/wp-json\/wp\/v2\/media?parent=665"}],"curies":[{"name":"wp","href":"https:\/\/api.w.org\/{rel}","templated":true}]}}