{"id":663,"date":"2024-06-11T23:45:23","date_gmt":"2024-06-11T21:45:23","guid":{"rendered":"https:\/\/harmonyhotel.cz\/?page_id=663"},"modified":"2025-07-31T14:03:26","modified_gmt":"2025-07-31T12:03:26","slug":"schwimmbad-und-hydromassage-whirlpools","status":"publish","type":"page","link":"https:\/\/harmonyhotel.cz\/de\/wellness\/bazen-a-hydromasazni-whirlpooly\/","title":{"rendered":"Schwimmbad und Whirlpools"},"content":{"rendered":"<div class=\"wp-block-media-text has-media-on-the-right is-stacked-on-mobile is-image-fill-element\"><div class=\"wp-block-media-text__content\">\n<h2 class=\"wp-block-heading\">Baz\u00e9n<\/h2>\n\n\n\n<p class=\"translation-block\">Schwimmen ist zweifelsohne die ges\u00fcndeste Sportart und geh\u00f6rt zu fast jeder Erholungs\u00fcbung zur allgemeinen Entspannung. Das <strong>Edelstahlbecken<\/strong> mit Massageauslauf und Bodenperlen ist <strong>komplett mit Lichteffekten und Unterwasserlautsprecher ausgestattet<\/strong>. Das Becken hat eine Gr\u00f6\u00dfe von 12 x 6 m und eine Wassertemperatur von 28\u00b0C.<\/p>\n<\/div><figure class=\"wp-block-media-text__media\"><a href=\"https:\/\/harmonyhotel.cz\/wp-content\/uploads\/2024\/06\/Wellness-Spindleruv-Mlyn-Harmony-Hotel-Spindleruv-Mlyn-01-scaled.jpg\"><img loading=\"lazy\" decoding=\"async\" width=\"1600\" height=\"1065\" src=\"https:\/\/harmonyhotel.cz\/wp-content\/uploads\/2024\/06\/Wellness-Spindleruv-Mlyn-Harmony-Hotel-Spindleruv-Mlyn-01-1600x1065.jpg\" alt=\"Wellness Spindlerm\u00fchle - Harmony Hotel Spindlerm\u00fchle\" class=\"wp-image-310 size-full\" style=\"object-position:50% 50%\" srcset=\"https:\/\/harmonyhotel.cz\/wp-content\/uploads\/2024\/06\/Wellness-Spindleruv-Mlyn-Harmony-Hotel-Spindleruv-Mlyn-01-1600x1065.jpg 1600w, https:\/\/harmonyhotel.cz\/wp-content\/uploads\/2024\/06\/Wellness-Spindleruv-Mlyn-Harmony-Hotel-Spindleruv-Mlyn-01-800x532.jpg 800w\" sizes=\"auto, (max-width: 1600px) 100vw, 1600px\" \/><\/a><\/figure><\/div>\n\n\n\n<div class=\"wp-block-media-text is-stacked-on-mobile is-image-fill-element\"><figure class=\"wp-block-media-text__media\"><a href=\"https:\/\/harmonyhotel.cz\/wp-content\/uploads\/2024\/06\/Wellness-Spindleruv-Mlyn-Harmony-Hotel-Spindleruv-Mlyn-Wellness-3-scaled.jpg\"><img loading=\"lazy\" decoding=\"async\" width=\"800\" height=\"532\" src=\"https:\/\/harmonyhotel.cz\/wp-content\/uploads\/2024\/06\/Wellness-Spindleruv-Mlyn-Harmony-Hotel-Spindleruv-Mlyn-Wellness-3-800x532.jpg\" alt=\"Wellness Spindlerm\u00fchle - Harmony Hotel Spindlerm\u00fchle - Wellness\" class=\"wp-image-674 size-medium\" style=\"object-position:50% 50%\" srcset=\"https:\/\/harmonyhotel.cz\/wp-content\/uploads\/2024\/06\/Wellness-Spindleruv-Mlyn-Harmony-Hotel-Spindleruv-Mlyn-Wellness-3-800x532.jpg 800w, https:\/\/harmonyhotel.cz\/wp-content\/uploads\/2024\/06\/Wellness-Spindleruv-Mlyn-Harmony-Hotel-Spindleruv-Mlyn-Wellness-3-1600x1065.jpg 1600w\" sizes=\"auto, (max-width: 800px) 100vw, 800px\" \/><\/a><\/figure><div class=\"wp-block-media-text__content\">\n<h2 class=\"wp-block-heading\">Hydromassage-Whirlpools<\/h2>\n\n\n\n<p class=\"translation-block\"><strong>Zwei Edelstahl-Whirlpools<\/strong> sind Teil des Beckenkomplexes und dienen der Regeneration des K\u00f6rpers, der Entspannung der Muskeln und des gesamten K\u00f6rpers, der Durchblutung des Gewebes und der Haut sowie der Ausschwemmung von Milchs\u00e4ure, insbesondere nach k\u00f6rperlicher Belastung. Es ist mit D\u00fcsens\u00e4tzen zur Massage einzelner Muskelgruppen ausgestattet. Die Wassertemperatur im Whirlpool betr\u00e4gt etwa 35 \u00b0C. Die empfohlene Aufenthaltsdauer betr\u00e4gt 20 Minuten.<\/p>\n<\/div><\/div>\n\n\n\n<hr class=\"wp-block-separator has-alpha-channel-opacity\"\/>\n\n\n\n<figure class=\"wp-block-gallery has-nested-images columns-4 is-cropped wp-block-gallery-1 is-layout-flex wp-block-gallery-is-layout-flex\">\n<figure class=\"wp-block-image size-medium\"><a href=\"https:\/\/harmonyhotel.cz\/wp-content\/uploads\/2024\/06\/Wellness-Spindleruv-Mlyn-Harmony-Hotel-Spindleruv-Mlyn-Bazen-3-scaled.jpg\"><img loading=\"lazy\" decoding=\"async\" width=\"800\" height=\"532\" data-id=\"676\" src=\"https:\/\/harmonyhotel.cz\/wp-content\/uploads\/2024\/06\/Wellness-Spindleruv-Mlyn-Harmony-Hotel-Spindleruv-Mlyn-Bazen-3-800x532.jpg\" alt=\"Wellness Spindlerm\u00fchle - Harmony Hotel Spindlerm\u00fchle - Schwimmbad\" class=\"wp-image-676\" srcset=\"https:\/\/harmonyhotel.cz\/wp-content\/uploads\/2024\/06\/Wellness-Spindleruv-Mlyn-Harmony-Hotel-Spindleruv-Mlyn-Bazen-3-800x532.jpg 800w, https:\/\/harmonyhotel.cz\/wp-content\/uploads\/2024\/06\/Wellness-Spindleruv-Mlyn-Harmony-Hotel-Spindleruv-Mlyn-Bazen-3-1600x1065.jpg 1600w\" sizes=\"auto, (max-width: 800px) 100vw, 800px\" \/><\/a><\/figure>\n\n\n\n<figure class=\"wp-block-image size-medium\"><a href=\"https:\/\/harmonyhotel.cz\/wp-content\/uploads\/2024\/06\/Wellness-Spindleruv-Mlyn-Harmony-Hotel-Spindleruv-Mlyn-Bazen-2-scaled.jpg\"><img loading=\"lazy\" decoding=\"async\" width=\"800\" height=\"536\" data-id=\"677\" src=\"https:\/\/harmonyhotel.cz\/wp-content\/uploads\/2024\/06\/Wellness-Spindleruv-Mlyn-Harmony-Hotel-Spindleruv-Mlyn-Bazen-2-800x536.jpg\" alt=\"Wellness Spindlerm\u00fchle - Harmony Hotel Spindlerm\u00fchle - Schwimmbad\" class=\"wp-image-677\" srcset=\"https:\/\/harmonyhotel.cz\/wp-content\/uploads\/2024\/06\/Wellness-Spindleruv-Mlyn-Harmony-Hotel-Spindleruv-Mlyn-Bazen-2-800x536.jpg 800w, https:\/\/harmonyhotel.cz\/wp-content\/uploads\/2024\/06\/Wellness-Spindleruv-Mlyn-Harmony-Hotel-Spindleruv-Mlyn-Bazen-2-1600x1071.jpg 1600w\" sizes=\"auto, (max-width: 800px) 100vw, 800px\" \/><\/a><\/figure>\n\n\n\n<figure class=\"wp-block-image size-medium\"><a href=\"https:\/\/harmonyhotel.cz\/wp-content\/uploads\/2025\/07\/2024_12_19_8245_EOS_R5_MK_II_LRNR-scaled.jpg\"><img loading=\"lazy\" decoding=\"async\" width=\"800\" height=\"525\" data-id=\"1997\" src=\"https:\/\/harmonyhotel.cz\/wp-content\/uploads\/2025\/07\/2024_12_19_8245_EOS_R5_MK_II_LRNR-800x525.jpg\" alt=\"\" class=\"wp-image-1997\" srcset=\"https:\/\/harmonyhotel.cz\/wp-content\/uploads\/2025\/07\/2024_12_19_8245_EOS_R5_MK_II_LRNR-800x525.jpg 800w, https:\/\/harmonyhotel.cz\/wp-content\/uploads\/2025\/07\/2024_12_19_8245_EOS_R5_MK_II_LRNR-1600x1051.jpg 1600w, https:\/\/harmonyhotel.cz\/wp-content\/uploads\/2025\/07\/2024_12_19_8245_EOS_R5_MK_II_LRNR-18x12.jpg 18w\" sizes=\"auto, (max-width: 800px) 100vw, 800px\" \/><\/a><\/figure>\n\n\n\n<figure class=\"wp-block-image size-medium\"><a href=\"https:\/\/harmonyhotel.cz\/wp-content\/uploads\/2024\/06\/Wellness-Spindleruv-Mlyn-Harmony-Hotel-Spindleruv-Mlyn-Bazen-4-scaled.jpg\"><img loading=\"lazy\" decoding=\"async\" width=\"800\" height=\"536\" data-id=\"675\" src=\"https:\/\/harmonyhotel.cz\/wp-content\/uploads\/2024\/06\/Wellness-Spindleruv-Mlyn-Harmony-Hotel-Spindleruv-Mlyn-Bazen-4-800x536.jpg\" alt=\"Wellness Spindlerm\u00fchle - Harmony Hotel Spindlerm\u00fchle - Schwimmbad\" class=\"wp-image-675\" srcset=\"https:\/\/harmonyhotel.cz\/wp-content\/uploads\/2024\/06\/Wellness-Spindleruv-Mlyn-Harmony-Hotel-Spindleruv-Mlyn-Bazen-4-800x536.jpg 800w, https:\/\/harmonyhotel.cz\/wp-content\/uploads\/2024\/06\/Wellness-Spindleruv-Mlyn-Harmony-Hotel-Spindleruv-Mlyn-Bazen-4-1600x1071.jpg 1600w\" sizes=\"auto, (max-width: 800px) 100vw, 800px\" \/><\/a><\/figure>\n\n\n\n<figure class=\"wp-block-image size-medium\"><a href=\"https:\/\/harmonyhotel.cz\/wp-content\/uploads\/2025\/07\/2024_12_19_8278_EOS_R5_MK_II_LRNR-scaled.jpg\"><img loading=\"lazy\" decoding=\"async\" width=\"800\" height=\"537\" data-id=\"1999\" src=\"https:\/\/harmonyhotel.cz\/wp-content\/uploads\/2025\/07\/2024_12_19_8278_EOS_R5_MK_II_LRNR-800x537.jpg\" alt=\"\" class=\"wp-image-1999\" srcset=\"https:\/\/harmonyhotel.cz\/wp-content\/uploads\/2025\/07\/2024_12_19_8278_EOS_R5_MK_II_LRNR-800x537.jpg 800w, https:\/\/harmonyhotel.cz\/wp-content\/uploads\/2025\/07\/2024_12_19_8278_EOS_R5_MK_II_LRNR-1600x1073.jpg 1600w, https:\/\/harmonyhotel.cz\/wp-content\/uploads\/2025\/07\/2024_12_19_8278_EOS_R5_MK_II_LRNR-18x12.jpg 18w\" sizes=\"auto, (max-width: 800px) 100vw, 800px\" \/><\/a><\/figure>\n\n\n\n<figure class=\"wp-block-image size-medium\"><a href=\"https:\/\/harmonyhotel.cz\/wp-content\/uploads\/2024\/06\/Wellness-Spindleruv-Mlyn-Harmony-Hotel-Spindleruv-Mlyn-Wellness-4-scaled.jpg\"><img loading=\"lazy\" decoding=\"async\" width=\"800\" height=\"532\" data-id=\"678\" src=\"https:\/\/harmonyhotel.cz\/wp-content\/uploads\/2024\/06\/Wellness-Spindleruv-Mlyn-Harmony-Hotel-Spindleruv-Mlyn-Wellness-4-800x532.jpg\" alt=\"Wellness Spindlerm\u00fchle - Harmony Hotel Spindlerm\u00fchle - Wellness\" class=\"wp-image-678\" srcset=\"https:\/\/harmonyhotel.cz\/wp-content\/uploads\/2024\/06\/Wellness-Spindleruv-Mlyn-Harmony-Hotel-Spindleruv-Mlyn-Wellness-4-800x532.jpg 800w, https:\/\/harmonyhotel.cz\/wp-content\/uploads\/2024\/06\/Wellness-Spindleruv-Mlyn-Harmony-Hotel-Spindleruv-Mlyn-Wellness-4-1600x1065.jpg 1600w\" sizes=\"auto, (max-width: 800px) 100vw, 800px\" \/><\/a><\/figure>\n<\/figure>","protected":false},"excerpt":{"rendered":"<p>Baz\u00e9n Plav\u00e1n\u00ed je dozajista t\u00edm nejzdrav\u011bj\u0161\u00edm sportem a je sou\u010d\u00e1st\u00ed t\u00e9m\u011b\u0159 ka\u017ed\u00e9ho regenera\u010dn\u00edho cvi\u010den\u00ed pro celkov\u00e9 uvoln\u011bn\u00ed. Nerezov\u00fd baz\u00e9n s mas\u00e1\u017en\u00edm chrli\u010dem a dnov\u00fdmi perli\u010dkami je dopln\u011bn sv\u011bteln\u00fdmi efekty a podvodn\u00edm reproduktorem. Baz\u00e9n m\u00e1 velikost 12 x 6 m, teplota vody je 28\u00b0C. Hydromas\u00e1\u017en\u00ed whirlpooly Dva nerezov\u00e9 hydromas\u00e1\u017en\u00ed whirpooly jsou sou\u010d\u00e1st\u00ed baz\u00e9nov\u00e9ho komplexu a slou\u017e\u00ed [&hellip;]<\/p>\n","protected":false},"author":1,"featured_media":650,"parent":15,"menu_order":0,"comment_status":"closed","ping_status":"closed","template":"","meta":{"footnotes":""},"class_list":["post-663","page","type-page","status-publish","has-post-thumbnail","hentry"],"_links":{"self":[{"href":"https:\/\/harmonyhotel.cz\/de\/wp-json\/wp\/v2\/pages\/663","targetHints":{"allow":["GET"]}}],"collection":[{"href":"https:\/\/harmonyhotel.cz\/de\/wp-json\/wp\/v2\/pages"}],"about":[{"href":"https:\/\/harmonyhotel.cz\/de\/wp-json\/wp\/v2\/types\/page"}],"author":[{"embeddable":true,"href":"https:\/\/harmonyhotel.cz\/de\/wp-json\/wp\/v2\/users\/1"}],"replies":[{"embeddable":true,"href":"https:\/\/harmonyhotel.cz\/de\/wp-json\/wp\/v2\/comments?post=663"}],"version-history":[{"count":2,"href":"https:\/\/harmonyhotel.cz\/de\/wp-json\/wp\/v2\/pages\/663\/revisions"}],"predecessor-version":[{"id":2000,"href":"https:\/\/harmonyhotel.cz\/de\/wp-json\/wp\/v2\/pages\/663\/revisions\/2000"}],"up":[{"embeddable":true,"href":"https:\/\/harmonyhotel.cz\/de\/wp-json\/wp\/v2\/pages\/15"}],"wp:featuredmedia":[{"embeddable":true,"href":"https:\/\/harmonyhotel.cz\/de\/wp-json\/wp\/v2\/media\/650"}],"wp:attachment":[{"href":"https:\/\/harmonyhotel.cz\/de\/wp-json\/wp\/v2\/media?parent=663"}],"curies":[{"name":"wp","href":"https:\/\/api.w.org\/{rel}","templated":true}]}}