{"id":3,"date":"2024-05-27T21:16:53","date_gmt":"2024-05-27T19:16:53","guid":{"rendered":"https:\/\/harmonyhotel.cz\/?page_id=3"},"modified":"2025-01-07T22:36:23","modified_gmt":"2025-01-07T21:36:23","slug":"datenschutzbestimmungen","status":"publish","type":"page","link":"https:\/\/harmonyhotel.cz\/de\/ochrana-osobnich-udaju\/","title":{"rendered":"Datenschutzbestimmungen"},"content":{"rendered":"<p>Lieber Kunde, lieber Kunde,<\/p>\n\n\n\n<p>Bitte erlauben Sie uns, Sie dar\u00fcber zu informieren, wie wir bei HARMONY HOTEL \u0160PINDLER\u016eV ML\u00ddN OPERATIONS s.r.o (\"wir\" oder \"unser Unternehmen\") Ihre personenbezogenen Daten im Zusammenhang mit der Aus\u00fcbung unserer Gesch\u00e4ftst\u00e4tigkeit verarbeiten.<\/p>\n\n\n\n<p>Mit diesem Hinweis m\u00f6chten wir Sie dar\u00fcber informieren, welche personenbezogenen Daten wir erheben, wie wir damit umgehen, aus welchen Quellen wir sie erhalten, zu welchen Zwecken wir sie verwenden, an wen wir sie gegebenenfalls weitergeben, wo Sie Auskunft \u00fcber Ihre personenbezogenen Daten erhalten k\u00f6nnen und welche Rechte Sie im Einzelnen im Bereich des Schutzes personenbezogener Daten haben. Bei der Verarbeitung personenbezogener Daten halten wir uns an allgemein verbindliche Rechtsvorschriften und verarbeiten personenbezogene Daten stets nur in dem Umfang, der durch den konkreten Dienst und\/oder den Zweck der Verarbeitung bestimmt ist.<\/p>\n\n\n\n<p>Bitte machen Sie sich mit dem Inhalt dieses Hinweises vertraut, und wir beantworten gerne Ihre Fragen an unserem Hauptsitz in Bohdaleck\u00e1 1490\/25, Michle, 101 00 Praha 10, per E-Mail sales@harmonyhotel.cz und\/oder telefonisch unter +420 499 469 111.<\/p>\n\n\n\n<div style=\"height:50px\" aria-hidden=\"true\" class=\"wp-block-spacer\"><\/div>\n\n\n\n<h2 class=\"wp-block-heading\">1. allgemeine Informationen<\/h2>\n\n\n\n<p>Unser Unternehmen ist verpflichtet, im Rahmen seiner Gesch\u00e4ftst\u00e4tigkeit, insbesondere zur Erf\u00fcllung gesetzlicher und vertraglicher Verpflichtungen, bestimmte personenbezogene Daten zu verarbeiten. Insofern k\u00f6nnten wir Ihnen ohne Ihre personenbezogenen Daten unsere Produkte\/Dienstleistungen gar nicht zur Verf\u00fcgung stellen.<\/p>\n\n\n\n<p>Wir verarbeiten Ihre personenbezogenen Daten auch \u00fcber den Rahmen unserer Verpflichtungen hinaus, um Sie und unsere anderen Kunden zu betreuen, unsere Gesch\u00e4ftsbeziehung weiter zu entwickeln und Sie mit einem gezielten Angebot unserer Produkte\/Dienstleistungen anzusprechen. Hierf\u00fcr ben\u00f6tigen wir Ihre Einwilligung. In Anbetracht der Ausrichtung unserer Produkte\/Dienstleistungen wird die Altersgrenze f\u00fcr die Erteilung einer g\u00fcltigen Einwilligung in die Verarbeitung personenbezogener Daten ohne Zustimmung der gesetzlichen Vertreter der betroffenen Personen eingehalten.<\/p>\n\n\n\n<h3 class=\"wp-block-heading\">1.1 Grunds\u00e4tze der Verarbeitung personenbezogener Daten<\/h3>\n\n\n\n<p>Bei der Verarbeitung Ihrer personenbezogenen Daten beachten und respektieren wir die h\u00f6chstm\u00f6glichen Standards des Datenschutzes und halten uns insbesondere an die folgenden Grunds\u00e4tze:<\/p>\n\n\n\n<ul class=\"wp-block-list\">\n<li>(a) Wir verarbeiten Ihre personenbezogenen Daten stets f\u00fcr einen klar und verst\u00e4ndlich angegebenen Zweck, mit den angegebenen Mitteln, auf die angegebene Weise und nur f\u00fcr den Zeitraum, der f\u00fcr die Zwecke der Verarbeitung erforderlich ist; wir verarbeiten nur genaue personenbezogene Daten unserer Kunden und haben sichergestellt, dass die Verarbeitung f\u00fcr die angegebenen Zwecke relevant und f\u00fcr die Erf\u00fcllung dieser Zwecke erforderlich ist;<\/li>\n\n\n\n<li>(b) Wir sch\u00fctzen Ihre personenbezogenen Daten als Verschlusssache; daher verarbeiten wir die personenbezogenen Daten unserer Kunden in einer Weise, die die h\u00f6chstm\u00f6gliche Sicherheit dieser Daten gew\u00e4hrleistet und den unbefugten oder versehentlichen Zugriff, die \u00c4nderung, die Zerst\u00f6rung oder den Verlust, die unbefugte Weitergabe oder die sonstige unbefugte Verarbeitung oder den sonstigen Missbrauch der personenbezogenen Daten unserer Kunden verhindert;<\/li>\n\n\n\n<li>(c) wir Sie stets in verst\u00e4ndlicher Form \u00fcber die Verarbeitung Ihrer personenbezogenen Daten und \u00fcber Ihre Rechte auf genaue und vollst\u00e4ndige Auskunft \u00fcber die Umst\u00e4nde dieser Verarbeitung sowie \u00fcber Ihre sonstigen damit verbundenen Rechte informieren;<\/li>\n\n\n\n<li>(d) wir geeignete technische und organisatorische Ma\u00dfnahmen getroffen haben und aufrechterhalten, um ein allen m\u00f6glichen Risiken angemessenes Sicherheitsniveau zu gew\u00e4hrleisten; alle Personen, die mit den personenbezogenen Daten unserer Kunden in Ber\u00fchrung kommen, sind zur Geheimhaltung der im Zusammenhang mit der Verarbeitung dieser Daten erhaltenen Informationen verpflichtet.<\/li>\n<\/ul>\n\n\n\n<div style=\"height:50px\" aria-hidden=\"true\" class=\"wp-block-spacer\"><\/div>\n\n\n\n<h2 class=\"wp-block-heading\">2. Informationen \u00fcber die Verarbeitung personenbezogener Daten<\/h2>\n\n\n\n<h3 class=\"wp-block-heading\">2.1 Informationen \u00fcber den Administrator<\/h3>\n\n\n\n<p>Das Unternehmen HARMONY HOTEL \u0160PINDLER\u016fV MIL\u00ddN OPERATIONS s.r.o. mit Sitz in Bohdaleck\u00e1 1490\/25, Michle, 101 00 Prag 10, ID-Nummer: 22175806, eingetragen im Handelsregister des Stadtgerichts in Prag, Abschnitt C, Einlage 412111.<\/p>\n\n\n\n<h3 class=\"wp-block-heading\">2.2 Zwecke der Verarbeitung und Rechtsgrundlage f\u00fcr die Verarbeitung<\/h3>\n\n\n\n<p><strong>2.2.1 Verarbeitung von personenbezogenen Daten ohne Ihre Zustimmung<\/strong><\/p>\n\n\n\n<p>Dabei handelt es sich im Allgemeinen um Situationen, in denen Sie verpflichtet sind, uns bestimmte personenbezogene Daten zur Verf\u00fcgung zu stellen, damit wir Ihnen unser Produkt\/unsere Dienstleistung anbieten k\u00f6nnen, oder in denen wir berechtigt sind, Ihre auf anderem Wege erhaltenen personenbezogenen Daten zu verarbeiten.<\/p>\n\n\n\n<ul class=\"wp-block-list\">\n<li>(a) Wir sind gesetzlich berechtigt, Ihre personenbezogenen Daten ohne Ihre Zustimmung zu verarbeiten, um unseren gesetzlichen Verpflichtungen nachzukommen, insbesondere<br>\n<ul class=\"wp-block-list\">\n<li>(i) Sch\u00e4den am Eigentum unseres Unternehmens zu verhindern;<\/li>\n\n\n\n<li>(ii) Verhinderung von betr\u00fcgerischem Verhalten, dem unser Unternehmen ausgesetzt sein k\u00f6nnte;<\/li>\n\n\n\n<li>(iii) Einhaltung der Verpflichtung zur Identifizierung und Kontrolle des Kunden gem\u00e4\u00df dem Gesetz \u00fcber bestimmte Ma\u00dfnahmen gegen die Legalisierung von Ertr\u00e4gen aus Straftaten und Terrorismusfinanzierung;<\/li>\n\n\n\n<li>(iv) Erf\u00fcllung der Identifizierungspflicht in Bezug auf den Kunden auf der Grundlage des Ausl\u00e4nderaufenthaltsgesetzes;<\/li>\n\n\n\n<li>(v) die Erf\u00fcllung der Identifizierungspflicht gegen\u00fcber dem Kunden auf der Grundlage des Kommunalabgabengesetzes.<br><\/li>\n<\/ul>\n<\/li>\n\n\n\n<li>(b) Abschluss oder Erf\u00fcllung eines Vertrags mit Ihnen.<br><br>Dies ist insbesondere die tats\u00e4chliche Durchf\u00fchrung des Vertragsverh\u00e4ltnisses oder die sonstige Erf\u00fcllung des Vertrages zwischen unserem Unternehmen und Ihnen. Die personenbezogenen Daten sind unter anderem erforderlich, um die Durchf\u00fchrung des Vertragsverh\u00e4ltnisses ohne unzumutbare rechtliche Risiken zu erm\u00f6glichen, einschlie\u00dflich der Verhandlungen \u00fcber den Abschluss oder die \u00c4nderung des Vertrags mit Ihnen, d. h. beispielsweise im Zuge der Buchung der Dienstleistungen vor Abschluss des Vertrags \u00fcber deren Erbringung.<\/li>\n<\/ul>\n\n\n\n<ul class=\"wp-block-list\">\n<li>(c) Schutz von Rechten und gesetzlich gesch\u00fctzten Interessen, insbesondere f\u00fcr<br>\n<ul class=\"wp-block-list\">\n<li>(i) Schutz der Rechte und rechtlich gesch\u00fctzten Interessen unseres Unternehmens, Einziehung von Forderungen, Verwertung von Sicherheiten oder sonstige Durchsetzung von Anspr\u00fcchen, Entwicklung und Weiterentwicklung der angebotenen Dienstleistungen;<\/li>\n\n\n\n<li>(ii) Verhandlungen mit interessierten Parteien \u00fcber die Abtretung der Forderung unseres Unternehmens gegen\u00fcber dem Kunden oder \u00fcber andere Formen der \u00dcbertragung oder Abtretung der Forderung, einschlie\u00dflich der damit zusammenh\u00e4ngenden Durchf\u00fchrung, sowie andere damit zusammenh\u00e4ngende Verhandlungen mit Dritten, insbesondere die Unterrichtung der Anbieter von entsprechenden Sicherheiten usw;<\/li>\n\n\n\n<li>(iii) die Beilegung von Streitigkeiten, insbesondere im Hinblick auf Rechtsstreitigkeiten oder andere Auseinandersetzungen.<\/li>\n<\/ul>\n<\/li>\n\n\n\n<li>(d) Unsere berechtigten Interessen.<br><br>Dies ist insbesondere dann der Fall, wenn eine Vertrags-\/Kundenbeziehung zwischen Ihnen und unserem<br>besteht..<\/li>\n<\/ul>\n\n\n\n<p><strong>2.2.2 Verarbeitung von personenbezogenen Daten mit Ihrer Zustimmung<\/strong><\/p>\n\n\n\n<p>In der Regel handelt es sich dabei um Situationen, in denen Sie uns Ihre freiwillige Zustimmung zur Verarbeitung Ihrer personenbezogenen Daten geben. Auf der Grundlage Ihrer Einwilligung verarbeitet unser Unternehmen Ihre personenbezogenen Daten f\u00fcr die folgenden Zwecke:<\/p>\n\n\n\n<ul class=\"wp-block-list\">\n<li>(a) Kundenbetreuung; dies sind T\u00e4tigkeiten, die nicht die Erf\u00fcllung eines Vertrags oder eines anderen rechtm\u00e4\u00dfigen Rahmens f\u00fcr die Verarbeitung personenbezogener Daten darstellen, und umfasst die folgenden T\u00e4tigkeiten\n<ul class=\"wp-block-list\">\n<li>(i) Marktforschung;<\/li>\n\n\n\n<li>(ii) Einholung von Feedback zu den Produkten und Dienstleistungen des Administrators;<\/li>\n\n\n\n<li>(iii) \u00dcberwachung des Verhaltens der Kunden auf der Website unseres Unternehmens im Zusammenhang mit den angebotenen Dienstleistungen (dieser Zweck bezieht sich also nicht auf die blo\u00dfe Erfassung von Informationen \u00fcber das Verhalten der Nutzer, die die Website unseres Unternehmens besuchen, durch Cookies, die weiter unten im Artikel \u00fcber elektronische Kommunikationsmittel beschrieben werden);<\/li>\n<\/ul>\n<\/li>\n\n\n\n<li>(b) das Anbieten von Produkten und Dienstleistungen; dies umfasst insbesondere die Verbreitung von Informationen, das Anbieten von Produkten und Dienstleistungen unseres Unternehmens auf verschiedenen Wegen (per Post, auf elektronischem Wege, einschlie\u00dflich E-Mail und Nachrichten an mobile Ger\u00e4te, Telefonanrufe und \u00fcber Websites);<\/li>\n\n\n\n<li>(c) Angebot einer Besch\u00e4ftigung. <br><br>Die Bereitstellung personenbezogener Daten f\u00fcr die Zwecke Ihrer Betreuung ist eine vertragliche Verpflichtung von uns, und die Nichtbereitstellung dieser Daten kann dazu f\u00fchren, dass wir keinen Vertrag abschlie\u00dfen oder keine angemessene Betreuung anbieten k\u00f6nnen.<\/li>\n<\/ul>\n\n\n\n<h3 class=\"wp-block-heading\">2.3 Umfang der Verarbeitung von personenbezogenen Daten von Kunden<\/h3>\n\n\n\n<p>Unser Unternehmen verarbeitet Ihre personenbezogenen Daten in dem Umfang, der zur Erf\u00fcllung der oben genannten Zwecke erforderlich ist. Wir verarbeiten <strong>Kontaktdaten<\/strong> (Kontaktadressen, Telefonnummern, E-Mail- und Fax-Adressen oder andere \u00e4hnliche Kontaktdaten) <strong>Identifikationsdaten<\/strong> (Vorname, Nachname, Geburtsdatum, st\u00e4ndige Anschrift, Art, Nummer und G\u00fcltigkeit des Personalausweises; im Falle einer nat\u00fcrlichen Person - Kunde - Unternehmer, auch die ID-Nummer und die Umsatzsteuer-Identifikationsnummer) und <strong>Kameraaufzeichnungen.<\/strong>. <\/p>\n\n\n\n<h3 class=\"wp-block-heading\">2.4 Art der Verarbeitung personenbezogener Daten.<\/h3>\n\n\n\n<p>Die Art und Weise, wie unser Unternehmen Ihre personenbezogenen Daten verarbeitet, umfasst die manuelle und automatisierte Verarbeitung in den Informationssystemen unseres Unternehmens und in physischer Form.<\/p>\n\n\n\n<p>Ihre personenbezogenen Daten werden in erster Linie von unseren Mitarbeitern und, soweit erforderlich, von Dritten verarbeitet. Vor einer Weitergabe Ihrer personenbezogenen Daten an Dritte schlie\u00dfen wir mit diesen stets einen schriftlichen Vertrag ab, der die gleichen Garantien f\u00fcr die Verarbeitung personenbezogener Daten enth\u00e4lt, die unser Unternehmen selbst gem\u00e4\u00df seinen gesetzlichen Verpflichtungen einh\u00e4lt.<\/p>\n\n\n\n<h3 class=\"wp-block-heading\">2.5 Empf\u00e4nger von personenbezogenen Daten<\/h3>\n\n\n\n<p>Insbesondere werden Ihre personenbezogenen Daten von Kunden an unsere Mitarbeiter im Zusammenhang mit der Erf\u00fcllung ihrer Arbeitsaufgaben, die den Umgang mit personenbezogenen Daten von Kunden erfordern, weitergegeben, jedoch nur in dem jeweils erforderlichen Umfang und unter Einhaltung aller Sicherheitsma\u00dfnahmen. Dar\u00fcber hinaus sind die folgenden<\/p>\n\n\n\n<p>Ihre personenbezogenen Daten werden an Dritte weitergegeben, die an der Verarbeitung personenbezogener Daten unserer Kunden beteiligt sind, oder k\u00f6nnen an diese aus anderen Gr\u00fcnden in \u00dcbereinstimmung mit dem Gesetz weitergegeben werden. Die \u00dcbermittlung erfolgt insbesondere gegen\u00fcber:<\/p>\n\n\n\n<ul class=\"wp-block-list\">\n<li>(a) unsere Anwaltskanzlei; und<\/li>\n\n\n\n<li>(b) Auftragsverarbeiter, die uns Server-, Web-, Cloud- und IT-Dienste zur Verf\u00fcgung stellen. Bevor wir Ihre personenbezogenen Daten an Dritte weitergeben, schlie\u00dfen wir immer einen schriftlichen Vertrag mit dieser Partei ab, der die Verarbeitung personenbezogener Daten regelt, so dass er die gleichen Garantien f\u00fcr die Verarbeitung personenbezogener Daten enth\u00e4lt, die unser Unternehmen selbst gem\u00e4\u00df seinen gesetzlichen Verpflichtungen einh\u00e4lt.<\/li>\n<\/ul>\n\n\n\n<h3 class=\"wp-block-heading\">2.7 \u00dcbermittlung von personenbezogenen Daten ins Ausland<\/h3>\n\n\n\n<p>Ihre personenbezogenen Daten werden in der Tschechischen Republik verarbeitet und nicht in L\u00e4nder au\u00dferhalb der Europ\u00e4ischen Union \u00fcbermittelt.<\/p>\n\n\n\n<h3 class=\"wp-block-heading\">2.8 Dauer der Verarbeitung von personenbezogenen Daten<\/h3>\n\n\n\n<p>Unser Unternehmen verarbeitet die personenbezogenen Daten unserer Kunden nur so lange, wie es f\u00fcr die Zwecke der Verarbeitung erforderlich ist. Wir pr\u00fcfen laufend, ob die Verarbeitung bestimmter personenbezogener Daten, die f\u00fcr einen bestimmten Zweck erforderlich sind, noch notwendig ist. Wenn wir feststellen, dass sie f\u00fcr einen der Zwecke, f\u00fcr die sie verarbeitet wurden, nicht mehr erforderlich sind, vernichten wir die Daten. Intern haben wir jedoch bereits die normale Nutzungsdauer personenbezogener Daten in Bezug auf bestimmte Zwecke der Verarbeitung personenbezogener Daten bewertet, an deren Ende wir die Notwendigkeit der Verarbeitung der betreffenden personenbezogenen Daten f\u00fcr diesen Zweck besonders sorgf\u00e4ltig pr\u00fcfen. In diesem Zusammenhang gilt auch, dass personenbezogene Daten, die f\u00fcr die Zwecke von:<\/p>\n\n\n\n<ul class=\"wp-block-list\">\n<li>(a) wir verarbeiten die Vertragserf\u00fcllung f\u00fcr die Dauer des Vertragsverh\u00e4ltnisses mit dem Kunden; dar\u00fcber hinaus sind die entsprechenden personenbezogenen Daten in der Regel f\u00fcr einen Zeitraum von zehn Jahren nutzbar, es sei denn, eine l\u00e4ngere Verarbeitung erfolgt auf der Grundlage allgemein verbindlicher Rechtsvorschriften;<\/li>\n\n\n\n<li>(b) wir das Angebot von Produkten und Dienstleistungen f\u00fcr die Dauer des Vertragsverh\u00e4ltnisses verarbeiten; dar\u00fcber hinaus sind die entsprechenden personenbezogenen Daten in der Regel f\u00fcr einen Zeitraum von zehn Jahren nutzbar;<\/li>\n\n\n\n<li>(c) Kundenbetreuung wird f\u00fcr die Dauer des Vertragsverh\u00e4ltnisses mit dem Kunden verarbeitet; dar\u00fcber hinaus sind die betreffenden personenbezogenen Daten in der Regel zehn Jahre lang verwendbar;<\/li>\n\n\n\n<li>(d) den Schutz von Rechten und rechtlich gesch\u00fctzten Interessen in Form von Video\u00fcberwachungsaufnahmen; dar\u00fcber hinaus sind die betreffenden personenbezogenen Daten in der Regel f\u00fcr einen Zeitraum von drei\u00dfig Tagen verwendbar;<\/li>\n\n\n\n<li>(e) wir bearbeiten das Besch\u00e4ftigungsangebot ein Jahr lang nach Abschluss des Auswahlverfahrens f\u00fcr einen neuen Mitarbeiter.<\/li>\n<\/ul>\n\n\n\n<h3 class=\"wp-block-heading\">2.9 Recht auf Widerruf der Zustimmung<\/h3>\n\n\n\n<p>In dieser Mitteilung haben wir die Gr\u00fcnde erl\u00e4utert, warum wir Ihre personenbezogenen Daten ben\u00f6tigen, und dass wir sie nur mit Ihrer Zustimmung f\u00fcr bestimmte Zwecke verarbeiten d\u00fcrfen. Sie sind nicht verpflichtet, unserem Unternehmen Ihre Zustimmung zur Verarbeitung Ihrer personenbezogenen Daten zu geben, und Sie haben das Recht, Ihre Zustimmung zu widerrufen. Wir m\u00f6chten Sie daran erinnern, dass wir auch ohne Ihre Einwilligung berechtigt sind, bestimmte personenbezogene Daten f\u00fcr bestimmte Zwecke zu verarbeiten. Wenn Sie in diesem Fall Ihre Einwilligung widerrufen, werden wir die betreffenden personenbezogenen Daten nicht mehr f\u00fcr die Zwecke verarbeiten, f\u00fcr die die jeweilige Einwilligung erforderlich ist, aber wir k\u00f6nnen berechtigt oder sogar verpflichtet sein, dieselben personenbezogenen Daten f\u00fcr andere Zwecke weiter zu verarbeiten (z. B. k\u00f6nnen wir Ihre Kontaktdaten weiterhin verwenden, um Ihnen Servicenachrichten zu Ihrer Reservierung zu senden usw.).<\/p>\n\n\n\n<p>Wenn Sie Ihre Zustimmung zur Verarbeitung Ihrer personenbezogenen Daten widerrufen m\u00f6chten, wenden Sie sich bitte an unseren eingetragenen Firmensitz in Bohdaleck\u00e1 1490\/25, Michle, 101 00 Prag 10 oder per E-Mail an sales@harmonyhotel.cz.<\/p>\n\n\n\n<h3 class=\"wp-block-heading\">2.10. Quellen f\u00fcr personenbezogene Daten<\/h3>\n\n\n\n<p>Wir sammeln haupts\u00e4chlich pers\u00f6nliche Daten unserer Kunden:<\/p>\n\n\n\n<ul class=\"wp-block-list\">\n<li>(a) von den Kunden selbst;<\/li>\n\n\n\n<li>(b) aus \u00f6ffentlich zug\u00e4nglichen Quellen (\u00f6ffentliche Register, Aufzeichnungen oder Listen);<\/li>\n\n\n\n<li>(c) von potenziellen Interessenten f\u00fcr die Dienstleistungen unseres Unternehmens im Rahmen von Marketingveranstaltungen und -kampagnen;<\/li>\n\n\n\n<li>(d) aus ihrer eigenen T\u00e4tigkeit, indem sie andere personenbezogene Daten von Kunden verarbeitet und auswertet;<\/li>\n\n\n\n<li>(e) aus Video\u00fcberwachungsaufnahmen.<\/li>\n<\/ul>\n\n\n\n<h3 class=\"wp-block-heading\">2.11. Ihre Rechte im Zusammenhang mit der Verarbeitung Ihrer personenbezogenen Daten<\/h3>\n\n\n\n<p>Sie k\u00f6nnen alle Ihre Rechte in unserem Hauptsitz in Bohdaleck\u00e1 1490\/25, Michle, 101 00 Prag 10 oder per E-Mail an sales@harmonyhotel.cz.You aus\u00fcben. Sie k\u00f6nnen auch eine Beschwerde bei der Aufsichtsbeh\u00f6rde, dem Amt f\u00fcr den Schutz personenbezogener Daten (www.uoou.cz), einreichen.<\/p>\n\n\n\n<p><strong>2.11.1 Das Auskunftsrecht<\/strong> bedeutet, dass Sie von uns jederzeit eine Best\u00e4tigung dar\u00fcber verlangen k\u00f6nnen, ob die Sie betreffenden personenbezogenen Daten verarbeitet werden, und wenn ja, zu welchen Zwecken, in welchem Umfang, an wen sie weitergegeben werden, wie lange wir sie verarbeiten, ob Sie ein Recht auf Berichtigung, L\u00f6schung, Einschr\u00e4nkung der Verarbeitung oder Widerspruch haben, woher wir die personenbezogenen Daten erhalten haben und ob auf der Grundlage der Verarbeitung Ihrer personenbezogenen Daten eine automatisierte Entscheidungsfindung, einschlie\u00dflich eines m\u00f6glichen Profilings, stattfindet. Sie haben auch das Recht, eine Kopie Ihrer personenbezogenen Daten zu erhalten, wobei die erste Bereitstellung kostenlos ist und wir f\u00fcr die weitere Bereitstellung eine angemessene Entsch\u00e4digung f\u00fcr Verwaltungskosten verlangen k\u00f6nnen.<\/p>\n\n\n\n<p><strong>2.11.2 Das Recht auf Berichtigung<\/strong> bedeutet, dass Sie uns jederzeit auffordern k\u00f6nnen, Ihre personenbezogenen Daten zu berichtigen oder zu vervollst\u00e4ndigen, wenn diese ungenau oder unvollst\u00e4ndig sind.<\/p>\n\n\n\n<p><strong>2.11.3 Das Recht auf L\u00f6schung<\/strong> bedeutet, dass wir Ihre personenbezogenen Daten l\u00f6schen m\u00fcssen, wenn (i) sie f\u00fcr die Zwecke, f\u00fcr die sie erhoben oder anderweitig verarbeitet wurden, nicht mehr erforderlich sind, (ii) die Verarbeitung unrechtm\u00e4\u00dfig ist, (iii) Sie der Verarbeitung widersprechen und es keine vorrangigen berechtigten Gr\u00fcnde f\u00fcr die Verarbeitung gibt oder (iv) wir gesetzlich dazu verpflichtet sind.<\/p>\n\n\n\n<p><strong>2.11.4 Das Recht auf Einschr\u00e4nkung der<\/strong> Verarbeitung bedeutet, dass wir die Verarbeitung Ihrer personenbezogenen Daten einschr\u00e4nken m\u00fcssen, bis wir alle strittigen Fragen im Zusammenhang mit der Verarbeitung Ihrer personenbezogenen Daten gekl\u00e4rt haben, so dass wir sie nur aufbewahren und gegebenenfalls zur Begr\u00fcndung, Aus\u00fcbung oder Verteidigung von Rechtsanspr\u00fcchen verwenden k\u00f6nnen.<\/p>\n\n\n\n<p><strong>2.11.5 Das Widerspruchsrecht<\/strong> bedeutet, dass Sie der Verarbeitung Ihrer personenbezogenen Daten, die wir f\u00fcr Direktmarketingzwecke oder auf der Grundlage eines berechtigten Interesses verarbeiten, widersprechen k\u00f6nnen. Wenn Sie der Verarbeitung f\u00fcr Zwecke der Direktwerbung widersprechen, werden Ihre personenbezogenen Daten nicht mehr f\u00fcr diese Zwecke verarbeitet.<\/p>\n\n\n\n<div style=\"height:50px\" aria-hidden=\"true\" class=\"wp-block-spacer\"><\/div>\n\n\n\n<h2 class=\"wp-block-heading\">3. elektronische Kommunikationsmittel<\/h2>\n\n\n\n<p>Unser Unternehmen nutzt im Rahmen seiner Gesch\u00e4ftst\u00e4tigkeit zahlreiche Technologien, um Ihnen den Zugang zu uns und unseren Produkten\/Dienstleistungen so bequem wie m\u00f6glich zu gestalten. Dazu geh\u00f6ren insbesondere Dienste im Zusammenhang mit der Nutzung des Internets und der Nutzung von sozialen Netzwerken.<\/p>\n\n\n\n<p><strong>3.1 Soziale Netzwerke.<\/strong> Sie k\u00f6nnen unter anderem \u00fcber verschiedene soziale Netzwerke mit uns in Kontakt treten. Wir nutzen diese Kommunikationskan\u00e4le haupts\u00e4chlich als Marketinginstrumente, wir bieten unsere Produkte\/Dienstleistungen derzeit nicht \u00fcber sie an.<\/p>\n\n\n\n<p><strong>3.2 Cookies.<\/strong>Bei der Bereitstellung unserer Produkte\/Dienstleistungen verwenden wir auch Cookies, d. h. kleine Textdateien, die auf dem Computer des Benutzers abgelegt werden, wenn dieser unsere Website zum ersten Mal aufruft. Diese Dateien erleichtern es uns zu erkennen, wie die Besucher mit dem Inhalt unserer Website interagieren. Dies hilft uns, mit den Besuchern unserer Website hilfreicher zu kommunizieren oder unser Marketing gezielter einzusetzen. Die L\u00f6schung von Cookies ist in den Einstellungen Ihres Browsers m\u00f6glich.<\/p>\n\n\n\n<div style=\"height:50px\" aria-hidden=\"true\" class=\"wp-block-spacer\"><\/div>\n\n\n\n<h2 class=\"wp-block-heading\">4. Schlussbestimmungen<\/h2>\n\n\n\n<p><strong>4.1.<\/strong> Diese Bekanntmachung wird auf unbestimmte Zeit erlassen und tritt am 01.07.2024 in Kraft.<\/p>\n\n\n\n<p><strong>4.2.<\/strong> Wir k\u00f6nnen diese Mitteilung jederzeit \u00e4ndern, indem wir eine neue vollst\u00e4ndige Fassung herausgeben; die aktuelle Fassung ist auf unserer Website ver\u00f6ffentlicht und kann auch an unserem eingetragenen Sitz eingesehen werden.<\/p>\n\n\n\n<p><strong>4.3.<\/strong> Soweit nicht ausdr\u00fccklich anders angegeben, beziehen sich alle hier gemachten Angaben auch auf die Verarbeitung personenbezogener Daten von potentiellen Kunden, d.h. Personen, mit denen wir noch kein Vertragsverh\u00e4ltnis eingegangen sind, mit denen wir aber bereits in Kontakt stehen. Soweit anwendbar, gelten die hier gemachten Angaben auch f\u00fcr die Verarbeitung personenbezogener Daten anderer Personen, mit denen unser Unternehmen in direktem Kontakt steht, obwohl wir mit ihnen kein Vertragsverh\u00e4ltnis haben (z.B. Vertreter juristischer Personen).<\/p>","protected":false},"excerpt":{"rendered":"<p>V\u00e1\u017een\u00e1 klientko, v\u00e1\u017een\u00fd kliente, dovolte n\u00e1m V\u00e1s informovat o tom, jak v HARMONY HOTEL \u0160PINDLER\u016eV ML\u00ddN OPERATIONS s.r.o. (d\u00e1le jen \u201emy\u201c nebo \u201ena\u0161e spole\u010dnost\u201c) v souvislosti s v\u00fdkonem na\u0161\u00ed podnikatelsk\u00e9 \u010dinnosti zpracov\u00e1v\u00e1me Va\u0161e osobn\u00ed \u00fadaje. Smyslem tohoto sd\u011blen\u00ed je poskytnout V\u00e1m informace zejm\u00e9na o tom, jak\u00e9 osobn\u00ed \u00fadaje shroma\u017e\u010fujeme, jak s nimi nakl\u00e1d\u00e1me, z jak\u00fdch [&hellip;]<\/p>\n","protected":false},"author":1,"featured_media":98,"parent":0,"menu_order":14,"comment_status":"closed","ping_status":"open","template":"","meta":{"footnotes":""},"class_list":["post-3","page","type-page","status-publish","has-post-thumbnail","hentry"],"_links":{"self":[{"href":"https:\/\/harmonyhotel.cz\/de\/wp-json\/wp\/v2\/pages\/3","targetHints":{"allow":["GET"]}}],"collection":[{"href":"https:\/\/harmonyhotel.cz\/de\/wp-json\/wp\/v2\/pages"}],"about":[{"href":"https:\/\/harmonyhotel.cz\/de\/wp-json\/wp\/v2\/types\/page"}],"author":[{"embeddable":true,"href":"https:\/\/harmonyhotel.cz\/de\/wp-json\/wp\/v2\/users\/1"}],"replies":[{"embeddable":true,"href":"https:\/\/harmonyhotel.cz\/de\/wp-json\/wp\/v2\/comments?post=3"}],"version-history":[{"count":5,"href":"https:\/\/harmonyhotel.cz\/de\/wp-json\/wp\/v2\/pages\/3\/revisions"}],"predecessor-version":[{"id":1415,"href":"https:\/\/harmonyhotel.cz\/de\/wp-json\/wp\/v2\/pages\/3\/revisions\/1415"}],"wp:featuredmedia":[{"embeddable":true,"href":"https:\/\/harmonyhotel.cz\/de\/wp-json\/wp\/v2\/media\/98"}],"wp:attachment":[{"href":"https:\/\/harmonyhotel.cz\/de\/wp-json\/wp\/v2\/media?parent=3"}],"curies":[{"name":"wp","href":"https:\/\/api.w.org\/{rel}","templated":true}]}}