{"id":297,"date":"2024-06-08T15:11:42","date_gmt":"2024-06-08T13:11:42","guid":{"rendered":"https:\/\/harmonyhotel.cz\/?page_id=297"},"modified":"2026-04-10T18:32:57","modified_gmt":"2026-04-10T16:32:57","slug":"a-la-carte-menu","status":"publish","type":"page","link":"https:\/\/harmonyhotel.cz\/de\/gastronomie\/a-la-carte-menu\/","title":{"rendered":"Ala Carte Menu \u2013 Restaurant Harmony"},"content":{"rendered":"<p><\/p>\n\n\n\n<hr class=\"wp-block-separator has-alpha-channel-opacity\"\/>\n\n\n\n<h2 class=\"wp-block-heading\">Vorspeisen<\/h2>\n\n\n\n<p><strong>Rindercarpaccio <\/strong><\/p>\n\n\n\n<p>mit Tr\u00fcffelmayonnaise, Parmesan, Rucola und Brotchips<\/p>\n\n\n\n<p>255,-<\/p>\n\n\n\n<p><strong>Tatar vom marinierten Lachs<\/strong><\/p>\n\n\n\n<p>mit Avocado, marinierter roter Zwiebel und Roggenbrot<\/p>\n\n\n\n<p>245,-<\/p>\n\n\n\n<p><strong>Burrata<\/strong><\/p>\n\n\n\n<p>mit Kirschtomaten, Basilikumpesto und Ciabatta<\/p>\n\n\n\n<p>245,-<\/p>\n\n\n\n<hr class=\"wp-block-separator has-alpha-channel-opacity\"\/>\n\n\n\n<h2 class=\"wp-block-heading\">Suppen<\/h2>\n\n\n\n<p><strong>H\u00fchnerbr\u00fche <\/strong><\/p>\n\n\n\n<p>mit Leberkn\u00f6del, Gem\u00fcse und Nudeln 125,-<\/p>\n\n\n\n<p><strong>Krautsuppe<\/strong><\/p>\n\n\n\n<p>mit Kartoffeln und Chorizo aus der Prosciutterie Chovane\u010dek 125,-<\/p>\n\n\n\n<hr class=\"wp-block-separator has-alpha-channel-opacity\"\/>\n\n\n\n<h2 class=\"wp-block-heading\">Hauptgerichte<\/h2>\n\n\n\n<p><strong>Rindfleischburger mit Monterey Jack K\u00e4se<\/strong><\/p>\n\n\n\n<p>Speck, Gurken und Pommes frites<\/p>\n\n\n\n<p>425,-<\/p>\n\n\n\n<p><strong>Gegrillter Halloumi-K\u00e4se<\/strong><\/p>\n\n\n\n<p>mit gegrilltem Gem\u00fcse und frischen Kr\u00e4utern<\/p>\n\n\n\n<p>395,-&nbsp;<\/p>\n\n\n\n<p><strong>Schweinenackenschnitzel <\/strong><\/p>\n\n\n\n<p>mit Kartoffelp\u00fcree und Gurkensalat <\/p>\n\n\n\n<p>385,-<\/p>\n\n\n\n<p><strong>Schweinefilet<\/strong><\/p>\n\n\n\n<p>mit Pilzragout und Kartoffel-Schupfnudeln<\/p>\n\n\n\n<p>385,-<\/p>\n\n\n\n<p><strong>Gegrilltes Lachsfilet<\/strong><\/p>\n\n\n\n<p>mit schwarzen Linsen, Fenchelsalat und rosa Pfeffer<\/p>\n\n\n\n<p>455,-<\/p>\n\n\n\n<p><strong>Confit-Entenkeule <\/strong><\/p>\n\n\n\n<p>mit Rotkohl und Kartoffelpuffer<\/p>\n\n\n\n<p>395,-<\/p>\n\n\n\n<p><strong>Gebratener K\u00e4se Bla\u0165\u00e1ck\u00e9 zlato <\/strong><\/p>\n\n\n\n<p>mit Pommes frites und hausgemachter Remoulade<\/p>\n\n\n\n<p>365,-<\/p>\n\n\n\n<p><strong>Spaghetti al tartufo<\/strong><\/p>\n\n\n\n<p>365,-<\/p>\n\n\n\n<p><strong>Rinder-Striploin<\/strong><\/p>\n\n\n\n<p>mit gegrilltem Gem\u00fcse und Chimichurri-Sauce<\/p>\n\n\n\n<p>565,-<\/p>\n\n\n\n<p><\/p>\n\n\n\n<hr class=\"wp-block-separator has-alpha-channel-opacity\"\/>\n\n\n\n<h2 class=\"wp-block-heading\">Salate<\/h2>\n\n\n\n<p><strong>Salat mit H\u00e4hnchenfleisch<\/strong><\/p>\n\n\n\n<p>mit Hartk\u00e4se-Dressing, Sardellen und Kapern, Croutons und Speck<\/p>\n\n\n\n<p>365,-<\/p>\n\n\n\n<p><strong>Griechischer Salat <\/strong><\/p>\n\n\n\n<p>mit Feta-K\u00e4se<\/p>\n\n\n\n<p>385,-<\/p>\n\n\n\n<p><strong>Blattsalat mit Honigdressing<\/strong>,<\/p>\n\n\n\n<p>mit Gorgonzola, marinierter Birne und Waln\u00fcssen<\/p>\n\n\n\n<p>375,-<\/p>\n\n\n\n<hr class=\"wp-block-separator has-alpha-channel-opacity\"\/>\n\n\n\n<h2 class=\"wp-block-heading\">Kindergerichte<\/h2>\n\n\n\n<p><strong>Spaghetti <\/strong>mit Bolognese-Sauce und K\u00e4se<\/p>\n\n\n\n<p>150,-<\/p>\n\n\n\n<p><strong>H\u00e4hnchenfilet<\/strong> mit Kartoffelp\u00fcree<\/p>\n\n\n\n<p>155,-<\/p>\n\n\n\n<p><strong>Kartoffelpuffer<\/strong> mit Heidelbeermarmelade und Schlagsahne<\/p>\n\n\n\n<p>115,-<\/p>\n\n\n\n<hr class=\"wp-block-separator has-alpha-channel-opacity\"\/>\n\n\n\n<h2 class=\"wp-block-heading\">Desserts<\/h2>\n\n\n\n<p><strong>Mango-Limetten<\/strong> cr\u00e8me br\u00fbl\u00e9e<\/p>\n\n\n\n<p>105,-<\/p>\n\n\n\n<p><strong>Schokoladen-Tartelett<\/strong> mit Streuseln<br>und Erdbeersorbet<\/p>\n\n\n\n<p>135,-<\/p>\n\n\n\n<p><strong>Dessert<\/strong> aus unserer Konditorei laut Tagesangebot<br><\/p>\n\n\n\n<hr class=\"wp-block-separator has-alpha-channel-opacity\"\/>\n\n\n\n<h2 class=\"wp-block-heading\">Zum Wein<\/h2>\n\n\n\n<p>Auswahl an Prosciutto und Schinken aus dem Chovane\u010dek Bauernhof 120g <\/p>\n\n\n\n<p>325,-<\/p>\n\n\n\n<p>Frisch frittierte Kartoffelchips<br>mit Knoblauchdip<\/p>\n\n\n\n<p>135,-<\/p>\n\n\n\n<p>Ger\u00f6stete Mandeln <\/p>\n\n\n\n<p>85,-<\/p>\n\n\n\n<hr class=\"wp-block-separator has-alpha-channel-opacity\"\/>\n\n\n\n<p> &nbsp;<\/p>\n\n\n\n<p><em>Unser Servicepersonal gibt Ihnen gerne Auskunft \u00fcber Allergene sowie vegetarische und vegane Speisen.<\/em> <em>Allergene und vegetarische oder vegane Ernahrung<\/em><\/p>\n\n\n\n<p><\/p>","protected":false},"excerpt":{"rendered":"<p>P\u0159edkrmy Hov\u011bz\u00ed carpaccio s lan\u00fd\u017eovou majon\u00e9zou, parmez\u00e1nem, rukolou a chlebov\u00fdmi chipsy 255,- Tatar\u00e1k z marinovan\u00e9ho lososa s avok\u00e1dem, marinovanou \u010dervenou cibulkou a \u017eitn\u00fdm chlebem 245,- Burrata s cherry raj\u010daty, bazalkov\u00fdm pestem a ciabattou 245,- Pol\u00e9vky Ku\u0159ec\u00ed v\u00fdvar s&nbsp;j\u00e1trov\u00fdm knedl\u00ed\u010dkem, zeleninou a nudlemi 125,- Zeln\u00e1 pol\u00e9vka s bramborem a chorizem z pr\u0161uterie Chovane\u010dek 125,- Hlavn\u00ed j\u00eddla [&hellip;]<\/p>\n","protected":false},"author":1,"featured_media":1806,"parent":11,"menu_order":29,"comment_status":"closed","ping_status":"closed","template":"menulistek.php","meta":{"footnotes":""},"class_list":["post-297","page","type-page","status-publish","has-post-thumbnail","hentry"],"_links":{"self":[{"href":"https:\/\/harmonyhotel.cz\/de\/wp-json\/wp\/v2\/pages\/297","targetHints":{"allow":["GET"]}}],"collection":[{"href":"https:\/\/harmonyhotel.cz\/de\/wp-json\/wp\/v2\/pages"}],"about":[{"href":"https:\/\/harmonyhotel.cz\/de\/wp-json\/wp\/v2\/types\/page"}],"author":[{"embeddable":true,"href":"https:\/\/harmonyhotel.cz\/de\/wp-json\/wp\/v2\/users\/1"}],"replies":[{"embeddable":true,"href":"https:\/\/harmonyhotel.cz\/de\/wp-json\/wp\/v2\/comments?post=297"}],"version-history":[{"count":16,"href":"https:\/\/harmonyhotel.cz\/de\/wp-json\/wp\/v2\/pages\/297\/revisions"}],"predecessor-version":[{"id":2444,"href":"https:\/\/harmonyhotel.cz\/de\/wp-json\/wp\/v2\/pages\/297\/revisions\/2444"}],"up":[{"embeddable":true,"href":"https:\/\/harmonyhotel.cz\/de\/wp-json\/wp\/v2\/pages\/11"}],"wp:featuredmedia":[{"embeddable":true,"href":"https:\/\/harmonyhotel.cz\/de\/wp-json\/wp\/v2\/media\/1806"}],"wp:attachment":[{"href":"https:\/\/harmonyhotel.cz\/de\/wp-json\/wp\/v2\/media?parent=297"}],"curies":[{"name":"wp","href":"https:\/\/api.w.org\/{rel}","templated":true}]}}