{"id":2378,"date":"2026-03-18T23:55:55","date_gmt":"2026-03-18T22:55:55","guid":{"rendered":"https:\/\/harmonyhotel.cz\/?page_id=2378"},"modified":"2026-03-19T13:30:16","modified_gmt":"2026-03-19T12:30:16","slug":"kulecnik-stolni-tenis","status":"publish","type":"page","link":"https:\/\/harmonyhotel.cz\/de\/aktivity\/kulecnik-stolni-tenis\/","title":{"rendered":"Billard \/ Tischtennis"},"content":{"rendered":"<div class=\"wp-block-media-text has-media-on-the-right is-stacked-on-mobile is-image-fill-element\"><div class=\"wp-block-media-text__content\">\n<p><\/p>\n\n\n\n<h3 class=\"wp-block-heading\">Billard<\/h3>\n\n\n\n<p class=\"translation-block\">Billard im Harmony Hotel \u0160pindler\u016fv Ml\u00fdn bietet w\u00e4hrend Ihres Aufenthalts eine stilvolle und ruhigere Freizeitaktivit\u00e4t. Im 2. Stock des Hotels finden Sie eine angenehme Umgebung f\u00fcr freundschaftliche wie auch wettbewerbsorientierte Spiele, die Ihre Pr\u00e4zision und Strategie auf die Probe stellen. Diese beliebte Hotelaktivit\u00e4t ist ideal f\u00fcr Familien, Paare und Gruppen von Freunden und erg\u00e4nzt Ihren aktiven Aufenthalt in \u0160pindler\u016fv Ml\u00fdn perfekt.<\/p>\n<\/div><figure class=\"wp-block-media-text__media\"><a href=\"https:\/\/harmonyhotel.cz\/wp-content\/uploads\/2026\/03\/kulecnik.png\"><img loading=\"lazy\" decoding=\"async\" width=\"1600\" height=\"900\" src=\"https:\/\/harmonyhotel.cz\/wp-content\/uploads\/2026\/03\/kulecnik-1600x900.png\" alt=\"Billard\" class=\"wp-image-2346 size-medium\" style=\"object-position:50% 50%\" srcset=\"https:\/\/harmonyhotel.cz\/wp-content\/uploads\/2026\/03\/kulecnik-1600x900.png 1600w, https:\/\/harmonyhotel.cz\/wp-content\/uploads\/2026\/03\/kulecnik-800x450.png 800w, https:\/\/harmonyhotel.cz\/wp-content\/uploads\/2026\/03\/kulecnik-18x10.png 18w, https:\/\/harmonyhotel.cz\/wp-content\/uploads\/2026\/03\/kulecnik.png 1920w\" sizes=\"auto, (max-width: 1600px) 100vw, 1600px\" \/><\/a><\/figure><\/div>\n\n\n\n<div class=\"wp-block-media-text is-stacked-on-mobile is-image-fill-element\"><figure class=\"wp-block-media-text__media\"><a href=\"https:\/\/harmonyhotel.cz\/wp-content\/uploads\/2026\/03\/pingpong.png\"><img loading=\"lazy\" decoding=\"async\" width=\"1600\" height=\"900\" src=\"https:\/\/harmonyhotel.cz\/wp-content\/uploads\/2026\/03\/pingpong-1600x900.png\" alt=\"\" class=\"wp-image-2345 size-medium\" style=\"object-position:50% 50%\" srcset=\"https:\/\/harmonyhotel.cz\/wp-content\/uploads\/2026\/03\/pingpong-1600x900.png 1600w, https:\/\/harmonyhotel.cz\/wp-content\/uploads\/2026\/03\/pingpong-800x450.png 800w, https:\/\/harmonyhotel.cz\/wp-content\/uploads\/2026\/03\/pingpong-18x10.png 18w, https:\/\/harmonyhotel.cz\/wp-content\/uploads\/2026\/03\/pingpong.png 1920w\" sizes=\"auto, (max-width: 1600px) 100vw, 1600px\" \/><\/a><\/figure><div class=\"wp-block-media-text__content\">\n<h3 class=\"wp-block-heading\">Tischtennis<\/h3>\n\n\n\n<p class=\"translation-block\">Tischtennis im Harmony Hotel \u0160pindler\u016fv Ml\u00fdn ist eine beliebte Sportaktivit\u00e4t f\u00fcr G\u00e4ste jeden Alters. Gespielt wird in der einzigartigen Atmosph\u00e4re eines unterirdischen Bunkers gegen\u00fcber der Boulderwand, die dem Spiel ein besonderes Flair verleiht. Ob Sie w\u00e4hrend Ihres Aufenthalts im Riesengebirge mit Freunden spielen, Familienspa\u00df genie\u00dfen oder Ihren Tag mit etwas Bewegung erg\u00e4nzen m\u00f6chten \u2013 Tischtennis ist die ideale Wahl. Schl\u00e4ger und B\u00e4lle stellen wir gerne zur Verf\u00fcgung.<\/p>\n\n\n\n<hr class=\"wp-block-separator has-alpha-channel-opacity\"\/>\n<\/div><\/div>","protected":false},"excerpt":{"rendered":"<p>Kule\u010dn\u00edk Kule\u010dn\u00edk v\u00a0Harmony Hotelu \u0160pindler\u016fv Ml\u00fdn\u00a0nab\u00edz\u00ed stylov\u00e9 a klidn\u011bj\u0161\u00ed volno\u010dasov\u00e9 vy\u017eit\u00ed b\u011bhem va\u0161eho pobytu. Ve 2. pat\u0159e hotelu najdete p\u0159\u00edjemn\u00e9 prost\u0159ed\u00ed pro p\u0159\u00e1telsk\u00e9 i sout\u011b\u017en\u00ed partie, kter\u00e9 prov\u011b\u0159\u00ed va\u0161i p\u0159esnost i strategii. Tato obl\u00edben\u00e1 hotelov\u00e1 aktivita je ide\u00e1ln\u00ed pro rodiny, p\u00e1ry i skupiny p\u0159\u00e1tel a skv\u011ble dopln\u00ed v\u00e1\u0161 aktivn\u00ed pobyt ve \u0160pindlerov\u011b Ml\u00fdn\u011b.<\/p>","protected":false},"author":3,"featured_media":2383,"parent":19,"menu_order":0,"comment_status":"closed","ping_status":"closed","template":"","meta":{"footnotes":""},"class_list":["post-2378","page","type-page","status-publish","has-post-thumbnail","hentry"],"_links":{"self":[{"href":"https:\/\/harmonyhotel.cz\/de\/wp-json\/wp\/v2\/pages\/2378","targetHints":{"allow":["GET"]}}],"collection":[{"href":"https:\/\/harmonyhotel.cz\/de\/wp-json\/wp\/v2\/pages"}],"about":[{"href":"https:\/\/harmonyhotel.cz\/de\/wp-json\/wp\/v2\/types\/page"}],"author":[{"embeddable":true,"href":"https:\/\/harmonyhotel.cz\/de\/wp-json\/wp\/v2\/users\/3"}],"replies":[{"embeddable":true,"href":"https:\/\/harmonyhotel.cz\/de\/wp-json\/wp\/v2\/comments?post=2378"}],"version-history":[{"count":4,"href":"https:\/\/harmonyhotel.cz\/de\/wp-json\/wp\/v2\/pages\/2378\/revisions"}],"predecessor-version":[{"id":2427,"href":"https:\/\/harmonyhotel.cz\/de\/wp-json\/wp\/v2\/pages\/2378\/revisions\/2427"}],"up":[{"embeddable":true,"href":"https:\/\/harmonyhotel.cz\/de\/wp-json\/wp\/v2\/pages\/19"}],"wp:featuredmedia":[{"embeddable":true,"href":"https:\/\/harmonyhotel.cz\/de\/wp-json\/wp\/v2\/media\/2383"}],"wp:attachment":[{"href":"https:\/\/harmonyhotel.cz\/de\/wp-json\/wp\/v2\/media?parent=2378"}],"curies":[{"name":"wp","href":"https:\/\/api.w.org\/{rel}","templated":true}]}}