{"id":21,"date":"2024-05-29T00:53:55","date_gmt":"2024-05-28T22:53:55","guid":{"rendered":"https:\/\/harmonyhotel.cz\/?page_id=21"},"modified":"2026-04-12T22:37:21","modified_gmt":"2026-04-12T20:37:21","slug":"besondere-angebote","status":"publish","type":"page","link":"https:\/\/harmonyhotel.cz\/de\/specialni-nabidky\/","title":{"rendered":"Besondere Angebote"},"content":{"rendered":"<div class=\"wp-block-media-text has-media-on-the-right is-stacked-on-mobile is-image-fill-element\"><div class=\"wp-block-media-text__content\">\n<h2 class=\"wp-block-heading\">Aufenthalt mit Wellness und Halbpension<\/h2>\n\n\n\n<ul class=\"wp-block-list\">\n<li>Unterkunft in einem komfortablen Zimmer<\/li>\n\n\n\n<li>Halbpension w\u00e4hrend des Aufenthalts (Fr\u00fchst\u00fcck und Abendessen)<\/li>\n\n\n\n<li>Zugang zum Wellnessbereich (<strong>Schwimmbad und Kinderplanschbecken<\/strong>) f\u00fcr 120 Minuten<\/li>\n<\/ul>\n\n\n\n<div class=\"wp-block-buttons is-layout-flex wp-block-buttons-is-layout-flex\">\n<div class=\"wp-block-button\"><a class=\"wp-block-button__link wp-element-button\" href=\"https:\/\/harmonyhotel.cz\/de\/besondere-angebote\/balicek-s-wellness-a-polopenzi\/\">Weitere Informationen<\/a><\/div>\n\n\n\n<div class=\"wp-block-button btnalt rezervovat\"><a class=\"wp-block-button__link wp-element-button\" href=\"https:\/\/hotelharmony.book-onlinenow.net\/index.aspx?Page=26&amp;lan_id=de-DE&amp;cur=EUR\" target=\"_blank\" rel=\"noopener noreferrer noopener\">Buchen Sie ein Paket<\/a><\/div>\n<\/div>\n<\/div><figure class=\"wp-block-media-text__media\"><a href=\"https:\/\/harmonyhotel.cz\/wp-content\/uploads\/2024\/06\/Wellness-Spindleruv-Mlyn-Harmony-Hotel-Spindleruv-Mlyn-01-scaled.jpg\"><img loading=\"lazy\" decoding=\"async\" width=\"1600\" height=\"1065\" src=\"https:\/\/harmonyhotel.cz\/wp-content\/uploads\/2024\/06\/Wellness-Spindleruv-Mlyn-Harmony-Hotel-Spindleruv-Mlyn-01-1600x1065.jpg\" alt=\"Wellness Spindlerm\u00fchle - Harmony Hotel Spindlerm\u00fchle\" class=\"wp-image-310 size-medium\" style=\"object-position:50% 50%\" srcset=\"https:\/\/harmonyhotel.cz\/wp-content\/uploads\/2024\/06\/Wellness-Spindleruv-Mlyn-Harmony-Hotel-Spindleruv-Mlyn-01-1600x1065.jpg 1600w, https:\/\/harmonyhotel.cz\/wp-content\/uploads\/2024\/06\/Wellness-Spindleruv-Mlyn-Harmony-Hotel-Spindleruv-Mlyn-01-800x532.jpg 800w\" sizes=\"auto, (max-width: 1600px) 100vw, 1600px\" \/><\/a><\/figure><\/div>\n\n\n\n<div class=\"wp-block-media-text is-stacked-on-mobile is-image-fill-element\"><figure class=\"wp-block-media-text__media\"><a href=\"https:\/\/harmonyhotel.cz\/de\/besondere-angebote\/zimni-balicek-na-5-az-7-noci\/\"><img loading=\"lazy\" decoding=\"async\" width=\"1600\" height=\"1066\" src=\"https:\/\/harmonyhotel.cz\/wp-content\/uploads\/2026\/01\/Web_balicky_1920x1280_05-1600x1066.png\" alt=\"\" class=\"wp-image-2272 size-medium\" style=\"object-position:50% 50%\" srcset=\"https:\/\/harmonyhotel.cz\/wp-content\/uploads\/2026\/01\/Web_balicky_1920x1280_05-1600x1066.png 1600w, https:\/\/harmonyhotel.cz\/wp-content\/uploads\/2026\/01\/Web_balicky_1920x1280_05-800x533.png 800w, https:\/\/harmonyhotel.cz\/wp-content\/uploads\/2026\/01\/Web_balicky_1920x1280_05-18x12.png 18w, https:\/\/harmonyhotel.cz\/wp-content\/uploads\/2026\/01\/Web_balicky_1920x1280_05.png 1921w\" sizes=\"auto, (max-width: 1600px) 100vw, 1600px\" \/><\/a><\/figure><div class=\"wp-block-media-text__content\">\n<h2 class=\"wp-block-heading\"><strong>Sommerpaket mit Fr\u00fchst\u00fcck, Wellness und Sauna<\/strong><\/h2>\n\n\n\n<ol class=\"wp-block-list\">\n<li>Aufenthalt im Komfortzimmer mit Fr\u00fchst\u00fcck f\u00fcr 2\u20134 N\u00e4chte oder 5\u20138 N\u00e4chte<\/li>\n\n\n\n<li>T\u00e4glicher einmaliger Eintritt in den Wellnessbereich (Pool, Saunawelt und Babie\u2019s Aqua-Zone) f\u00fcr 120 Minuten<\/li>\n\n\n\n<li><strong>Animationsprogramm<\/strong> f\u00fcr Kinder<\/li>\n\n\n\n<li>Tickets f\u00fcr die Seilbahn<\/li>\n<\/ol>\n\n\n\n<div class=\"wp-block-buttons is-layout-flex wp-block-buttons-is-layout-flex\">\n<div class=\"wp-block-button\"><a class=\"wp-block-button__link wp-element-button\" href=\"https:\/\/hotelharmony.book-onlinenow.net\/index.aspx?Page=26&amp;lan_id=cs-CZ&amp;cur=CZK&amp;_gl=1*fhyp3v*_gcl_aw*R0NMLjE3NjA5NTYyMDIuRUFJYUlRb2JDaE1Jbk9fUnNwbThpd01WTGFPREJ4M3BtUldXRUFBWUFTQUFFZ0s0enZEX0J3RQ..*_gcl_au*MTg0NTYzODgzOC4xNzYzMDIxODU3*_ga*MzU0NDI2ODQzLjE3Mzc2MzM0OTY.*_ga_N2V8QSPJ5S*czE3Njc2OTA0NzEkbzIxMSRnMSR0MTc2NzY5MjE2MCRqNjAkbDAkaDExNDAxMjUyMjg.\">Weitere Informationen<\/a><\/div>\n\n\n\n<div class=\"wp-block-button btnalt rezervovat\"><a class=\"wp-block-button__link wp-element-button\" href=\"https:\/\/hotelharmony.book-onlinenow.net\/index.aspx?Page=26&amp;lan_id=de-DE&amp;cur=EUR\">Buchen Sie ein Paket<\/a><\/div>\n<\/div>\n<\/div><\/div>\n\n\n\n<div class=\"wp-block-media-text has-media-on-the-right is-stacked-on-mobile is-image-fill-element\"><div class=\"wp-block-media-text__content\">\n<h2 class=\"wp-block-heading\"><strong><strong>Sommerpaket mit Halbpension, Wellness und Sauna<\/strong><\/strong><\/h2>\n\n\n\n<ol class=\"wp-block-list\">\n<li>Aufenthalt im Komfortzimmer mit Fr\u00fchst\u00fcck f\u00fcr 2\u20134 N\u00e4chte oder 5\u20138 N\u00e4chte<\/li>\n\n\n\n<li><strong>Halbpension w\u00e4hrend des Aufenthalts<\/strong> (Fr\u00fchst\u00fcck und Abendessen)<\/li>\n\n\n\n<li>T\u00e4glich 1x <strong>Eintritt ins Wellnesscenter<\/strong> (Schwimmbad, Saunawelt und Kinder-Aqua-Zone) f\u00fcr 120 Minuten<\/li>\n\n\n\n<li><strong>Animationsprogramm<\/strong> f\u00fcr Kinder<\/li>\n\n\n\n<li>Tickets f\u00fcr die Seilbahn<\/li>\n<\/ol>\n\n\n\n<div class=\"wp-block-buttons is-layout-flex wp-block-buttons-is-layout-flex\">\n<div class=\"wp-block-button\"><a class=\"wp-block-button__link wp-element-button\" href=\"https:\/\/hotelharmony.book-onlinenow.net\/index.aspx?Page=26&amp;lan_id=cs-CZ&amp;cur=CZK&amp;_gl=1*fhyp3v*_gcl_aw*R0NMLjE3NjA5NTYyMDIuRUFJYUlRb2JDaE1Jbk9fUnNwbThpd01WTGFPREJ4M3BtUldXRUFBWUFTQUFFZ0s0enZEX0J3RQ..*_gcl_au*MTg0NTYzODgzOC4xNzYzMDIxODU3*_ga*MzU0NDI2ODQzLjE3Mzc2MzM0OTY.*_ga_N2V8QSPJ5S*czE3Njc2OTA0NzEkbzIxMSRnMSR0MTc2NzY5MjE2MCRqNjAkbDAkaDExNDAxMjUyMjg.\">Weitere Informationen<\/a><\/div>\n\n\n\n<div class=\"wp-block-button btnalt rezervovat\"><a class=\"wp-block-button__link wp-element-button\" href=\"https:\/\/hotelharmony.book-onlinenow.net\/index.aspx?Page=26&amp;lan_id=de-DE&amp;cur=EUR\">Buchen Sie ein Paket<\/a><\/div>\n<\/div>\n<\/div><figure class=\"wp-block-media-text__media\"><a href=\"https:\/\/harmonyhotel.cz\/de\/besondere-angebote\/zimni-balicek-na-5-az-7-noci\/\"><img loading=\"lazy\" decoding=\"async\" width=\"1600\" height=\"1066\" src=\"https:\/\/harmonyhotel.cz\/wp-content\/uploads\/2025\/03\/Specialni-letni-balicek-na-3-noci-1600x1066.jpg\" alt=\"Spezielles Sommerpaket f\u00fcr 3 N\u00e4chte\" class=\"wp-image-1500 size-medium\" style=\"object-position:50% 50%\" srcset=\"https:\/\/harmonyhotel.cz\/wp-content\/uploads\/2025\/03\/Specialni-letni-balicek-na-3-noci-1600x1066.jpg 1600w, https:\/\/harmonyhotel.cz\/wp-content\/uploads\/2025\/03\/Specialni-letni-balicek-na-3-noci-800x533.jpg 800w, https:\/\/harmonyhotel.cz\/wp-content\/uploads\/2025\/03\/Specialni-letni-balicek-na-3-noci-18x12.jpg 18w, https:\/\/harmonyhotel.cz\/wp-content\/uploads\/2025\/03\/Specialni-letni-balicek-na-3-noci.jpg 2000w\" sizes=\"auto, (max-width: 1600px) 100vw, 1600px\" \/><\/a><\/figure><\/div>\n\n\n\n<div class=\"wp-block-media-text is-stacked-on-mobile is-image-fill-element\"><figure class=\"wp-block-media-text__media\"><a href=\"https:\/\/harmonyhotel.cz\/wp-content\/uploads\/2026\/01\/Harmony_darkovy-poukaz_1600x800-07-scaled.png\"><img loading=\"lazy\" decoding=\"async\" width=\"1600\" height=\"800\" src=\"https:\/\/harmonyhotel.cz\/wp-content\/uploads\/2026\/01\/Harmony_darkovy-poukaz_1600x800-07-1600x800.png\" alt=\"\" class=\"wp-image-2305 size-medium\" style=\"object-position:50% 50%\" srcset=\"https:\/\/harmonyhotel.cz\/wp-content\/uploads\/2026\/01\/Harmony_darkovy-poukaz_1600x800-07-1600x800.png 1600w, https:\/\/harmonyhotel.cz\/wp-content\/uploads\/2026\/01\/Harmony_darkovy-poukaz_1600x800-07-800x400.png 800w, https:\/\/harmonyhotel.cz\/wp-content\/uploads\/2026\/01\/Harmony_darkovy-poukaz_1600x800-07-18x9.png 18w\" sizes=\"auto, (max-width: 1600px) 100vw, 1600px\" \/><\/a><\/figure><div class=\"wp-block-media-text__content\">\n<h2 class=\"wp-block-heading\">L\u00e4nger bleiben und 10% sparen<\/h2>\n\n\n\n<p>Dauer des Aufenthalts ab 3 N\u00e4chten - keine Stornierung<\/p>\n\n\n\n<div class=\"wp-block-buttons is-layout-flex wp-block-buttons-is-layout-flex\">\n<div class=\"wp-block-button btnalt rezervovat\"><a class=\"wp-block-button__link wp-element-button\" href=\"https:\/\/hotelharmony.book-onlinenow.net\/index.aspx?Page=26&amp;lan_id=de-DE&amp;cur=EUR\" target=\"_blank\" rel=\"noopener\">Buchen Sie ein Paket<\/a><\/div>\n<\/div>\n<\/div><\/div>\n\n\n\n<div class=\"wp-block-media-text has-media-on-the-right is-stacked-on-mobile is-image-fill-element\"><div class=\"wp-block-media-text__content\">\n<h2 class=\"wp-block-heading\">Sonderangebot mit 5% Rabatt<\/h2>\n\n\n\n<p>Dauer des Aufenthalts 1 - 2 N\u00e4chte - keine Stornierung<\/p>\n\n\n\n<div class=\"wp-block-buttons is-layout-flex wp-block-buttons-is-layout-flex\">\n<div class=\"wp-block-button btnalt rezervovat\"><a class=\"wp-block-button__link wp-element-button\" href=\"https:\/\/hotelharmony.book-onlinenow.net\/index.aspx?Page=26&amp;lan_id=de-DE&amp;cur=EUR\" target=\"_blank\" rel=\"noopener\">Buchen Sie ein Paket<\/a><\/div>\n<\/div>\n<\/div><figure class=\"wp-block-media-text__media\"><a href=\"https:\/\/harmonyhotel.cz\/wp-content\/uploads\/2026\/01\/Harmony_darkovy-poukaz_1600x800-06-scaled.png\"><img loading=\"lazy\" decoding=\"async\" width=\"1600\" height=\"800\" src=\"https:\/\/harmonyhotel.cz\/wp-content\/uploads\/2026\/01\/Harmony_darkovy-poukaz_1600x800-06-1600x800.png\" alt=\"\" class=\"wp-image-2304 size-medium\" style=\"object-position:50% 50%\" srcset=\"https:\/\/harmonyhotel.cz\/wp-content\/uploads\/2026\/01\/Harmony_darkovy-poukaz_1600x800-06-1600x800.png 1600w, https:\/\/harmonyhotel.cz\/wp-content\/uploads\/2026\/01\/Harmony_darkovy-poukaz_1600x800-06-800x400.png 800w, https:\/\/harmonyhotel.cz\/wp-content\/uploads\/2026\/01\/Harmony_darkovy-poukaz_1600x800-06-18x9.png 18w\" sizes=\"auto, (max-width: 1600px) 100vw, 1600px\" \/><\/a><\/figure><\/div>\n\n\n\n<div class=\"wp-block-media-text is-stacked-on-mobile is-image-fill-element\"><figure class=\"wp-block-media-text__media\"><a href=\"https:\/\/harmonyhotel.cz\/wp-content\/uploads\/2026\/01\/Harmony_darkovy-poukaz_1600x800-05-scaled.png\"><img loading=\"lazy\" decoding=\"async\" width=\"1600\" height=\"800\" src=\"https:\/\/harmonyhotel.cz\/wp-content\/uploads\/2026\/01\/Harmony_darkovy-poukaz_1600x800-05-1600x800.png\" alt=\"\" class=\"wp-image-2303 size-medium\" style=\"object-position:50% 50%\" srcset=\"https:\/\/harmonyhotel.cz\/wp-content\/uploads\/2026\/01\/Harmony_darkovy-poukaz_1600x800-05-1600x800.png 1600w, https:\/\/harmonyhotel.cz\/wp-content\/uploads\/2026\/01\/Harmony_darkovy-poukaz_1600x800-05-800x400.png 800w, https:\/\/harmonyhotel.cz\/wp-content\/uploads\/2026\/01\/Harmony_darkovy-poukaz_1600x800-05-18x9.png 18w\" sizes=\"auto, (max-width: 1600px) 100vw, 1600px\" \/><\/a><\/figure><div class=\"wp-block-media-text__content\">\n<h2 class=\"wp-block-heading\">Bleiben Sie 3 N\u00e4chte oder mehr und sparen Sie 5%<\/h2>\n\n\n\n<p>Die Mindestaufenthaltsdauer betr\u00e4gt 3 N\u00e4chte - stornierbar<\/p>\n\n\n\n<div class=\"wp-block-buttons is-layout-flex wp-block-buttons-is-layout-flex\">\n<div class=\"wp-block-button btnalt rezervovat\"><a class=\"wp-block-button__link wp-element-button\" href=\"https:\/\/hotelharmony.book-onlinenow.net\/index.aspx?Page=26&amp;lan_id=de-DE&amp;cur=EUR\" target=\"_blank\" rel=\"noopener\">Buchen Sie ein Paket<\/a><\/div>\n<\/div>\n<\/div><\/div>\n\n\n\n<div class=\"wp-block-media-text has-media-on-the-right is-stacked-on-mobile\"><div class=\"wp-block-media-text__content\">\n<h2 class=\"wp-block-heading\">Geschenkgutschein<\/h2>\n\n\n\n<p>Geschenkgutschein f\u00fcr alle Hoteldienstleistungen<\/p>\n\n\n\n<div class=\"wp-block-buttons is-layout-flex wp-block-buttons-is-layout-flex\">\n<div class=\"wp-block-button btnalt rezervovat\"><a class=\"wp-block-button__link wp-element-button\" href=\"https:\/\/harmonyhotel.cz\/de\/darkovy-poukaz\/\">Geschenkgutschein<\/a><\/div>\n<\/div>\n<\/div><figure class=\"wp-block-media-text__media\"><a href=\"https:\/\/harmonyhotel.cz\/wp-content\/uploads\/2026\/01\/Harmony_darkovy-poukaz_1600x800-01-scaled.png\"><img loading=\"lazy\" decoding=\"async\" width=\"1600\" height=\"800\" src=\"https:\/\/harmonyhotel.cz\/wp-content\/uploads\/2026\/01\/Harmony_darkovy-poukaz_1600x800-01-1600x800.png\" alt=\"\" class=\"wp-image-2299 size-medium\" srcset=\"https:\/\/harmonyhotel.cz\/wp-content\/uploads\/2026\/01\/Harmony_darkovy-poukaz_1600x800-01-1600x800.png 1600w, https:\/\/harmonyhotel.cz\/wp-content\/uploads\/2026\/01\/Harmony_darkovy-poukaz_1600x800-01-800x400.png 800w, https:\/\/harmonyhotel.cz\/wp-content\/uploads\/2026\/01\/Harmony_darkovy-poukaz_1600x800-01-18x9.png 18w\" sizes=\"auto, (max-width: 1600px) 100vw, 1600px\" \/><\/a><\/figure><\/div>\n\n\n\n<div class=\"wp-block-media-text is-stacked-on-mobile\"><figure class=\"wp-block-media-text__media\"><a href=\"https:\/\/harmonyhotel.cz\/de\/besondere-angebote\/darkovy-poukaz-na-romanticke-wellness-odpoledne-pro-dva\/\"><img loading=\"lazy\" decoding=\"async\" width=\"1600\" height=\"800\" src=\"https:\/\/harmonyhotel.cz\/wp-content\/uploads\/2026\/01\/Harmony_darkovy-poukaz_1600x800-02-1600x800.png\" alt=\"\" class=\"wp-image-2300 size-medium\" srcset=\"https:\/\/harmonyhotel.cz\/wp-content\/uploads\/2026\/01\/Harmony_darkovy-poukaz_1600x800-02-1600x800.png 1600w, https:\/\/harmonyhotel.cz\/wp-content\/uploads\/2026\/01\/Harmony_darkovy-poukaz_1600x800-02-800x400.png 800w, https:\/\/harmonyhotel.cz\/wp-content\/uploads\/2026\/01\/Harmony_darkovy-poukaz_1600x800-02-18x9.png 18w\" sizes=\"auto, (max-width: 1600px) 100vw, 1600px\" \/><\/a><\/figure><div class=\"wp-block-media-text__content\">\n<h2 class=\"wp-block-heading\">Geschenkgutschein f\u00fcr einen romantischen Wellnessnachmittag f\u00fcr zwei<\/h2>\n\n\n\n<p>Geschenkgutschein f\u00fcr alle Hoteldienstleistungen<\/p>\n\n\n\n<div class=\"wp-block-buttons is-layout-flex wp-block-buttons-is-layout-flex\">\n<div class=\"wp-block-button btnalt rezervovat\"><a class=\"wp-block-button__link wp-element-button\" href=\"https:\/\/harmonyhotel.cz\/de\/besondere-angebote\/darkovy-poukaz-na-romanticke-wellness-odpoledne-pro-dva\/\">Geschenkgutschein f\u00fcr zwei<\/a><\/div>\n<\/div>\n<\/div><\/div>\n\n\n\n<p><\/p>","protected":false},"excerpt":{"rendered":"","protected":false},"author":1,"featured_media":432,"parent":0,"menu_order":9,"comment_status":"closed","ping_status":"closed","template":"","meta":{"footnotes":""},"class_list":["post-21","page","type-page","status-publish","has-post-thumbnail","hentry"],"_links":{"self":[{"href":"https:\/\/harmonyhotel.cz\/de\/wp-json\/wp\/v2\/pages\/21","targetHints":{"allow":["GET"]}}],"collection":[{"href":"https:\/\/harmonyhotel.cz\/de\/wp-json\/wp\/v2\/pages"}],"about":[{"href":"https:\/\/harmonyhotel.cz\/de\/wp-json\/wp\/v2\/types\/page"}],"author":[{"embeddable":true,"href":"https:\/\/harmonyhotel.cz\/de\/wp-json\/wp\/v2\/users\/1"}],"replies":[{"embeddable":true,"href":"https:\/\/harmonyhotel.cz\/de\/wp-json\/wp\/v2\/comments?post=21"}],"version-history":[{"count":89,"href":"https:\/\/harmonyhotel.cz\/de\/wp-json\/wp\/v2\/pages\/21\/revisions"}],"predecessor-version":[{"id":2451,"href":"https:\/\/harmonyhotel.cz\/de\/wp-json\/wp\/v2\/pages\/21\/revisions\/2451"}],"wp:featuredmedia":[{"embeddable":true,"href":"https:\/\/harmonyhotel.cz\/de\/wp-json\/wp\/v2\/media\/432"}],"wp:attachment":[{"href":"https:\/\/harmonyhotel.cz\/de\/wp-json\/wp\/v2\/media?parent=21"}],"curies":[{"name":"wp","href":"https:\/\/api.w.org\/{rel}","templated":true}]}}