{"id":2068,"date":"2025-09-10T00:16:47","date_gmt":"2025-09-09T22:16:47","guid":{"rendered":"https:\/\/harmonyhotel.cz\/?page_id=2068"},"modified":"2026-01-06T10:10:55","modified_gmt":"2026-01-06T09:10:55","slug":"zimni-balicek-na-5-az-7-noci","status":"publish","type":"page","link":"https:\/\/harmonyhotel.cz\/de\/specialni-nabidky\/zimni-balicek-na-5-az-7-noci\/","title":{"rendered":"Winterpaket f\u00fcr 5 und 7 N\u00e4chte"},"content":{"rendered":"<p>G\u00f6nnen Sie sich den perfekten Winterurlaub in den Bergen und lassen Sie sich rundum verw\u00f6hnen! Genie\u00dfen Sie die frische Bergluft, die atemberaubende Aussicht und das erstklassige Wellnessangebot in unserem Hotel.<br>Halten Sie den Atem an und finden Sie Ihre eigene Harmonie. Buchen Sie einen Aufenthalt im Hotel Harmony.<\/p>\n\n\n\n<p><strong>Paket mit Wellness-Zugang und Fr\u00fchst\u00fcck f\u00fcr 5 oder 7 N\u00e4chte<\/strong><\/p>\n\n\n\n<p>&nbsp;<\/p>\n\n\n\n<h2 class=\"wp-block-heading\">Das Paket beinhaltet<\/h2>\n\n\n\n<ul class=\"wp-block-list\">\n<li>Aufenthalt in einem komfortablen Zimmer f\u00fcr 5 oder 7 N\u00e4chte<\/li>\n\n\n\n<li class=\"translation-block\"><strong>Halbpension<\/strong> w\u00e4hrend Ihres Aufenthaltes (Fr\u00fchst\u00fcck und Abendessen)<\/li>\n\n\n\n<li>T\u00e4glich 1x <strong>Eintritt ins Wellnesscenter<\/strong> (Schwimmbad und Kinder-Aqua-Zone) f\u00fcr 120 Minuten<\/li>\n\n\n\n<li>Animationsprogramm f\u00fcr Kinder<\/li>\n<\/ul>\n\n\n\n<p><em>und alle anfallenden Steuern.<\/em> <br>Die Preise verstehen sich in CZK und beinhalten Fr\u00fchst\u00fcck, Abendbuffet, Wellness und alle anfallenden Steuern.<\/p>\n\n\n\n<p><\/p>\n\n\n\n<div class=\"wp-block-buttons is-layout-flex wp-block-buttons-is-layout-flex\">\n<div class=\"wp-block-button btnalt\"><a class=\"wp-block-button__link wp-element-button\" href=\"https:\/\/hotelharmony.book-onlinenow.net\/index.aspx?Page=26&amp;lan_id=de-DE&amp;cur=EUR\" target=\"_blank\" rel=\"noopener noreferrer noopener\">Buchen Sie ein Paket<\/a><\/div>\n<\/div>\n\n\n\n<p>&nbsp;<\/p>\n\n\n\n<h3 class=\"wp-block-heading\">Zahlungsbedingungen<\/h3>\n\n\n\n<ul class=\"wp-block-list\">\n<li class=\"translation-block\">Dieses Angebot erfordert eine <strong>100%ige Vorauszahlung<\/strong>.<\/li>\n\n\n\n<li class=\"translation-block\">Bei der Buchung wird Ihre Kreditkarte mit dem vollen Betrag belastet\u00a0<strong>(vollst\u00e4ndige Vorauszahlung)<\/strong>, wenn Sie die Zahlung per Karte w\u00e4hlen.<\/li>\n\n\n\n<li>Bei Zahlung per Bank\u00fcberweisung muss der Gesamtbetrag \u00fcberwiesen werden.<\/li>\n\n\n\n<li class=\"translation-block\">Im Falle einer Stornierung oder Nichterscheinen ist das Abonnement <strong>nicht erstattungsf\u00e4hig<\/strong>.<\/li>\n<\/ul>\n\n\n\n<h3 class=\"wp-block-heading\">Stornierungsbedingungen mit Stornierungsm\u00f6glichkeit<\/h3>\n\n\n\n<p><strong><strong>Dieses Angebot ist nur auf nicht erstattungsf\u00e4higer Zahlungsbasis verf\u00fcgbar.<\/strong><\/strong><br>F\u00fcr dieses Sonderangebot ist eine Vorauszahlung von 100 % erforderlich. Der volle Betrag wird bei der Buchung von Ihrer Kreditkarte abgebucht.<br>Die Reservierung ist nicht \u00e4nderbar und im Falle einer Stornierung, \u00c4nderung oder Nichterscheinen wird die Vorauszahlung nicht zur\u00fcckerstattet.<\/p>\n\n\n\n<p><\/p>","protected":false},"excerpt":{"rendered":"<p>Dop\u0159ejte si dokonal\u00fd zimn\u00ed \u00fat\u011bk na hory a nechte se h\u00fd\u010dkat! U\u017eijte si \u010derstv\u00fd horsk\u00fd vzduch, dechberouc\u00ed v\u00fdhledy a \u0161pi\u010dkov\u00e9 wellness slu\u017eby v na\u0161em hotelu.P\u0159esta\u0148te d\u00fdchat a najd\u011bte svou vlastn\u00ed harmonii. Rezervujte si pobyt v Hotel Harmony. Bal\u00ed\u010dek se vstupem do wellness a sn\u00eddan\u011b na 5 nebo 7 noc\u00ed &nbsp; Bal\u00ed\u010dek obsahuje M\u011bstsk\u00e1 da\u0148 ve [&hellip;]<\/p>\n","protected":false},"author":1,"featured_media":1272,"parent":21,"menu_order":0,"comment_status":"closed","ping_status":"closed","template":"","meta":{"footnotes":""},"class_list":["post-2068","page","type-page","status-publish","has-post-thumbnail","hentry"],"_links":{"self":[{"href":"https:\/\/harmonyhotel.cz\/de\/wp-json\/wp\/v2\/pages\/2068","targetHints":{"allow":["GET"]}}],"collection":[{"href":"https:\/\/harmonyhotel.cz\/de\/wp-json\/wp\/v2\/pages"}],"about":[{"href":"https:\/\/harmonyhotel.cz\/de\/wp-json\/wp\/v2\/types\/page"}],"author":[{"embeddable":true,"href":"https:\/\/harmonyhotel.cz\/de\/wp-json\/wp\/v2\/users\/1"}],"replies":[{"embeddable":true,"href":"https:\/\/harmonyhotel.cz\/de\/wp-json\/wp\/v2\/comments?post=2068"}],"version-history":[{"count":6,"href":"https:\/\/harmonyhotel.cz\/de\/wp-json\/wp\/v2\/pages\/2068\/revisions"}],"predecessor-version":[{"id":2253,"href":"https:\/\/harmonyhotel.cz\/de\/wp-json\/wp\/v2\/pages\/2068\/revisions\/2253"}],"up":[{"embeddable":true,"href":"https:\/\/harmonyhotel.cz\/de\/wp-json\/wp\/v2\/pages\/21"}],"wp:featuredmedia":[{"embeddable":true,"href":"https:\/\/harmonyhotel.cz\/de\/wp-json\/wp\/v2\/media\/1272"}],"wp:attachment":[{"href":"https:\/\/harmonyhotel.cz\/de\/wp-json\/wp\/v2\/media?parent=2068"}],"curies":[{"name":"wp","href":"https:\/\/api.w.org\/{rel}","templated":true}]}}