{"id":19,"date":"2024-05-29T00:53:31","date_gmt":"2024-05-28T22:53:31","guid":{"rendered":"https:\/\/harmonyhotel.cz\/?page_id=19"},"modified":"2026-04-12T22:40:23","modified_gmt":"2026-04-12T20:40:23","slug":"aktivitaten","status":"publish","type":"page","link":"https:\/\/harmonyhotel.cz\/de\/aktivity\/","title":{"rendered":"Aktivit\u00e4ten"},"content":{"rendered":"<div class=\"wp-block-columns is-layout-flex wp-container-core-columns-is-layout-9d6595d7 wp-block-columns-is-layout-flex\">\n<div class=\"wp-block-column is-layout-flow wp-block-column-is-layout-flow\">\n<figure class=\"wp-block-image size-medium\"><a href=\"https:\/\/harmonyhotel.cz\/de\/aktivitaten\/spindelmuhle\/\"><img loading=\"lazy\" decoding=\"async\" width=\"800\" height=\"534\" src=\"https:\/\/harmonyhotel.cz\/wp-content\/uploads\/2024\/06\/Harmony-Hotel-Spindleruv-Mlyn-Spindleruv-Mlyn-800x534.jpg\" alt=\"Harmony Hotel Spindlerm\u00fchle - Spindlerm\u00fchle\" class=\"wp-image-741\" style=\"aspect-ratio:3\/2;object-fit:cover\" srcset=\"https:\/\/harmonyhotel.cz\/wp-content\/uploads\/2024\/06\/Harmony-Hotel-Spindleruv-Mlyn-Spindleruv-Mlyn-800x534.jpg 800w, https:\/\/harmonyhotel.cz\/wp-content\/uploads\/2024\/06\/Harmony-Hotel-Spindleruv-Mlyn-Spindleruv-Mlyn-1600x1068.jpg 1600w, https:\/\/harmonyhotel.cz\/wp-content\/uploads\/2024\/06\/Harmony-Hotel-Spindleruv-Mlyn-Spindleruv-Mlyn.jpg 1618w\" sizes=\"auto, (max-width: 800px) 100vw, 800px\" \/><\/a><\/figure>\n\n\n\n<h3 class=\"wp-block-heading has-text-align-center\"><a href=\"https:\/\/harmonyhotel.cz\/de\/aktivitaten\/spindelmuhle\/\" data-type=\"page\" data-id=\"779\">Spindleruv Mlyn<\/a><\/h3>\n<\/div>\n\n\n\n<div class=\"wp-block-column is-layout-flow wp-block-column-is-layout-flow\">\n<figure class=\"wp-block-image size-medium\"><a href=\"https:\/\/harmonyhotel.cz\/de\/aktivitaten\/umgebung\/\"><img loading=\"lazy\" decoding=\"async\" width=\"800\" height=\"533\" src=\"https:\/\/harmonyhotel.cz\/wp-content\/uploads\/2024\/06\/Harmony-Hotel-Spindleruv-Mlyn-Ololi-800x533.jpg\" alt=\"Harmony Hotel Spindlerm\u00fchle - Umgebung\" class=\"wp-image-751\" style=\"aspect-ratio:3\/2;object-fit:cover\" srcset=\"https:\/\/harmonyhotel.cz\/wp-content\/uploads\/2024\/06\/Harmony-Hotel-Spindleruv-Mlyn-Ololi-800x533.jpg 800w, https:\/\/harmonyhotel.cz\/wp-content\/uploads\/2024\/06\/Harmony-Hotel-Spindleruv-Mlyn-Ololi-1600x1067.jpg 1600w\" sizes=\"auto, (max-width: 800px) 100vw, 800px\" \/><\/a><\/figure>\n\n\n\n<h3 class=\"wp-block-heading has-text-align-center\"><a href=\"https:\/\/harmonyhotel.cz\/de\/aktivitaten\/umgebung\/\" data-type=\"page\" data-id=\"781\">Umgebung<\/a><\/h3>\n<\/div>\n\n\n\n<div class=\"wp-block-column is-layout-flow wp-block-column-is-layout-flow\">\n<figure class=\"wp-block-image size-medium\"><a href=\"https:\/\/harmonyhotel.cz\/de\/aktivitaten\/sommer\/\"><img loading=\"lazy\" decoding=\"async\" width=\"800\" height=\"533\" src=\"https:\/\/harmonyhotel.cz\/wp-content\/uploads\/2024\/06\/Harmony-Hotel-Spindleruv-Mlyn-Leto-800x533.jpg\" alt=\"Harmony Hotel \u0160pindler\u016fv Ml\u00fdn - L\u00e9to\" class=\"wp-image-743\" style=\"aspect-ratio:3\/2;object-fit:cover\" srcset=\"https:\/\/harmonyhotel.cz\/wp-content\/uploads\/2024\/06\/Harmony-Hotel-Spindleruv-Mlyn-Leto-800x533.jpg 800w, https:\/\/harmonyhotel.cz\/wp-content\/uploads\/2024\/06\/Harmony-Hotel-Spindleruv-Mlyn-Leto-1600x1067.jpg 1600w, https:\/\/harmonyhotel.cz\/wp-content\/uploads\/2024\/06\/Harmony-Hotel-Spindleruv-Mlyn-Leto.jpg 1620w\" sizes=\"auto, (max-width: 800px) 100vw, 800px\" \/><\/a><\/figure>\n\n\n\n<h3 class=\"wp-block-heading has-text-align-center\"><a href=\"https:\/\/harmonyhotel.cz\/de\/aktivitaten\/sommer\/\" data-type=\"page\" data-id=\"774\">Sommer<\/a><\/h3>\n<\/div>\n<\/div>\n\n\n\n<div class=\"wp-block-columns is-layout-flex wp-container-core-columns-is-layout-9d6595d7 wp-block-columns-is-layout-flex\">\n<div class=\"wp-block-column is-layout-flow wp-block-column-is-layout-flow\">\n<figure class=\"wp-block-image size-medium\"><a href=\"https:\/\/harmonyhotel.cz\/de\/aktivitaten\/boulder\/\"><img loading=\"lazy\" decoding=\"async\" width=\"800\" height=\"534\" src=\"https:\/\/harmonyhotel.cz\/wp-content\/uploads\/2025\/01\/Harmony-Hotel-Spindleruv-Mlyn-Boulder-800x534.webp\" alt=\"Harmony Hotel Spindleruv Mlyn Boulder\" class=\"wp-image-1440\" style=\"aspect-ratio:3\/2;object-fit:cover\" srcset=\"https:\/\/harmonyhotel.cz\/wp-content\/uploads\/2025\/01\/Harmony-Hotel-Spindleruv-Mlyn-Boulder-800x534.webp 800w, https:\/\/harmonyhotel.cz\/wp-content\/uploads\/2025\/01\/Harmony-Hotel-Spindleruv-Mlyn-Boulder-1600x1068.webp 1600w, https:\/\/harmonyhotel.cz\/wp-content\/uploads\/2025\/01\/Harmony-Hotel-Spindleruv-Mlyn-Boulder-18x12.webp 18w\" sizes=\"auto, (max-width: 800px) 100vw, 800px\" \/><\/a><\/figure>\n\n\n\n<h3 class=\"wp-block-heading has-text-align-center\"><a href=\"https:\/\/harmonyhotel.cz\/de\/aktivitaten\/boulder\/\" data-type=\"page\" data-id=\"761\">Boulder<\/a><\/h3>\n<\/div>\n\n\n\n<div class=\"wp-block-column is-layout-flow wp-block-column-is-layout-flow\">\n<figure class=\"wp-block-image size-full\"><a href=\"https:\/\/harmonyhotel.cz\/de\/aktivitaten\/kulecnik-stolni-tenis\/\"><img loading=\"lazy\" decoding=\"async\" width=\"540\" height=\"360\" src=\"https:\/\/harmonyhotel.cz\/wp-content\/uploads\/2026\/03\/360_F_304844851_6QhVJPP1NirMkHgtLQRow9sHGfwVtwXp-2.jpg\" alt=\"\" class=\"wp-image-2383\" style=\"aspect-ratio:3\/2;object-fit:cover\" srcset=\"https:\/\/harmonyhotel.cz\/wp-content\/uploads\/2026\/03\/360_F_304844851_6QhVJPP1NirMkHgtLQRow9sHGfwVtwXp-2.jpg 540w, https:\/\/harmonyhotel.cz\/wp-content\/uploads\/2026\/03\/360_F_304844851_6QhVJPP1NirMkHgtLQRow9sHGfwVtwXp-2-18x12.jpg 18w\" sizes=\"auto, (max-width: 540px) 100vw, 540px\" \/><\/a><\/figure>\n\n\n\n<h3 class=\"wp-block-heading has-text-align-center\"><a href=\"https:\/\/harmonyhotel.cz\/de\/aktivitaten\/kulecnik-stolni-tenis\/\" data-type=\"page\" data-id=\"2378\">Kule\u010dn\u00edk\/Stoln\u00ed tenis<\/a><\/h3>\n<\/div>\n\n\n\n<div class=\"wp-block-column is-layout-flow wp-block-column-is-layout-flow\">\n<figure class=\"wp-block-image\"><img loading=\"lazy\" decoding=\"async\" width=\"1600\" height=\"900\" src=\"https:\/\/harmonyhotel.cz\/wp-content\/uploads\/2026\/02\/bowling-web-uvod-1600x900.png\" alt=\"\" class=\"wp-image-2318\" style=\"aspect-ratio:3\/2;object-fit:cover\" srcset=\"https:\/\/harmonyhotel.cz\/wp-content\/uploads\/2026\/02\/bowling-web-uvod-1600x900.png 1600w, https:\/\/harmonyhotel.cz\/wp-content\/uploads\/2026\/02\/bowling-web-uvod-800x450.png 800w, https:\/\/harmonyhotel.cz\/wp-content\/uploads\/2026\/02\/bowling-web-uvod-18x10.png 18w, https:\/\/harmonyhotel.cz\/wp-content\/uploads\/2026\/02\/bowling-web-uvod.png 1920w\" sizes=\"auto, (max-width: 1600px) 100vw, 1600px\" \/><\/figure>\n\n\n\n<h3 class=\"wp-block-heading has-text-align-center\"><a href=\"https:\/\/harmonyhotel.cz\/de\/aktivitaten\/bowling-und-golfsimulator\/\" data-type=\"page\" data-id=\"768\">Bowling und Golfsimulator<\/a><\/h3>\n<\/div>\n<\/div>\n\n\n\n<div class=\"wp-block-columns is-layout-flex wp-container-core-columns-is-layout-9d6595d7 wp-block-columns-is-layout-flex\">\n<div class=\"wp-block-column is-layout-flow wp-block-column-is-layout-flow\">\n<figure class=\"wp-block-image size-medium\"><a href=\"https:\/\/harmonyhotel.cz\/de\/aktivitaten\/teambuilding-aktivitaten\/\"><img loading=\"lazy\" decoding=\"async\" width=\"800\" height=\"533\" src=\"https:\/\/harmonyhotel.cz\/wp-content\/uploads\/2024\/06\/Harmony-Hotel-Spindleruv-Mlyn-Teambuildingove-aktivity-800x533.jpg\" alt=\"Teambuilding-Aktivit\u00e4ten - Harmony Hotel Spindlerm\u00fchle\" class=\"wp-image-744\" style=\"aspect-ratio:3\/2;object-fit:cover\" srcset=\"https:\/\/harmonyhotel.cz\/wp-content\/uploads\/2024\/06\/Harmony-Hotel-Spindleruv-Mlyn-Teambuildingove-aktivity-800x533.jpg 800w, https:\/\/harmonyhotel.cz\/wp-content\/uploads\/2024\/06\/Harmony-Hotel-Spindleruv-Mlyn-Teambuildingove-aktivity.jpg 1600w\" sizes=\"auto, (max-width: 800px) 100vw, 800px\" \/><\/a><\/figure>\n\n\n\n<h3 class=\"wp-block-heading has-text-align-center\"><a href=\"https:\/\/harmonyhotel.cz\/de\/aktivitaten\/teambuilding-aktivitaten\/\" data-type=\"page\" data-id=\"772\">Teambuilding-Aktivit\u00e4ten<\/a><\/h3>\n<\/div>\n\n\n\n<div class=\"wp-block-column is-layout-flow wp-block-column-is-layout-flow\">\n<figure class=\"wp-block-image size-full\"><a href=\"https:\/\/harmonyhotel.cz\/de\/aktivitaten\/petanque\/\"><img loading=\"lazy\" decoding=\"async\" width=\"800\" height=\"533\" src=\"https:\/\/harmonyhotel.cz\/wp-content\/uploads\/2025\/11\/Petanque.webp\" alt=\"P\u00e9tanque\" class=\"wp-image-2222\" style=\"aspect-ratio:3\/2;object-fit:cover\" srcset=\"https:\/\/harmonyhotel.cz\/wp-content\/uploads\/2025\/11\/Petanque.webp 800w, https:\/\/harmonyhotel.cz\/wp-content\/uploads\/2025\/11\/Petanque-18x12.webp 18w\" sizes=\"auto, (max-width: 800px) 100vw, 800px\" \/><\/a><\/figure>\n\n\n\n<h3 class=\"wp-block-heading has-text-align-center\"><a href=\"https:\/\/harmonyhotel.cz\/de\/aktivitaten\/petanque\/\" data-type=\"page\" data-id=\"1659\">P\u00e9tanque<\/a><\/h3>\n<\/div>\n\n\n\n<div class=\"wp-block-column is-layout-flow wp-block-column-is-layout-flow\">\n<figure class=\"wp-block-image size-medium\"><a href=\"https:\/\/harmonyhotel.cz\/de\/aktivitaten\/fitnesscenter\/\"><img loading=\"lazy\" decoding=\"async\" width=\"800\" height=\"533\" src=\"https:\/\/harmonyhotel.cz\/wp-content\/uploads\/2024\/06\/Harmony-Hotel-Spindleruv-Mlyn-Fitness-centrum-800x533.jpg\" alt=\"Fitnesscenter \u2013 Harmony Hotel Spindlerm\u00fchle\" class=\"wp-image-739\" style=\"aspect-ratio:3\/2;object-fit:cover\" srcset=\"https:\/\/harmonyhotel.cz\/wp-content\/uploads\/2024\/06\/Harmony-Hotel-Spindleruv-Mlyn-Fitness-centrum-800x533.jpg 800w, https:\/\/harmonyhotel.cz\/wp-content\/uploads\/2024\/06\/Harmony-Hotel-Spindleruv-Mlyn-Fitness-centrum-1600x1067.jpg 1600w\" sizes=\"auto, (max-width: 800px) 100vw, 800px\" \/><\/a><\/figure>\n\n\n\n<h3 class=\"wp-block-heading has-text-align-center\"><a href=\"https:\/\/harmonyhotel.cz\/de\/aktivitaten\/fitnesscenter\/\" data-type=\"page\" data-id=\"765\">Fitnesszentrum<\/a><\/h3>\n<\/div>\n<\/div>\n\n\n\n<div class=\"wp-block-columns is-layout-flex wp-container-core-columns-is-layout-9d6595d7 wp-block-columns-is-layout-flex\">\n<div class=\"wp-block-column is-layout-flow wp-block-column-is-layout-flow\">\n<figure class=\"wp-block-image size-medium\"><a href=\"https:\/\/harmonyhotel.cz\/de\/aktivitaten\/tennis-und-badminton\/\"><img loading=\"lazy\" decoding=\"async\" width=\"800\" height=\"533\" src=\"https:\/\/harmonyhotel.cz\/wp-content\/uploads\/2024\/06\/Konference-Kongres-Harmony-Hotel-Spindleruv-Mlyn-KRYTE-HALY-1-800x533.jpg\" alt=\"Konferenz - Kongress - Harmony Hotel Spindlerm\u00fchle - \u00dcberdachte Hallen\" class=\"wp-image-638\" style=\"aspect-ratio:3\/2;object-fit:cover\" srcset=\"https:\/\/harmonyhotel.cz\/wp-content\/uploads\/2024\/06\/Konference-Kongres-Harmony-Hotel-Spindleruv-Mlyn-KRYTE-HALY-1-800x533.jpg 800w, https:\/\/harmonyhotel.cz\/wp-content\/uploads\/2024\/06\/Konference-Kongres-Harmony-Hotel-Spindleruv-Mlyn-KRYTE-HALY-1-1600x1066.jpg 1600w\" sizes=\"auto, (max-width: 800px) 100vw, 800px\" \/><\/a><\/figure>\n\n\n\n<h3 class=\"wp-block-heading has-text-align-center\"><a href=\"https:\/\/harmonyhotel.cz\/de\/aktivitaten\/tennis-und-badminton\/\" data-type=\"page\" data-id=\"763\">Tennis, Pickleball und Badminton<\/a><\/h3>\n<\/div>\n\n\n\n<div class=\"wp-block-column is-layout-flow wp-block-column-is-layout-flow\">\n<figure class=\"wp-block-image size-medium\"><a href=\"https:\/\/harmonyhotel.cz\/de\/aktivitaten\/kinderecke\/\"><img loading=\"lazy\" decoding=\"async\" width=\"800\" height=\"533\" src=\"https:\/\/harmonyhotel.cz\/wp-content\/uploads\/2024\/06\/Harmony-Hotel-Spindleruv-Mlyn-Detsky-koutek-8-800x533.jpg\" alt=\"Kinderecke - Harmony Hotel Spindlerm\u00fchle 8\" class=\"wp-image-848\" style=\"aspect-ratio:3\/2;object-fit:cover\" srcset=\"https:\/\/harmonyhotel.cz\/wp-content\/uploads\/2024\/06\/Harmony-Hotel-Spindleruv-Mlyn-Detsky-koutek-8-800x533.jpg 800w, https:\/\/harmonyhotel.cz\/wp-content\/uploads\/2024\/06\/Harmony-Hotel-Spindleruv-Mlyn-Detsky-koutek-8-1600x1066.jpg 1600w\" sizes=\"auto, (max-width: 800px) 100vw, 800px\" \/><\/a><\/figure>\n\n\n\n<h3 class=\"wp-block-heading has-text-align-center\"><a href=\"https:\/\/harmonyhotel.cz\/de\/aktivitaten\/kinderecke\/\" data-type=\"page\" data-id=\"770\">Kinderecke<\/a><\/h3>\n<\/div>\n\n\n\n<div class=\"wp-block-column is-layout-flow wp-block-column-is-layout-flow\">\n<figure class=\"wp-block-image size-medium\"><a href=\"https:\/\/harmonyhotel.cz\/de\/aktivitaten\/aktivzone-fur-kinder\/\"><img loading=\"lazy\" decoding=\"async\" width=\"800\" height=\"533\" src=\"https:\/\/harmonyhotel.cz\/wp-content\/uploads\/2024\/06\/Harmony-Hotel-Spindleruv-Mlyn-Detsky-koutek-800x533.jpg\" alt=\"Kinderecke - Harmony Hotel Spindlerm\u00fchle\" class=\"wp-image-737\" style=\"aspect-ratio:3\/2;object-fit:cover\" srcset=\"https:\/\/harmonyhotel.cz\/wp-content\/uploads\/2024\/06\/Harmony-Hotel-Spindleruv-Mlyn-Detsky-koutek-800x533.jpg 800w, https:\/\/harmonyhotel.cz\/wp-content\/uploads\/2024\/06\/Harmony-Hotel-Spindleruv-Mlyn-Detsky-koutek-1600x1067.jpg 1600w\" sizes=\"auto, (max-width: 800px) 100vw, 800px\" \/><\/a><\/figure>\n\n\n\n<h3 class=\"wp-block-heading has-text-align-center\"><a href=\"https:\/\/harmonyhotel.cz\/de\/aktivitaten\/aktivzone-fur-kinder\/\" data-type=\"page\" data-id=\"844\">Aktivzone f\u00fcr Kinder<\/a><\/h3>\n<\/div>\n<\/div>\n\n\n\n<div class=\"wp-block-columns is-layout-flex wp-container-core-columns-is-layout-9d6595d7 wp-block-columns-is-layout-flex\">\n<div class=\"wp-block-column is-layout-flow wp-block-column-is-layout-flow\">\n<figure class=\"wp-block-image size-medium\"><a href=\"https:\/\/harmonyhotel.cz\/de\/aktivitaten\/schiessstand\/\"><img loading=\"lazy\" decoding=\"async\" width=\"800\" height=\"533\" src=\"https:\/\/harmonyhotel.cz\/wp-content\/uploads\/2024\/06\/Strelnice-Harmony-Hotel-Spindleruv-Mlyn-2-1-800x533.jpg\" alt=\"Schie\u00dfstand \u2013 Harmony Hotel Spindlerm\u00fchle 2\" class=\"wp-image-1096\" style=\"aspect-ratio:3\/2;object-fit:cover\" srcset=\"https:\/\/harmonyhotel.cz\/wp-content\/uploads\/2024\/06\/Strelnice-Harmony-Hotel-Spindleruv-Mlyn-2-1-800x533.jpg 800w, https:\/\/harmonyhotel.cz\/wp-content\/uploads\/2024\/06\/Strelnice-Harmony-Hotel-Spindleruv-Mlyn-2-1-1600x1067.jpg 1600w, https:\/\/harmonyhotel.cz\/wp-content\/uploads\/2024\/06\/Strelnice-Harmony-Hotel-Spindleruv-Mlyn-2-1-18x12.jpg 18w, https:\/\/harmonyhotel.cz\/wp-content\/uploads\/2024\/06\/Strelnice-Harmony-Hotel-Spindleruv-Mlyn-2-1.jpg 1920w\" sizes=\"auto, (max-width: 800px) 100vw, 800px\" \/><\/a><\/figure>\n\n\n\n<h3 class=\"wp-block-heading has-text-align-center\"><a href=\"https:\/\/harmonyhotel.cz\/de\/aktivitaten\/schiessstand\/\" data-type=\"page\" data-id=\"1090\">Schie\u00dfstand<\/a><\/h3>\n<\/div>\n\n\n\n<div class=\"wp-block-column is-layout-flow wp-block-column-is-layout-flow\">\n<figure class=\"wp-block-image size-medium\"><a href=\"https:\/\/harmonyhotel.cz\/de\/aktivitaten\/bunkerausstellung\/\"><img loading=\"lazy\" decoding=\"async\" width=\"800\" height=\"533\" src=\"https:\/\/harmonyhotel.cz\/wp-content\/uploads\/2024\/06\/Harmony-Hotel-Spindleruv-Mlyn-Bunkr-2-800x533.jpg\" alt=\"Harmony Hotel \u0160pindler\u016fv Ml\u00fdn - Bunkr\" class=\"wp-image-750\" style=\"aspect-ratio:3\/2;object-fit:cover\" srcset=\"https:\/\/harmonyhotel.cz\/wp-content\/uploads\/2024\/06\/Harmony-Hotel-Spindleruv-Mlyn-Bunkr-2-800x533.jpg 800w, https:\/\/harmonyhotel.cz\/wp-content\/uploads\/2024\/06\/Harmony-Hotel-Spindleruv-Mlyn-Bunkr-2-1600x1067.jpg 1600w\" sizes=\"auto, (max-width: 800px) 100vw, 800px\" \/><\/a><\/figure>\n\n\n\n<h3 class=\"wp-block-heading has-text-align-center\"><a href=\"https:\/\/harmonyhotel.cz\/de\/aktivitaten\/bunkerausstellung\/\" data-type=\"page\" data-id=\"783\">Bunkerausstellung<\/a><\/h3>\n<\/div>\n\n\n\n<div class=\"wp-block-column is-layout-flow wp-block-column-is-layout-flow\"><\/div>\n<\/div>\n\n\n\n<div class=\"wp-block-columns is-layout-flex wp-container-core-columns-is-layout-9d6595d7 wp-block-columns-is-layout-flex\">\n<div class=\"wp-block-column is-layout-flow wp-block-column-is-layout-flow\">\n<figure class=\"wp-block-image size-medium\"><a href=\"https:\/\/harmonyhotel.cz\/de\/aktivitaten\/eislaufschule\/\"><img loading=\"lazy\" decoding=\"async\" width=\"800\" height=\"533\" src=\"https:\/\/harmonyhotel.cz\/wp-content\/uploads\/2024\/06\/Harmony-Hotel-Spindleruv-Mlyn-Lyzarska-skola-800x533.jpg\" alt=\"Harmony Hotel Spindlerm\u00fchle - Skischule\" class=\"wp-image-732\" style=\"aspect-ratio:3\/2;object-fit:cover\" srcset=\"https:\/\/harmonyhotel.cz\/wp-content\/uploads\/2024\/06\/Harmony-Hotel-Spindleruv-Mlyn-Lyzarska-skola-800x533.jpg 800w, https:\/\/harmonyhotel.cz\/wp-content\/uploads\/2024\/06\/Harmony-Hotel-Spindleruv-Mlyn-Lyzarska-skola-1600x1067.jpg 1600w, https:\/\/harmonyhotel.cz\/wp-content\/uploads\/2024\/06\/Harmony-Hotel-Spindleruv-Mlyn-Lyzarska-skola.jpg 1620w\" sizes=\"auto, (max-width: 800px) 100vw, 800px\" \/><\/a><\/figure>\n\n\n\n<h3 class=\"wp-block-heading has-text-align-center\"><a href=\"https:\/\/harmonyhotel.cz\/de\/aktivitaten\/eislaufschule\/\" data-type=\"page\" data-id=\"759\">Skischule<\/a><\/h3>\n<\/div>\n\n\n\n<div class=\"wp-block-column is-layout-flow wp-block-column-is-layout-flow\">\n<figure class=\"wp-block-image size-medium\"><a href=\"https:\/\/harmonyhotel.cz\/de\/aktivitaten\/kinderlift-zauberteppich\/\"><img loading=\"lazy\" decoding=\"async\" width=\"800\" height=\"534\" src=\"https:\/\/harmonyhotel.cz\/wp-content\/uploads\/2024\/06\/Harmony-Hotel-Spindleruv-Mlyn-Detsky-vlek-Magic-carpet-800x534.jpg\" alt=\"Harmony Hotel \u0160pindler\u016fv Ml\u00fdn - Kinderlift &amp; Zauberteppich\" class=\"wp-image-734\" style=\"aspect-ratio:3\/2;object-fit:cover\" srcset=\"https:\/\/harmonyhotel.cz\/wp-content\/uploads\/2024\/06\/Harmony-Hotel-Spindleruv-Mlyn-Detsky-vlek-Magic-carpet-800x534.jpg 800w, https:\/\/harmonyhotel.cz\/wp-content\/uploads\/2024\/06\/Harmony-Hotel-Spindleruv-Mlyn-Detsky-vlek-Magic-carpet-1600x1067.jpg 1600w, https:\/\/harmonyhotel.cz\/wp-content\/uploads\/2024\/06\/Harmony-Hotel-Spindleruv-Mlyn-Detsky-vlek-Magic-carpet.jpg 1619w\" sizes=\"auto, (max-width: 800px) 100vw, 800px\" \/><\/a><\/figure>\n\n\n\n<h3 class=\"wp-block-heading has-text-align-center\"><a href=\"https:\/\/harmonyhotel.cz\/de\/aktivitaten\/kinderlift-zauberteppich\/\" data-type=\"page\" data-id=\"755\">Kinderlift &amp; Zauberteppich<\/a><\/h3>\n<\/div>\n\n\n\n<div class=\"wp-block-column is-layout-flow wp-block-column-is-layout-flow\">\n<figure class=\"wp-block-image size-medium\"><a href=\"https:\/\/harmonyhotel.cz\/de\/aktivitaten\/winter\/\"><img loading=\"lazy\" decoding=\"async\" width=\"800\" height=\"533\" src=\"https:\/\/harmonyhotel.cz\/wp-content\/uploads\/2024\/06\/Harmony-Hotel-Spindleruv-Mlyn-Zima-800x533.jpg\" alt=\"Harmony Hotel Spindlerm\u00fchle - Winter\" class=\"wp-image-742\" style=\"aspect-ratio:3\/2;object-fit:cover\" srcset=\"https:\/\/harmonyhotel.cz\/wp-content\/uploads\/2024\/06\/Harmony-Hotel-Spindleruv-Mlyn-Zima-800x533.jpg 800w, https:\/\/harmonyhotel.cz\/wp-content\/uploads\/2024\/06\/Harmony-Hotel-Spindleruv-Mlyn-Zima-1600x1067.jpg 1600w, https:\/\/harmonyhotel.cz\/wp-content\/uploads\/2024\/06\/Harmony-Hotel-Spindleruv-Mlyn-Zima.jpg 1620w\" sizes=\"auto, (max-width: 800px) 100vw, 800px\" \/><\/a><\/figure>\n\n\n\n<h3 class=\"wp-block-heading has-text-align-center\"><a href=\"https:\/\/harmonyhotel.cz\/de\/aktivitaten\/winter\/\" data-type=\"page\" data-id=\"776\">Winter<\/a><\/h3>\n<\/div>\n<\/div>\n\n\n\n<div class=\"wp-block-columns is-layout-flex wp-container-core-columns-is-layout-9d6595d7 wp-block-columns-is-layout-flex\">\n<div class=\"wp-block-column is-layout-flow wp-block-column-is-layout-flow\">\n<figure class=\"wp-block-image size-medium\"><a href=\"https:\/\/harmonyhotel.cz\/de\/aktivitaten\/skipasse-und-skigebiet\/\"><img loading=\"lazy\" decoding=\"async\" width=\"800\" height=\"533\" src=\"https:\/\/harmonyhotel.cz\/wp-content\/uploads\/2024\/06\/Harmony-Hotel-Spindleruv-Mlyn-Skipasy-a-skiareal-800x533.jpg\" alt=\"Harmony Hotel \u0160pindler\u016fv Ml\u00fdn - Skip\u00e4sse und Skigebiet\" class=\"wp-image-735\" style=\"aspect-ratio:3\/2;object-fit:cover\" srcset=\"https:\/\/harmonyhotel.cz\/wp-content\/uploads\/2024\/06\/Harmony-Hotel-Spindleruv-Mlyn-Skipasy-a-skiareal-800x533.jpg 800w, https:\/\/harmonyhotel.cz\/wp-content\/uploads\/2024\/06\/Harmony-Hotel-Spindleruv-Mlyn-Skipasy-a-skiareal-1600x1067.jpg 1600w, https:\/\/harmonyhotel.cz\/wp-content\/uploads\/2024\/06\/Harmony-Hotel-Spindleruv-Mlyn-Skipasy-a-skiareal.jpg 1620w\" sizes=\"auto, (max-width: 800px) 100vw, 800px\" \/><\/a><\/figure>\n\n\n\n<h3 class=\"wp-block-heading has-text-align-center\"><a href=\"https:\/\/harmonyhotel.cz\/de\/aktivitaten\/skipasse-und-skigebiet\/\" data-type=\"page\" data-id=\"753\">Skip\u00e4sse und Skigebiet<\/a><\/h3>\n<\/div>\n\n\n\n<div class=\"wp-block-column is-layout-flow wp-block-column-is-layout-flow\">\n<figure class=\"wp-block-image size-medium\"><a href=\"https:\/\/harmonyhotel.cz\/de\/aktivitaten\/verleih-und-lagerung-von-skiern-und-snowboards\/\"><img loading=\"lazy\" decoding=\"async\" width=\"800\" height=\"533\" src=\"https:\/\/harmonyhotel.cz\/wp-content\/uploads\/2024\/06\/Harmony-Hotel-Spindleruv-Mlyn-Pujcovna-a-uschovna-lyzi-a-kol-800x533.jpg\" alt=\"Harmony Hotel \u0160pindler\u016fv Ml\u00fdn - Ski- und Fahrradverleih und -aufbewahrung\" class=\"wp-image-733\" style=\"aspect-ratio:3\/2;object-fit:cover\" srcset=\"https:\/\/harmonyhotel.cz\/wp-content\/uploads\/2024\/06\/Harmony-Hotel-Spindleruv-Mlyn-Pujcovna-a-uschovna-lyzi-a-kol-800x533.jpg 800w, https:\/\/harmonyhotel.cz\/wp-content\/uploads\/2024\/06\/Harmony-Hotel-Spindleruv-Mlyn-Pujcovna-a-uschovna-lyzi-a-kol-1600x1067.jpg 1600w, https:\/\/harmonyhotel.cz\/wp-content\/uploads\/2024\/06\/Harmony-Hotel-Spindleruv-Mlyn-Pujcovna-a-uschovna-lyzi-a-kol.jpg 1620w\" sizes=\"auto, (max-width: 800px) 100vw, 800px\" \/><\/a><\/figure>\n\n\n\n<h3 class=\"wp-block-heading has-text-align-center\"><a href=\"https:\/\/harmonyhotel.cz\/de\/aktivitaten\/verleih-und-lagerung-von-skiern-und-snowboards\/\" data-type=\"page\" data-id=\"757\">Ski- und Snowboardverleih und Aufbewahrung<\/a><\/h3>\n<\/div>\n\n\n\n<div class=\"wp-block-column is-layout-flow wp-block-column-is-layout-flow\"><\/div>\n<\/div>\n\n\n\n<a style=\"text-align:center;display:block;margin-top:50px\" href=\"https:\/\/www.kudyznudy.cz\/?utm_source=kzn&#038;utm_medium=partneri_kzn&#038;utm_campaign=banner\" target=\"_blank\"><img loading=\"lazy\" decoding=\"async\" src=\"https:\/\/www.kudyznudy.cz\/getmedia\/cd140107-4bff-4d75-9402-230031ad6bd2\/1012102023-online-bannery-hq-320x100.jpg.aspx\" width=\"320\"  height=\"100\" alt=\"Kudyznudy.cz \u2013 nejlep\u0161\u00ed za\u010d\u00e1tek v\u00fdletu\"><\/a>\n\n\n\n<p><\/p>","protected":false},"excerpt":{"rendered":"<p>\u0160pindler\u016fv Ml\u00fdn Okol\u00ed L\u00e9to Boulder Kule\u010dn\u00edk\/Stoln\u00ed tenis Bowling a golfov\u00fd simul\u00e1tor Teambuildingov\u00e9 aktivity P\u00e9tanque Fitness centrum Tenis, pickleball a badminton D\u011btsk\u00fd koutek Aktivn\u00ed z\u00f3na pro d\u011bti St\u0159elnice Bunkr expozice Ly\u017ea\u0159sk\u00e1 \u0161kola D\u011btsk\u00fd vlek &amp; Magic carpet Zima Skipasy a skiare\u00e1l P\u016fj\u010dovna a \u00faschovna ly\u017e\u00ed a snowboard\u016f<\/p>","protected":false},"author":1,"featured_media":322,"parent":0,"menu_order":8,"comment_status":"closed","ping_status":"closed","template":"","meta":{"footnotes":""},"class_list":["post-19","page","type-page","status-publish","has-post-thumbnail","hentry"],"_links":{"self":[{"href":"https:\/\/harmonyhotel.cz\/de\/wp-json\/wp\/v2\/pages\/19","targetHints":{"allow":["GET"]}}],"collection":[{"href":"https:\/\/harmonyhotel.cz\/de\/wp-json\/wp\/v2\/pages"}],"about":[{"href":"https:\/\/harmonyhotel.cz\/de\/wp-json\/wp\/v2\/types\/page"}],"author":[{"embeddable":true,"href":"https:\/\/harmonyhotel.cz\/de\/wp-json\/wp\/v2\/users\/1"}],"replies":[{"embeddable":true,"href":"https:\/\/harmonyhotel.cz\/de\/wp-json\/wp\/v2\/comments?post=19"}],"version-history":[{"count":63,"href":"https:\/\/harmonyhotel.cz\/de\/wp-json\/wp\/v2\/pages\/19\/revisions"}],"predecessor-version":[{"id":2454,"href":"https:\/\/harmonyhotel.cz\/de\/wp-json\/wp\/v2\/pages\/19\/revisions\/2454"}],"wp:featuredmedia":[{"embeddable":true,"href":"https:\/\/harmonyhotel.cz\/de\/wp-json\/wp\/v2\/media\/322"}],"wp:attachment":[{"href":"https:\/\/harmonyhotel.cz\/de\/wp-json\/wp\/v2\/media?parent=19"}],"curies":[{"name":"wp","href":"https:\/\/api.w.org\/{rel}","templated":true}]}}