{"id":1659,"date":"2025-06-06T18:18:17","date_gmt":"2025-06-06T16:18:17","guid":{"rendered":"https:\/\/harmonyhotel.cz\/?page_id=1659"},"modified":"2025-11-26T23:18:54","modified_gmt":"2025-11-26T22:18:54","slug":"petanque","status":"publish","type":"page","link":"https:\/\/harmonyhotel.cz\/de\/aktivity\/petanque\/","title":{"rendered":"P\u00e9tanque"},"content":{"rendered":"<h2 class=\"wp-block-heading\">P\u00e9tanque <\/h2>\n\n\n\n<div class=\"wp-block-media-text is-stacked-on-mobile is-image-fill-element\"><figure class=\"wp-block-media-text__media\"><a href=\"https:\/\/harmonyhotel.cz\/wp-content\/uploads\/2025\/06\/3.jpg\"><img loading=\"lazy\" decoding=\"async\" width=\"1600\" height=\"900\" src=\"https:\/\/harmonyhotel.cz\/wp-content\/uploads\/2025\/06\/3-1600x900.jpg\" alt=\"P\u00e9tanque\" class=\"wp-image-1665 size-medium\" style=\"object-position:50% 50%\" srcset=\"https:\/\/harmonyhotel.cz\/wp-content\/uploads\/2025\/06\/3-1600x900.jpg 1600w, https:\/\/harmonyhotel.cz\/wp-content\/uploads\/2025\/06\/3-800x450.jpg 800w, https:\/\/harmonyhotel.cz\/wp-content\/uploads\/2025\/06\/3-18x10.jpg 18w, https:\/\/harmonyhotel.cz\/wp-content\/uploads\/2025\/06\/3.jpg 1920w\" sizes=\"auto, (max-width: 1600px) 100vw, 1600px\" \/><\/a><\/figure><div class=\"wp-block-media-text__content\">\n<p><strong>Ein beliebtes franz\u00f6sisches Spiel f\u00fcr zwei bis sechs Spieler, die in Teams aufgeteilt sind. Ziel ist es, Metallkugeln so nah wie m\u00f6glich an eine kleine Holzkugel \u2013 das sogenannte Cochonnet (auch \u201eSchweinchen\u201c genannt) \u2013 zu werfen.<\/strong><\/p>\n\n\n\n<p>Die Regeln sind einfach, aber durch Taktik und Wurfgenauigkeit wird das Spiel spannend und macht in allen Altersgruppen gro\u00dfen Spa\u00df.<\/p>\n<\/div><\/div>\n\n\n\n<div class=\"wp-block-media-text has-media-on-the-right is-stacked-on-mobile is-image-fill-element\"><div class=\"wp-block-media-text__content\">\n<h2 class=\"wp-block-heading\">Kurze Regeln<\/h2>\n\n\n\n<ul class=\"wp-block-list\">\n<li>Jedes Team hat 6 Kugeln. Ein Kreis wird auf den Boden gezeichnet, in dem der Spieler beim Wurf steht.<\/li>\n\n\n\n<li>Der Spieler wirft das Cochonnet in eine Entfernung von 6 bis 10 Metern und versucht anschlie\u00dfend, seine Kugel so nah wie m\u00f6glich daran zu platzieren.<\/li>\n\n\n\n<li>Das Team, dessen Kugel weiter vom Cochonnet entfernt liegt, ist als N\u00e4chstes an der Reihe und versucht, sich zu n\u00e4hern oder die gegnerische Kugel wegzusto\u00dfen.<\/li>\n\n\n\n<li>Die Runde endet, wenn alle Spieler ihre Kugeln geworfen haben.<\/li>\n\n\n\n<li>Punkte erh\u00e4lt das Team, dessen Kugeln n\u00e4her am Cochonnet liegen.<\/li>\n\n\n\n<li>Das Team, das zuerst 13 Punkte erreicht, gewinnt das Spiel.<\/li>\n<\/ul>\n<\/div><figure class=\"wp-block-media-text__media\"><a href=\"https:\/\/harmonyhotel.cz\/wp-content\/uploads\/2025\/06\/4.jpg\"><img loading=\"lazy\" decoding=\"async\" width=\"800\" height=\"450\" src=\"https:\/\/harmonyhotel.cz\/wp-content\/uploads\/2025\/06\/4-800x450.jpg\" alt=\"P\u00e9tanque\" class=\"wp-image-1661 size-medium\" style=\"object-position:50% 50%\" srcset=\"https:\/\/harmonyhotel.cz\/wp-content\/uploads\/2025\/06\/4-800x450.jpg 800w, https:\/\/harmonyhotel.cz\/wp-content\/uploads\/2025\/06\/4-1600x900.jpg 1600w, https:\/\/harmonyhotel.cz\/wp-content\/uploads\/2025\/06\/4-18x10.jpg 18w, https:\/\/harmonyhotel.cz\/wp-content\/uploads\/2025\/06\/4.jpg 1920w\" sizes=\"auto, (max-width: 800px) 100vw, 800px\" \/><\/a><\/figure><\/div>\n\n\n\n<div class=\"wp-block-media-text is-stacked-on-mobile is-image-fill-element\"><figure class=\"wp-block-media-text__media\"><a href=\"https:\/\/harmonyhotel.cz\/wp-content\/uploads\/2025\/06\/2.jpg\"><img loading=\"lazy\" decoding=\"async\" width=\"800\" height=\"450\" src=\"https:\/\/harmonyhotel.cz\/wp-content\/uploads\/2025\/06\/2-800x450.jpg\" alt=\"P\u00e9tanque\" class=\"wp-image-1677 size-medium\" style=\"object-position:50% 50%\" srcset=\"https:\/\/harmonyhotel.cz\/wp-content\/uploads\/2025\/06\/2-800x450.jpg 800w, https:\/\/harmonyhotel.cz\/wp-content\/uploads\/2025\/06\/2-1600x900.jpg 1600w, https:\/\/harmonyhotel.cz\/wp-content\/uploads\/2025\/06\/2-18x10.jpg 18w, https:\/\/harmonyhotel.cz\/wp-content\/uploads\/2025\/06\/2.jpg 1920w\" sizes=\"auto, (max-width: 800px) 100vw, 800px\" \/><\/a><\/figure><div class=\"wp-block-media-text__content\">\n<p><strong>Sie k\u00f6nnen auf unserem regelm\u00e4\u00dfig gepflegten P\u00e9tanque-Platz spielen, der sich am Hinterausgang zur Skipiste befindet.<\/strong><\/p>\n\n\n\n<p>Ideal f\u00fcr ein Nachmittags-Turnier mit Freunden oder der Familie. Das Spielset stellen wir Ihnen gerne an der Wellness-Rezeption zur Verf\u00fcgung.<\/p>\n<\/div><\/div>\n\n\n\n<p><\/p>","protected":false},"excerpt":{"rendered":"<p>P\u00e9tanque Obl\u00edben\u00e1 francouzsk\u00e1 hra pro dva a\u017e \u0161est hr\u00e1\u010d\u016f rozd\u011blen\u00fdch do t\u00fdm\u016f. C\u00edlem je um\u00edstit kovov\u00e9 koule co nejbl\u00ed\u017ee k mal\u00e9 d\u0159ev\u011bn\u00e9 kuli\u010dce \u2013 tzv. ko\u0161onku (neboli \u201epras\u00e1tku\u201c). Pravidla jsou jednoduch\u00e1, ale d\u00edky taktice a p\u0159esnosti hod\u016f je hra nap\u00ednav\u00e1 a z\u00e1bavn\u00e1 pro v\u0161echny v\u011bkov\u00e9 kategorie. Hr\u00e1t m\u016f\u017eete na na\u0161em pravideln\u011b upravovan\u00e9m h\u0159i\u0161ti, kter\u00e9 se [&hellip;]<\/p>\n","protected":false},"author":3,"featured_media":2222,"parent":19,"menu_order":1,"comment_status":"closed","ping_status":"closed","template":"","meta":{"footnotes":""},"class_list":["post-1659","page","type-page","status-publish","has-post-thumbnail","hentry"],"_links":{"self":[{"href":"https:\/\/harmonyhotel.cz\/de\/wp-json\/wp\/v2\/pages\/1659","targetHints":{"allow":["GET"]}}],"collection":[{"href":"https:\/\/harmonyhotel.cz\/de\/wp-json\/wp\/v2\/pages"}],"about":[{"href":"https:\/\/harmonyhotel.cz\/de\/wp-json\/wp\/v2\/types\/page"}],"author":[{"embeddable":true,"href":"https:\/\/harmonyhotel.cz\/de\/wp-json\/wp\/v2\/users\/3"}],"replies":[{"embeddable":true,"href":"https:\/\/harmonyhotel.cz\/de\/wp-json\/wp\/v2\/comments?post=1659"}],"version-history":[{"count":11,"href":"https:\/\/harmonyhotel.cz\/de\/wp-json\/wp\/v2\/pages\/1659\/revisions"}],"predecessor-version":[{"id":1718,"href":"https:\/\/harmonyhotel.cz\/de\/wp-json\/wp\/v2\/pages\/1659\/revisions\/1718"}],"up":[{"embeddable":true,"href":"https:\/\/harmonyhotel.cz\/de\/wp-json\/wp\/v2\/pages\/19"}],"wp:featuredmedia":[{"embeddable":true,"href":"https:\/\/harmonyhotel.cz\/de\/wp-json\/wp\/v2\/media\/2222"}],"wp:attachment":[{"href":"https:\/\/harmonyhotel.cz\/de\/wp-json\/wp\/v2\/media?parent=1659"}],"curies":[{"name":"wp","href":"https:\/\/api.w.org\/{rel}","templated":true}]}}