{"id":15,"date":"2024-05-29T00:52:10","date_gmt":"2024-05-28T22:52:10","guid":{"rendered":"https:\/\/harmonyhotel.cz\/?page_id=15"},"modified":"2026-04-11T12:31:50","modified_gmt":"2026-04-11T10:31:50","slug":"wellness","status":"publish","type":"page","link":"https:\/\/harmonyhotel.cz\/de\/wellness\/","title":{"rendered":"Wellness"},"content":{"rendered":"<p class=\"has-text-align-center\">Tauchen Sie ein in eine Welt der Entspannung und regenerieren Sie K\u00f6rper und Geist in unserem modernen Wellness-Center und lassen Sie sich von unseren professionellen Therapeuten verw\u00f6hnen. Genie\u00dfen Sie die unendliche Ruhe und den Panoramablick auf die majest\u00e4tischen Gipfel, der Ihre Sinne umschmeicheln wird. W\u00e4hlen Sie aus einer breiten Palette von Wellness-Aktivit\u00e4ten:<\/p>\n\n\n\n<div style=\"height:50px\" aria-hidden=\"true\" class=\"wp-block-spacer\"><\/div>\n\n\n\n<div class=\"wp-block-media-text has-media-on-the-right is-stacked-on-mobile is-image-fill-element\"><div class=\"wp-block-media-text__content\">\n<h2 class=\"wp-block-heading\">Schwimmbad und Whirlpools<\/h2>\n\n\n\n<p class=\"translation-block\">Schwimmen ist zweifelsohne die ges\u00fcndeste Sportart und geh\u00f6rt zu fast jeder Erholungs\u00fcbung zur allgemeinen Entspannung. Das <strong>Edelstahlbecken<\/strong> mit Massageauslauf und Bodenperlen ist <strong>komplett mit Lichteffekten und Unterwasserlautsprecher ausgestattet<\/strong>. Das Becken hat eine Gr\u00f6\u00dfe von 12 x 6 m und eine Wassertemperatur von 28\u00b0C.<\/p>\n\n\n\n<div class=\"wp-block-buttons is-layout-flex wp-block-buttons-is-layout-flex\">\n<div class=\"wp-block-button\"><a class=\"wp-block-button__link wp-element-button\" href=\"https:\/\/harmonyhotel.cz\/de\/wellness\/schwimmbad-und-hydromassage-whirlpools\/\">Schwimmbad und Whirlpools<\/a><\/div>\n<\/div>\n<\/div><figure class=\"wp-block-media-text__media\"><a href=\"https:\/\/harmonyhotel.cz\/wp-content\/uploads\/2025\/07\/2024_12_19_8269_EOS_R5_MK_II_LRNL-scaled.jpg\"><img loading=\"lazy\" decoding=\"async\" width=\"1600\" height=\"1081\" src=\"https:\/\/harmonyhotel.cz\/wp-content\/uploads\/2025\/07\/2024_12_19_8269_EOS_R5_MK_II_LRNL-1600x1081.jpg\" alt=\"\" class=\"wp-image-1887 size-medium\" style=\"object-position:50% 50%\" srcset=\"https:\/\/harmonyhotel.cz\/wp-content\/uploads\/2025\/07\/2024_12_19_8269_EOS_R5_MK_II_LRNL-1600x1081.jpg 1600w, https:\/\/harmonyhotel.cz\/wp-content\/uploads\/2025\/07\/2024_12_19_8269_EOS_R5_MK_II_LRNL-800x541.jpg 800w, https:\/\/harmonyhotel.cz\/wp-content\/uploads\/2025\/07\/2024_12_19_8269_EOS_R5_MK_II_LRNL-18x12.jpg 18w\" sizes=\"auto, (max-width: 1600px) 100vw, 1600px\" \/><\/a><\/figure><\/div>\n\n\n\n<div class=\"wp-block-media-text is-stacked-on-mobile is-image-fill-element\"><figure class=\"wp-block-media-text__media\"><a href=\"https:\/\/harmonyhotel.cz\/wp-content\/uploads\/2025\/07\/2024_06_25_9639_EOS_R5_LRN-scaled.jpg\"><img loading=\"lazy\" decoding=\"async\" width=\"1600\" height=\"1065\" src=\"https:\/\/harmonyhotel.cz\/wp-content\/uploads\/2025\/07\/2024_06_25_9639_EOS_R5_LRN-1600x1065.jpg\" alt=\"\" class=\"wp-image-1889 size-medium\" style=\"object-position:50% 50%\" srcset=\"https:\/\/harmonyhotel.cz\/wp-content\/uploads\/2025\/07\/2024_06_25_9639_EOS_R5_LRN-1600x1065.jpg 1600w, https:\/\/harmonyhotel.cz\/wp-content\/uploads\/2025\/07\/2024_06_25_9639_EOS_R5_LRN-800x532.jpg 800w, https:\/\/harmonyhotel.cz\/wp-content\/uploads\/2025\/07\/2024_06_25_9639_EOS_R5_LRN-18x12.jpg 18w\" sizes=\"auto, (max-width: 1600px) 100vw, 1600px\" \/><\/a><\/figure><div class=\"wp-block-media-text__content\">\n<h2 class=\"wp-block-heading\">Sauna-Welt<\/h2>\n\n\n\n<p>Das Wellness-Zentrum des Harmony Hotels wird auch die anspruchsvollsten Bed\u00fcrfnisse nach Entspannung und Erholung erf\u00fcllen. Das luxuri\u00f6se Design, das Angebot an Saunar\u00e4umen verschiedener Art und der Entspannungsbereich sind ein wesentlicher Bestandteil der neu er\u00f6ffneten Saunawelt, deren Angebot Ihre Erwartungen \u00fcbertreffen wird.<\/p>\n\n\n\n<div class=\"wp-block-buttons is-layout-flex wp-block-buttons-is-layout-flex\">\n<div class=\"wp-block-button\"><a class=\"wp-block-button__link wp-element-button\" href=\"https:\/\/harmonyhotel.cz\/de\/wellness\/saunen-welt\/\">Sauna-Welt<\/a><\/div>\n<\/div>\n<\/div><\/div>\n\n\n\n<div class=\"wp-block-media-text has-media-on-the-right is-stacked-on-mobile is-image-fill-element\"><div class=\"wp-block-media-text__content\">\n<h2 class=\"wp-block-heading\">Aquazone f\u00fcr Kinder<\/h2>\n\n\n\n<p>Ein Kinderplanschbecken f\u00fcr die kleinsten Besucher unseres Hotels ist Teil unseres Wellness-Centers und des Poolbereichs. Es befindet sich auf einer Fl\u00e4che von etwa 60 Quadratmetern. <\/p>\n\n\n\n<div class=\"wp-block-buttons is-layout-flex wp-block-buttons-is-layout-flex\">\n<div class=\"wp-block-button\"><a class=\"wp-block-button__link wp-element-button\" href=\"https:\/\/harmonyhotel.cz\/de\/wellness\/kinder-aqua-zone\/\">Aquazone f\u00fcr Kinder<\/a><\/div>\n<\/div>\n<\/div><figure class=\"wp-block-media-text__media\"><a href=\"https:\/\/harmonyhotel.cz\/wp-content\/uploads\/2024\/06\/Wellness-Spindleruv-Mlyn-Harmony-Hotel-Spindleruv-Mlyn-Babies-Aqua-Zone-1-scaled.jpg\"><img loading=\"lazy\" decoding=\"async\" width=\"800\" height=\"532\" src=\"https:\/\/harmonyhotel.cz\/wp-content\/uploads\/2024\/06\/Wellness-Spindleruv-Mlyn-Harmony-Hotel-Spindleruv-Mlyn-Babies-Aqua-Zone-1-800x532.jpg\" alt=\"Wellness Spindlerm\u00fchle - Harmony Hotel Spindlerm\u00fchle - Aquazone f\u00fcr Babys\" class=\"wp-image-653 size-medium\" style=\"object-position:50% 50%\" srcset=\"https:\/\/harmonyhotel.cz\/wp-content\/uploads\/2024\/06\/Wellness-Spindleruv-Mlyn-Harmony-Hotel-Spindleruv-Mlyn-Babies-Aqua-Zone-1-800x532.jpg 800w, https:\/\/harmonyhotel.cz\/wp-content\/uploads\/2024\/06\/Wellness-Spindleruv-Mlyn-Harmony-Hotel-Spindleruv-Mlyn-Babies-Aqua-Zone-1-1600x1065.jpg 1600w\" sizes=\"auto, (max-width: 800px) 100vw, 800px\" \/><\/a><\/figure><\/div>\n\n\n\n<div class=\"wp-block-media-text is-stacked-on-mobile is-image-fill-element\"><figure class=\"wp-block-media-text__media\"><a href=\"https:\/\/harmonyhotel.cz\/wp-content\/uploads\/2024\/06\/Masaze-Spindleruv-Mlyn-Harmony-Hotel-Spindleruv-Mlyn-1-scaled.jpg\"><img loading=\"lazy\" decoding=\"async\" width=\"800\" height=\"532\" src=\"https:\/\/harmonyhotel.cz\/wp-content\/uploads\/2024\/06\/Masaze-Spindleruv-Mlyn-Harmony-Hotel-Spindleruv-Mlyn-1-800x532.jpg\" alt=\"Massage Spindlerm\u00fchle - Harmony Hotel Spindlerm\u00fchle\" class=\"wp-image-654 size-medium\" style=\"object-position:50% 50%\" srcset=\"https:\/\/harmonyhotel.cz\/wp-content\/uploads\/2024\/06\/Masaze-Spindleruv-Mlyn-Harmony-Hotel-Spindleruv-Mlyn-1-800x532.jpg 800w, https:\/\/harmonyhotel.cz\/wp-content\/uploads\/2024\/06\/Masaze-Spindleruv-Mlyn-Harmony-Hotel-Spindleruv-Mlyn-1-1600x1065.jpg 1600w\" sizes=\"auto, (max-width: 800px) 100vw, 800px\" \/><\/a><\/figure><div class=\"wp-block-media-text__content\">\n<h2 class=\"wp-block-heading\">Massage und Entspannung<\/h2>\n\n\n\n<p>Neben gesunder Ern\u00e4hrung sind Sport und Entspannung, Wellness, ein wesentlicher Bestandteil eines gesunden Lebensstils. Zu den Wellness- und Entspannungstherapien geh\u00f6ren Massagen, von denen wir ein breites Angebot f\u00fcr Sie vorbereitet haben. Sie k\u00f6nnen spezielle Entspannungsmassagen oder klassische Sportmassagen genie\u00dfen, und das alles in der sch\u00f6nen Umgebung der neu errichteten Saunawelt und ihrem Entspannungsbereich.<\/p>\n\n\n\n<div class=\"wp-block-buttons is-layout-flex wp-block-buttons-is-layout-flex\">\n<div class=\"wp-block-button\"><a class=\"wp-block-button__link wp-element-button\" href=\"https:\/\/harmonyhotel.cz\/de\/wellness\/massage-und-entspannung\/\">Massage und Entspannung<\/a><\/div>\n<\/div>\n<\/div><\/div>\n\n\n\n<div class=\"wp-block-media-text has-media-on-the-right is-stacked-on-mobile is-image-fill-element\"><div class=\"wp-block-media-text__content\">\n<h2 class=\"wp-block-heading\">Kontakte und \u00d6ffnungszeiten<\/h2>\n\n\n\n<p>+420 499 469 113<br>+420 499 469 111<br>wellness@harmonyhotel.cz<\/p>\n\n\n\n<p class=\"has-text-align-left\">\u00d6ffnungszeiten: <br><strong>Montag - Sonntag<\/strong><br> <strong>07:00 &#8211; 11:30 | 14:00 &#8211; 22:00<\/strong><\/p>\n<\/div><figure class=\"wp-block-media-text__media\"><a href=\"https:\/\/harmonyhotel.cz\/wp-content\/uploads\/2025\/07\/2024_06_25_9634_EOS_R5_LRN-1-scaled.jpg\"><img loading=\"lazy\" decoding=\"async\" width=\"1600\" height=\"1071\" src=\"https:\/\/harmonyhotel.cz\/wp-content\/uploads\/2025\/07\/2024_06_25_9634_EOS_R5_LRN-1-1600x1071.jpg\" alt=\"\" class=\"wp-image-1890 size-medium\" style=\"object-position:50% 50%\" srcset=\"https:\/\/harmonyhotel.cz\/wp-content\/uploads\/2025\/07\/2024_06_25_9634_EOS_R5_LRN-1-1600x1071.jpg 1600w, https:\/\/harmonyhotel.cz\/wp-content\/uploads\/2025\/07\/2024_06_25_9634_EOS_R5_LRN-1-800x535.jpg 800w, https:\/\/harmonyhotel.cz\/wp-content\/uploads\/2025\/07\/2024_06_25_9634_EOS_R5_LRN-1-18x12.jpg 18w\" sizes=\"auto, (max-width: 1600px) 100vw, 1600px\" \/><\/a><\/figure><\/div>\n\n\n\n<div class=\"wp-block-media-text is-stacked-on-mobile is-image-fill-element\"><figure class=\"wp-block-media-text__media\"><a href=\"https:\/\/harmonyhotel.cz\/wp-content\/uploads\/2025\/07\/2024_06_25_9699_EOS_R5_LRN-scaled.jpg\"><img loading=\"lazy\" decoding=\"async\" width=\"1600\" height=\"1042\" src=\"https:\/\/harmonyhotel.cz\/wp-content\/uploads\/2025\/07\/2024_06_25_9699_EOS_R5_LRN-1600x1042.jpg\" alt=\"\" class=\"wp-image-1891 size-medium\" style=\"object-position:50% 50%\" srcset=\"https:\/\/harmonyhotel.cz\/wp-content\/uploads\/2025\/07\/2024_06_25_9699_EOS_R5_LRN-1600x1042.jpg 1600w, https:\/\/harmonyhotel.cz\/wp-content\/uploads\/2025\/07\/2024_06_25_9699_EOS_R5_LRN-800x521.jpg 800w, https:\/\/harmonyhotel.cz\/wp-content\/uploads\/2025\/07\/2024_06_25_9699_EOS_R5_LRN-18x12.jpg 18w\" sizes=\"auto, (max-width: 1600px) 100vw, 1600px\" \/><\/a><\/figure><div class=\"wp-block-media-text__content\">\n<h2 class=\"wp-block-heading\">Die Preisliste<\/h2>\n\n\n\n<h3 class=\"wp-block-heading\">Aquazone (Schwimmbecken und Kinderplanschbecken)<\/h3>\n\n\n\n<p><strong><strong>07:00 &#8211; 11:30 | 14:00 &#8211; 22:00<\/strong><\/strong><\/p>\n\n\n\n<ul class=\"wp-block-list\">\n<li><strong>Kinder unter 5,99 Jahren haben freien Eintritt<\/strong><\/li>\n\n\n\n<li><strong>von 6 bis 11,99 Jahre 100 CZK\/Person - 120 Minuten<\/strong><\/li>\n\n\n\n<li><strong>ab 12 Jahren 200 CZK\/Person - 120 Minuten<\/strong><\/li>\n<\/ul>\n\n\n\n<p><strong>Eintritt f\u00fcr die \u00d6ffentlichkeit: 350 CZK\/Person (einschlie\u00dflich Kinder ab 6 Jahren) \u2013 120 Minuten<\/strong><\/p>\n\n\n\n<p>Kinder unter 5,99 Jahren frei<\/p>\n\n\n\n<h3 class=\"wp-block-heading\">Aquazone + Sauna-Welt<\/h3>\n\n\n\n<p><strong>16:00 \u2013 22:00<\/strong><br><strong>450 CZK\/Person \u2013 120 Minuten<\/strong><\/p>\n\n\n\n<p><strong>Eintritt f\u00fcr die \u00d6ffentlichkeit: 550 CZK\/Person \u2013 120 Minuten.<\/strong><\/p>\n\n\n\n<ul class=\"wp-block-list\">\n<li>Kinder unter 5,99 Jahren frei<\/li>\n\n\n\n<li>In der Zeit <strong>19.00 \u2013 22.00<\/strong> Kindern ist der Zutritt zur Saunawelt nicht gestattet<\/li>\n<\/ul>\n<\/div><\/div>\n\n\n\n<hr class=\"wp-block-separator has-alpha-channel-opacity\"\/>\n\n\n\n<figure class=\"wp-block-gallery has-nested-images columns-4 is-cropped wp-block-gallery-1 is-layout-flex wp-block-gallery-is-layout-flex\">\n<figure class=\"wp-block-image size-medium\"><a href=\"https:\/\/harmonyhotel.cz\/wp-content\/uploads\/2024\/06\/Wellness-Spindleruv-Mlyn-Harmony-Hotel-Spindleruv-Mlyn-Bazen-2-scaled.jpg\"><img loading=\"lazy\" decoding=\"async\" width=\"800\" height=\"536\" data-id=\"677\" src=\"https:\/\/harmonyhotel.cz\/wp-content\/uploads\/2024\/06\/Wellness-Spindleruv-Mlyn-Harmony-Hotel-Spindleruv-Mlyn-Bazen-2-800x536.jpg\" alt=\"Wellness Spindlerm\u00fchle - Harmony Hotel Spindlerm\u00fchle - Schwimmbad\" class=\"wp-image-677\" srcset=\"https:\/\/harmonyhotel.cz\/wp-content\/uploads\/2024\/06\/Wellness-Spindleruv-Mlyn-Harmony-Hotel-Spindleruv-Mlyn-Bazen-2-800x536.jpg 800w, https:\/\/harmonyhotel.cz\/wp-content\/uploads\/2024\/06\/Wellness-Spindleruv-Mlyn-Harmony-Hotel-Spindleruv-Mlyn-Bazen-2-1600x1071.jpg 1600w\" sizes=\"auto, (max-width: 800px) 100vw, 800px\" \/><\/a><\/figure>\n\n\n\n<figure class=\"wp-block-image size-medium\"><a href=\"https:\/\/harmonyhotel.cz\/wp-content\/uploads\/2024\/06\/Wellness-Spindleruv-Mlyn-Harmony-Hotel-Spindleruv-Mlyn-Wellness-4-scaled.jpg\"><img loading=\"lazy\" decoding=\"async\" width=\"800\" height=\"532\" data-id=\"678\" src=\"https:\/\/harmonyhotel.cz\/wp-content\/uploads\/2024\/06\/Wellness-Spindleruv-Mlyn-Harmony-Hotel-Spindleruv-Mlyn-Wellness-4-800x532.jpg\" alt=\"Wellness Spindlerm\u00fchle - Harmony Hotel Spindlerm\u00fchle - Wellness\" class=\"wp-image-678\" srcset=\"https:\/\/harmonyhotel.cz\/wp-content\/uploads\/2024\/06\/Wellness-Spindleruv-Mlyn-Harmony-Hotel-Spindleruv-Mlyn-Wellness-4-800x532.jpg 800w, https:\/\/harmonyhotel.cz\/wp-content\/uploads\/2024\/06\/Wellness-Spindleruv-Mlyn-Harmony-Hotel-Spindleruv-Mlyn-Wellness-4-1600x1065.jpg 1600w\" sizes=\"auto, (max-width: 800px) 100vw, 800px\" \/><\/a><\/figure>\n\n\n\n<figure class=\"wp-block-image size-medium\"><a href=\"https:\/\/harmonyhotel.cz\/wp-content\/uploads\/2024\/06\/Wellness-Spindleruv-Mlyn-Harmony-Hotel-Spindleruv-Mlyn-Babies-Aqua-Zone-3-scaled.jpg\"><img loading=\"lazy\" decoding=\"async\" width=\"532\" height=\"800\" data-id=\"693\" src=\"https:\/\/harmonyhotel.cz\/wp-content\/uploads\/2024\/06\/Wellness-Spindleruv-Mlyn-Harmony-Hotel-Spindleruv-Mlyn-Babies-Aqua-Zone-3-532x800.jpg\" alt=\"Wellness Spindlerm\u00fchle - Harmony Hotel Spindlerm\u00fchle - Aquazone f\u00fcr Babys\" class=\"wp-image-693\" srcset=\"https:\/\/harmonyhotel.cz\/wp-content\/uploads\/2024\/06\/Wellness-Spindleruv-Mlyn-Harmony-Hotel-Spindleruv-Mlyn-Babies-Aqua-Zone-3-532x800.jpg 532w, https:\/\/harmonyhotel.cz\/wp-content\/uploads\/2024\/06\/Wellness-Spindleruv-Mlyn-Harmony-Hotel-Spindleruv-Mlyn-Babies-Aqua-Zone-3-1065x1600.jpg 1065w, https:\/\/harmonyhotel.cz\/wp-content\/uploads\/2024\/06\/Wellness-Spindleruv-Mlyn-Harmony-Hotel-Spindleruv-Mlyn-Babies-Aqua-Zone-3-scaled.jpg 1703w\" sizes=\"auto, (max-width: 532px) 100vw, 532px\" \/><\/a><\/figure>\n\n\n\n<figure class=\"wp-block-image size-medium\"><a href=\"https:\/\/harmonyhotel.cz\/wp-content\/uploads\/2024\/06\/Wellness-Spindleruv-Mlyn-Harmony-Hotel-Spindleruv-Mlyn-Babies-Aqua-Zone-2-scaled.jpg\"><img loading=\"lazy\" decoding=\"async\" width=\"800\" height=\"532\" data-id=\"694\" src=\"https:\/\/harmonyhotel.cz\/wp-content\/uploads\/2024\/06\/Wellness-Spindleruv-Mlyn-Harmony-Hotel-Spindleruv-Mlyn-Babies-Aqua-Zone-2-800x532.jpg\" alt=\"Wellness Spindlerm\u00fchle - Harmony Hotel Spindlerm\u00fchle - Aquazone f\u00fcr Babys\" class=\"wp-image-694\" srcset=\"https:\/\/harmonyhotel.cz\/wp-content\/uploads\/2024\/06\/Wellness-Spindleruv-Mlyn-Harmony-Hotel-Spindleruv-Mlyn-Babies-Aqua-Zone-2-800x532.jpg 800w, https:\/\/harmonyhotel.cz\/wp-content\/uploads\/2024\/06\/Wellness-Spindleruv-Mlyn-Harmony-Hotel-Spindleruv-Mlyn-Babies-Aqua-Zone-2-1600x1065.jpg 1600w\" sizes=\"auto, (max-width: 800px) 100vw, 800px\" \/><\/a><\/figure>\n\n\n\n<figure class=\"wp-block-image size-medium\"><a href=\"https:\/\/harmonyhotel.cz\/wp-content\/uploads\/2025\/07\/2024_06_25_9647_EOS_R5_LRN-scaled.jpg\"><img loading=\"lazy\" decoding=\"async\" width=\"800\" height=\"529\" data-id=\"1893\" src=\"https:\/\/harmonyhotel.cz\/wp-content\/uploads\/2025\/07\/2024_06_25_9647_EOS_R5_LRN-800x529.jpg\" alt=\"\" class=\"wp-image-1893\" srcset=\"https:\/\/harmonyhotel.cz\/wp-content\/uploads\/2025\/07\/2024_06_25_9647_EOS_R5_LRN-800x529.jpg 800w, https:\/\/harmonyhotel.cz\/wp-content\/uploads\/2025\/07\/2024_06_25_9647_EOS_R5_LRN-1600x1058.jpg 1600w, https:\/\/harmonyhotel.cz\/wp-content\/uploads\/2025\/07\/2024_06_25_9647_EOS_R5_LRN-18x12.jpg 18w\" sizes=\"auto, (max-width: 800px) 100vw, 800px\" \/><\/a><\/figure>\n\n\n\n<figure class=\"wp-block-image size-medium\"><a href=\"https:\/\/harmonyhotel.cz\/wp-content\/uploads\/2024\/06\/Wellness-Spindleruv-Mlyn-Harmony-Hotel-Spindleruv-Mlyn-Sauna-6-scaled.jpg\"><img loading=\"lazy\" decoding=\"async\" width=\"800\" height=\"533\" data-id=\"683\" src=\"https:\/\/harmonyhotel.cz\/wp-content\/uploads\/2024\/06\/Wellness-Spindleruv-Mlyn-Harmony-Hotel-Spindleruv-Mlyn-Sauna-6-800x533.jpg\" alt=\"Wellness Spindlerm\u00fchle - Harmony Hotel Spindlerm\u00fchle - Sauna\" class=\"wp-image-683\" srcset=\"https:\/\/harmonyhotel.cz\/wp-content\/uploads\/2024\/06\/Wellness-Spindleruv-Mlyn-Harmony-Hotel-Spindleruv-Mlyn-Sauna-6-800x533.jpg 800w, https:\/\/harmonyhotel.cz\/wp-content\/uploads\/2024\/06\/Wellness-Spindleruv-Mlyn-Harmony-Hotel-Spindleruv-Mlyn-Sauna-6-1600x1066.jpg 1600w\" sizes=\"auto, (max-width: 800px) 100vw, 800px\" \/><\/a><\/figure>\n\n\n\n<figure class=\"wp-block-image size-medium\"><a href=\"https:\/\/harmonyhotel.cz\/wp-content\/uploads\/2025\/07\/2024_06_25_9654_EOS_R5_LRN-scaled.jpg\"><img loading=\"lazy\" decoding=\"async\" width=\"800\" height=\"527\" data-id=\"1892\" src=\"https:\/\/harmonyhotel.cz\/wp-content\/uploads\/2025\/07\/2024_06_25_9654_EOS_R5_LRN-800x527.jpg\" alt=\"\" class=\"wp-image-1892\" srcset=\"https:\/\/harmonyhotel.cz\/wp-content\/uploads\/2025\/07\/2024_06_25_9654_EOS_R5_LRN-800x527.jpg 800w, https:\/\/harmonyhotel.cz\/wp-content\/uploads\/2025\/07\/2024_06_25_9654_EOS_R5_LRN-1600x1055.jpg 1600w, https:\/\/harmonyhotel.cz\/wp-content\/uploads\/2025\/07\/2024_06_25_9654_EOS_R5_LRN-18x12.jpg 18w\" sizes=\"auto, (max-width: 800px) 100vw, 800px\" \/><\/a><\/figure>\n\n\n\n<figure class=\"wp-block-image size-medium\"><a href=\"https:\/\/harmonyhotel.cz\/wp-content\/uploads\/2024\/06\/Masaze-Spindleruv-Mlyn-Harmony-Hotel-Spindleruv-Mlyn-Masaz-lavovymi-kameny-scaled.jpg\"><img loading=\"lazy\" decoding=\"async\" width=\"800\" height=\"532\" data-id=\"700\" src=\"https:\/\/harmonyhotel.cz\/wp-content\/uploads\/2024\/06\/Masaze-Spindleruv-Mlyn-Harmony-Hotel-Spindleruv-Mlyn-Masaz-lavovymi-kameny-800x532.jpg\" alt=\"Massage Spindlerm\u00fchle - Harmony Hotel Spindlerm\u00fchle - Massage mit Lavasteinen\" class=\"wp-image-700\" srcset=\"https:\/\/harmonyhotel.cz\/wp-content\/uploads\/2024\/06\/Masaze-Spindleruv-Mlyn-Harmony-Hotel-Spindleruv-Mlyn-Masaz-lavovymi-kameny-800x532.jpg 800w, https:\/\/harmonyhotel.cz\/wp-content\/uploads\/2024\/06\/Masaze-Spindleruv-Mlyn-Harmony-Hotel-Spindleruv-Mlyn-Masaz-lavovymi-kameny-1600x1065.jpg 1600w\" sizes=\"auto, (max-width: 800px) 100vw, 800px\" \/><\/a><\/figure>\n<\/figure>","protected":false},"excerpt":{"rendered":"<p>Pono\u0159te se do sv\u011bta odpo\u010dinku a zregenerujte t\u011blo i ducha v na\u0161em modern\u00edm wellness a nechte se h\u00fd\u010dkat na\u0161imi profesion\u00e1ln\u00edmi terapeuty. U\u017eijte si nekone\u010dn\u00fd klid a panoramatick\u00e9 v\u00fdhledy na majest\u00e1tn\u00ed vrcholy, kter\u00e9 pohlad\u00ed va\u0161e smysly. Vyberte si ze \u0161irok\u00e9 \u0161k\u00e1ly wellness aktivit: Kontakty a otev\u00edrac\u00ed doba +420 499 469 113+420 499 469 111wellness@harmonyhotel.cz Otev\u00edrac\u00ed doba: [&hellip;]<\/p>\n","protected":false},"author":1,"featured_media":310,"parent":0,"menu_order":6,"comment_status":"closed","ping_status":"closed","template":"","meta":{"footnotes":""},"class_list":["post-15","page","type-page","status-publish","has-post-thumbnail","hentry"],"_links":{"self":[{"href":"https:\/\/harmonyhotel.cz\/de\/wp-json\/wp\/v2\/pages\/15","targetHints":{"allow":["GET"]}}],"collection":[{"href":"https:\/\/harmonyhotel.cz\/de\/wp-json\/wp\/v2\/pages"}],"about":[{"href":"https:\/\/harmonyhotel.cz\/de\/wp-json\/wp\/v2\/types\/page"}],"author":[{"embeddable":true,"href":"https:\/\/harmonyhotel.cz\/de\/wp-json\/wp\/v2\/users\/1"}],"replies":[{"embeddable":true,"href":"https:\/\/harmonyhotel.cz\/de\/wp-json\/wp\/v2\/comments?post=15"}],"version-history":[{"count":20,"href":"https:\/\/harmonyhotel.cz\/de\/wp-json\/wp\/v2\/pages\/15\/revisions"}],"predecessor-version":[{"id":2449,"href":"https:\/\/harmonyhotel.cz\/de\/wp-json\/wp\/v2\/pages\/15\/revisions\/2449"}],"wp:featuredmedia":[{"embeddable":true,"href":"https:\/\/harmonyhotel.cz\/de\/wp-json\/wp\/v2\/media\/310"}],"wp:attachment":[{"href":"https:\/\/harmonyhotel.cz\/de\/wp-json\/wp\/v2\/media?parent=15"}],"curies":[{"name":"wp","href":"https:\/\/api.w.org\/{rel}","templated":true}]}}