{"id":1373,"date":"2024-12-16T22:52:42","date_gmt":"2024-12-16T21:52:42","guid":{"rendered":"https:\/\/harmonyhotel.cz\/?page_id=1373"},"modified":"2026-02-01T23:49:36","modified_gmt":"2026-02-01T22:49:36","slug":"ski-award","status":"publish","type":"page","link":"https:\/\/harmonyhotel.cz\/de\/hotel\/ski-award\/","title":{"rendered":"Ski Award"},"content":{"rendered":"<p class=\"translation-block\">Das Hotel Harmony ist stolz auf die Auszeichnung als bestes Skihotel in Tschechien, die wir bei den renommierten World Ski Awards wiederholt erhalten haben \u2013 und zwar in den Jahren 2015, 2018, 2020, 2021, 2022, 2023, 2024 und 2025. Diese Anerkennung ist nicht nur ein Beweis f\u00fcr unseren hohen Servicestandard, sondern auch eine Best\u00e4tigung unserer idealen Lage und der erstklassigen Ausstattung f\u00fcr Skifahrer und Bergliebhaber.<\/p>\n\n\n\n<p class=\"translation-block\">Die <strong>World Ski Awards<\/strong> sind der prestigetr\u00e4chtigste Wettbewerb im Skitourismus und zeichnen j\u00e4hrlich die besten Hotels und Dienstleister weltweit aus. Die Abstimmung erfolgt durch Branchenexperten und die breite \u00d6ffentlichkeit, was dieser Auszeichnung ein besonderes Prestige verleiht.<\/p>\n\n\n\n<p class=\"translation-block\"><strong>Der Gewinn<\/strong>\u00a0in diesem Wettbewerb spiegelt unser Engagement f\u00fcr Qualit\u00e4t, Komfort und die einzigartigen Erlebnisse wider, die wir unseren G\u00e4sten bieten. Von tollen Unterk\u00fcnften \u00fcber Top-Gastronomie und Wellness-Entspannung bis hin zu hervorragenden Wintersportbedingungen \u2013 das <strong>Hotel Harmony<\/strong> ist die ideale Wahl f\u00fcr alle, die den perfekten Winterurlaub suchen.<\/p>\n\n\n\n<p class=\"translation-block\">Kommen Sie zu uns und erleben Sie, warum wir immer wieder als <strong>Bestes Skihotel in der Tschechischen Republik<\/strong> ausgezeichnet werden. Ihr perfekter Winterurlaub beginnt genau hier!<\/p>\n\n\n\n<p>Das Hotel Harmony gewann die prestigetr\u00e4chtige Auszeichnung aus folgenden Gr\u00fcnden:<\/p>\n\n\n\n<ol start=\"1\" class=\"wp-block-list\">\n<li class=\"translation-block\"><strong>Au\u00dfergew\u00f6hnliche Lage<\/strong>: In unmittelbarer N\u00e4he der besten Pisten gelegen, mit direktem Pistenzugang.<\/li>\n\n\n\n<li class=\"translation-block\"><strong>High-End-Einrichtungen<\/strong>: Ein modernes Wellnesscenter, das nach einem anstrengenden Tag auf der Piste Entspannung bietet, und erstklassige Skiausr\u00fcstung steht den G\u00e4sten zur Verf\u00fcgung.<\/li>\n\n\n\n<li class=\"translation-block\"><strong>Moderne Unterkunft<\/strong>: Stilvolle Zimmer und Suiten mit Blick auf schneebedeckte Gipfel, bei deren Gestaltung Wert auf Komfort gelegt wurde.<\/li>\n\n\n\n<li class=\"translation-block\"><strong>Gastronomische Erlebnisse<\/strong>: Restaurants mit moderner K\u00fcche und Spezialit\u00e4ten, die lokale Zutaten mit internationalen Trends kombinieren.<\/li>\n\n\n\n<li class=\"translation-block\"><strong>Exzellenter Kundenservice<\/strong>: Ein professionelles Team, das sich mit gr\u00f6\u00dfter Sorgfalt und Aufmerksamkeit um alle W\u00fcnsche der G\u00e4ste k\u00fcmmert.<\/li>\n\n\n\n<li class=\"translation-block\"><strong>Tradition und Ruf<\/strong>: Langj\u00e4hrige Erfahrung in der Bereitstellung von Top-Dienstleistungen f\u00fcr anspruchsvolle Skifahrer und Bergliebhaber.<\/li>\n<\/ol>\n\n\n\n<p><\/p>\n\n\n\n<p>\u00a0<\/p>\n\n\n<div class=\"wp-block-image\">\n<figure class=\"aligncenter size-medium is-resized\"><img loading=\"lazy\" decoding=\"async\" width=\"740\" height=\"800\" src=\"https:\/\/harmonyhotel.cz\/wp-content\/uploads\/2025\/11\/czech-republics-best-ski-hotel-2025-winner-shield-gold-740x800.png\" alt=\"czech-republics-best-ski-hotel-2025-winner-shield-gold\" class=\"wp-image-2162\" style=\"width:300px\" srcset=\"https:\/\/harmonyhotel.cz\/wp-content\/uploads\/2025\/11\/czech-republics-best-ski-hotel-2025-winner-shield-gold-740x800.png 740w, https:\/\/harmonyhotel.cz\/wp-content\/uploads\/2025\/11\/czech-republics-best-ski-hotel-2025-winner-shield-gold-1479x1600.png 1479w, https:\/\/harmonyhotel.cz\/wp-content\/uploads\/2025\/11\/czech-republics-best-ski-hotel-2025-winner-shield-gold-11x12.png 11w, https:\/\/harmonyhotel.cz\/wp-content\/uploads\/2025\/11\/czech-republics-best-ski-hotel-2025-winner-shield-gold.png 1960w\" sizes=\"auto, (max-width: 740px) 100vw, 740px\" \/><\/figure>\n<\/div>\n\n\n<div style=\"height:100px\" aria-hidden=\"true\" class=\"wp-block-spacer\"><\/div>\n\n\n\n<p><\/p>","protected":false},"excerpt":{"rendered":"<p>Hotel Harmony&nbsp;se py\u0161n\u00ed ocen\u011bn\u00edm&nbsp;Best Ski Hotel in the Czech Republic, kter\u00e9 jsme opakovan\u011b z\u00edskali v r\u00e1mci presti\u017en\u00edch&nbsp;World Ski Awards&nbsp;\u2013 konkr\u00e9tn\u011b v letech 2015, 2018, 2020, 2021, 2022, 2023, 2024 a 2025. Toto uzn\u00e1n\u00ed je nejen d\u016fkazem na\u0161\u00ed vysok\u00e9 \u00farovn\u011b slu\u017eeb, ale tak\u00e9 potvrzen\u00edm na\u0161\u00ed ide\u00e1ln\u00ed polohy a kvalitn\u00edho z\u00e1zem\u00ed pro ly\u017ea\u0159e i milovn\u00edky hor. World [&hellip;]<\/p>\n","protected":false},"author":1,"featured_media":2164,"parent":7,"menu_order":18,"comment_status":"closed","ping_status":"closed","template":"","meta":{"footnotes":""},"class_list":["post-1373","page","type-page","status-publish","has-post-thumbnail","hentry"],"_links":{"self":[{"href":"https:\/\/harmonyhotel.cz\/de\/wp-json\/wp\/v2\/pages\/1373","targetHints":{"allow":["GET"]}}],"collection":[{"href":"https:\/\/harmonyhotel.cz\/de\/wp-json\/wp\/v2\/pages"}],"about":[{"href":"https:\/\/harmonyhotel.cz\/de\/wp-json\/wp\/v2\/types\/page"}],"author":[{"embeddable":true,"href":"https:\/\/harmonyhotel.cz\/de\/wp-json\/wp\/v2\/users\/1"}],"replies":[{"embeddable":true,"href":"https:\/\/harmonyhotel.cz\/de\/wp-json\/wp\/v2\/comments?post=1373"}],"version-history":[{"count":22,"href":"https:\/\/harmonyhotel.cz\/de\/wp-json\/wp\/v2\/pages\/1373\/revisions"}],"predecessor-version":[{"id":2315,"href":"https:\/\/harmonyhotel.cz\/de\/wp-json\/wp\/v2\/pages\/1373\/revisions\/2315"}],"up":[{"embeddable":true,"href":"https:\/\/harmonyhotel.cz\/de\/wp-json\/wp\/v2\/pages\/7"}],"wp:featuredmedia":[{"embeddable":true,"href":"https:\/\/harmonyhotel.cz\/de\/wp-json\/wp\/v2\/media\/2164"}],"wp:attachment":[{"href":"https:\/\/harmonyhotel.cz\/de\/wp-json\/wp\/v2\/media?parent=1373"}],"curies":[{"name":"wp","href":"https:\/\/api.w.org\/{rel}","templated":true}]}}