{"id":136,"date":"2024-06-07T00:05:26","date_gmt":"2024-06-06T22:05:26","guid":{"rendered":"https:\/\/harmonyhotel.cz\/?page_id=136"},"modified":"2026-01-05T16:22:02","modified_gmt":"2026-01-05T15:22:02","slug":"familienzimmer-mit-verbindungstur","status":"publish","type":"page","link":"https:\/\/harmonyhotel.cz\/de\/pokoje\/rodinny-propojeny-pokoj\/","title":{"rendered":"Familienzimmer mit Verbindungst\u00fcr"},"content":{"rendered":"<p>Die Familienzimmer mit Verbindungst\u00fcr bestehen aus zwei Zimmern mit Verbindungst\u00fcr und einem Badezimmer mit Toilette in jedem Zimmer. Dieses Zimmer ist f\u00fcr bis zu sechs Personen (4 Erwachsene und 2 Kinder) geeignet. Die Familienzimmer mit Verbindungst\u00fcr sind mit zwei Doppelbetten und zwei bequemen Sofabetten ausgestattet. Es gibt auch einen Tisch und St\u00fchle in jedem Zimmer. Das Zimmer verf\u00fcgt \u00fcber TV\/SAT, Radio, Telefon und Safe. Alle Zimmer sind mit einer Minibar ausgestattet. Der Internetzugang ist von jedem Zimmer aus kostenlos m\u00f6glich. Die Gesamtgr\u00f6\u00dfe der Zimmer betr\u00e4gt 44 m2.<\/p>\n\n\n\n<ul class=\"wp-block-list vybaveni\">\n<li>44 m2<\/li>\n\n\n\n<li>Minibar<\/li>\n\n\n\n<li>Sicher<\/li>\n\n\n\n<li>TV SAT 2x<\/li>\n\n\n\n<li>Telefon 2x<\/li>\n\n\n\n<li>Bergblick<\/li>\n\n\n\n<li>Badezimmer mit Badewanne oder Dusche<\/li>\n\n\n\n<li>Wifi<\/li>\n\n\n\n<li>Fr\u00fchst\u00fcck<\/li>\n\n\n\n<li>M\u00f6glichkeit eines Zusatzbettes<\/li>\n<\/ul>\n\n\n\n<div class=\"wp-block-buttons is-layout-flex wp-block-buttons-is-layout-flex\">\n<div class=\"wp-block-button btnalt rezervovat\"><a class=\"wp-block-button__link wp-element-button\" href=\"https:\/\/hotelharmony.book-onlinenow.net\/index.aspx?lan_id=de-DE&amp;cur=EUR\" target=\"_blank\" rel=\"noreferrer noopener\">Buch<\/a><\/div>\n<\/div>\n\n\n\n<div style=\"height:50px\" aria-hidden=\"true\" class=\"wp-block-spacer\"><\/div>\n\n\n\n<figure class=\"wp-block-gallery has-nested-images columns-4 is-cropped wp-block-gallery-1 is-layout-flex wp-block-gallery-is-layout-flex\">\n<figure class=\"wp-block-image size-medium\"><a href=\"https:\/\/harmonyhotel.cz\/wp-content\/uploads\/2025\/07\/2024_12_19_8347_EOS_R5_MK_II_LRNP_AI_ret-scaled.jpg\"><img loading=\"lazy\" decoding=\"async\" width=\"800\" height=\"488\" data-id=\"1917\" src=\"https:\/\/harmonyhotel.cz\/wp-content\/uploads\/2025\/07\/2024_12_19_8347_EOS_R5_MK_II_LRNP_AI_ret-800x488.jpg\" alt=\"\" class=\"wp-image-1917\" srcset=\"https:\/\/harmonyhotel.cz\/wp-content\/uploads\/2025\/07\/2024_12_19_8347_EOS_R5_MK_II_LRNP_AI_ret-800x488.jpg 800w, https:\/\/harmonyhotel.cz\/wp-content\/uploads\/2025\/07\/2024_12_19_8347_EOS_R5_MK_II_LRNP_AI_ret-1600x975.jpg 1600w, https:\/\/harmonyhotel.cz\/wp-content\/uploads\/2025\/07\/2024_12_19_8347_EOS_R5_MK_II_LRNP_AI_ret-18x12.jpg 18w\" sizes=\"auto, (max-width: 800px) 100vw, 800px\" \/><\/a><\/figure>\n\n\n\n<figure class=\"wp-block-image size-medium\"><a href=\"https:\/\/harmonyhotel.cz\/wp-content\/uploads\/2025\/07\/2024_06_24_9342_EOS_R5_LRN_dvere-scaled.jpg\"><img loading=\"lazy\" decoding=\"async\" width=\"800\" height=\"531\" data-id=\"1919\" src=\"https:\/\/harmonyhotel.cz\/wp-content\/uploads\/2025\/07\/2024_06_24_9342_EOS_R5_LRN_dvere-800x531.jpg\" alt=\"\" class=\"wp-image-1919\" srcset=\"https:\/\/harmonyhotel.cz\/wp-content\/uploads\/2025\/07\/2024_06_24_9342_EOS_R5_LRN_dvere-800x531.jpg 800w, https:\/\/harmonyhotel.cz\/wp-content\/uploads\/2025\/07\/2024_06_24_9342_EOS_R5_LRN_dvere-1600x1063.jpg 1600w, https:\/\/harmonyhotel.cz\/wp-content\/uploads\/2025\/07\/2024_06_24_9342_EOS_R5_LRN_dvere-18x12.jpg 18w\" sizes=\"auto, (max-width: 800px) 100vw, 800px\" \/><\/a><\/figure>\n\n\n\n<figure class=\"wp-block-image size-medium\"><a href=\"https:\/\/harmonyhotel.cz\/wp-content\/uploads\/2025\/07\/2024_06_24_9342_EOS_R5_LRN-scaled.jpg\"><img loading=\"lazy\" decoding=\"async\" width=\"800\" height=\"531\" data-id=\"1920\" src=\"https:\/\/harmonyhotel.cz\/wp-content\/uploads\/2025\/07\/2024_06_24_9342_EOS_R5_LRN-800x531.jpg\" alt=\"\" class=\"wp-image-1920\" srcset=\"https:\/\/harmonyhotel.cz\/wp-content\/uploads\/2025\/07\/2024_06_24_9342_EOS_R5_LRN-800x531.jpg 800w, https:\/\/harmonyhotel.cz\/wp-content\/uploads\/2025\/07\/2024_06_24_9342_EOS_R5_LRN-1600x1063.jpg 1600w, https:\/\/harmonyhotel.cz\/wp-content\/uploads\/2025\/07\/2024_06_24_9342_EOS_R5_LRN-18x12.jpg 18w\" sizes=\"auto, (max-width: 800px) 100vw, 800px\" \/><\/a><\/figure>\n\n\n\n<figure class=\"wp-block-image size-medium\"><a href=\"https:\/\/harmonyhotel.cz\/wp-content\/uploads\/2024\/06\/Harmony-Hotel-Spindleruv-Mlyn-Dvouluzkovy-pokoj-typu-Comfort-s-manzelskou-posteli-1-scaled.jpg\"><img loading=\"lazy\" decoding=\"async\" width=\"800\" height=\"536\" data-id=\"180\" src=\"https:\/\/harmonyhotel.cz\/wp-content\/uploads\/2024\/06\/Harmony-Hotel-Spindleruv-Mlyn-Dvouluzkovy-pokoj-typu-Comfort-s-manzelskou-posteli-1-800x536.jpg\" alt=\"Hotel Spindlerm\u00fchle - Komfort-Doppelzimmer mit Doppelbett\" class=\"wp-image-180\" srcset=\"https:\/\/harmonyhotel.cz\/wp-content\/uploads\/2024\/06\/Harmony-Hotel-Spindleruv-Mlyn-Dvouluzkovy-pokoj-typu-Comfort-s-manzelskou-posteli-1-800x536.jpg 800w, https:\/\/harmonyhotel.cz\/wp-content\/uploads\/2024\/06\/Harmony-Hotel-Spindleruv-Mlyn-Dvouluzkovy-pokoj-typu-Comfort-s-manzelskou-posteli-1-1600x1071.jpg 1600w\" sizes=\"auto, (max-width: 800px) 100vw, 800px\" \/><\/a><\/figure>\n\n\n\n<figure class=\"wp-block-image size-medium\"><a href=\"https:\/\/harmonyhotel.cz\/wp-content\/uploads\/2024\/06\/Harmony-Hotel-Spindleruv-Mlyn-Dvouluzkovy-pokoj-typu-Comfort-s-manzelskou-posteli-6-scaled.jpg\"><img loading=\"lazy\" decoding=\"async\" width=\"800\" height=\"536\" data-id=\"185\" src=\"https:\/\/harmonyhotel.cz\/wp-content\/uploads\/2024\/06\/Harmony-Hotel-Spindleruv-Mlyn-Dvouluzkovy-pokoj-typu-Comfort-s-manzelskou-posteli-6-800x536.jpg\" alt=\"Hotel Spindlerm\u00fchle - Komfort-Doppelzimmer mit Doppelbett\" class=\"wp-image-185\" srcset=\"https:\/\/harmonyhotel.cz\/wp-content\/uploads\/2024\/06\/Harmony-Hotel-Spindleruv-Mlyn-Dvouluzkovy-pokoj-typu-Comfort-s-manzelskou-posteli-6-800x536.jpg 800w, https:\/\/harmonyhotel.cz\/wp-content\/uploads\/2024\/06\/Harmony-Hotel-Spindleruv-Mlyn-Dvouluzkovy-pokoj-typu-Comfort-s-manzelskou-posteli-6-1600x1071.jpg 1600w\" sizes=\"auto, (max-width: 800px) 100vw, 800px\" \/><\/a><\/figure>\n\n\n\n<figure class=\"wp-block-image size-medium\"><a href=\"https:\/\/harmonyhotel.cz\/wp-content\/uploads\/2024\/06\/Harmony-Hotel-Spindleruv-Mlyn-Dvouluzkovy-pokoj-Superior-s-manzelskou-posteli-03.jpg\"><img loading=\"lazy\" decoding=\"async\" width=\"800\" height=\"563\" data-id=\"330\" src=\"https:\/\/harmonyhotel.cz\/wp-content\/uploads\/2024\/06\/Harmony-Hotel-Spindleruv-Mlyn-Dvouluzkovy-pokoj-Superior-s-manzelskou-posteli-03-800x563.jpg\" alt=\"Hotel Spindlerm\u00fchle - Superior-Doppelzimmer mit Blick auf die Piste\" class=\"wp-image-330\" srcset=\"https:\/\/harmonyhotel.cz\/wp-content\/uploads\/2024\/06\/Harmony-Hotel-Spindleruv-Mlyn-Dvouluzkovy-pokoj-Superior-s-manzelskou-posteli-03-800x563.jpg 800w, https:\/\/harmonyhotel.cz\/wp-content\/uploads\/2024\/06\/Harmony-Hotel-Spindleruv-Mlyn-Dvouluzkovy-pokoj-Superior-s-manzelskou-posteli-03-1600x1126.jpg 1600w, https:\/\/harmonyhotel.cz\/wp-content\/uploads\/2024\/06\/Harmony-Hotel-Spindleruv-Mlyn-Dvouluzkovy-pokoj-Superior-s-manzelskou-posteli-03.jpg 1920w\" sizes=\"auto, (max-width: 800px) 100vw, 800px\" \/><\/a><\/figure>\n\n\n\n<figure class=\"wp-block-image size-medium\"><a href=\"https:\/\/harmonyhotel.cz\/wp-content\/uploads\/2024\/06\/Harmony-Hotel-Spindleruv-Mlyn-Dvouluzkovy-pokoj-Superior-s-manzelskou-posteli-04.jpg\"><img loading=\"lazy\" decoding=\"async\" width=\"800\" height=\"542\" data-id=\"331\" src=\"https:\/\/harmonyhotel.cz\/wp-content\/uploads\/2024\/06\/Harmony-Hotel-Spindleruv-Mlyn-Dvouluzkovy-pokoj-Superior-s-manzelskou-posteli-04-800x542.jpg\" alt=\"Hotel Spindlerm\u00fchle - Superior-Doppelzimmer mit Blick auf die Piste\" class=\"wp-image-331\" srcset=\"https:\/\/harmonyhotel.cz\/wp-content\/uploads\/2024\/06\/Harmony-Hotel-Spindleruv-Mlyn-Dvouluzkovy-pokoj-Superior-s-manzelskou-posteli-04-800x542.jpg 800w, https:\/\/harmonyhotel.cz\/wp-content\/uploads\/2024\/06\/Harmony-Hotel-Spindleruv-Mlyn-Dvouluzkovy-pokoj-Superior-s-manzelskou-posteli-04-1600x1083.jpg 1600w, https:\/\/harmonyhotel.cz\/wp-content\/uploads\/2024\/06\/Harmony-Hotel-Spindleruv-Mlyn-Dvouluzkovy-pokoj-Superior-s-manzelskou-posteli-04.jpg 1920w\" sizes=\"auto, (max-width: 800px) 100vw, 800px\" \/><\/a><\/figure>\n<\/figure>","protected":false},"excerpt":{"rendered":"<p>Propojen\u00e9 rodinn\u00e9 pokoje se skl\u00e1daj\u00ed ze dvou propojen\u00fdch pokoj\u016f s jednou koupelnou s WC na ka\u017ed\u00e9m pokoji. Tento pokoj je vhodn\u00fd a\u017e pro \u0161est host\u016f (4 dosp\u011bl\u00e9 a 2 d\u011bti). Rodinn\u00e9 propojen\u00e9 pokoje jsou vybaveny dv\u011bma man\u017eelsk\u00fdmi postelemi a dv\u011bma pohodln\u00fdmi rozkl\u00e1dac\u00edmi pohovkami. V ka\u017ed\u00e9m pokoji je tak\u00e9 st\u016fl a \u017eidle. Na pokoji je TV\/SAT, [&hellip;]<\/p>\n","protected":false},"author":1,"featured_media":1917,"parent":9,"menu_order":22,"comment_status":"closed","ping_status":"closed","template":"","meta":{"footnotes":""},"class_list":["post-136","page","type-page","status-publish","has-post-thumbnail","hentry"],"_links":{"self":[{"href":"https:\/\/harmonyhotel.cz\/de\/wp-json\/wp\/v2\/pages\/136","targetHints":{"allow":["GET"]}}],"collection":[{"href":"https:\/\/harmonyhotel.cz\/de\/wp-json\/wp\/v2\/pages"}],"about":[{"href":"https:\/\/harmonyhotel.cz\/de\/wp-json\/wp\/v2\/types\/page"}],"author":[{"embeddable":true,"href":"https:\/\/harmonyhotel.cz\/de\/wp-json\/wp\/v2\/users\/1"}],"replies":[{"embeddable":true,"href":"https:\/\/harmonyhotel.cz\/de\/wp-json\/wp\/v2\/comments?post=136"}],"version-history":[{"count":2,"href":"https:\/\/harmonyhotel.cz\/de\/wp-json\/wp\/v2\/pages\/136\/revisions"}],"predecessor-version":[{"id":2251,"href":"https:\/\/harmonyhotel.cz\/de\/wp-json\/wp\/v2\/pages\/136\/revisions\/2251"}],"up":[{"embeddable":true,"href":"https:\/\/harmonyhotel.cz\/de\/wp-json\/wp\/v2\/pages\/9"}],"wp:featuredmedia":[{"embeddable":true,"href":"https:\/\/harmonyhotel.cz\/de\/wp-json\/wp\/v2\/media\/1917"}],"wp:attachment":[{"href":"https:\/\/harmonyhotel.cz\/de\/wp-json\/wp\/v2\/media?parent=136"}],"curies":[{"name":"wp","href":"https:\/\/api.w.org\/{rel}","templated":true}]}}