{"id":132,"date":"2024-06-07T00:04:33","date_gmt":"2024-06-06T22:04:33","guid":{"rendered":"https:\/\/harmonyhotel.cz\/?page_id=132"},"modified":"2026-01-05T16:17:24","modified_gmt":"2026-01-05T15:17:24","slug":"superior-doppelzimmer-mit-blick-auf-die-piste-2","status":"publish","type":"page","link":"https:\/\/harmonyhotel.cz\/de\/pokoje\/dvouluzkovy-pokoj-superior-s-manzelskou-posteli-a-vyhledem-na-sjezdovku\/","title":{"rendered":"Superior-Doppelzimmer mit Blick auf die Piste"},"content":{"rendered":"<p>Komfortables Zimmer f\u00fcr zwei Personen von 22 m2 mit einem sch\u00f6nen Blick auf die Skipiste ist mit einem Doppelbett und einem Schlafsofa ausgestattet. Das Badezimmer hat eine Badewanne oder Dusche. Das Zimmer ist mit einem Tisch und einem Stuhl ausgestattet. Das Zimmer verf\u00fcgt \u00fcber TV\/SAT, Radio, Telefon und Safe. Alle Zimmer sind mit einer Minibar ausgestattet. Internetzugang ist von jedem Zimmer aus m\u00f6glich.<\/p>\n\n\n\n<ul class=\"wp-block-list vybaveni\">\n<li>22 m2<\/li>\n\n\n\n<li>Blick auf die Skipiste<\/li>\n\n\n\n<li>Sofa<\/li>\n\n\n\n<li>Minibar<\/li>\n\n\n\n<li>Sicher<\/li>\n\n\n\n<li>TV SAT \/Telefon<\/li>\n\n\n\n<li>Dusche oder Bad<\/li>\n\n\n\n<li>Balkonfenster<\/li>\n\n\n\n<li>Bergblick<\/li>\n\n\n\n<li>Free Wifi<\/li>\n\n\n\n<li>Fr\u00fchst\u00fcck<\/li>\n\n\n\n<li>M\u00f6glichkeit eines Zusatzbettes<\/li>\n<\/ul>\n\n\n\n<div class=\"wp-block-buttons is-layout-flex wp-block-buttons-is-layout-flex\">\n<div class=\"wp-block-button btnalt rezervovat\"><a class=\"wp-block-button__link wp-element-button\" href=\"https:\/\/hotelharmony.book-onlinenow.net\/index.aspx?lan_id=de-DE&amp;cur=EUR\" target=\"_blank\" rel=\"noreferrer noopener\">Buch<\/a><\/div>\n<\/div>\n\n\n\n<div style=\"height:50px\" aria-hidden=\"true\" class=\"wp-block-spacer\"><\/div>\n\n\n\n<figure class=\"wp-block-gallery has-nested-images columns-4 is-cropped wp-block-gallery-1 is-layout-flex wp-block-gallery-is-layout-flex\">\n<figure class=\"wp-block-image size-large\"><a href=\"https:\/\/harmonyhotel.cz\/wp-content\/uploads\/2025\/06\/Harmony-Hotel-Spindleruv-Mlyn-Rodinny-pokoj-deleny-03-scaled.webp\"><img loading=\"lazy\" decoding=\"async\" width=\"1600\" height=\"1056\" data-id=\"1639\" src=\"https:\/\/harmonyhotel.cz\/wp-content\/uploads\/2025\/06\/Harmony-Hotel-Spindleruv-Mlyn-Rodinny-pokoj-deleny-03-1600x1056.webp\" alt=\"Harmony Hotel \u0160pindler\u016fv Ml\u00fdn - Rodinn\u00fd pokoj d\u011blen\u00fd 03\" class=\"wp-image-1639\" srcset=\"https:\/\/harmonyhotel.cz\/wp-content\/uploads\/2025\/06\/Harmony-Hotel-Spindleruv-Mlyn-Rodinny-pokoj-deleny-03-1600x1056.webp 1600w, https:\/\/harmonyhotel.cz\/wp-content\/uploads\/2025\/06\/Harmony-Hotel-Spindleruv-Mlyn-Rodinny-pokoj-deleny-03-800x528.webp 800w, https:\/\/harmonyhotel.cz\/wp-content\/uploads\/2025\/06\/Harmony-Hotel-Spindleruv-Mlyn-Rodinny-pokoj-deleny-03-18x12.webp 18w\" sizes=\"auto, (max-width: 1600px) 100vw, 1600px\" \/><\/a><\/figure>\n\n\n\n<figure class=\"wp-block-image size-large\"><a href=\"https:\/\/harmonyhotel.cz\/wp-content\/uploads\/2025\/07\/2024_06_25_9842_EOS_R5_LRN-scaled.jpg\"><img loading=\"lazy\" decoding=\"async\" width=\"1600\" height=\"1080\" data-id=\"1912\" src=\"https:\/\/harmonyhotel.cz\/wp-content\/uploads\/2025\/07\/2024_06_25_9842_EOS_R5_LRN-1600x1080.jpg\" alt=\"\" class=\"wp-image-1912\" srcset=\"https:\/\/harmonyhotel.cz\/wp-content\/uploads\/2025\/07\/2024_06_25_9842_EOS_R5_LRN-1600x1080.jpg 1600w, https:\/\/harmonyhotel.cz\/wp-content\/uploads\/2025\/07\/2024_06_25_9842_EOS_R5_LRN-800x540.jpg 800w, https:\/\/harmonyhotel.cz\/wp-content\/uploads\/2025\/07\/2024_06_25_9842_EOS_R5_LRN-18x12.jpg 18w\" sizes=\"auto, (max-width: 1600px) 100vw, 1600px\" \/><\/a><\/figure>\n\n\n\n<figure class=\"wp-block-image size-large\"><a href=\"https:\/\/harmonyhotel.cz\/wp-content\/uploads\/2024\/06\/Harmony-Hotel-Spindleruv-Mlyn-Dvouluzkovy-pokoj-typu-Comfort-s-manzelskou-posteli-3-scaled.jpg\"><img loading=\"lazy\" decoding=\"async\" width=\"1600\" height=\"1071\" data-id=\"182\" src=\"https:\/\/harmonyhotel.cz\/wp-content\/uploads\/2024\/06\/Harmony-Hotel-Spindleruv-Mlyn-Dvouluzkovy-pokoj-typu-Comfort-s-manzelskou-posteli-3-1600x1071.jpg\" alt=\"Hotel Spindlerm\u00fchle - Komfort-Doppelzimmer mit Doppelbett\" class=\"wp-image-182\" srcset=\"https:\/\/harmonyhotel.cz\/wp-content\/uploads\/2024\/06\/Harmony-Hotel-Spindleruv-Mlyn-Dvouluzkovy-pokoj-typu-Comfort-s-manzelskou-posteli-3-1600x1071.jpg 1600w, https:\/\/harmonyhotel.cz\/wp-content\/uploads\/2024\/06\/Harmony-Hotel-Spindleruv-Mlyn-Dvouluzkovy-pokoj-typu-Comfort-s-manzelskou-posteli-3-800x536.jpg 800w\" sizes=\"auto, (max-width: 1600px) 100vw, 1600px\" \/><\/a><\/figure>\n\n\n\n<figure class=\"wp-block-image size-large\"><a href=\"https:\/\/harmonyhotel.cz\/wp-content\/uploads\/2024\/06\/Harmony-Hotel-Spindleruv-Mlyn-Dvouluzkovy-pokoj-Superior-s-manzelskou-posteli-02.jpg\"><img loading=\"lazy\" decoding=\"async\" width=\"1600\" height=\"1113\" data-id=\"329\" src=\"https:\/\/harmonyhotel.cz\/wp-content\/uploads\/2024\/06\/Harmony-Hotel-Spindleruv-Mlyn-Dvouluzkovy-pokoj-Superior-s-manzelskou-posteli-02-1600x1113.jpg\" alt=\"Hotel Spindlerm\u00fchle - Superior-Doppelzimmer mit Blick auf die Piste\" class=\"wp-image-329\" srcset=\"https:\/\/harmonyhotel.cz\/wp-content\/uploads\/2024\/06\/Harmony-Hotel-Spindleruv-Mlyn-Dvouluzkovy-pokoj-Superior-s-manzelskou-posteli-02-1600x1113.jpg 1600w, https:\/\/harmonyhotel.cz\/wp-content\/uploads\/2024\/06\/Harmony-Hotel-Spindleruv-Mlyn-Dvouluzkovy-pokoj-Superior-s-manzelskou-posteli-02-800x557.jpg 800w, https:\/\/harmonyhotel.cz\/wp-content\/uploads\/2024\/06\/Harmony-Hotel-Spindleruv-Mlyn-Dvouluzkovy-pokoj-Superior-s-manzelskou-posteli-02.jpg 1920w\" sizes=\"auto, (max-width: 1600px) 100vw, 1600px\" \/><\/a><\/figure>\n\n\n\n<figure class=\"wp-block-image size-large\"><a href=\"https:\/\/harmonyhotel.cz\/wp-content\/uploads\/2024\/06\/Harmony-Hotel-Spindleruv-Mlyn-Dvouluzkovy-pokoj-Superior-s-manzelskou-posteli-01-scaled.jpg\"><img loading=\"lazy\" decoding=\"async\" width=\"1600\" height=\"1065\" data-id=\"328\" src=\"https:\/\/harmonyhotel.cz\/wp-content\/uploads\/2024\/06\/Harmony-Hotel-Spindleruv-Mlyn-Dvouluzkovy-pokoj-Superior-s-manzelskou-posteli-01-1600x1065.jpg\" alt=\"Hotel Spindlerm\u00fchle - Superior-Doppelzimmer mit Blick auf die Piste\" class=\"wp-image-328\" srcset=\"https:\/\/harmonyhotel.cz\/wp-content\/uploads\/2024\/06\/Harmony-Hotel-Spindleruv-Mlyn-Dvouluzkovy-pokoj-Superior-s-manzelskou-posteli-01-1600x1065.jpg 1600w, https:\/\/harmonyhotel.cz\/wp-content\/uploads\/2024\/06\/Harmony-Hotel-Spindleruv-Mlyn-Dvouluzkovy-pokoj-Superior-s-manzelskou-posteli-01-800x532.jpg 800w\" sizes=\"auto, (max-width: 1600px) 100vw, 1600px\" \/><\/a><\/figure>\n\n\n\n<figure class=\"wp-block-image size-large\"><a href=\"https:\/\/harmonyhotel.cz\/wp-content\/uploads\/2024\/06\/Harmony-Hotel-Spindleruv-Mlyn-Dvouluzkovy-pokoj-typu-Comfort-s-manzelskou-posteli-6-scaled.jpg\"><img loading=\"lazy\" decoding=\"async\" width=\"1600\" height=\"1071\" data-id=\"185\" src=\"https:\/\/harmonyhotel.cz\/wp-content\/uploads\/2024\/06\/Harmony-Hotel-Spindleruv-Mlyn-Dvouluzkovy-pokoj-typu-Comfort-s-manzelskou-posteli-6-1600x1071.jpg\" alt=\"Hotel Spindlerm\u00fchle - Komfort-Doppelzimmer mit Doppelbett\" class=\"wp-image-185\" srcset=\"https:\/\/harmonyhotel.cz\/wp-content\/uploads\/2024\/06\/Harmony-Hotel-Spindleruv-Mlyn-Dvouluzkovy-pokoj-typu-Comfort-s-manzelskou-posteli-6-1600x1071.jpg 1600w, https:\/\/harmonyhotel.cz\/wp-content\/uploads\/2024\/06\/Harmony-Hotel-Spindleruv-Mlyn-Dvouluzkovy-pokoj-typu-Comfort-s-manzelskou-posteli-6-800x536.jpg 800w\" sizes=\"auto, (max-width: 1600px) 100vw, 1600px\" \/><\/a><\/figure>\n\n\n\n<figure class=\"wp-block-image size-large\"><a href=\"https:\/\/harmonyhotel.cz\/wp-content\/uploads\/2024\/06\/Harmony-Hotel-Spindleruv-Mlyn-Dvouluzkovy-pokoj-Superior-s-manzelskou-posteli-03.jpg\"><img loading=\"lazy\" decoding=\"async\" width=\"1600\" height=\"1126\" data-id=\"330\" src=\"https:\/\/harmonyhotel.cz\/wp-content\/uploads\/2024\/06\/Harmony-Hotel-Spindleruv-Mlyn-Dvouluzkovy-pokoj-Superior-s-manzelskou-posteli-03-1600x1126.jpg\" alt=\"Hotel Spindlerm\u00fchle - Superior-Doppelzimmer mit Blick auf die Piste\" class=\"wp-image-330\" srcset=\"https:\/\/harmonyhotel.cz\/wp-content\/uploads\/2024\/06\/Harmony-Hotel-Spindleruv-Mlyn-Dvouluzkovy-pokoj-Superior-s-manzelskou-posteli-03-1600x1126.jpg 1600w, https:\/\/harmonyhotel.cz\/wp-content\/uploads\/2024\/06\/Harmony-Hotel-Spindleruv-Mlyn-Dvouluzkovy-pokoj-Superior-s-manzelskou-posteli-03-800x563.jpg 800w, https:\/\/harmonyhotel.cz\/wp-content\/uploads\/2024\/06\/Harmony-Hotel-Spindleruv-Mlyn-Dvouluzkovy-pokoj-Superior-s-manzelskou-posteli-03.jpg 1920w\" sizes=\"auto, (max-width: 1600px) 100vw, 1600px\" \/><\/a><\/figure>\n\n\n\n<figure class=\"wp-block-image size-large\"><a href=\"https:\/\/harmonyhotel.cz\/wp-content\/uploads\/2024\/06\/Harmony-Hotel-Spindleruv-Mlyn-Dvouluzkovy-pokoj-Superior-s-manzelskou-posteli-04.jpg\"><img loading=\"lazy\" decoding=\"async\" width=\"1600\" height=\"1083\" data-id=\"331\" src=\"https:\/\/harmonyhotel.cz\/wp-content\/uploads\/2024\/06\/Harmony-Hotel-Spindleruv-Mlyn-Dvouluzkovy-pokoj-Superior-s-manzelskou-posteli-04-1600x1083.jpg\" alt=\"Hotel Spindlerm\u00fchle - Superior-Doppelzimmer mit Blick auf die Piste\" class=\"wp-image-331\" srcset=\"https:\/\/harmonyhotel.cz\/wp-content\/uploads\/2024\/06\/Harmony-Hotel-Spindleruv-Mlyn-Dvouluzkovy-pokoj-Superior-s-manzelskou-posteli-04-1600x1083.jpg 1600w, https:\/\/harmonyhotel.cz\/wp-content\/uploads\/2024\/06\/Harmony-Hotel-Spindleruv-Mlyn-Dvouluzkovy-pokoj-Superior-s-manzelskou-posteli-04-800x542.jpg 800w, https:\/\/harmonyhotel.cz\/wp-content\/uploads\/2024\/06\/Harmony-Hotel-Spindleruv-Mlyn-Dvouluzkovy-pokoj-Superior-s-manzelskou-posteli-04.jpg 1920w\" sizes=\"auto, (max-width: 1600px) 100vw, 1600px\" \/><\/a><\/figure>\n<\/figure>\n\n\n\n<p><\/p>","protected":false},"excerpt":{"rendered":"<p>Komfortables Zimmer f\u00fcr zwei Personen von 22 m2 mit einem sch\u00f6nen Blick auf die Skipiste ist mit einem Doppelbett und einem Schlafsofa ausgestattet. Das Badezimmer hat eine Badewanne oder Dusche. Das Zimmer ist mit einem Tisch und einem Stuhl ausgestattet. Das Zimmer verf\u00fcgt \u00fcber TV\/SAT, Radio, Telefon und Safe. Alle Zimmer sind mit einer Minibar ausgestattet. Internetzugang ist von jedem Zimmer aus m\u00f6glich.<\/p>","protected":false},"author":1,"featured_media":328,"parent":9,"menu_order":20,"comment_status":"closed","ping_status":"closed","template":"","meta":{"footnotes":""},"class_list":["post-132","page","type-page","status-publish","has-post-thumbnail","hentry"],"_links":{"self":[{"href":"https:\/\/harmonyhotel.cz\/de\/wp-json\/wp\/v2\/pages\/132","targetHints":{"allow":["GET"]}}],"collection":[{"href":"https:\/\/harmonyhotel.cz\/de\/wp-json\/wp\/v2\/pages"}],"about":[{"href":"https:\/\/harmonyhotel.cz\/de\/wp-json\/wp\/v2\/types\/page"}],"author":[{"embeddable":true,"href":"https:\/\/harmonyhotel.cz\/de\/wp-json\/wp\/v2\/users\/1"}],"replies":[{"embeddable":true,"href":"https:\/\/harmonyhotel.cz\/de\/wp-json\/wp\/v2\/comments?post=132"}],"version-history":[{"count":4,"href":"https:\/\/harmonyhotel.cz\/de\/wp-json\/wp\/v2\/pages\/132\/revisions"}],"predecessor-version":[{"id":2246,"href":"https:\/\/harmonyhotel.cz\/de\/wp-json\/wp\/v2\/pages\/132\/revisions\/2246"}],"up":[{"embeddable":true,"href":"https:\/\/harmonyhotel.cz\/de\/wp-json\/wp\/v2\/pages\/9"}],"wp:featuredmedia":[{"embeddable":true,"href":"https:\/\/harmonyhotel.cz\/de\/wp-json\/wp\/v2\/media\/328"}],"wp:attachment":[{"href":"https:\/\/harmonyhotel.cz\/de\/wp-json\/wp\/v2\/media?parent=132"}],"curies":[{"name":"wp","href":"https:\/\/api.w.org\/{rel}","templated":true}]}}