{"id":1271,"date":"2024-09-09T22:11:15","date_gmt":"2024-09-09T20:11:15","guid":{"rendered":"https:\/\/harmonyhotel.cz\/?page_id=1271"},"modified":"2025-01-12T19:58:24","modified_gmt":"2025-01-12T18:58:24","slug":"paket-mit-eintritt-ins-wellnesscenter-und-halbpension-fur-7-nachte","status":"publish","type":"page","link":"https:\/\/harmonyhotel.cz\/de\/specialni-nabidky\/balicek-se-vstupem-do-wellness-a-polopenzi-na-7-noci\/","title":{"rendered":"Paket mit Eintritt ins Wellnesscenter und Halbpension f\u00fcr 7 N\u00e4chte"},"content":{"rendered":"<p>M\u00f6chten Sie ein Winterm\u00e4rchen im Herzen des Riesengebirges genie\u00dfen? Halten Sie inne, um zu atmen und finden Sie Ihre eigene Harmonie. Buchen Sie Ihren Aufenthalt im Harmony Hotel direkt an der Skipiste.<\/p>\n\n\n\n<p><strong>Paket mit Eintritt ins Wellnesscenter und Halbpension f\u00fcr 7 N\u00e4chte<\/strong><\/p>\n\n\n\n<p>&nbsp;<\/p>\n\n\n\n<h2 class=\"wp-block-heading\">Das Paket beinhaltet<\/h2>\n\n\n\n<ul class=\"wp-block-list\">\n<li>\u00dcbernachten Sie f\u00fcr 7 N\u00e4chte in einem komfortablen Zimmer<\/li>\n\n\n\n<li>Fr\u00fchst\u00fccksbuffet<\/li>\n\n\n\n<li>Abendbuffet<\/li>\n\n\n\n<li>1x Eintritt in den Wellnessbereich (<strong>Schwimmbad und Kinderplanschbecken<\/strong>) von 7:00 bis 22:00 Uhr) f\u00fcr 120 Minuten t\u00e4glich\u00a0<\/li>\n<\/ul>\n\n\n\n<p>und alle anfallenden Steuern. <em>und alle anfallenden Steuern.<\/em><\/p>\n\n\n\n<div class=\"wp-block-buttons is-layout-flex wp-block-buttons-is-layout-flex\">\n<div class=\"wp-block-button btnalt\"><a class=\"wp-block-button__link wp-element-button\" href=\"https:\/\/hotelharmony.book-onlinenow.net\/index.aspx?page=26\" target=\"_blank\" rel=\"noopener\">Buch<\/a><\/div>\n<\/div>\n\n\n\n<p>&nbsp;<\/p>\n\n\n\n<h3 class=\"wp-block-heading\">Zahlungsbedingungen<\/h3>\n\n\n\n<ul class=\"wp-block-list\">\n<li><strong>Anzahlung von 50 %&nbsp;<\/strong>Zum Zeitpunkt der Buchung wird Ihre Debit-\/Kreditkarte mit einer&nbsp;<strong>s mo\u017enost\u00ed vr\u00e1cen\u00ed cel\u00e9 \u010d\u00e1stky v p\u0159\u00edpad\u011b zru\u0161en\u00ed&nbsp;30 nebo v\u00edce dn\u00ed p\u0159ed p\u0159\u00edjezdem. <\/strong><\/li>\n\n\n\n<li><strong>Wenn die Reservierung 29 Tage oder weniger vor dem Ankunftsdatum storniert wird, ist die Reservierung nicht erstattungsf\u00e4hig.<\/strong><\/li>\n<\/ul>","protected":false},"excerpt":{"rendered":"<p>Chcete si u\u017e\u00edt zimn\u00ed poh\u00e1dku v sam\u00e9m srdci Krkono\u0161? Zastavte se nadechnout a najd\u011bte svou vlastn\u00ed harmonii. Rezervujte si pobyt ve ski-in ski-out Hotelu Harmony. Bal\u00ed\u010dek se vstupem do wellness a polopenz\u00ed na 7 noc\u00ed &nbsp; Bal\u00ed\u010dek obsahuje a v\u0161echny p\u0159\u00edslu\u0161n\u00e9 dan\u011b. M\u011bstsk\u00e1 da\u0148 ve v\u00fd\u0161i 40 CZK na osobu a noc nen\u00ed v cen\u011b. [&hellip;]<\/p>\n","protected":false},"author":1,"featured_media":1272,"parent":21,"menu_order":0,"comment_status":"closed","ping_status":"closed","template":"","meta":{"footnotes":""},"class_list":["post-1271","page","type-page","status-publish","has-post-thumbnail","hentry"],"_links":{"self":[{"href":"https:\/\/harmonyhotel.cz\/de\/wp-json\/wp\/v2\/pages\/1271","targetHints":{"allow":["GET"]}}],"collection":[{"href":"https:\/\/harmonyhotel.cz\/de\/wp-json\/wp\/v2\/pages"}],"about":[{"href":"https:\/\/harmonyhotel.cz\/de\/wp-json\/wp\/v2\/types\/page"}],"author":[{"embeddable":true,"href":"https:\/\/harmonyhotel.cz\/de\/wp-json\/wp\/v2\/users\/1"}],"replies":[{"embeddable":true,"href":"https:\/\/harmonyhotel.cz\/de\/wp-json\/wp\/v2\/comments?post=1271"}],"version-history":[{"count":7,"href":"https:\/\/harmonyhotel.cz\/de\/wp-json\/wp\/v2\/pages\/1271\/revisions"}],"predecessor-version":[{"id":1417,"href":"https:\/\/harmonyhotel.cz\/de\/wp-json\/wp\/v2\/pages\/1271\/revisions\/1417"}],"up":[{"embeddable":true,"href":"https:\/\/harmonyhotel.cz\/de\/wp-json\/wp\/v2\/pages\/21"}],"wp:featuredmedia":[{"embeddable":true,"href":"https:\/\/harmonyhotel.cz\/de\/wp-json\/wp\/v2\/media\/1272"}],"wp:attachment":[{"href":"https:\/\/harmonyhotel.cz\/de\/wp-json\/wp\/v2\/media?parent=1271"}],"curies":[{"name":"wp","href":"https:\/\/api.w.org\/{rel}","templated":true}]}}