{"id":1261,"date":"2024-09-03T22:50:26","date_gmt":"2024-09-03T20:50:26","guid":{"rendered":"https:\/\/harmonyhotel.cz\/?page_id=1261"},"modified":"2025-11-06T22:11:43","modified_gmt":"2025-11-06T21:11:43","slug":"balicek-s-wellness-a-polopenzi","status":"publish","type":"page","link":"https:\/\/harmonyhotel.cz\/de\/specialni-nabidky\/balicek-s-wellness-a-polopenzi\/","title":{"rendered":"Paket mit Wellness und Halbpension"},"content":{"rendered":"<p>M\u00f6chten Sie die nat\u00fcrliche Sch\u00f6nheit des Riesengebirges genie\u00dfen? Halten Sie inne, um zu atmen und finden Sie Ihre eigene Harmonie. Buchen Sie mindestens eine Nacht im Harmony Hotel mit Ski-in-Ski-out-Zugang.&nbsp;<\/p>\n\n\n\n<h2 class=\"wp-block-heading\">Das Paket beinhaltet<\/h2>\n\n\n\n<ul class=\"wp-block-list\">\n<li>in einem komfortablen Zimmer \u00fcbernachten<\/li>\n\n\n\n<li>Fr\u00fchst\u00fccksbuffet<\/li>\n\n\n\n<li>Abendbuffet<\/li>\n\n\n\n<li>1x Eintritt in den Wellnessbereich (<strong>Schwimmbad und Kinderplanschbecken<\/strong>) von 7:00 bis 11:30 Uhr, erneut von 14:00 bis 22:00 Uhr)) f\u00fcr 120 Minuten t\u00e4glich&nbsp;<\/li>\n<\/ul>\n\n\n\n<p><em>Die Tourismusabgabe in H\u00f6he von 30 CZK pro Person und Nacht ist nicht im Preis inbegriffen.<br>und alle anfallenden Steuern.<\/em><\/p>\n\n\n\n<div class=\"wp-block-buttons is-layout-flex wp-block-buttons-is-layout-flex\">\n<div class=\"wp-block-button btnalt\"><a class=\"wp-block-button__link wp-element-button\" href=\"https:\/\/hotelharmony.book-onlinenow.net\/index.aspx?lan_id=de-DE&amp;cur=EUR\" target=\"_blank\" rel=\"noopener noreferrer noopener\">Buchen Sie ein Paket<\/a><\/div>\n<\/div>\n\n\n\n<p>&nbsp;<\/p>\n\n\n\n<h3 class=\"wp-block-heading\">Zahlungsbedingungen<\/h3>\n\n\n\n<p><strong>Flexible Payment Policy:<\/strong><\/p>\n\n\n\n<ul class=\"wp-block-list\">\n<li class=\"translation-block\">Das Hotel bietet seinen G\u00e4sten eine gro\u00dfe Auswahl an Kreditkarten mit eingeschr\u00e4nkter Mobilit\u00e4t und vorab genehmigten Reservierungen. Die Kreditkarte wird nicht im Buchungssystem gespeichert.<\/li>\n\n\n\n<li class=\"translation-block\">Vorautorisierung = Blockierung der Hauptplatine = wird innerhalb von 8 Tagen gel\u00f6scht, aber ich habe die Daten nicht gefunden und die Vorautorisierungskarte ist nicht verf\u00fcgbar, die Reservierung kann jedoch gel\u00f6scht werden.<\/li>\n\n\n\n<li>Die Stornierung ist kostenlos, aufgrund der eingeschr\u00e4nkten Verf\u00fcgbarkeit des Produkts im geschlossenen Bereich, in dem die Stornierungsbedingungen der Hotelreservierung gelten. Leider ist es f\u00fcr G\u00e4ste aufgrund der Stornierungsbedingungen der Hotelreservierung nicht m\u00f6glich, eine Stornierung vorzunehmen.<\/li>\n\n\n\n<li>Pr\u00e4mie: 0 % (ohne Kautschuk)<\/li>\n<\/ul>\n\n\n\n<p><\/p>","protected":false},"excerpt":{"rendered":"<p>Chcete si u\u017e\u00edt kr\u00e1sy p\u0159\u00edrody Krkono\u0161? Zastavte se vydechnout a nal\u00e9zt vlastn\u00ed harmonii. Rezervujte si alespo\u0148 jednu noc ve ski-in ski-out Hotelu Harmony.&nbsp; Bal\u00ed\u010dek obsahuje Cena zahrnuje sn\u00eddani, ve\u010de\u0159i, da\u0148 a v\u00fd\u0161e uveden\u00e9 slu\u017eby.M\u011bstsk\u00e1 da\u0148 ve v\u00fd\u0161i 40 CZK na osobu a noc nen\u00ed v cen\u011b. &nbsp; Platebn\u00ed podm\u00ednky S mo\u017enost\u00ed storna:<\/p>","protected":false},"author":1,"featured_media":310,"parent":21,"menu_order":0,"comment_status":"closed","ping_status":"closed","template":"","meta":{"footnotes":""},"class_list":["post-1261","page","type-page","status-publish","has-post-thumbnail","hentry"],"_links":{"self":[{"href":"https:\/\/harmonyhotel.cz\/de\/wp-json\/wp\/v2\/pages\/1261","targetHints":{"allow":["GET"]}}],"collection":[{"href":"https:\/\/harmonyhotel.cz\/de\/wp-json\/wp\/v2\/pages"}],"about":[{"href":"https:\/\/harmonyhotel.cz\/de\/wp-json\/wp\/v2\/types\/page"}],"author":[{"embeddable":true,"href":"https:\/\/harmonyhotel.cz\/de\/wp-json\/wp\/v2\/users\/1"}],"replies":[{"embeddable":true,"href":"https:\/\/harmonyhotel.cz\/de\/wp-json\/wp\/v2\/comments?post=1261"}],"version-history":[{"count":8,"href":"https:\/\/harmonyhotel.cz\/de\/wp-json\/wp\/v2\/pages\/1261\/revisions"}],"predecessor-version":[{"id":2182,"href":"https:\/\/harmonyhotel.cz\/de\/wp-json\/wp\/v2\/pages\/1261\/revisions\/2182"}],"up":[{"embeddable":true,"href":"https:\/\/harmonyhotel.cz\/de\/wp-json\/wp\/v2\/pages\/21"}],"wp:featuredmedia":[{"embeddable":true,"href":"https:\/\/harmonyhotel.cz\/de\/wp-json\/wp\/v2\/media\/310"}],"wp:attachment":[{"href":"https:\/\/harmonyhotel.cz\/de\/wp-json\/wp\/v2\/media?parent=1261"}],"curies":[{"name":"wp","href":"https:\/\/api.w.org\/{rel}","templated":true}]}}