{"id":97,"date":"2024-06-06T23:01:14","date_gmt":"2024-06-06T21:01:14","guid":{"rendered":"https:\/\/harmonyhotel.cz\/?page_id=97"},"modified":"2025-07-31T19:39:47","modified_gmt":"2025-07-31T17:39:47","slug":"parkoviste","status":"publish","type":"page","link":"https:\/\/harmonyhotel.cz\/cz\/hotel\/parkoviste\/","title":{"rendered":"Parkovi\u0161t\u011b"},"content":{"rendered":"\n<div class=\"wp-block-media-text has-media-on-the-right is-stacked-on-mobile is-image-fill-element\"><div class=\"wp-block-media-text__content\">\n<h2 class=\"wp-block-heading\">Parkovi\u0161t\u011b \u0160pindler\u016fv Ml\u00fdn<\/h2>\n\n\n\n<p>Vlastn\u00ed zast\u0159e\u0161en\u00e9 parkovi\u0161t\u011b ve \u0160pindlerov\u011b Ml\u00fdn\u011b s 24 hodinov\u00fdm kamerov\u00fdm syst\u00e9m. <strong>Kapacita parkovac\u00edch st\u00e1n\u00ed je a\u017e 120 m\u00edst<\/strong>, z toho 1\/3 m\u00edst je zast\u0159e\u0161en\u00fdch. Dal\u0161\u00ed parkovac\u00ed plochy jsou v bezprost\u0159edn\u00ed bl\u00edzkosti hotelu. Vyhrazujeme m\u00edsta i pro autobusy.<\/p>\n<\/div><figure class=\"wp-block-media-text__media\"><a href=\"https:\/\/harmonyhotel.cz\/wp-content\/uploads\/2024\/06\/Harmony-Hotel-Spindleruv-Mlyn-Parkovani-3.jpg\"><img loading=\"lazy\" decoding=\"async\" width=\"800\" height=\"550\" src=\"https:\/\/harmonyhotel.cz\/wp-content\/uploads\/2024\/06\/Harmony-Hotel-Spindleruv-Mlyn-Parkovani-3-800x550.jpg\" alt=\"Harmony Hotel \u0160pindler\u016fv Ml\u00fdn - Parkov\u00e1n\u00ed 3\" class=\"wp-image-99 size-medium\" style=\"object-position:50% 50%\" srcset=\"https:\/\/harmonyhotel.cz\/wp-content\/uploads\/2024\/06\/Harmony-Hotel-Spindleruv-Mlyn-Parkovani-3-800x550.jpg 800w, https:\/\/harmonyhotel.cz\/wp-content\/uploads\/2024\/06\/Harmony-Hotel-Spindleruv-Mlyn-Parkovani-3.jpg 1526w\" sizes=\"auto, (max-width: 800px) 100vw, 800px\" \/><\/a><\/figure><\/div>\n\n\n\n<div class=\"wp-block-media-text is-stacked-on-mobile is-image-fill-element\"><figure class=\"wp-block-media-text__media\"><a href=\"https:\/\/harmonyhotel.cz\/wp-content\/uploads\/2025\/07\/2024_12_19_0316_EOS_R5_MK_II_LRNR-scaled.jpg\"><img loading=\"lazy\" decoding=\"async\" width=\"1600\" height=\"1022\" src=\"https:\/\/harmonyhotel.cz\/wp-content\/uploads\/2025\/07\/2024_12_19_0316_EOS_R5_MK_II_LRNR-1600x1022.jpg\" alt=\"\" class=\"wp-image-2008 size-medium\" style=\"object-position:50% 50%\" srcset=\"https:\/\/harmonyhotel.cz\/wp-content\/uploads\/2025\/07\/2024_12_19_0316_EOS_R5_MK_II_LRNR-1600x1022.jpg 1600w, https:\/\/harmonyhotel.cz\/wp-content\/uploads\/2025\/07\/2024_12_19_0316_EOS_R5_MK_II_LRNR-800x511.jpg 800w, https:\/\/harmonyhotel.cz\/wp-content\/uploads\/2025\/07\/2024_12_19_0316_EOS_R5_MK_II_LRNR-18x12.jpg 18w\" sizes=\"auto, (max-width: 1600px) 100vw, 1600px\" \/><\/a><\/figure><div class=\"wp-block-media-text__content\">\n<h2 class=\"wp-block-heading\">Parkov\u00e1n\u00ed<\/h2>\n\n\n\n<p>U hotelu Harmony je vlastn\u00ed parkovi\u0161t\u011b, kter\u00e9 je ze sv\u00fdch dvou t\u0159etin zast\u0159e\u0161en\u00e9 a je monitorov\u00e1no kamerov\u00fdm syst\u00e9mem 24 hodin denn\u011b.<\/p>\n\n\n\n<p>Z parkovi\u0161t\u011b je zaji\u0161t\u011bn pohodln\u00fd p\u0159\u00edstup v\u00fdtahem p\u0159\u00edmo do hotelov\u00e9 recepce. Hotelov\u00e9 Hotelov\u00e9 voz\u00edky a slu\u017eby port\u00fdra jsou k dispozici.<\/p>\n<\/div><\/div>\n\n\n\n<div class=\"wp-block-media-text has-media-on-the-right is-stacked-on-mobile is-image-fill-element\"><div class=\"wp-block-media-text__content\">\n<h2 class=\"wp-block-heading\">Cena za parkov\u00e1n\u00ed<\/h2>\n\n\n\n<p>Cena za parkov\u00e1n\u00ed za den a automobil je<\/p>\n\n\n\n<p><strong>350 K\u010d<\/strong><\/p>\n<\/div><figure class=\"wp-block-media-text__media\"><a href=\"https:\/\/harmonyhotel.cz\/wp-content\/uploads\/2024\/06\/Parkoviste-Spindleruv-Mlyn-Hotel-Spindleruv-Mlyn-01-scaled.jpg\"><img loading=\"lazy\" decoding=\"async\" width=\"1600\" height=\"1066\" src=\"https:\/\/harmonyhotel.cz\/wp-content\/uploads\/2024\/06\/Parkoviste-Spindleruv-Mlyn-Hotel-Spindleruv-Mlyn-01-1600x1066.jpg\" alt=\"\" class=\"wp-image-515 size-large\" style=\"object-position:50% 50%\" srcset=\"https:\/\/harmonyhotel.cz\/wp-content\/uploads\/2024\/06\/Parkoviste-Spindleruv-Mlyn-Hotel-Spindleruv-Mlyn-01-1600x1066.jpg 1600w, https:\/\/harmonyhotel.cz\/wp-content\/uploads\/2024\/06\/Parkoviste-Spindleruv-Mlyn-Hotel-Spindleruv-Mlyn-01-800x533.jpg 800w\" sizes=\"auto, (max-width: 1600px) 100vw, 1600px\" \/><\/a><\/figure><\/div>\n\n\n\n<div class=\"wp-block-media-text is-stacked-on-mobile is-image-fill-element\"><figure class=\"wp-block-media-text__media\"><a href=\"https:\/\/harmonyhotel.cz\/wp-content\/uploads\/2024\/06\/Harmony-Hotel-Spindleruv-Mlyn-Parkovani-1.jpg\"><img loading=\"lazy\" decoding=\"async\" width=\"800\" height=\"550\" src=\"https:\/\/harmonyhotel.cz\/wp-content\/uploads\/2024\/06\/Harmony-Hotel-Spindleruv-Mlyn-Parkovani-1-800x550.jpg\" alt=\"\" class=\"wp-image-101 size-medium\" style=\"object-position:50% 50%\" srcset=\"https:\/\/harmonyhotel.cz\/wp-content\/uploads\/2024\/06\/Harmony-Hotel-Spindleruv-Mlyn-Parkovani-1-800x550.jpg 800w, https:\/\/harmonyhotel.cz\/wp-content\/uploads\/2024\/06\/Harmony-Hotel-Spindleruv-Mlyn-Parkovani-1.jpg 1526w\" sizes=\"auto, (max-width: 800px) 100vw, 800px\" \/><\/a><\/figure><div class=\"wp-block-media-text__content\">\n<h2 class=\"wp-block-heading\">Kapacita parkovi\u0161t\u011b<\/h2>\n\n\n\n<p>Celkem 95 parkovac\u00edch (z toho 64 m\u00edst je zast\u0159e\u0161en\u00fdch) 7 m\u00edst z v\u00fd\u0161e uveden\u00e9ho po\u010dtu je mo\u017eno rezervovat.<\/p>\n\n\n\n<p>Dal\u0161\u00edch 25 automobil\u016f m\u016f\u017ee parkovat na st\u0159e\u0161e parkovi\u0161t\u011b, v p\u0159\u00edpad\u011b po\u017eadavk\u016f na parkov\u00e1n\u00ed v\u011bt\u0161\u00edho po\u010dtu voz\u016f, je mo\u017eno vyu\u017e\u00edt p\u0159ilehl\u00fdch ploch hotelu Harmony<\/p>\n\n\n\n<p>Mo\u017enost parkov\u00e1n\u00ed a\u017e 3 autobus\u016f<\/p>\n\n\n\n<p>P\u0159i vjezdu do parkovi\u0161t\u011b si host\u00e9 vyzvednou parkovac\u00ed l\u00edstek, kter\u00fd pak p\u0159edlo\u017e\u00ed p\u0159i check-inu na hotelov\u00e9 recepci.<\/p>\n<\/div><\/div>\n\n\n\n<div class=\"wp-block-media-text has-media-on-the-right is-stacked-on-mobile is-image-fill-element\"><div class=\"wp-block-media-text__content\">\n<h2 class=\"wp-block-heading\">Elektronab\u00edje\u010dka<\/h2>\n\n\n\n<p><strong>INCH DUO \u2013 jedn\u00e1 se o stanici s&nbsp;dv\u011bma nab\u00edjec\u00edmi v\u00fdstupy a je p\u0159ipraven\u00e1 k nep\u0159etr\u017eit\u00e9mu provozu.<\/strong><\/p>\n\n\n\n<ul class=\"wp-block-list\">\n<li>Intuitivn\u00ed dotykov\u00fd display, ergonomick\u00fd design a integrovan\u00fd platebn\u00ed termin\u00e1l zaji\u0161\u0165uj\u00ed pohodl\u00ed v\u0161em u\u017eivatel\u016fm<\/li>\n\n\n\n<li>Nab\u00edjec\u00ed v\u00fdkon 2 \u00d7 22 kW (2 z\u00e1suvky se z\u00e1mkem)<\/li>\n\n\n\n<li>Barevn\u00fd dotykov\u00fd display<\/li>\n\n\n\n<li>Platba bezkontaktn\u00ed platbou do v\u00fd\u0161e 500 K\u010d (z&nbsp;d\u016fvodu limitu stanovan\u00fdm EU)<\/li>\n\n\n\n<li>Mo\u017enost platby dle skute\u010dn\u00e9ho \u010derp\u00e1n\u00ed na z\u00e1klad\u011b zap\u016fj\u010den\u00e9 karty z&nbsp;hotelov\u00e9 recepce<\/li>\n\n\n\n<li>Elektronick\u00e1 detekce DC proudu 6 mA + proudov\u00fd chr\u00e1ni\u010d typu B<\/li>\n\n\n\n<li>Cena nab\u00edjen\u00ed je 8 K\u010d za kWh<\/li>\n<\/ul>\n<\/div><figure class=\"wp-block-media-text__media\"><a href=\"https:\/\/harmonyhotel.cz\/wp-content\/uploads\/2024\/06\/Harmony-Hotel-Spindleruv-Mlyn-Elektronabijecka.jpg\"><img loading=\"lazy\" decoding=\"async\" width=\"800\" height=\"657\" src=\"https:\/\/harmonyhotel.cz\/wp-content\/uploads\/2024\/06\/Harmony-Hotel-Spindleruv-Mlyn-Elektronabijecka-800x657.jpg\" alt=\"Harmony Hotel \u0160pindler\u016fv Ml\u00fdn - Elektronab\u00edje\u010dka\" class=\"wp-image-109 size-medium\" style=\"object-position:50% 50%\" srcset=\"https:\/\/harmonyhotel.cz\/wp-content\/uploads\/2024\/06\/Harmony-Hotel-Spindleruv-Mlyn-Elektronabijecka-800x657.jpg 800w, https:\/\/harmonyhotel.cz\/wp-content\/uploads\/2024\/06\/Harmony-Hotel-Spindleruv-Mlyn-Elektronabijecka.jpg 1538w\" sizes=\"auto, (max-width: 800px) 100vw, 800px\" \/><\/a><\/figure><\/div>\n","protected":false},"excerpt":{"rendered":"<p>Parkovi\u0161t\u011b \u0160pindler\u016fv Ml\u00fdn Vlastn\u00ed zast\u0159e\u0161en\u00e9 parkovi\u0161t\u011b ve \u0160pindlerov\u011b Ml\u00fdn\u011b s 24 hodinov\u00fdm kamerov\u00fdm syst\u00e9m. Kapacita parkovac\u00edch st\u00e1n\u00ed je a\u017e 120 m\u00edst, z toho 1\/3 m\u00edst je zast\u0159e\u0161en\u00fdch. Dal\u0161\u00ed parkovac\u00ed plochy jsou v bezprost\u0159edn\u00ed bl\u00edzkosti hotelu. Vyhrazujeme m\u00edsta i pro autobusy. Parkov\u00e1n\u00ed U hotelu Harmony je vlastn\u00ed parkovi\u0161t\u011b, kter\u00e9 je ze sv\u00fdch dvou t\u0159etin zast\u0159e\u0161en\u00e9 a [&hellip;]<\/p>\n","protected":false},"author":1,"featured_media":517,"parent":7,"menu_order":17,"comment_status":"closed","ping_status":"closed","template":"","meta":{"footnotes":""},"class_list":["post-97","page","type-page","status-publish","has-post-thumbnail","hentry"],"_links":{"self":[{"href":"https:\/\/harmonyhotel.cz\/cz\/wp-json\/wp\/v2\/pages\/97","targetHints":{"allow":["GET"]}}],"collection":[{"href":"https:\/\/harmonyhotel.cz\/cz\/wp-json\/wp\/v2\/pages"}],"about":[{"href":"https:\/\/harmonyhotel.cz\/cz\/wp-json\/wp\/v2\/types\/page"}],"author":[{"embeddable":true,"href":"https:\/\/harmonyhotel.cz\/cz\/wp-json\/wp\/v2\/users\/1"}],"replies":[{"embeddable":true,"href":"https:\/\/harmonyhotel.cz\/cz\/wp-json\/wp\/v2\/comments?post=97"}],"version-history":[{"count":3,"href":"https:\/\/harmonyhotel.cz\/cz\/wp-json\/wp\/v2\/pages\/97\/revisions"}],"predecessor-version":[{"id":2010,"href":"https:\/\/harmonyhotel.cz\/cz\/wp-json\/wp\/v2\/pages\/97\/revisions\/2010"}],"up":[{"embeddable":true,"href":"https:\/\/harmonyhotel.cz\/cz\/wp-json\/wp\/v2\/pages\/7"}],"wp:featuredmedia":[{"embeddable":true,"href":"https:\/\/harmonyhotel.cz\/cz\/wp-json\/wp\/v2\/media\/517"}],"wp:attachment":[{"href":"https:\/\/harmonyhotel.cz\/cz\/wp-json\/wp\/v2\/media?parent=97"}],"curies":[{"name":"wp","href":"https:\/\/api.w.org\/{rel}","templated":true}]}}