{"id":9,"date":"2024-05-29T00:51:47","date_gmt":"2024-05-28T22:51:47","guid":{"rendered":"https:\/\/harmonyhotel.cz\/?page_id=9"},"modified":"2025-07-31T14:42:30","modified_gmt":"2025-07-31T12:42:30","slug":"pokoje","status":"publish","type":"page","link":"https:\/\/harmonyhotel.cz\/cz\/pokoje\/","title":{"rendered":"Pokoje"},"content":{"rendered":"\n<div class=\"wp-block-columns is-layout-flex wp-container-core-columns-is-layout-9d6595d7 wp-block-columns-is-layout-flex\">\n<div class=\"wp-block-column is-layout-flow wp-block-column-is-layout-flow\">\n<figure class=\"wp-block-image size-large\"><img loading=\"lazy\" decoding=\"async\" width=\"1600\" height=\"1033\" src=\"https:\/\/harmonyhotel.cz\/wp-content\/uploads\/2025\/07\/2024_06_24_9408_EOS_R5_LRN-1600x1033.jpg\" alt=\"\" class=\"wp-image-1936\" style=\"object-fit:cover\" srcset=\"https:\/\/harmonyhotel.cz\/wp-content\/uploads\/2025\/07\/2024_06_24_9408_EOS_R5_LRN-1600x1033.jpg 1600w, https:\/\/harmonyhotel.cz\/wp-content\/uploads\/2025\/07\/2024_06_24_9408_EOS_R5_LRN-800x516.jpg 800w, https:\/\/harmonyhotel.cz\/wp-content\/uploads\/2025\/07\/2024_06_24_9408_EOS_R5_LRN-18x12.jpg 18w\" sizes=\"auto, (max-width: 1600px) 100vw, 1600px\" \/><\/figure>\n\n\n\n<h3 class=\"wp-block-heading\"><a href=\"https:\/\/harmonyhotel.cz\/pokoje\/jednoluzkovy-pokoj-comfort-s-pristylkou\/\" data-type=\"page\" data-id=\"128\">Jednol\u016f\u017ekov\u00fd pokoj Comfort s p\u0159ist\u00fdlkou<\/a><\/h3>\n<\/div>\n\n\n\n<div class=\"wp-block-column is-layout-flow wp-block-column-is-layout-flow\">\n<figure class=\"wp-block-image size-large\"><img loading=\"lazy\" decoding=\"async\" width=\"1600\" height=\"1080\" src=\"https:\/\/harmonyhotel.cz\/wp-content\/uploads\/2025\/07\/2024_06_25_9842_EOS_R5_LRN-2-1600x1080.jpg\" alt=\"\" class=\"wp-image-1935\" style=\"object-fit:cover\" srcset=\"https:\/\/harmonyhotel.cz\/wp-content\/uploads\/2025\/07\/2024_06_25_9842_EOS_R5_LRN-2-1600x1080.jpg 1600w, https:\/\/harmonyhotel.cz\/wp-content\/uploads\/2025\/07\/2024_06_25_9842_EOS_R5_LRN-2-800x540.jpg 800w, https:\/\/harmonyhotel.cz\/wp-content\/uploads\/2025\/07\/2024_06_25_9842_EOS_R5_LRN-2-18x12.jpg 18w\" sizes=\"auto, (max-width: 1600px) 100vw, 1600px\" \/><\/figure>\n\n\n\n<h3 class=\"wp-block-heading\"><a href=\"https:\/\/harmonyhotel.cz\/pokoje\/dvouluzkovy-pokoj-typu-comfort-s-manzelskou-posteli\/\" data-type=\"page\" data-id=\"130\">Dvoul\u016f\u017ekov\u00fd pokoj typu Comfort s man\u017eelskou postel\u00ed<\/a><\/h3>\n<\/div>\n\n\n\n<div class=\"wp-block-column is-layout-flow wp-block-column-is-layout-flow\">\n<figure class=\"wp-block-image size-large\"><img loading=\"lazy\" decoding=\"async\" width=\"1600\" height=\"1070\" src=\"https:\/\/harmonyhotel.cz\/wp-content\/uploads\/2025\/07\/2024_12_19_8465_EOS_R5_MK_II_LRNR-1600x1070.jpg\" alt=\"\" class=\"wp-image-1939\" style=\"object-fit:cover\" srcset=\"https:\/\/harmonyhotel.cz\/wp-content\/uploads\/2025\/07\/2024_12_19_8465_EOS_R5_MK_II_LRNR-1600x1070.jpg 1600w, https:\/\/harmonyhotel.cz\/wp-content\/uploads\/2025\/07\/2024_12_19_8465_EOS_R5_MK_II_LRNR-800x535.jpg 800w, https:\/\/harmonyhotel.cz\/wp-content\/uploads\/2025\/07\/2024_12_19_8465_EOS_R5_MK_II_LRNR-18x12.jpg 18w\" sizes=\"auto, (max-width: 1600px) 100vw, 1600px\" \/><\/figure>\n\n\n\n<h3 class=\"wp-block-heading\"><a href=\"https:\/\/harmonyhotel.cz\/pokoje\/dvouluzkovy-pokoj-superior-s-manzelskou-posteli-a-vyhledem-na-sjezdovku\/\" data-type=\"page\" data-id=\"132\">Dvoul\u016f\u017ekov\u00fd pokoj Superior s man\u017eelskou postel\u00ed a v\u00fdhledem na sjezdovku<\/a><\/h3>\n<\/div>\n<\/div>\n\n\n\n<div class=\"wp-block-columns is-layout-flex wp-container-core-columns-is-layout-9d6595d7 wp-block-columns-is-layout-flex\">\n<div class=\"wp-block-column is-layout-flow wp-block-column-is-layout-flow\">\n<figure class=\"wp-block-image size-large\"><img loading=\"lazy\" decoding=\"async\" width=\"1600\" height=\"1098\" src=\"https:\/\/harmonyhotel.cz\/wp-content\/uploads\/2025\/07\/2024_12_19_8335_EOS_R5_MK_II_LRNR-2-1600x1098.jpg\" alt=\"\" class=\"wp-image-1938\" style=\"object-fit:cover\" srcset=\"https:\/\/harmonyhotel.cz\/wp-content\/uploads\/2025\/07\/2024_12_19_8335_EOS_R5_MK_II_LRNR-2-1600x1098.jpg 1600w, https:\/\/harmonyhotel.cz\/wp-content\/uploads\/2025\/07\/2024_12_19_8335_EOS_R5_MK_II_LRNR-2-800x549.jpg 800w, https:\/\/harmonyhotel.cz\/wp-content\/uploads\/2025\/07\/2024_12_19_8335_EOS_R5_MK_II_LRNR-2-18x12.jpg 18w\" sizes=\"auto, (max-width: 1600px) 100vw, 1600px\" \/><\/figure>\n\n\n\n<h3 class=\"wp-block-heading\"><a href=\"https:\/\/harmonyhotel.cz\/pokoje\/triluzkovy-pokoj-typu-comfort\/\" data-type=\"page\" data-id=\"134\">T\u0159\u00edl\u016f\u017ekov\u00fd pokoj typu Comfort<\/a><\/h3>\n<\/div>\n\n\n\n<div class=\"wp-block-column is-layout-flow wp-block-column-is-layout-flow\">\n<figure class=\"wp-block-image size-large\"><img loading=\"lazy\" decoding=\"async\" width=\"1600\" height=\"1063\" src=\"https:\/\/harmonyhotel.cz\/wp-content\/uploads\/2025\/07\/2024_06_24_9342_EOS_R5_LRN-1-1600x1063.jpg\" alt=\"\" class=\"wp-image-1926\" style=\"object-fit:cover\" srcset=\"https:\/\/harmonyhotel.cz\/wp-content\/uploads\/2025\/07\/2024_06_24_9342_EOS_R5_LRN-1-1600x1063.jpg 1600w, https:\/\/harmonyhotel.cz\/wp-content\/uploads\/2025\/07\/2024_06_24_9342_EOS_R5_LRN-1-800x531.jpg 800w, https:\/\/harmonyhotel.cz\/wp-content\/uploads\/2025\/07\/2024_06_24_9342_EOS_R5_LRN-1-18x12.jpg 18w\" sizes=\"auto, (max-width: 1600px) 100vw, 1600px\" \/><\/figure>\n\n\n\n<h3 class=\"wp-block-heading\"><a href=\"https:\/\/harmonyhotel.cz\/pokoje\/rodinny-propojeny-pokoj\/\" data-type=\"page\" data-id=\"136\">Rodinn\u00fd propojen\u00fd pokoj<\/a><\/h3>\n<\/div>\n\n\n\n<div class=\"wp-block-column is-layout-flow wp-block-column-is-layout-flow\">\n<figure class=\"wp-block-image size-medium\"><a href=\"https:\/\/harmonyhotel.cz\/pokoje\/rodinny-pokoj-deleny\/\"><img loading=\"lazy\" decoding=\"async\" width=\"800\" height=\"566\" src=\"https:\/\/harmonyhotel.cz\/wp-content\/uploads\/2025\/06\/Harmony-Hotel-Spindleruv-Mlyn-Rodinny-pokoj-deleny-04-800x566.webp\" alt=\"Harmony Hotel \u0160pindler\u016fv Ml\u00fdn - Rodinn\u00fd pokoj d\u011blen\u00fd 04\" class=\"wp-image-1638\" style=\"object-fit:cover\" srcset=\"https:\/\/harmonyhotel.cz\/wp-content\/uploads\/2025\/06\/Harmony-Hotel-Spindleruv-Mlyn-Rodinny-pokoj-deleny-04-800x566.webp 800w, https:\/\/harmonyhotel.cz\/wp-content\/uploads\/2025\/06\/Harmony-Hotel-Spindleruv-Mlyn-Rodinny-pokoj-deleny-04-1600x1131.webp 1600w, https:\/\/harmonyhotel.cz\/wp-content\/uploads\/2025\/06\/Harmony-Hotel-Spindleruv-Mlyn-Rodinny-pokoj-deleny-04-18x12.webp 18w\" sizes=\"auto, (max-width: 800px) 100vw, 800px\" \/><\/a><\/figure>\n\n\n\n<h3 class=\"wp-block-heading\"><a href=\"https:\/\/harmonyhotel.cz\/pokoje\/rodinny-pokoj-deleny\/\" data-type=\"page\" data-id=\"1630\">Rodinn\u00fd pokoj d\u011blen\u00fd<\/a><\/h3>\n<\/div>\n<\/div>\n\n\n\n<div class=\"wp-block-columns is-layout-flex wp-container-core-columns-is-layout-9d6595d7 wp-block-columns-is-layout-flex\">\n<div class=\"wp-block-column is-layout-flow wp-block-column-is-layout-flow\">\n<figure class=\"wp-block-image size-large\"><img loading=\"lazy\" decoding=\"async\" width=\"1600\" height=\"1003\" src=\"https:\/\/harmonyhotel.cz\/wp-content\/uploads\/2025\/07\/2024_06_24_9562_EOS_R5_LRN-1-1600x1003.jpg\" alt=\"\" class=\"wp-image-1928\" style=\"object-fit:cover\" srcset=\"https:\/\/harmonyhotel.cz\/wp-content\/uploads\/2025\/07\/2024_06_24_9562_EOS_R5_LRN-1-1600x1003.jpg 1600w, https:\/\/harmonyhotel.cz\/wp-content\/uploads\/2025\/07\/2024_06_24_9562_EOS_R5_LRN-1-800x501.jpg 800w, https:\/\/harmonyhotel.cz\/wp-content\/uploads\/2025\/07\/2024_06_24_9562_EOS_R5_LRN-1-18x12.jpg 18w\" sizes=\"auto, (max-width: 1600px) 100vw, 1600px\" \/><\/figure>\n\n\n\n<h3 class=\"wp-block-heading\"><a href=\"https:\/\/harmonyhotel.cz\/pokoje\/rodinny-apartman\/\" data-type=\"page\" data-id=\"138\">Rodinn\u00fd apartm\u00e1n<\/a><\/h3>\n<\/div>\n\n\n\n<div class=\"wp-block-column is-layout-flow wp-block-column-is-layout-flow\">\n<figure class=\"wp-block-image size-large\"><img loading=\"lazy\" decoding=\"async\" width=\"1600\" height=\"1057\" src=\"https:\/\/harmonyhotel.cz\/wp-content\/uploads\/2025\/07\/2024_06_25_9772_EOS_R5_LRN_pristylka-1600x1057.jpg\" alt=\"\" class=\"wp-image-2005\" style=\"object-fit:cover\" srcset=\"https:\/\/harmonyhotel.cz\/wp-content\/uploads\/2025\/07\/2024_06_25_9772_EOS_R5_LRN_pristylka-1600x1057.jpg 1600w, https:\/\/harmonyhotel.cz\/wp-content\/uploads\/2025\/07\/2024_06_25_9772_EOS_R5_LRN_pristylka-800x528.jpg 800w, https:\/\/harmonyhotel.cz\/wp-content\/uploads\/2025\/07\/2024_06_25_9772_EOS_R5_LRN_pristylka-18x12.jpg 18w\" sizes=\"auto, (max-width: 1600px) 100vw, 1600px\" \/><\/figure>\n\n\n\n<h3 class=\"wp-block-heading\"><a href=\"https:\/\/harmonyhotel.cz\/pokoje\/rodinny-pokoj-typu-suite\/\" data-type=\"page\" data-id=\"140\">Rodinn\u00fd pokoj typu Suite<\/a><\/h3>\n<\/div>\n\n\n\n<div class=\"wp-block-column is-layout-flow wp-block-column-is-layout-flow\">\n<figure class=\"wp-block-image size-large\"><img loading=\"lazy\" decoding=\"async\" width=\"1600\" height=\"1022\" src=\"https:\/\/harmonyhotel.cz\/wp-content\/uploads\/2025\/07\/2024_06_24_9577_EOS_R5_LRN-1600x1022.jpg\" alt=\"\" class=\"wp-image-1931\" style=\"object-fit:cover\" srcset=\"https:\/\/harmonyhotel.cz\/wp-content\/uploads\/2025\/07\/2024_06_24_9577_EOS_R5_LRN-1600x1022.jpg 1600w, https:\/\/harmonyhotel.cz\/wp-content\/uploads\/2025\/07\/2024_06_24_9577_EOS_R5_LRN-800x511.jpg 800w, https:\/\/harmonyhotel.cz\/wp-content\/uploads\/2025\/07\/2024_06_24_9577_EOS_R5_LRN-18x12.jpg 18w\" sizes=\"auto, (max-width: 1600px) 100vw, 1600px\" \/><\/figure>\n\n\n\n<h3 class=\"wp-block-heading\"><a href=\"https:\/\/harmonyhotel.cz\/pokoje\/rodinny-apartman-typu-deluxe\/\" data-type=\"page\" data-id=\"142\">Rodinn\u00fd apartm\u00e1n typu Deluxe<\/a><\/h3>\n<\/div>\n<\/div>\n\n\n\n<div class=\"wp-block-columns is-layout-flex wp-container-core-columns-is-layout-9d6595d7 wp-block-columns-is-layout-flex\">\n<div class=\"wp-block-column is-layout-flow wp-block-column-is-layout-flow\">\n<figure class=\"wp-block-image size-large\"><img loading=\"lazy\" decoding=\"async\" width=\"1600\" height=\"1067\" src=\"https:\/\/harmonyhotel.cz\/wp-content\/uploads\/2025\/07\/2024_06_24_9266_EOS_R5_LRN-1-1600x1067.jpg\" alt=\"\" class=\"wp-image-1934\" style=\"object-fit:cover\" srcset=\"https:\/\/harmonyhotel.cz\/wp-content\/uploads\/2025\/07\/2024_06_24_9266_EOS_R5_LRN-1-1600x1067.jpg 1600w, https:\/\/harmonyhotel.cz\/wp-content\/uploads\/2025\/07\/2024_06_24_9266_EOS_R5_LRN-1-800x534.jpg 800w, https:\/\/harmonyhotel.cz\/wp-content\/uploads\/2025\/07\/2024_06_24_9266_EOS_R5_LRN-1-18x12.jpg 18w\" sizes=\"auto, (max-width: 1600px) 100vw, 1600px\" \/><\/figure>\n\n\n\n<h3 class=\"wp-block-heading\"><a href=\"https:\/\/harmonyhotel.cz\/pokoje\/rodinne-studio-typu-deluxe\/\" data-type=\"page\" data-id=\"362\">Rodinn\u00e9 studio typu Deluxe<\/a><\/h3>\n<\/div>\n\n\n\n<div class=\"wp-block-column is-layout-flow wp-block-column-is-layout-flow\">\n<figure class=\"wp-block-image size-large\"><img loading=\"lazy\" decoding=\"async\" width=\"1600\" height=\"1065\" src=\"https:\/\/harmonyhotel.cz\/wp-content\/uploads\/2024\/06\/Harmony-Hotel-Spindleruv-Mlyn-Kralovske-apartma-01-1600x1065.jpg\" alt=\"Harmony Hotel \u0160pindler\u016fv Ml\u00fdn - Kr\u00e1lovsk\u00e9 apartm\u00e1\" class=\"wp-image-164\" style=\"object-fit:cover\" srcset=\"https:\/\/harmonyhotel.cz\/wp-content\/uploads\/2024\/06\/Harmony-Hotel-Spindleruv-Mlyn-Kralovske-apartma-01-1600x1065.jpg 1600w, https:\/\/harmonyhotel.cz\/wp-content\/uploads\/2024\/06\/Harmony-Hotel-Spindleruv-Mlyn-Kralovske-apartma-01-800x532.jpg 800w\" sizes=\"auto, (max-width: 1600px) 100vw, 1600px\" \/><\/figure>\n\n\n\n<h3 class=\"wp-block-heading\"><a href=\"https:\/\/harmonyhotel.cz\/pokoje\/kralovske-apartma\/\" data-type=\"page\" data-id=\"144\">Kr\u00e1lovsk\u00e9 apartm\u00e1<\/a><\/h3>\n<\/div>\n<\/div>\n","protected":false},"excerpt":{"rendered":"<p>Jednol\u016f\u017ekov\u00fd pokoj Comfort s p\u0159ist\u00fdlkou Dvoul\u016f\u017ekov\u00fd pokoj typu Comfort s man\u017eelskou postel\u00ed Dvoul\u016f\u017ekov\u00fd pokoj Superior s man\u017eelskou postel\u00ed a v\u00fdhledem na sjezdovku T\u0159\u00edl\u016f\u017ekov\u00fd pokoj typu Comfort Rodinn\u00fd propojen\u00fd pokoj Rodinn\u00fd pokoj d\u011blen\u00fd Rodinn\u00fd apartm\u00e1n Rodinn\u00fd pokoj typu Suite Rodinn\u00fd apartm\u00e1n typu Deluxe Rodinn\u00e9 studio typu Deluxe Kr\u00e1lovsk\u00e9 apartm\u00e1<\/p>\n","protected":false},"author":1,"featured_media":367,"parent":0,"menu_order":3,"comment_status":"closed","ping_status":"closed","template":"","meta":{"footnotes":""},"class_list":["post-9","page","type-page","status-publish","has-post-thumbnail","hentry"],"_links":{"self":[{"href":"https:\/\/harmonyhotel.cz\/cz\/wp-json\/wp\/v2\/pages\/9","targetHints":{"allow":["GET"]}}],"collection":[{"href":"https:\/\/harmonyhotel.cz\/cz\/wp-json\/wp\/v2\/pages"}],"about":[{"href":"https:\/\/harmonyhotel.cz\/cz\/wp-json\/wp\/v2\/types\/page"}],"author":[{"embeddable":true,"href":"https:\/\/harmonyhotel.cz\/cz\/wp-json\/wp\/v2\/users\/1"}],"replies":[{"embeddable":true,"href":"https:\/\/harmonyhotel.cz\/cz\/wp-json\/wp\/v2\/comments?post=9"}],"version-history":[{"count":10,"href":"https:\/\/harmonyhotel.cz\/cz\/wp-json\/wp\/v2\/pages\/9\/revisions"}],"predecessor-version":[{"id":2007,"href":"https:\/\/harmonyhotel.cz\/cz\/wp-json\/wp\/v2\/pages\/9\/revisions\/2007"}],"wp:featuredmedia":[{"embeddable":true,"href":"https:\/\/harmonyhotel.cz\/cz\/wp-json\/wp\/v2\/media\/367"}],"wp:attachment":[{"href":"https:\/\/harmonyhotel.cz\/cz\/wp-json\/wp\/v2\/media?parent=9"}],"curies":[{"name":"wp","href":"https:\/\/api.w.org\/{rel}","templated":true}]}}