{"id":783,"date":"2024-06-13T22:32:05","date_gmt":"2024-06-13T20:32:05","guid":{"rendered":"https:\/\/harmonyhotel.cz\/?page_id=783"},"modified":"2025-06-08T12:22:35","modified_gmt":"2025-06-08T10:22:35","slug":"bunkr-expozice","status":"publish","type":"page","link":"https:\/\/harmonyhotel.cz\/cz\/aktivity\/bunkr-expozice\/","title":{"rendered":"Bunkr expozice"},"content":{"rendered":"\n<div class=\"wp-block-media-text has-media-on-the-right is-stacked-on-mobile is-image-fill-element\"><div class=\"wp-block-media-text__content\">\n<p><strong>Harmony Bunker Exposition<\/strong><\/p>\n\n\n\n<p>Historie hotelu je jedn\u00edm z nejutajovan\u011bj\u0161\u00edch projekt\u016f v \u010cesk\u00e9 republice. Nav\u0161tivte na\u0161e Muzeum a vra\u0165te se zp\u011bt do roku 1984&#8230;<\/p>\n\n\n\n<p><strong>Otev\u0159eno denn\u011b&nbsp;14.00 \u2013 18.00<\/strong><\/p>\n<\/div><figure class=\"wp-block-media-text__media\"><a href=\"https:\/\/harmonyhotel.cz\/wp-content\/uploads\/2024\/06\/Harmony-Hotel-Spindleruv-Mlyn-BUNKR-\u2013-protiatomovy-kryt-1.jpg\"><img loading=\"lazy\" decoding=\"async\" width=\"800\" height=\"550\" src=\"https:\/\/harmonyhotel.cz\/wp-content\/uploads\/2024\/06\/Harmony-Hotel-Spindleruv-Mlyn-BUNKR-\u2013-protiatomovy-kryt-1-800x550.jpg\" alt=\"Harmony Hotel \u0160pindler\u016fv Ml\u00fdn - BUNKR \u2013 protiatomov\u00fd kryt 1\" class=\"wp-image-891 size-medium\" style=\"object-position:50% 50%\" srcset=\"https:\/\/harmonyhotel.cz\/wp-content\/uploads\/2024\/06\/Harmony-Hotel-Spindleruv-Mlyn-BUNKR-\u2013-protiatomovy-kryt-1-800x550.jpg 800w, https:\/\/harmonyhotel.cz\/wp-content\/uploads\/2024\/06\/Harmony-Hotel-Spindleruv-Mlyn-BUNKR-\u2013-protiatomovy-kryt-1.jpg 1526w\" sizes=\"auto, (max-width: 800px) 100vw, 800px\" \/><\/a><\/figure><\/div>\n\n\n\n<div class=\"wp-block-media-text is-stacked-on-mobile is-image-fill-element\"><figure class=\"wp-block-media-text__media\"><a href=\"https:\/\/harmonyhotel.cz\/wp-content\/uploads\/2024\/06\/Harmony-Hotel-Spindleruv-Mlyn-BUNKR-\u2013-protiatomovy-kryt-2.jpg\"><img loading=\"lazy\" decoding=\"async\" width=\"800\" height=\"550\" src=\"https:\/\/harmonyhotel.cz\/wp-content\/uploads\/2024\/06\/Harmony-Hotel-Spindleruv-Mlyn-BUNKR-\u2013-protiatomovy-kryt-2-800x550.jpg\" alt=\"Harmony Hotel \u0160pindler\u016fv Ml\u00fdn - BUNKR \u2013 protiatomov\u00fd kryt 2\" class=\"wp-image-890 size-medium\" style=\"object-position:50% 50%\" srcset=\"https:\/\/harmonyhotel.cz\/wp-content\/uploads\/2024\/06\/Harmony-Hotel-Spindleruv-Mlyn-BUNKR-\u2013-protiatomovy-kryt-2-800x550.jpg 800w, https:\/\/harmonyhotel.cz\/wp-content\/uploads\/2024\/06\/Harmony-Hotel-Spindleruv-Mlyn-BUNKR-\u2013-protiatomovy-kryt-2.jpg 1526w\" sizes=\"auto, (max-width: 800px) 100vw, 800px\" \/><\/a><\/figure><div class=\"wp-block-media-text__content\">\n<p>V roce 1984 se v prostor\u00e1ch b\u00fdval\u00e9 vojensk\u00e9 cvi\u010dn\u00e9 st\u0159elnice, ve svahu Medv\u011bd\u00edna za\u010dala stav\u011bt unik\u00e1tn\u00ed stavba \u2013 protiatomov\u00fd kryt pro 200 osob, navr\u017een jako \u201epracovi\u0161t\u011b vl\u00e1dy za brann\u00e9 pohotovosti st\u00e1tu\u201c. V dne\u0161n\u00edm Harmony Hotelu se pod budovou nach\u00e1z\u00ed rozlehl\u00fd podzemn\u00ed labyrint. Sou\u010d\u00e1st\u00ed hotelu byl toti\u017e ob\u0159\u00ed podzemn\u00ed kryt pro gener\u00e1ln\u00ed \u0161t\u00e1b tehdej\u0161\u00ed arm\u00e1dy. Jednalo se o jeden z nejutajovan\u011bj\u0161\u00edch projekt\u016f u n\u00e1s.<\/p>\n<\/div><\/div>\n\n\n\n<div class=\"wp-block-media-text has-media-on-the-right is-stacked-on-mobile is-image-fill-element\"><div class=\"wp-block-media-text__content\">\n<p>Prohl\u00eddka expozice bez pr\u016fvodce \u2013 50 K\u010d \/ osoba<br>Organizovan\u00e9 prohl\u00eddky s pr\u016fvodcem (pro skupiny 10 a v\u00edce osob) \u2013 80 K\u010d \/ osoba<\/p>\n\n\n\n<p><em><strong>Pro hotelov\u00e9 hosty zdarma<\/strong><\/em><\/p>\n<\/div><figure class=\"wp-block-media-text__media\"><a href=\"https:\/\/harmonyhotel.cz\/wp-content\/uploads\/2024\/06\/Harmony-Hotel-Spindleruv-Mlyn-BUNKR-\u2013-protiatomovy-kryt-3.jpg\"><img loading=\"lazy\" decoding=\"async\" width=\"800\" height=\"550\" src=\"https:\/\/harmonyhotel.cz\/wp-content\/uploads\/2024\/06\/Harmony-Hotel-Spindleruv-Mlyn-BUNKR-\u2013-protiatomovy-kryt-3-800x550.jpg\" alt=\"Harmony Hotel \u0160pindler\u016fv Ml\u00fdn - BUNKR \u2013 protiatomov\u00fd kryt 3\" class=\"wp-image-889 size-medium\" style=\"object-position:50% 50%\" srcset=\"https:\/\/harmonyhotel.cz\/wp-content\/uploads\/2024\/06\/Harmony-Hotel-Spindleruv-Mlyn-BUNKR-\u2013-protiatomovy-kryt-3-800x550.jpg 800w, https:\/\/harmonyhotel.cz\/wp-content\/uploads\/2024\/06\/Harmony-Hotel-Spindleruv-Mlyn-BUNKR-\u2013-protiatomovy-kryt-3.jpg 1526w\" sizes=\"auto, (max-width: 800px) 100vw, 800px\" \/><\/a><\/figure><\/div>\n\n\n\n<div class=\"wp-block-media-text is-stacked-on-mobile is-image-fill-element\"><figure class=\"wp-block-media-text__media\"><a href=\"https:\/\/harmonyhotel.cz\/wp-content\/uploads\/2024\/06\/Harmony-Hotel-Spindleruv-Mlyn-BUNKR-\u2013-protiatomovy-kryt-4.jpg\"><img loading=\"lazy\" decoding=\"async\" width=\"800\" height=\"550\" src=\"https:\/\/harmonyhotel.cz\/wp-content\/uploads\/2024\/06\/Harmony-Hotel-Spindleruv-Mlyn-BUNKR-\u2013-protiatomovy-kryt-4-800x550.jpg\" alt=\"Harmony Hotel \u0160pindler\u016fv Ml\u00fdn - BUNKR \u2013 protiatomov\u00fd kryt 4\" class=\"wp-image-888 size-medium\" style=\"object-position:50% 50%\" srcset=\"https:\/\/harmonyhotel.cz\/wp-content\/uploads\/2024\/06\/Harmony-Hotel-Spindleruv-Mlyn-BUNKR-\u2013-protiatomovy-kryt-4-800x550.jpg 800w, https:\/\/harmonyhotel.cz\/wp-content\/uploads\/2024\/06\/Harmony-Hotel-Spindleruv-Mlyn-BUNKR-\u2013-protiatomovy-kryt-4.jpg 1526w\" sizes=\"auto, (max-width: 800px) 100vw, 800px\" \/><\/a><\/figure><div class=\"wp-block-media-text__content\">\n<p>P\u011bt nadzemn\u00edch podla\u017e\u00ed poskytuje krom\u011b mnoha pokoj\u016f i dvan\u00e1ctimetrov\u00fd baz\u00e9n, n\u011bkolik jednac\u00edch s\u00e1l\u016f a sal\u00f3nk\u016f, ale tak\u00e9 \u0159adu utajen\u00fdch chodeb a m\u00edstnost\u00ed nejen v podzem\u00ed. Nejni\u017e\u0161\u00ed patro se nach\u00e1z\u00ed 15,6 metru pod zem\u00ed, kryt od samotn\u00e9ho hotelu d\u011bl\u00ed dvoumetrov\u00e1 vrstva betonu. Do bunkru vede p\u011bt panc\u00e9\u0159ov\u00fdch dve\u0159\u00ed, kter\u00e9 by jej v p\u0159\u00edpad\u011b biologick\u00e9ho \u010di atomov\u00e9ho \u00fatoku hermeticky uzav\u0159ely. Z p\u016fvodn\u00edch m\u00edstnost\u00ed a chodeb bunkru se dnes dochovalo jen torzo. Velikost \u010dty\u0159patrov\u00e9ho podzemn\u00edho labyrintu p\u0159esn\u011b odpov\u00eddala kapacit\u011b hotelu. Pro dv\u011b st\u011b lid\u00ed projektanti navrhli lo\u017enici, kuchy\u0148 i kinos\u00e1l. Voj\u00e1ci tady m\u011bli kompletn\u00ed z\u00e1zem\u00ed, aby zde v p\u0159\u00edpad\u011b ohro\u017een\u00ed mohli n\u011bkolik t\u00fddn\u016f \u017e\u00edt a tak\u00e9 \u0159\u00eddit arm\u00e1dn\u00ed operace.<\/p>\n<\/div><\/div>\n\n\n\n<div class=\"wp-block-media-text has-media-on-the-right is-stacked-on-mobile is-image-fill-element\"><div class=\"wp-block-media-text__content\">\n<p>Origin\u00e1ln\u00ed je m\u00edstnost s o\u010distn\u00fdmi sprchami a vel\u00edn, odkud \u00fadr\u017eb\u00e1\u0159i st\u00e1le ovl\u00e1daj\u00ed vzduchotechniku, elektriku nebo \u00fapravnu vody. Stejn\u011b tak se dochoval pln\u011b funk\u010dn\u00ed dieselov\u00fd agreg\u00e1t, kter\u00fd ob\u010das i dnes p\u0159i v\u00fdpadc\u00edch proudu hotel dok\u00e1\u017ee z\u00e1sobovat elekt\u0159inou. Uk\u00e1zku tehdej\u0161\u00ed lo\u017enice si mohou n\u00e1v\u0161t\u011bvn\u00edci prohl\u00e9dnout v jin\u00e9 m\u00edstnosti. V prostor\u00e1ch st\u00e1vaj\u00edc\u00ed st\u0159elnice zase vedla \u00fanikov\u00e1 chodba sm\u011b\u0159uj\u00edc\u00ed k pl\u00e1novan\u00e9mu heliportu &#8211; na jeho m\u00edst\u011b nyn\u00ed stoj\u00ed haly s tenisov\u00fdmi kurty. Neexistuje u\u017e ani podzemn\u00ed nemocnice.<\/p>\n<\/div><figure class=\"wp-block-media-text__media\"><a href=\"https:\/\/harmonyhotel.cz\/wp-content\/uploads\/2024\/06\/Harmony-Hotel-Spindleruv-Mlyn-BUNKR-\u2013-protiatomovy-kryt-5.jpg\"><img loading=\"lazy\" decoding=\"async\" width=\"800\" height=\"550\" src=\"https:\/\/harmonyhotel.cz\/wp-content\/uploads\/2024\/06\/Harmony-Hotel-Spindleruv-Mlyn-BUNKR-\u2013-protiatomovy-kryt-5-800x550.jpg\" alt=\"Harmony Hotel \u0160pindler\u016fv Ml\u00fdn - BUNKR \u2013 protiatomov\u00fd kryt 5\" class=\"wp-image-887 size-medium\" style=\"object-position:50% 50%\" srcset=\"https:\/\/harmonyhotel.cz\/wp-content\/uploads\/2024\/06\/Harmony-Hotel-Spindleruv-Mlyn-BUNKR-\u2013-protiatomovy-kryt-5-800x550.jpg 800w, https:\/\/harmonyhotel.cz\/wp-content\/uploads\/2024\/06\/Harmony-Hotel-Spindleruv-Mlyn-BUNKR-\u2013-protiatomovy-kryt-5.jpg 1526w\" sizes=\"auto, (max-width: 800px) 100vw, 800px\" \/><\/a><\/figure><\/div>\n\n\n\n<div class=\"wp-block-media-text is-stacked-on-mobile is-image-fill-element\"><figure class=\"wp-block-media-text__media\"><a href=\"https:\/\/harmonyhotel.cz\/wp-content\/uploads\/2024\/06\/Harmony-Hotel-Spindleruv-Mlyn-BUNKR-\u2013-protiatomovy-kryt-6.jpg\"><img loading=\"lazy\" decoding=\"async\" width=\"800\" height=\"550\" src=\"https:\/\/harmonyhotel.cz\/wp-content\/uploads\/2024\/06\/Harmony-Hotel-Spindleruv-Mlyn-BUNKR-\u2013-protiatomovy-kryt-6-800x550.jpg\" alt=\"Harmony Hotel \u0160pindler\u016fv Ml\u00fdn - BUNKR \u2013 protiatomov\u00fd kryt 6\" class=\"wp-image-886 size-medium\" style=\"object-position:50% 50%\" srcset=\"https:\/\/harmonyhotel.cz\/wp-content\/uploads\/2024\/06\/Harmony-Hotel-Spindleruv-Mlyn-BUNKR-\u2013-protiatomovy-kryt-6-800x550.jpg 800w, https:\/\/harmonyhotel.cz\/wp-content\/uploads\/2024\/06\/Harmony-Hotel-Spindleruv-Mlyn-BUNKR-\u2013-protiatomovy-kryt-6.jpg 1526w\" sizes=\"auto, (max-width: 800px) 100vw, 800px\" \/><\/a><\/figure><div class=\"wp-block-media-text__content\">\n<p>Nejv\u011bt\u0161\u00ed chloubou podzem\u00ed je kinos\u00e1l pro dv\u011b st\u011b lid\u00ed. Krom\u011b prom\u00edt\u00e1n\u00ed byl ur\u010den\u00fd pro nouzov\u00e1 zased\u00e1n\u00ed velen\u00ed. P\u0159esto\u017ee vznikl t\u00e9m\u011b\u0159 p\u0159ed t\u0159iceti lety, komfortn\u00ed seda\u010dky a vybaven\u00ed by mohli z\u00e1vid\u011bt leckte\u0159\u00ed provozovatel\u00e9 sou\u010dasn\u00fdch kin.<\/p>\n<\/div><\/div>\n","protected":false},"excerpt":{"rendered":"<p>Harmony Bunker Exposition Historie hotelu je jedn\u00edm z nejutajovan\u011bj\u0161\u00edch projekt\u016f v \u010cesk\u00e9 republice. Nav\u0161tivte na\u0161e Muzeum a vra\u0165te se zp\u011bt do roku 1984&#8230; Otev\u0159eno denn\u011b&nbsp;14.00 \u2013 18.00 V roce 1984 se v prostor\u00e1ch b\u00fdval\u00e9 vojensk\u00e9 cvi\u010dn\u00e9 st\u0159elnice, ve svahu Medv\u011bd\u00edna za\u010dala stav\u011bt unik\u00e1tn\u00ed stavba \u2013 protiatomov\u00fd kryt pro 200 osob, navr\u017een jako \u201epracovi\u0161t\u011b vl\u00e1dy za [&hellip;]<\/p>\n","protected":false},"author":1,"featured_media":750,"parent":19,"menu_order":0,"comment_status":"closed","ping_status":"closed","template":"","meta":{"footnotes":""},"class_list":["post-783","page","type-page","status-publish","has-post-thumbnail","hentry"],"_links":{"self":[{"href":"https:\/\/harmonyhotel.cz\/cz\/wp-json\/wp\/v2\/pages\/783","targetHints":{"allow":["GET"]}}],"collection":[{"href":"https:\/\/harmonyhotel.cz\/cz\/wp-json\/wp\/v2\/pages"}],"about":[{"href":"https:\/\/harmonyhotel.cz\/cz\/wp-json\/wp\/v2\/types\/page"}],"author":[{"embeddable":true,"href":"https:\/\/harmonyhotel.cz\/cz\/wp-json\/wp\/v2\/users\/1"}],"replies":[{"embeddable":true,"href":"https:\/\/harmonyhotel.cz\/cz\/wp-json\/wp\/v2\/comments?post=783"}],"version-history":[{"count":3,"href":"https:\/\/harmonyhotel.cz\/cz\/wp-json\/wp\/v2\/pages\/783\/revisions"}],"predecessor-version":[{"id":1726,"href":"https:\/\/harmonyhotel.cz\/cz\/wp-json\/wp\/v2\/pages\/783\/revisions\/1726"}],"up":[{"embeddable":true,"href":"https:\/\/harmonyhotel.cz\/cz\/wp-json\/wp\/v2\/pages\/19"}],"wp:featuredmedia":[{"embeddable":true,"href":"https:\/\/harmonyhotel.cz\/cz\/wp-json\/wp\/v2\/media\/750"}],"wp:attachment":[{"href":"https:\/\/harmonyhotel.cz\/cz\/wp-json\/wp\/v2\/media?parent=783"}],"curies":[{"name":"wp","href":"https:\/\/api.w.org\/{rel}","templated":true}]}}