{"id":779,"date":"2024-06-13T22:31:28","date_gmt":"2024-06-13T20:31:28","guid":{"rendered":"https:\/\/harmonyhotel.cz\/?page_id=779"},"modified":"2024-06-14T01:43:55","modified_gmt":"2024-06-13T23:43:55","slug":"spindleruv-mlyn","status":"publish","type":"page","link":"https:\/\/harmonyhotel.cz\/cz\/aktivity\/spindleruv-mlyn\/","title":{"rendered":"\u0160pindler\u016fv Ml\u00fdn"},"content":{"rendered":"\n<div class=\"wp-block-media-text has-media-on-the-right is-stacked-on-mobile is-image-fill\"><div class=\"wp-block-media-text__content\">\n<p><strong>\u0160pindler\u016fv Ml\u00fdn<\/strong> je v\u00fdznamn\u00e9 turistick\u00e9 st\u0159edisko v Krkono\u0161\u00edch.<\/p>\n\n\n\n<p>Malebn\u00e9 centrum s turistickou atmosf\u00e9rou, v\u00fdznamn\u00e9 st\u0159edisko zimn\u00edch i letn\u00edch sport\u016f. M\u011bsto \u0160pindler\u016fv Ml\u00fdn m\u00e1 p\u0159ibli\u017en\u011b 1400 obyvatel a rozlohu 7690,91 ha. V n\u011bm\u010dine se m\u011bsto d\u0159\u00edve naz\u00fdvalo Spindlerm\u00fchle.<\/p>\n<\/div><figure class=\"wp-block-media-text__media\" style=\"background-image:url(https:\/\/harmonyhotel.cz\/wp-content\/uploads\/2024\/06\/Harmony-Hotel-Spindleruv-Mlyn-Spindleruv-Mlyn-1-800x533.jpg);background-position:50% 50%\"><a href=\"https:\/\/harmonyhotel.cz\/wp-content\/uploads\/2024\/06\/Harmony-Hotel-Spindleruv-Mlyn-Spindleruv-Mlyn-1.jpg\"><img loading=\"lazy\" decoding=\"async\" width=\"800\" height=\"533\" src=\"https:\/\/harmonyhotel.cz\/wp-content\/uploads\/2024\/06\/Harmony-Hotel-Spindleruv-Mlyn-Spindleruv-Mlyn-1-800x533.jpg\" alt=\"Harmony Hotel \u0160pindler\u016fv Ml\u00fdn - \u0160pindler\u016fv Ml\u00fdn 1\" class=\"wp-image-883 size-medium\" srcset=\"https:\/\/harmonyhotel.cz\/wp-content\/uploads\/2024\/06\/Harmony-Hotel-Spindleruv-Mlyn-Spindleruv-Mlyn-1-800x533.jpg 800w, https:\/\/harmonyhotel.cz\/wp-content\/uploads\/2024\/06\/Harmony-Hotel-Spindleruv-Mlyn-Spindleruv-Mlyn-1.jpg 1600w\" sizes=\"auto, (max-width: 800px) 100vw, 800px\" \/><\/a><\/figure><\/div>\n\n\n\n<div class=\"wp-block-media-text is-stacked-on-mobile is-image-fill\"><figure class=\"wp-block-media-text__media\" style=\"background-image:url(https:\/\/harmonyhotel.cz\/wp-content\/uploads\/2024\/06\/Harmony-Hotel-Spindleruv-Mlyn-Spindleruv-Mlyn-2-800x533.jpg);background-position:50% 50%\"><a href=\"https:\/\/harmonyhotel.cz\/wp-content\/uploads\/2024\/06\/Harmony-Hotel-Spindleruv-Mlyn-Spindleruv-Mlyn-2.jpg\"><img loading=\"lazy\" decoding=\"async\" width=\"800\" height=\"533\" src=\"https:\/\/harmonyhotel.cz\/wp-content\/uploads\/2024\/06\/Harmony-Hotel-Spindleruv-Mlyn-Spindleruv-Mlyn-2-800x533.jpg\" alt=\"Harmony Hotel \u0160pindler\u016fv Ml\u00fdn - \u0160pindler\u016fv Ml\u00fdn 2\" class=\"wp-image-882 size-medium\" srcset=\"https:\/\/harmonyhotel.cz\/wp-content\/uploads\/2024\/06\/Harmony-Hotel-Spindleruv-Mlyn-Spindleruv-Mlyn-2-800x533.jpg 800w, https:\/\/harmonyhotel.cz\/wp-content\/uploads\/2024\/06\/Harmony-Hotel-Spindleruv-Mlyn-Spindleruv-Mlyn-2.jpg 1600w\" sizes=\"auto, (max-width: 800px) 100vw, 800px\" \/><\/a><\/figure><div class=\"wp-block-media-text__content\">\n<p>\u0160pindler\u016fv Ml\u00fdn le\u017e\u00ed v nadmo\u0159sk\u00e9 v\u00fd\u0161ce 575 \u2013 1555 m v Krkono\u0161\u00edch . Nejvy\u0161\u0161\u00edm bodem obce je Lu\u010dn\u00ed hora \u2013 druh\u00e1 nejvy\u0161\u0161\u00ed hora \u010cesk\u00e9 republiky. Le\u017e\u00ed p\u0159i soutoku \u0159eky Labe a Dolsk\u00e9ho potoka.<\/p>\n<\/div><\/div>\n\n\n\n<div class=\"wp-block-media-text has-media-on-the-right is-stacked-on-mobile is-image-fill\"><div class=\"wp-block-media-text__content\">\n<p>M\u011bsto je jedn\u00edm z nejzn\u00e1m\u011bj\u0161\u00edch a nejnav\u0161t\u011bvovan\u011bj\u0161\u00edch st\u0159edisek zimn\u00edch sport\u016f v \u010cesk\u00e9 republice. L\u016f\u017ekov\u00e1 kapacita je kolem 20 tis\u00edc l\u016f\u017eek. \u0160pindler\u016fv Ml\u00fdn m\u00e1 ide\u00e1ln\u00ed podm\u00ednky pro zimn\u00ed sporty. Ly\u017ea\u0159sk\u00e9 a be\u017eeck\u00e9 trat\u011b jsou v provozu a\u017e 5 m\u011bs\u00edc\u016f v roce. Profesion\u00e1ln\u011b upravovan\u00e9 sjezdov\u00e9 trat\u011b r\u016fzn\u00e9ho druhu obt\u00ed\u017enosti jsou v celkov\u00e9 d\u00e9lce 25 km. Celkem 14 lanovek vlek\u016f zaji\u0161\u0165uj\u00ed p\u0159epravn\u00ed kapacitu 20 000 ly\u017ea\u0159\u016f za hodinu. S jedn\u00edm skipasem je mo\u017eno ly\u017eovat na v\u00edce jak 25 km upraven\u00fdch sjezdovk\u00e1ch na 4 r\u016fzn\u00fdch ly\u017ea\u0159sk\u00fdch resortech (Svat\u00fd Petr, Medv\u011bd\u00edn, Horn\u00ed M\u00edse\u010dky, Labsk\u00e1 ). V\u011bt\u0161ina sjezdovek je v p\u0159\u00edpad\u011b ni\u017e\u0161\u00ed sn\u011bhov\u00e9 pokr\u00fdvky um\u011ble zasn\u011b\u017eov\u00e1na.<\/p>\n<\/div><figure class=\"wp-block-media-text__media\" style=\"background-image:url(https:\/\/harmonyhotel.cz\/wp-content\/uploads\/2024\/06\/Harmony-Hotel-Spindleruv-Mlyn-Spindleruv-Mlyn-3-800x533.jpg);background-position:50% 50%\"><a href=\"https:\/\/harmonyhotel.cz\/wp-content\/uploads\/2024\/06\/Harmony-Hotel-Spindleruv-Mlyn-Spindleruv-Mlyn-3.jpg\"><img loading=\"lazy\" decoding=\"async\" width=\"800\" height=\"533\" src=\"https:\/\/harmonyhotel.cz\/wp-content\/uploads\/2024\/06\/Harmony-Hotel-Spindleruv-Mlyn-Spindleruv-Mlyn-3-800x533.jpg\" alt=\"Harmony Hotel \u0160pindler\u016fv Ml\u00fdn - \u0160pindler\u016fv Ml\u00fdn 3\" class=\"wp-image-881 size-medium\" srcset=\"https:\/\/harmonyhotel.cz\/wp-content\/uploads\/2024\/06\/Harmony-Hotel-Spindleruv-Mlyn-Spindleruv-Mlyn-3-800x533.jpg 800w, https:\/\/harmonyhotel.cz\/wp-content\/uploads\/2024\/06\/Harmony-Hotel-Spindleruv-Mlyn-Spindleruv-Mlyn-3.jpg 1600w\" sizes=\"auto, (max-width: 800px) 100vw, 800px\" \/><\/a><\/figure><\/div>\n\n\n\n<div class=\"wp-block-media-text is-stacked-on-mobile is-image-fill\"><figure class=\"wp-block-media-text__media\" style=\"background-image:url(https:\/\/harmonyhotel.cz\/wp-content\/uploads\/2024\/06\/Harmony-Hotel-Spindleruv-Mlyn-Spindleruv-Mlyn-4-800x533.jpg);background-position:50% 50%\"><a href=\"https:\/\/harmonyhotel.cz\/wp-content\/uploads\/2024\/06\/Harmony-Hotel-Spindleruv-Mlyn-Spindleruv-Mlyn-4.jpg\"><img loading=\"lazy\" decoding=\"async\" width=\"800\" height=\"533\" src=\"https:\/\/harmonyhotel.cz\/wp-content\/uploads\/2024\/06\/Harmony-Hotel-Spindleruv-Mlyn-Spindleruv-Mlyn-4-800x533.jpg\" alt=\"Harmony Hotel \u0160pindler\u016fv Ml\u00fdn - \u0160pindler\u016fv Ml\u00fdn 4\" class=\"wp-image-880 size-medium\" srcset=\"https:\/\/harmonyhotel.cz\/wp-content\/uploads\/2024\/06\/Harmony-Hotel-Spindleruv-Mlyn-Spindleruv-Mlyn-4-800x533.jpg 800w, https:\/\/harmonyhotel.cz\/wp-content\/uploads\/2024\/06\/Harmony-Hotel-Spindleruv-Mlyn-Spindleruv-Mlyn-4.jpg 1600w\" sizes=\"auto, (max-width: 800px) 100vw, 800px\" \/><\/a><\/figure><div class=\"wp-block-media-text__content\">\n<p>\u0160pindler\u016fv Ml\u00fdn nab\u00edz\u00ed mnoho atrakc\u00ed i v letn\u00ed sez\u00f3n\u011b. V letn\u00edch m\u011bs\u00edc\u00edch jsou ide\u00e1ln\u00ed podm\u00ednky pro p\u011b\u0161\u00ed turistiku a horsk\u00e1 kola.<\/p>\n\n\n\n<p>Kompletn\u00ed informace naleznete na ofici\u00e1ln\u00edm webu M\u011bsta \u0160pindler\u016fv Ml\u00fdn<\/p>\n\n\n\n<div class=\"wp-block-buttons is-layout-flex wp-block-buttons-is-layout-flex\">\n<div class=\"wp-block-button\"><a class=\"wp-block-button__link wp-element-button\" href=\"https:\/\/www.mestospindleruvmlyn.cz\/cs\/\" target=\"_blank\" rel=\"noreferrer noopener\">WWW.MESTOSPINDLERUVMLYN.CZ<\/a><\/div>\n<\/div>\n<\/div><\/div>\n","protected":false},"excerpt":{"rendered":"<p>\u0160pindler\u016fv Ml\u00fdn je v\u00fdznamn\u00e9 turistick\u00e9 st\u0159edisko v Krkono\u0161\u00edch. Malebn\u00e9 centrum s turistickou atmosf\u00e9rou, v\u00fdznamn\u00e9 st\u0159edisko zimn\u00edch i letn\u00edch sport\u016f. M\u011bsto \u0160pindler\u016fv Ml\u00fdn m\u00e1 p\u0159ibli\u017en\u011b 1400 obyvatel a rozlohu 7690,91 ha. V n\u011bm\u010dine se m\u011bsto d\u0159\u00edve naz\u00fdvalo Spindlerm\u00fchle. \u0160pindler\u016fv Ml\u00fdn le\u017e\u00ed v nadmo\u0159sk\u00e9 v\u00fd\u0161ce 575 \u2013 1555 m v Krkono\u0161\u00edch . Nejvy\u0161\u0161\u00edm bodem obce je Lu\u010dn\u00ed [&hellip;]<\/p>\n","protected":false},"author":1,"featured_media":741,"parent":19,"menu_order":0,"comment_status":"closed","ping_status":"closed","template":"","meta":{"footnotes":""},"class_list":["post-779","page","type-page","status-publish","has-post-thumbnail","hentry"],"_links":{"self":[{"href":"https:\/\/harmonyhotel.cz\/cz\/wp-json\/wp\/v2\/pages\/779","targetHints":{"allow":["GET"]}}],"collection":[{"href":"https:\/\/harmonyhotel.cz\/cz\/wp-json\/wp\/v2\/pages"}],"about":[{"href":"https:\/\/harmonyhotel.cz\/cz\/wp-json\/wp\/v2\/types\/page"}],"author":[{"embeddable":true,"href":"https:\/\/harmonyhotel.cz\/cz\/wp-json\/wp\/v2\/users\/1"}],"replies":[{"embeddable":true,"href":"https:\/\/harmonyhotel.cz\/cz\/wp-json\/wp\/v2\/comments?post=779"}],"version-history":[{"count":0,"href":"https:\/\/harmonyhotel.cz\/cz\/wp-json\/wp\/v2\/pages\/779\/revisions"}],"up":[{"embeddable":true,"href":"https:\/\/harmonyhotel.cz\/cz\/wp-json\/wp\/v2\/pages\/19"}],"wp:featuredmedia":[{"embeddable":true,"href":"https:\/\/harmonyhotel.cz\/cz\/wp-json\/wp\/v2\/media\/741"}],"wp:attachment":[{"href":"https:\/\/harmonyhotel.cz\/cz\/wp-json\/wp\/v2\/media?parent=779"}],"curies":[{"name":"wp","href":"https:\/\/api.w.org\/{rel}","templated":true}]}}