{"id":776,"date":"2024-06-13T22:31:09","date_gmt":"2024-06-13T20:31:09","guid":{"rendered":"https:\/\/harmonyhotel.cz\/?page_id=776"},"modified":"2026-02-18T16:33:29","modified_gmt":"2026-02-18T15:33:29","slug":"zima","status":"publish","type":"page","link":"https:\/\/harmonyhotel.cz\/cz\/aktivity\/zima\/","title":{"rendered":"Zima"},"content":{"rendered":"\n<div class=\"wp-block-media-text has-media-on-the-right is-stacked-on-mobile is-image-fill-element\"><div class=\"wp-block-media-text__content\">\n<h2 class=\"wp-block-heading\">Zimn\u00ed dovolen\u00e1<\/h2>\n\n\n\n<p>Hotel p\u0159\u00edmo na sjezdovce, pohodln\u00fd p\u0159\u00edstup ke sjezdovce, modern\u00ed ly\u017e\u00e1rna i p\u016fj\u010dovna ly\u017e\u00ed p\u0159\u00edmo na hotelu. Po ly\u017e\u00edch rovnou relax ve wellnessu a dob\u00edt energii kvalitn\u00edm j\u00eddlem a posezen\u00edm s p\u0159\u00e1teli.<\/p>\n<\/div><figure class=\"wp-block-media-text__media\"><a href=\"https:\/\/harmonyhotel.cz\/wp-content\/uploads\/2024\/06\/Zimni-dovolena-Harmony-Hotel-Spindleruv-Mlyn.jpg\"><img loading=\"lazy\" decoding=\"async\" width=\"800\" height=\"533\" src=\"https:\/\/harmonyhotel.cz\/wp-content\/uploads\/2024\/06\/Zimni-dovolena-Harmony-Hotel-Spindleruv-Mlyn-800x533.jpg\" alt=\"Zimn\u00ed dovolen\u00e1 - Harmony Hotel \u0160pindler\u016fv Ml\u00fdn\" class=\"wp-image-978 size-medium\" style=\"object-position:50% 50%\" srcset=\"https:\/\/harmonyhotel.cz\/wp-content\/uploads\/2024\/06\/Zimni-dovolena-Harmony-Hotel-Spindleruv-Mlyn-800x533.jpg 800w, https:\/\/harmonyhotel.cz\/wp-content\/uploads\/2024\/06\/Zimni-dovolena-Harmony-Hotel-Spindleruv-Mlyn-1600x1067.jpg 1600w, https:\/\/harmonyhotel.cz\/wp-content\/uploads\/2024\/06\/Zimni-dovolena-Harmony-Hotel-Spindleruv-Mlyn.jpg 1620w\" sizes=\"auto, (max-width: 800px) 100vw, 800px\" \/><\/a><\/figure><\/div>\n\n\n\n<div class=\"wp-block-media-text is-stacked-on-mobile is-image-fill-element\"><figure class=\"wp-block-media-text__media\"><a href=\"https:\/\/harmonyhotel.cz\/wp-content\/uploads\/2024\/06\/Lyzovani-a-zimni-sporty-Harmony-Hotel-Spindleruv-Mlyn.jpg\"><img loading=\"lazy\" decoding=\"async\" width=\"800\" height=\"533\" src=\"https:\/\/harmonyhotel.cz\/wp-content\/uploads\/2024\/06\/Lyzovani-a-zimni-sporty-Harmony-Hotel-Spindleruv-Mlyn-800x533.jpg\" alt=\"Ly\u017eov\u00e1n\u00ed a zimn\u00ed sporty - Harmony Hotel \u0160pindler\u016fv Ml\u00fdn\" class=\"wp-image-977 size-medium\" style=\"object-position:50% 50%\" srcset=\"https:\/\/harmonyhotel.cz\/wp-content\/uploads\/2024\/06\/Lyzovani-a-zimni-sporty-Harmony-Hotel-Spindleruv-Mlyn-800x533.jpg 800w, https:\/\/harmonyhotel.cz\/wp-content\/uploads\/2024\/06\/Lyzovani-a-zimni-sporty-Harmony-Hotel-Spindleruv-Mlyn-1600x1067.jpg 1600w, https:\/\/harmonyhotel.cz\/wp-content\/uploads\/2024\/06\/Lyzovani-a-zimni-sporty-Harmony-Hotel-Spindleruv-Mlyn.jpg 1620w\" sizes=\"auto, (max-width: 800px) 100vw, 800px\" \/><\/a><\/figure><div class=\"wp-block-media-text__content\">\n<h2 class=\"wp-block-heading\">Ly\u017eov\u00e1n\u00ed a zimn\u00ed sporty<\/h2>\n\n\n\n<p>Harmony Hotel **** m\u00e1 v Krkono\u0161\u00edch velmi v\u00fdjime\u010dnou polohu.<\/p>\n\n\n\n<p>Le\u017e\u00ed na \u00fapat\u00ed skiare\u00e1lu Medv\u011bd\u00edn ve \u0160pindlerov\u011b Ml\u00fdn\u011b a na ly\u017e\u00edch lze prakticky dojet a\u017e do hotelu.<\/p>\n<\/div><\/div>\n\n\n\n<div class=\"wp-block-media-text has-media-on-the-right is-stacked-on-mobile is-image-fill-element\"><div class=\"wp-block-media-text__content\">\n<h2 class=\"wp-block-heading\">Hotelov\u00fd vlek<\/h2>\n\n\n\n<p>V pr\u016fb\u011bhu zimn\u00ed sezony je u hotelu vlek s malou sjezdovkou slou\u017e\u00edc\u00ed p\u0159edev\u0161\u00edm pro za\u010d\u00ednaj\u00edc\u00ed ly\u017ea\u0159e.<\/p>\n\n\n\n<p>Tento vl\u00ed\u010dek u hotelu je zcela gratis pro d\u011bti do 6 let.<\/p>\n\n\n\n<p>D\u00edky p\u0159ibli\u017eovac\u00edmu vleku jste na hlavn\u00ed modr\u00e9 sjezdovce skiare\u00e1lu Medv\u011bd\u00edn do 5 minut.<\/p>\n\n\n\n<div class=\"wp-block-buttons is-layout-flex wp-block-buttons-is-layout-flex\">\n<div class=\"wp-block-button\"><a class=\"wp-block-button__link wp-element-button\" href=\"https:\/\/harmonyhotel.cz\/aktivity\/detsky-vlek-magic-carpet\/\">V\u00edce o vleku<\/a><\/div>\n<\/div>\n<\/div><figure class=\"wp-block-media-text__media\"><a href=\"https:\/\/harmonyhotel.cz\/wp-content\/uploads\/2026\/02\/260106_0521-Panorama-scaled.jpg\"><img loading=\"lazy\" decoding=\"async\" width=\"1600\" height=\"769\" src=\"https:\/\/harmonyhotel.cz\/wp-content\/uploads\/2026\/02\/260106_0521-Panorama-1600x769.jpg\" alt=\"\" class=\"wp-image-2327 size-medium\" style=\"object-position:50% 50%\" srcset=\"https:\/\/harmonyhotel.cz\/wp-content\/uploads\/2026\/02\/260106_0521-Panorama-1600x769.jpg 1600w, https:\/\/harmonyhotel.cz\/wp-content\/uploads\/2026\/02\/260106_0521-Panorama-800x384.jpg 800w, https:\/\/harmonyhotel.cz\/wp-content\/uploads\/2026\/02\/260106_0521-Panorama-18x9.jpg 18w\" sizes=\"auto, (max-width: 1600px) 100vw, 1600px\" \/><\/a><\/figure><\/div>\n\n\n\n<div class=\"wp-block-media-text is-stacked-on-mobile is-image-fill-element\"><figure class=\"wp-block-media-text__media\"><a href=\"https:\/\/harmonyhotel.cz\/wp-content\/uploads\/2024\/06\/Skiareal-Harmony-Hotel-Spindleruv-Mlyn.jpg\"><img loading=\"lazy\" decoding=\"async\" width=\"800\" height=\"533\" src=\"https:\/\/harmonyhotel.cz\/wp-content\/uploads\/2024\/06\/Skiareal-Harmony-Hotel-Spindleruv-Mlyn-800x533.jpg\" alt=\"Skiare\u00e1l - Harmony Hotel \u0160pindler\u016fv Ml\u00fdn\" class=\"wp-image-975 size-medium\" style=\"object-position:50% 50%\" srcset=\"https:\/\/harmonyhotel.cz\/wp-content\/uploads\/2024\/06\/Skiareal-Harmony-Hotel-Spindleruv-Mlyn-800x533.jpg 800w, https:\/\/harmonyhotel.cz\/wp-content\/uploads\/2024\/06\/Skiareal-Harmony-Hotel-Spindleruv-Mlyn-1600x1067.jpg 1600w, https:\/\/harmonyhotel.cz\/wp-content\/uploads\/2024\/06\/Skiareal-Harmony-Hotel-Spindleruv-Mlyn.jpg 1620w\" sizes=\"auto, (max-width: 800px) 100vw, 800px\" \/><\/a><\/figure><div class=\"wp-block-media-text__content\">\n<h2 class=\"wp-block-heading\">Skiare\u00e1l<\/h2>\n\n\n\n<p>Permanentka, kter\u00e1 je platn\u00e1 pro cel\u00fd skiare\u00e1l \u0160pindler\u016fv Ml\u00fdn lze uplatnit i na na\u0161em vl\u00ed\u010dku \u010di je mo\u017enost zakoupen\u00ed pouze lok\u00e1ln\u00edho j\u00edzdn\u00e9ho \u2013 ceny j\u00edzdn\u00e9ho jsou na webu skiare\u00e1lu.<\/p>\n\n\n\n<div class=\"wp-block-buttons is-layout-flex wp-block-buttons-is-layout-flex\">\n<div class=\"wp-block-button\"><a class=\"wp-block-button__link wp-element-button\" href=\"https:\/\/www.skiareal.cz\/\" target=\"_blank\" rel=\"noreferrer noopener\">Skiareal.cz<\/a><\/div>\n<\/div>\n<\/div><\/div>\n\n\n\n<div class=\"wp-block-media-text has-media-on-the-right is-stacked-on-mobile is-image-fill-element\"><div class=\"wp-block-media-text__content\">\n<h2 class=\"wp-block-heading\">Ly\u017ea\u0159sk\u00e1 \u0161kola<\/h2>\n\n\n\n<p>P\u0159\u00edmo na hotelu funguje ly\u017ea\u0159sk\u00e1 \u0161kola Skolmax \u2013 zaji\u0161tuj\u00edc\u00ed skupinou i priv\u00e1tn\u00ed v\u00fduku pro v\u0161echny v\u011bkov\u00e9 skupiny.<\/p>\n\n\n\n<div class=\"wp-block-buttons is-layout-flex wp-block-buttons-is-layout-flex\">\n<div class=\"wp-block-button\"><a class=\"wp-block-button__link wp-element-button\" href=\"https:\/\/www.skiareal.cz\/skola-pujcovna\/lyzarska-skola-skol-max\/lyzarske-kluby-skol-maxu\" target=\"_blank\" rel=\"noreferrer noopener\">Skolmax.cz<\/a><\/div>\n<\/div>\n<\/div><figure class=\"wp-block-media-text__media\"><a href=\"https:\/\/harmonyhotel.cz\/wp-content\/uploads\/2024\/06\/Lyzarska-skola-Harmony-Hotel-Spindleruv-Mlyn.jpg\"><img loading=\"lazy\" decoding=\"async\" width=\"800\" height=\"533\" src=\"https:\/\/harmonyhotel.cz\/wp-content\/uploads\/2024\/06\/Lyzarska-skola-Harmony-Hotel-Spindleruv-Mlyn-800x533.jpg\" alt=\"Ly\u017ea\u0159sk\u00e1 \u0161kola - Harmony Hotel \u0160pindler\u016fv Ml\u00fdn\" class=\"wp-image-974 size-medium\" style=\"object-position:50% 50%\" srcset=\"https:\/\/harmonyhotel.cz\/wp-content\/uploads\/2024\/06\/Lyzarska-skola-Harmony-Hotel-Spindleruv-Mlyn-800x533.jpg 800w, https:\/\/harmonyhotel.cz\/wp-content\/uploads\/2024\/06\/Lyzarska-skola-Harmony-Hotel-Spindleruv-Mlyn-1600x1067.jpg 1600w, https:\/\/harmonyhotel.cz\/wp-content\/uploads\/2024\/06\/Lyzarska-skola-Harmony-Hotel-Spindleruv-Mlyn.jpg 1620w\" sizes=\"auto, (max-width: 800px) 100vw, 800px\" \/><\/a><\/figure><\/div>\n\n\n\n<div class=\"wp-block-media-text is-stacked-on-mobile is-image-fill-element\"><figure class=\"wp-block-media-text__media\"><a href=\"https:\/\/harmonyhotel.cz\/wp-content\/uploads\/2024\/06\/Harmony-Hotel-Spindleruv-Mlyn-Detsky-vlek-Magic-carpet-3.jpg\"><img loading=\"lazy\" decoding=\"async\" width=\"800\" height=\"800\" src=\"https:\/\/harmonyhotel.cz\/wp-content\/uploads\/2024\/06\/Harmony-Hotel-Spindleruv-Mlyn-Detsky-vlek-Magic-carpet-3-800x800.jpg\" alt=\"Harmony Hotel \u0160pindler\u016fv Ml\u00fdn - D\u011btsk\u00fd vlek &amp; Magic carpet 3\" class=\"wp-image-794 size-medium\" style=\"object-position:50% 50%\" srcset=\"https:\/\/harmonyhotel.cz\/wp-content\/uploads\/2024\/06\/Harmony-Hotel-Spindleruv-Mlyn-Detsky-vlek-Magic-carpet-3-800x800.jpg 800w, https:\/\/harmonyhotel.cz\/wp-content\/uploads\/2024\/06\/Harmony-Hotel-Spindleruv-Mlyn-Detsky-vlek-Magic-carpet-3-200x200.jpg 200w, https:\/\/harmonyhotel.cz\/wp-content\/uploads\/2024\/06\/Harmony-Hotel-Spindleruv-Mlyn-Detsky-vlek-Magic-carpet-3.jpg 1080w\" sizes=\"auto, (max-width: 800px) 100vw, 800px\" \/><\/a><\/figure><div class=\"wp-block-media-text__content\">\n<h2 class=\"wp-block-heading\">Magic carpet<\/h2>\n\n\n\n<p>Pohybliv\u00fd kobercov\u00fd vlek, kter\u00fdm vybavila malou sjezdovku za hotelem spole\u010dnost SKOLMAX, tak\u017ee se i ti nejmen\u0161\u00ed ly\u017ea\u0159i mohou t\u011b\u0161it a pohodlnou j\u00edzdu nahoru.<\/p>\n\n\n\n<p>V\u017edy pouze v r\u00e1mci v\u00fduky ly\u017ea\u0159sk\u00e9 \u0161koly.<\/p>\n\n\n\n<div class=\"wp-block-buttons is-layout-flex wp-block-buttons-is-layout-flex\">\n<div class=\"wp-block-button\"><a class=\"wp-block-button__link wp-element-button\" href=\"https:\/\/harmonyhotel.cz\/aktivity\/detsky-vlek-magic-carpet\/\">V\u00edce o vleku<\/a><\/div>\n<\/div>\n<\/div><\/div>\n\n\n\n<div class=\"wp-block-media-text has-media-on-the-right is-stacked-on-mobile is-image-fill-element\"><div class=\"wp-block-media-text__content\">\n<h2 class=\"wp-block-heading\">Ob\u010derstven\u00ed<\/h2>\n\n\n\n<p class=\"has-text-align-left\">Stoj\u00ed zde i mal\u00e9 stravovadlo, kde m\u016f\u017eete zahnat men\u0161\u00ed hlad a m\u016f\u017eete se d\u00e1l v\u011bnovat ly\u017e\u00edm \u010di snowboardu.<\/p>\n<\/div><figure class=\"wp-block-media-text__media\"><a href=\"https:\/\/harmonyhotel.cz\/wp-content\/uploads\/2024\/06\/APRES-SKI-pro-dospele-i-deti-Harmony-Hotel-Spindleruv-Mlyn.jpg\"><img loading=\"lazy\" decoding=\"async\" width=\"1600\" height=\"900\" src=\"https:\/\/harmonyhotel.cz\/wp-content\/uploads\/2024\/06\/APRES-SKI-pro-dospele-i-deti-Harmony-Hotel-Spindleruv-Mlyn-1600x900.jpg\" alt=\"APR\u00c9S SKI pro dosp\u011bl\u00e9 i d\u011bti - Harmony Hotel \u0160pindler\u016fv Ml\u00fdn\" class=\"wp-image-971 size-medium\" style=\"object-position:50% 50%\" srcset=\"https:\/\/harmonyhotel.cz\/wp-content\/uploads\/2024\/06\/APRES-SKI-pro-dospele-i-deti-Harmony-Hotel-Spindleruv-Mlyn-1600x900.jpg 1600w, https:\/\/harmonyhotel.cz\/wp-content\/uploads\/2024\/06\/APRES-SKI-pro-dospele-i-deti-Harmony-Hotel-Spindleruv-Mlyn-800x450.jpg 800w, https:\/\/harmonyhotel.cz\/wp-content\/uploads\/2024\/06\/APRES-SKI-pro-dospele-i-deti-Harmony-Hotel-Spindleruv-Mlyn.jpg 1920w\" sizes=\"auto, (max-width: 1600px) 100vw, 1600px\" \/><\/a><\/figure><\/div>\n\n\n\n<div class=\"wp-block-media-text is-stacked-on-mobile is-image-fill-element\"><figure class=\"wp-block-media-text__media\"><a href=\"https:\/\/harmonyhotel.cz\/wp-content\/uploads\/2024\/06\/Harmony-Hotel-Spindleruv-Mlyn-Skipasy-a-skiareal-2.jpg\"><img loading=\"lazy\" decoding=\"async\" width=\"800\" height=\"533\" src=\"https:\/\/harmonyhotel.cz\/wp-content\/uploads\/2024\/06\/Harmony-Hotel-Spindleruv-Mlyn-Skipasy-a-skiareal-2-800x533.jpg\" alt=\"Harmony Hotel \u0160pindler\u016fv Ml\u00fdn - Skipasy a skiare\u00e1l 2\" class=\"wp-image-790 size-medium\" style=\"object-position:50% 50%\" srcset=\"https:\/\/harmonyhotel.cz\/wp-content\/uploads\/2024\/06\/Harmony-Hotel-Spindleruv-Mlyn-Skipasy-a-skiareal-2-800x533.jpg 800w, https:\/\/harmonyhotel.cz\/wp-content\/uploads\/2024\/06\/Harmony-Hotel-Spindleruv-Mlyn-Skipasy-a-skiareal-2-1600x1067.jpg 1600w, https:\/\/harmonyhotel.cz\/wp-content\/uploads\/2024\/06\/Harmony-Hotel-Spindleruv-Mlyn-Skipasy-a-skiareal-2.jpg 1620w\" sizes=\"auto, (max-width: 800px) 100vw, 800px\" \/><\/a><\/figure><div class=\"wp-block-media-text__content\">\n<p>Kdy\u017e se p\u0159ece jen rozhodnete vyu\u017e\u00edt ly\u017ea\u0159sk\u00e9 sjezdov\u00e9 trat\u011b na prot\u011bj\u0161\u00edm skiare\u00e1lu Sv. Petr \u2013 ze vyu\u017e\u00edt bezplatn\u00fd SKIBUS zaji\u0161\u0165uj\u00edc\u00ed pravidenou p\u0159epravu host\u016f, jeho\u017e zast\u00e1vka je v bezprost\u0159edn\u00ed bl\u00edzkosti hotelu.<\/p>\n\n\n\n<p>Nebo se lze p\u0159esunout vlastn\u00edm autem na parkovi\u0161t\u011b P1 HROMOVKA, kter\u00e9 je v obdob\u00ed zimn\u00ed sezony zdarma a pomoc\u00ed seda\u010dkov\u00e9 lanovky na Hromovce se dostanete nov\u00fdm propojen\u00edm a\u017e do Sv. Petra.<\/p>\n<\/div><\/div>\n\n\n\n<div class=\"wp-block-media-text has-media-on-the-right is-stacked-on-mobile is-image-fill-element\"><div class=\"wp-block-media-text__content\">\n<h2 class=\"wp-block-heading\">S\u00e1\u0148ka\u0159sk\u00e1 dr\u00e1ha<\/h2>\n\n\n\n<p><strong>DOPORU\u010cUJEME:<\/strong>&nbsp;3 km dlouhou s\u00e1\u0148ka\u0159skou dr\u00e1hu<\/p>\n\n\n\n<div class=\"wp-block-buttons is-layout-flex wp-block-buttons-is-layout-flex\">\n<div class=\"wp-block-button\"><a class=\"wp-block-button__link wp-element-button\" href=\"https:\/\/www.sankarska-draha.cz\/\" target=\"_blank\" rel=\"noreferrer noopener\">Sankarska-draha.cz<\/a><\/div>\n<\/div>\n<\/div><figure class=\"wp-block-media-text__media\"><a href=\"https:\/\/harmonyhotel.cz\/wp-content\/uploads\/2024\/06\/Sankarska-draha-Harmony-Hotel-Spindleruv-Mlyn.jpg\"><img loading=\"lazy\" decoding=\"async\" width=\"800\" height=\"600\" src=\"https:\/\/harmonyhotel.cz\/wp-content\/uploads\/2024\/06\/Sankarska-draha-Harmony-Hotel-Spindleruv-Mlyn-800x600.jpg\" alt=\"S\u00e1\u0148ka\u0159sk\u00e1 dr\u00e1ha - Harmony Hotel \u0160pindler\u016fv Ml\u00fdn\" class=\"wp-image-969 size-medium\" style=\"object-position:50% 50%\" srcset=\"https:\/\/harmonyhotel.cz\/wp-content\/uploads\/2024\/06\/Sankarska-draha-Harmony-Hotel-Spindleruv-Mlyn-800x600.jpg 800w, https:\/\/harmonyhotel.cz\/wp-content\/uploads\/2024\/06\/Sankarska-draha-Harmony-Hotel-Spindleruv-Mlyn.jpg 1024w\" sizes=\"auto, (max-width: 800px) 100vw, 800px\" \/><\/a><\/figure><\/div>\n\n\n\n<div class=\"wp-block-media-text is-stacked-on-mobile is-image-fill-element\"><figure class=\"wp-block-media-text__media\"><a href=\"https:\/\/harmonyhotel.cz\/wp-content\/uploads\/2024\/06\/Harmony-Hotel-Spindleruv-Mlyn-Pujcovna-a-uschovna-lyzi-a-kol-2-scaled.jpg\"><img loading=\"lazy\" decoding=\"async\" width=\"800\" height=\"533\" src=\"https:\/\/harmonyhotel.cz\/wp-content\/uploads\/2024\/06\/Harmony-Hotel-Spindleruv-Mlyn-Pujcovna-a-uschovna-lyzi-a-kol-2-800x533.jpg\" alt=\"Harmony Hotel \u0160pindler\u016fv Ml\u00fdn - P\u016fj\u010dovna a \u00faschovna ly\u017e\u00ed a kol 2\" class=\"wp-image-800 size-medium\" style=\"object-position:50% 50%\" srcset=\"https:\/\/harmonyhotel.cz\/wp-content\/uploads\/2024\/06\/Harmony-Hotel-Spindleruv-Mlyn-Pujcovna-a-uschovna-lyzi-a-kol-2-800x533.jpg 800w, https:\/\/harmonyhotel.cz\/wp-content\/uploads\/2024\/06\/Harmony-Hotel-Spindleruv-Mlyn-Pujcovna-a-uschovna-lyzi-a-kol-2-1600x1066.jpg 1600w\" sizes=\"auto, (max-width: 800px) 100vw, 800px\" \/><\/a><\/figure><div class=\"wp-block-media-text__content\">\n<h2 class=\"wp-block-heading\">Harmony ski rental<\/h2>\n\n\n\n<p>V hotelu je t\u00e9\u017e pln\u011b fuk\u010dn\u00ed ly\u017e\u00e1rna a p\u016fj\u010dovna ly\u017e\u00ed \u010di snowboard\u016f.<\/p>\n\n\n\n<div class=\"wp-block-buttons is-layout-flex wp-block-buttons-is-layout-flex\">\n<div class=\"wp-block-button\"><a class=\"wp-block-button__link wp-element-button\" href=\"https:\/\/pujcovna.harmonyhotel.cz\/rezervace?_gl=1*1gv7df3*_gcl_aw*R0NMLjE3NjA5NTYyMDIuRUFJYUlRb2JDaE1Jbk9fUnNwbThpd01WTGFPREJ4M3BtUldXRUFBWUFTQUFFZ0s0enZEX0J3RQ..*_gcl_au*MTg0NTYzODgzOC4xNzYzMDIxODU3*_ga*MzU0NDI2ODQzLjE3Mzc2MzM0OTY.*_ga_N2V8QSPJ5S*czE3NjM0NTg1OTYkbzE4OCRnMSR0MTc2MzQ2MDExNCRqMiRsMCRoMTQxMDczMDE2\">P\u016fj\u010dovna \/ Ly\u017e\u00e1rna<\/a><\/div>\n<\/div>\n<\/div><\/div>\n\n\n\n<p><\/p>\n","protected":false},"excerpt":{"rendered":"<p>Zimn\u00ed dovolen\u00e1 Hotel p\u0159\u00edmo na sjezdovce, pohodln\u00fd p\u0159\u00edstup ke sjezdovce, modern\u00ed ly\u017e\u00e1rna i p\u016fj\u010dovna ly\u017e\u00ed p\u0159\u00edmo na hotelu. Po ly\u017e\u00edch rovnou relax ve wellnessu a dob\u00edt energii kvalitn\u00edm j\u00eddlem a posezen\u00edm s p\u0159\u00e1teli. Ly\u017eov\u00e1n\u00ed a zimn\u00ed sporty Harmony Hotel **** m\u00e1 v Krkono\u0161\u00edch velmi v\u00fdjime\u010dnou polohu. Le\u017e\u00ed na \u00fapat\u00ed skiare\u00e1lu Medv\u011bd\u00edn ve \u0160pindlerov\u011b Ml\u00fdn\u011b a [&hellip;]<\/p>\n","protected":false},"author":1,"featured_media":742,"parent":19,"menu_order":0,"comment_status":"closed","ping_status":"closed","template":"","meta":{"footnotes":""},"class_list":["post-776","page","type-page","status-publish","has-post-thumbnail","hentry"],"_links":{"self":[{"href":"https:\/\/harmonyhotel.cz\/cz\/wp-json\/wp\/v2\/pages\/776","targetHints":{"allow":["GET"]}}],"collection":[{"href":"https:\/\/harmonyhotel.cz\/cz\/wp-json\/wp\/v2\/pages"}],"about":[{"href":"https:\/\/harmonyhotel.cz\/cz\/wp-json\/wp\/v2\/types\/page"}],"author":[{"embeddable":true,"href":"https:\/\/harmonyhotel.cz\/cz\/wp-json\/wp\/v2\/users\/1"}],"replies":[{"embeddable":true,"href":"https:\/\/harmonyhotel.cz\/cz\/wp-json\/wp\/v2\/comments?post=776"}],"version-history":[{"count":9,"href":"https:\/\/harmonyhotel.cz\/cz\/wp-json\/wp\/v2\/pages\/776\/revisions"}],"predecessor-version":[{"id":2335,"href":"https:\/\/harmonyhotel.cz\/cz\/wp-json\/wp\/v2\/pages\/776\/revisions\/2335"}],"up":[{"embeddable":true,"href":"https:\/\/harmonyhotel.cz\/cz\/wp-json\/wp\/v2\/pages\/19"}],"wp:featuredmedia":[{"embeddable":true,"href":"https:\/\/harmonyhotel.cz\/cz\/wp-json\/wp\/v2\/media\/742"}],"wp:attachment":[{"href":"https:\/\/harmonyhotel.cz\/cz\/wp-json\/wp\/v2\/media?parent=776"}],"curies":[{"name":"wp","href":"https:\/\/api.w.org\/{rel}","templated":true}]}}