{"id":774,"date":"2024-06-13T22:30:54","date_gmt":"2024-06-13T20:30:54","guid":{"rendered":"https:\/\/harmonyhotel.cz\/?page_id=774"},"modified":"2024-09-24T00:13:05","modified_gmt":"2024-09-23T22:13:05","slug":"leto","status":"publish","type":"page","link":"https:\/\/harmonyhotel.cz\/cz\/aktivity\/leto\/","title":{"rendered":"L\u00e9to"},"content":{"rendered":"\n<div class=\"wp-block-media-text has-media-on-the-right is-stacked-on-mobile is-image-fill\"><div class=\"wp-block-media-text__content\">\n<p>L\u00e9to na hor\u00e1ch je super, sv\u011b\u017e\u00ed vzduch krkono\u0161sk\u00e9 p\u0159\u00edrody a nav\u00edc j\u00edzdu lanovkou nahoru i dol\u016f za ka\u017edou noc str\u00e1venou na hotelu.<\/p>\n<\/div><figure class=\"wp-block-media-text__media\" style=\"background-image:url(https:\/\/harmonyhotel.cz\/wp-content\/uploads\/2024\/06\/Harmony-Hotel-Spindleruv-Mlyn-Letni-dovolena-3-800x600.jpg);background-position:50% 50%\"><a href=\"https:\/\/harmonyhotel.cz\/wp-content\/uploads\/2024\/06\/Harmony-Hotel-Spindleruv-Mlyn-Letni-dovolena-3.jpg\"><img loading=\"lazy\" decoding=\"async\" width=\"800\" height=\"600\" src=\"https:\/\/harmonyhotel.cz\/wp-content\/uploads\/2024\/06\/Harmony-Hotel-Spindleruv-Mlyn-Letni-dovolena-3-800x600.jpg\" alt=\"Harmony Hotel \u0160pindler\u016fv Ml\u00fdn -Letn\u00ed dovolen\u00e1 3\" class=\"wp-image-877 size-medium\" srcset=\"https:\/\/harmonyhotel.cz\/wp-content\/uploads\/2024\/06\/Harmony-Hotel-Spindleruv-Mlyn-Letni-dovolena-3-800x600.jpg 800w, https:\/\/harmonyhotel.cz\/wp-content\/uploads\/2024\/06\/Harmony-Hotel-Spindleruv-Mlyn-Letni-dovolena-3.jpg 1440w\" sizes=\"auto, (max-width: 800px) 100vw, 800px\" \/><\/a><\/figure><\/div>\n\n\n\n<div class=\"wp-block-media-text is-stacked-on-mobile is-image-fill\"><figure class=\"wp-block-media-text__media\" style=\"background-image:url(https:\/\/harmonyhotel.cz\/wp-content\/uploads\/2024\/06\/Harmony-Hotel-Spindleruv-Mlyn-Letni-dovolena-1-800x533.jpg);background-position:50% 50%\"><a href=\"https:\/\/harmonyhotel.cz\/wp-content\/uploads\/2024\/06\/Harmony-Hotel-Spindleruv-Mlyn-Letni-dovolena-1.jpg\"><img loading=\"lazy\" decoding=\"async\" width=\"800\" height=\"533\" src=\"https:\/\/harmonyhotel.cz\/wp-content\/uploads\/2024\/06\/Harmony-Hotel-Spindleruv-Mlyn-Letni-dovolena-1-800x533.jpg\" alt=\"Harmony Hotel \u0160pindler\u016fv Ml\u00fdn -Letn\u00ed dovolen\u00e1 1\" class=\"wp-image-876 size-medium\" srcset=\"https:\/\/harmonyhotel.cz\/wp-content\/uploads\/2024\/06\/Harmony-Hotel-Spindleruv-Mlyn-Letni-dovolena-1-800x533.jpg 800w, https:\/\/harmonyhotel.cz\/wp-content\/uploads\/2024\/06\/Harmony-Hotel-Spindleruv-Mlyn-Letni-dovolena-1.jpg 1600w\" sizes=\"auto, (max-width: 800px) 100vw, 800px\" \/><\/a><\/figure><div class=\"wp-block-media-text__content\">\n<h2 class=\"wp-block-heading\">Jaro, l\u00e9to \u010di podzim na hor\u00e1ch<\/h2>\n\n\n\n<p><strong>Dovolen\u00e1 pro \u0160pindler\u016fv Ml\u00fdn<\/strong>&nbsp;v mimo sezonn\u00edm obdob\u00ed (jaro, l\u00e9to, podzim) nab\u00edz\u00ed r\u016fznorod\u00e9 aktivity pro celou rodinu nebo prostor \u00fanik z velkom\u011bsta na \u010derstv\u00fd vzduch za kr\u00e1snou turistikou Krkono\u0161.<\/p>\n<\/div><\/div>\n\n\n\n<div class=\"wp-block-media-text has-media-on-the-right is-stacked-on-mobile is-image-fill\"><div class=\"wp-block-media-text__content\">\n<p>V \u010dervenci a v srpnu, kdy tak\u00e9 prob\u00edh\u00e1 na hotelu anima\u010dn\u00ed program (5 x t\u00fddn\u011b) a tak je o z\u00e1bavu na hotelu postar\u00e1no.<\/p>\n<\/div><figure class=\"wp-block-media-text__media\" style=\"background-image:url(https:\/\/harmonyhotel.cz\/wp-content\/uploads\/2024\/06\/Harmony-Hotel-Spindleruv-Mlyn-Letni-dovolena-2-800x534.jpg);background-position:50% 50%\"><a href=\"https:\/\/harmonyhotel.cz\/wp-content\/uploads\/2024\/06\/Harmony-Hotel-Spindleruv-Mlyn-Letni-dovolena-2.jpg\"><img loading=\"lazy\" decoding=\"async\" width=\"800\" height=\"534\" src=\"https:\/\/harmonyhotel.cz\/wp-content\/uploads\/2024\/06\/Harmony-Hotel-Spindleruv-Mlyn-Letni-dovolena-2-800x534.jpg\" alt=\"Harmony Hotel \u0160pindler\u016fv Ml\u00fdn -Letn\u00ed dovolen\u00e1 2\" class=\"wp-image-875 size-medium\" srcset=\"https:\/\/harmonyhotel.cz\/wp-content\/uploads\/2024\/06\/Harmony-Hotel-Spindleruv-Mlyn-Letni-dovolena-2-800x534.jpg 800w, https:\/\/harmonyhotel.cz\/wp-content\/uploads\/2024\/06\/Harmony-Hotel-Spindleruv-Mlyn-Letni-dovolena-2-1600x1068.jpg 1600w, https:\/\/harmonyhotel.cz\/wp-content\/uploads\/2024\/06\/Harmony-Hotel-Spindleruv-Mlyn-Letni-dovolena-2.jpg 1618w\" sizes=\"auto, (max-width: 800px) 100vw, 800px\" \/><\/a><\/figure><\/div>\n\n\n\n<div class=\"wp-block-media-text is-stacked-on-mobile is-image-fill\"><figure class=\"wp-block-media-text__media\" style=\"background-image:url(https:\/\/harmonyhotel.cz\/wp-content\/uploads\/2024\/06\/Harmony-Hotel-Spindleruv-Mlyn-Pesi-turistika-1-800x533.jpg);background-position:50% 50%\"><a href=\"https:\/\/harmonyhotel.cz\/wp-content\/uploads\/2024\/06\/Harmony-Hotel-Spindleruv-Mlyn-Pesi-turistika-1.jpg\"><img loading=\"lazy\" decoding=\"async\" width=\"800\" height=\"533\" src=\"https:\/\/harmonyhotel.cz\/wp-content\/uploads\/2024\/06\/Harmony-Hotel-Spindleruv-Mlyn-Pesi-turistika-1-800x533.jpg\" alt=\"Harmony Hotel \u0160pindler\u016fv Ml\u00fdn -P\u011b\u0161\u00ed turistika 1\" class=\"wp-image-874 size-medium\" srcset=\"https:\/\/harmonyhotel.cz\/wp-content\/uploads\/2024\/06\/Harmony-Hotel-Spindleruv-Mlyn-Pesi-turistika-1-800x533.jpg 800w, https:\/\/harmonyhotel.cz\/wp-content\/uploads\/2024\/06\/Harmony-Hotel-Spindleruv-Mlyn-Pesi-turistika-1.jpg 1600w\" sizes=\"auto, (max-width: 800px) 100vw, 800px\" \/><\/a><\/figure><div class=\"wp-block-media-text__content\">\n<h2 class=\"wp-block-heading\">P\u011b\u0161\u00ed turistika<\/h2>\n\n\n\n<p>V okol\u00ed \u0160pindlerova Ml\u00fdna je a\u017e 180 km zna\u010den\u00fdch turistick\u00fdch tras, kter\u00e9 jsou je\u0161t\u011b vhodn\u011b dopln\u011bny m\u011bstsk\u00fdmi nen\u00e1ro\u010dn\u00fdmi trasami \u201e Mlyn\u00e1\u0159ovy okruhy\u201c vych\u00e1zej\u00edc\u00ed z centra m\u011bsta \u010di z\u00e1bavn\u011b pou\u010dn\u00fdmi trasami Skiare\u00e1lu \u0160pindler\u016fv Ml\u00fdn.<\/p>\n<\/div><\/div>\n\n\n\n<div class=\"wp-block-media-text has-media-on-the-right is-stacked-on-mobile is-image-fill\"><div class=\"wp-block-media-text__content\">\n<p>Ty za\u010d\u00ednaj\u00ed na horn\u00edch stanic\u00edch lanov\u00fdch drah \u201eMedv\u011bd\u00edn (1235 m)\u201c a \u201eSv.Petr (1182 m)\u201d p\u0159\u00edjemn\u00fdmi velkoryse pojat\u00fdmi d\u011btsk\u00fdmi h\u0159i\u0161ti a turistika s h\u00e1dankami, dopl\u0148ova\u010dkami. T\u00fara na Sn\u011b\u017eku (1603 m) nejvy\u0161\u0161\u00ed horu \u010cesk\u00e9 republiky ze \u0160pindlerova Ml\u00fdna pat\u0159\u00ed k t\u011bm sice del\u0161\u00edm, ale ur\u010dit\u011b sv\u00fdm c\u00edlem k t\u011bm nejzaj\u00edmav\u011bj\u0161\u00edm. Nej\u010dast\u011bj\u0161\u00ed t\u00farou je pak k Prameni Labe.<\/p>\n<\/div><figure class=\"wp-block-media-text__media\" style=\"background-image:url(https:\/\/harmonyhotel.cz\/wp-content\/uploads\/2024\/06\/Harmony-Hotel-Spindleruv-Mlyn-Pesi-turistika-2-800x533.jpg);background-position:50% 50%\"><a href=\"https:\/\/harmonyhotel.cz\/wp-content\/uploads\/2024\/06\/Harmony-Hotel-Spindleruv-Mlyn-Pesi-turistika-2.jpg\"><img loading=\"lazy\" decoding=\"async\" width=\"800\" height=\"533\" src=\"https:\/\/harmonyhotel.cz\/wp-content\/uploads\/2024\/06\/Harmony-Hotel-Spindleruv-Mlyn-Pesi-turistika-2-800x533.jpg\" alt=\"Harmony Hotel \u0160pindler\u016fv Ml\u00fdn -P\u011b\u0161\u00ed turistika 2\" class=\"wp-image-873 size-medium\" srcset=\"https:\/\/harmonyhotel.cz\/wp-content\/uploads\/2024\/06\/Harmony-Hotel-Spindleruv-Mlyn-Pesi-turistika-2-800x533.jpg 800w, https:\/\/harmonyhotel.cz\/wp-content\/uploads\/2024\/06\/Harmony-Hotel-Spindleruv-Mlyn-Pesi-turistika-2-1600x1067.jpg 1600w, https:\/\/harmonyhotel.cz\/wp-content\/uploads\/2024\/06\/Harmony-Hotel-Spindleruv-Mlyn-Pesi-turistika-2.jpg 1620w\" sizes=\"auto, (max-width: 800px) 100vw, 800px\" \/><\/a><\/figure><\/div>\n\n\n\n<div class=\"wp-block-media-text is-stacked-on-mobile is-image-fill\"><figure class=\"wp-block-media-text__media\" style=\"background-image:url(https:\/\/harmonyhotel.cz\/wp-content\/uploads\/2024\/06\/Harmony-Hotel-Spindleruv-Mlyn-Vykloturistika-1-800x533.jpg);background-position:50% 50%\"><a href=\"https:\/\/harmonyhotel.cz\/wp-content\/uploads\/2024\/06\/Harmony-Hotel-Spindleruv-Mlyn-Vykloturistika-1.jpg\"><img loading=\"lazy\" decoding=\"async\" width=\"800\" height=\"533\" src=\"https:\/\/harmonyhotel.cz\/wp-content\/uploads\/2024\/06\/Harmony-Hotel-Spindleruv-Mlyn-Vykloturistika-1-800x533.jpg\" alt=\"Harmony Hotel \u0160pindler\u016fv Ml\u00fdn -Vykloturistika 1\" class=\"wp-image-872 size-medium\" srcset=\"https:\/\/harmonyhotel.cz\/wp-content\/uploads\/2024\/06\/Harmony-Hotel-Spindleruv-Mlyn-Vykloturistika-1-800x533.jpg 800w, https:\/\/harmonyhotel.cz\/wp-content\/uploads\/2024\/06\/Harmony-Hotel-Spindleruv-Mlyn-Vykloturistika-1.jpg 1600w\" sizes=\"auto, (max-width: 800px) 100vw, 800px\" \/><\/a><\/figure><div class=\"wp-block-media-text__content\">\n<h2 class=\"wp-block-heading\">Cykloturistika<\/h2>\n\n\n\n<p>V posledn\u00edch letech se cykloturistika v Krkono\u0161\u0161\u00edch za\u010dala intenzivn\u011b rozv\u00edjet. Stovky kilometr\u016f pohodln\u00fdch tras v Podkrkono\u0161\u0161\u00edch (mo\u017eno vyu\u017e\u00edt i cyklobus\u016f) \u010di horsk\u00e9 trasy pro fyzicky zdatn\u00e9 jedince v horn\u00edch parti\u00edch Krkono\u0161 s nezapomenuteln\u00fdmi scen\u00e9riemi.<\/p>\n<\/div><\/div>\n\n\n\n<div class=\"wp-block-media-text has-media-on-the-right is-stacked-on-mobile is-image-fill\"><div class=\"wp-block-media-text__content\">\n<p>Pro cyklistick\u00e9 \u201e naturisty\u201c ale sjezda\u0159e je p\u0159ipravena r\u016fznorod\u00e1 MTB nab\u00eddka tras od \u010derva do z\u00e1\u0159\u00ed ve skiare\u00e1lu Sv. Petr a nov\u011b i \u201ePumptrack\u201c v doln\u00ed stanici lanovky, pro n\u00e1cvik obratnosti. Kolo V\u00e1m tak\u00e9 r\u00e1di vyp\u016fj\u010d\u00edme \u010di zdarma uschov\u00e1me.<\/p>\n<\/div><figure class=\"wp-block-media-text__media\" style=\"background-image:url(https:\/\/harmonyhotel.cz\/wp-content\/uploads\/2024\/06\/Harmony-Hotel-Spindleruv-Mlyn-Vykloturistika-2-800x533.jpg);background-position:50% 50%\"><a href=\"https:\/\/harmonyhotel.cz\/wp-content\/uploads\/2024\/06\/Harmony-Hotel-Spindleruv-Mlyn-Vykloturistika-2.jpg\"><img loading=\"lazy\" decoding=\"async\" width=\"800\" height=\"533\" src=\"https:\/\/harmonyhotel.cz\/wp-content\/uploads\/2024\/06\/Harmony-Hotel-Spindleruv-Mlyn-Vykloturistika-2-800x533.jpg\" alt=\"Harmony Hotel \u0160pindler\u016fv Ml\u00fdn -Vykloturistika 2\" class=\"wp-image-871 size-medium\" srcset=\"https:\/\/harmonyhotel.cz\/wp-content\/uploads\/2024\/06\/Harmony-Hotel-Spindleruv-Mlyn-Vykloturistika-2-800x533.jpg 800w, https:\/\/harmonyhotel.cz\/wp-content\/uploads\/2024\/06\/Harmony-Hotel-Spindleruv-Mlyn-Vykloturistika-2.jpg 1600w\" sizes=\"auto, (max-width: 800px) 100vw, 800px\" \/><\/a><\/figure><\/div>\n\n\n\n<div class=\"wp-block-media-text is-stacked-on-mobile is-image-fill\"><figure class=\"wp-block-media-text__media\" style=\"background-image:url(https:\/\/harmonyhotel.cz\/wp-content\/uploads\/2024\/06\/Harmony-Hotel-Spindleruv-Mlyn-Lanove-drahy-Medvedin-a-Plane-1-800x533.jpg);background-position:50% 50%\"><a href=\"https:\/\/harmonyhotel.cz\/wp-content\/uploads\/2024\/06\/Harmony-Hotel-Spindleruv-Mlyn-Lanove-drahy-Medvedin-a-Plane-1.jpg\"><img loading=\"lazy\" decoding=\"async\" width=\"800\" height=\"533\" src=\"https:\/\/harmonyhotel.cz\/wp-content\/uploads\/2024\/06\/Harmony-Hotel-Spindleruv-Mlyn-Lanove-drahy-Medvedin-a-Plane-1-800x533.jpg\" alt=\"Harmony Hotel \u0160pindler\u016fv Ml\u00fdn -Lanov\u00e9 dr\u00e1hy Medv\u011bd\u00edn a Pl\u00e1n\u011b 1\" class=\"wp-image-870 size-medium\" srcset=\"https:\/\/harmonyhotel.cz\/wp-content\/uploads\/2024\/06\/Harmony-Hotel-Spindleruv-Mlyn-Lanove-drahy-Medvedin-a-Plane-1-800x533.jpg 800w, https:\/\/harmonyhotel.cz\/wp-content\/uploads\/2024\/06\/Harmony-Hotel-Spindleruv-Mlyn-Lanove-drahy-Medvedin-a-Plane-1-1600x1067.jpg 1600w, https:\/\/harmonyhotel.cz\/wp-content\/uploads\/2024\/06\/Harmony-Hotel-Spindleruv-Mlyn-Lanove-drahy-Medvedin-a-Plane-1.jpg 1620w\" sizes=\"auto, (max-width: 800px) 100vw, 800px\" \/><\/a><\/figure><div class=\"wp-block-media-text__content\">\n<h2 class=\"wp-block-heading\">Lanov\u00e9 dr\u00e1hy Medv\u011bd\u00edn a Pl\u00e1n\u011b<\/h2>\n\n\n\n<p>T\u00e9m\u011b\u0159 celoro\u010dn\u00ed provoz lanov\u00fdch drah zaji\u0161\u0165uje \u017eivot ve st\u0159edisku \u0160pindler\u016fv Ml\u00fdn a zatraktiv\u0148uje pobyty pro ty m\u00e9n\u011b zdatn\u00e9 turisty \u010di rodiny s d\u011btmi, kte\u0159\u00ed se tak\u00e9 cht\u011bj\u00ed konat v\u00fdhledy na Krkono\u0161sk\u00e9 panoramata. Letteringov\u00e9 h\u0159i\u0161t\u011b na Medv\u011bdin\u011b s velk\u00fdm n\u00e1pisem MEDVEDIN a d\u011btsk\u00fdm h\u0159i\u0161t\u011bm v horn\u00ed stanici lanov\u00e9 dr\u00e1hy je unik\u00e1tn\u00ed a Va\u0161e d\u011bti se tam ur\u010dit\u011b nudit nebudou. Host\u00e9 hotelu Harmony maj\u00ed za ka\u017edou noc str\u00e1venou na hotelu jednu j\u00edzdu lanovou drahou nahoru i dolu v obdob\u00ed od kv\u011btna do \u0159\u00edjna v cen\u011b ubytov\u00e1n\u00ed.<\/p>\n<\/div><\/div>\n\n\n\n<div class=\"wp-block-media-text has-media-on-the-right is-stacked-on-mobile is-image-fill\"><div class=\"wp-block-media-text__content\">\n<p>Lanov\u00e9 dr\u00e1hy umo\u017e\u0148uj\u00ed p\u0159evoz ko\u010d\u00e1rk\u016f, pejsk\u016f a i kol (lanovka na Pl\u00e1n\u011b), z horn\u00ed stanice Medv\u011bdina m\u016f\u017eete vyzkou\u0161et paragliding, \u010di se vydat na n\u011bjakou turistickou v\u00fdpravu.<\/p>\n\n\n\n<p>V doln\u00ed stanici lanov\u00e9 dr\u00e1hy Pl\u00e1n\u011b naleznete v letn\u00ed sezon\u011b 1 tenisov\u00fd kurt, kde je mo\u017eno hr\u00e1t mo\u017eno hr\u00e1t i volejbal \u010di nohejbal. Na horn\u00ed stanici Medv\u011bd\u00edn si m\u016f\u017eete vyp\u016fj\u010dit ter\u00e9nn\u00ed kolob\u011b\u017eky (\u00e1 300 K\u010d) a vyzkou\u0161et j\u00edzdu z kopce jinak ne\u017e na ly\u017e\u00edch.<\/p>\n<\/div><figure class=\"wp-block-media-text__media\" style=\"background-image:url(https:\/\/harmonyhotel.cz\/wp-content\/uploads\/2024\/06\/Harmony-Hotel-Spindleruv-Mlyn-Lanove-drahy-Medvedin-a-Plane-2-800x533.jpg);background-position:50% 50%\"><a href=\"https:\/\/harmonyhotel.cz\/wp-content\/uploads\/2024\/06\/Harmony-Hotel-Spindleruv-Mlyn-Lanove-drahy-Medvedin-a-Plane-2.jpg\"><img loading=\"lazy\" decoding=\"async\" width=\"800\" height=\"533\" src=\"https:\/\/harmonyhotel.cz\/wp-content\/uploads\/2024\/06\/Harmony-Hotel-Spindleruv-Mlyn-Lanove-drahy-Medvedin-a-Plane-2-800x533.jpg\" alt=\"Harmony Hotel \u0160pindler\u016fv Ml\u00fdn -Lanov\u00e9 dr\u00e1hy Medv\u011bd\u00edn a Pl\u00e1n\u011b 2\" class=\"wp-image-869 size-medium\" srcset=\"https:\/\/harmonyhotel.cz\/wp-content\/uploads\/2024\/06\/Harmony-Hotel-Spindleruv-Mlyn-Lanove-drahy-Medvedin-a-Plane-2-800x533.jpg 800w, https:\/\/harmonyhotel.cz\/wp-content\/uploads\/2024\/06\/Harmony-Hotel-Spindleruv-Mlyn-Lanove-drahy-Medvedin-a-Plane-2.jpg 1600w\" sizes=\"auto, (max-width: 800px) 100vw, 800px\" \/><\/a><\/figure><\/div>\n\n\n\n<div class=\"wp-block-media-text is-stacked-on-mobile is-image-fill\"><figure class=\"wp-block-media-text__media\" style=\"background-image:url(https:\/\/harmonyhotel.cz\/wp-content\/uploads\/2024\/06\/Harmony-Hotel-Spindleruv-Mlyn-Labska-prehrada-1-800x533.jpg);background-position:50% 50%\"><a href=\"https:\/\/harmonyhotel.cz\/wp-content\/uploads\/2024\/06\/Harmony-Hotel-Spindleruv-Mlyn-Labska-prehrada-1.jpg\"><img loading=\"lazy\" decoding=\"async\" width=\"800\" height=\"533\" src=\"https:\/\/harmonyhotel.cz\/wp-content\/uploads\/2024\/06\/Harmony-Hotel-Spindleruv-Mlyn-Labska-prehrada-1-800x533.jpg\" alt=\"Harmony Hotel \u0160pindler\u016fv Ml\u00fdn -Labsk\u00e1 p\u0159ehrada 1\" class=\"wp-image-868 size-medium\" srcset=\"https:\/\/harmonyhotel.cz\/wp-content\/uploads\/2024\/06\/Harmony-Hotel-Spindleruv-Mlyn-Labska-prehrada-1-800x533.jpg 800w, https:\/\/harmonyhotel.cz\/wp-content\/uploads\/2024\/06\/Harmony-Hotel-Spindleruv-Mlyn-Labska-prehrada-1-1600x1067.jpg 1600w, https:\/\/harmonyhotel.cz\/wp-content\/uploads\/2024\/06\/Harmony-Hotel-Spindleruv-Mlyn-Labska-prehrada-1.jpg 1620w\" sizes=\"auto, (max-width: 800px) 100vw, 800px\" \/><\/a><\/figure><div class=\"wp-block-media-text__content\">\n<h2 class=\"wp-block-heading\">Labsk\u00e1 p\u0159ehrada<\/h2>\n\n\n\n<p>Labsk\u00e1 p\u0159ehrada \u2013 technick\u00e1 pam\u00e1tka \u0160pindlerova Ml\u00fdna &#8211; prvn\u00ed p\u0159ehrada na \u0159ece Labe . Z centr m\u011bsta se k n\u00ed dostaneme turistickou trasou, nemus\u00edte tedy ur\u010dit\u011b chodit po silnici . U p\u0159ehrady se d\u00e1 tak\u00e9 pohodln\u011b kr\u00e1tkodob\u011b zaparkovat. D\u011bti u prohl\u00eddky p\u0159ehrady mohou vyzkou\u0161et p\u0159emost\u011bn\u00ed \u010di jej\u00ed sla\u0148ov\u00e1n\u00ed, kter\u00fd je provozov\u00e1n spole\u010dnost\u00ed Yellow point a stoj\u00ed cca 290 K\u010d za osobu.<\/p>\n<\/div><\/div>\n\n\n\n<div class=\"wp-block-media-text has-media-on-the-right is-stacked-on-mobile is-image-fill\"><div class=\"wp-block-media-text__content\">\n<p>V p\u0159ehrad\u011b se d\u00e1 i koupat, ale pravda \u2013 jen pro ty otu\u017eilej\u0161\u00ed z v\u00e1s. Na p\u0159ehrad\u011b se d\u00e1 i ryba\u0159it: Lesn\u00ed spr\u00e1va \u0160pindler\u016fv Ml\u00fdn \u2013 pan Pavl\u00edk tel. +420 603 900 792, 723 618 566. Cena jednodenn\u00ed povolenky je 400 K\u010d.<\/p>\n<\/div><figure class=\"wp-block-media-text__media\" style=\"background-image:url(https:\/\/harmonyhotel.cz\/wp-content\/uploads\/2024\/06\/Harmony-Hotel-Spindleruv-Mlyn-Labska-prehrada-2-800x533.jpg);background-position:50% 50%\"><a href=\"https:\/\/harmonyhotel.cz\/wp-content\/uploads\/2024\/06\/Harmony-Hotel-Spindleruv-Mlyn-Labska-prehrada-2.jpg\"><img loading=\"lazy\" decoding=\"async\" width=\"800\" height=\"533\" src=\"https:\/\/harmonyhotel.cz\/wp-content\/uploads\/2024\/06\/Harmony-Hotel-Spindleruv-Mlyn-Labska-prehrada-2-800x533.jpg\" alt=\"Harmony Hotel \u0160pindler\u016fv Ml\u00fdn -Labsk\u00e1 p\u0159ehrada 2\" class=\"wp-image-867 size-medium\" srcset=\"https:\/\/harmonyhotel.cz\/wp-content\/uploads\/2024\/06\/Harmony-Hotel-Spindleruv-Mlyn-Labska-prehrada-2-800x533.jpg 800w, https:\/\/harmonyhotel.cz\/wp-content\/uploads\/2024\/06\/Harmony-Hotel-Spindleruv-Mlyn-Labska-prehrada-2-1600x1067.jpg 1600w, https:\/\/harmonyhotel.cz\/wp-content\/uploads\/2024\/06\/Harmony-Hotel-Spindleruv-Mlyn-Labska-prehrada-2.jpg 1620w\" sizes=\"auto, (max-width: 800px) 100vw, 800px\" \/><\/a><\/figure><\/div>\n\n\n\n<div class=\"wp-block-media-text is-stacked-on-mobile is-image-fill\"><figure class=\"wp-block-media-text__media\" style=\"background-image:url(https:\/\/harmonyhotel.cz\/wp-content\/uploads\/2024\/06\/Harmony-Hotel-Spindleruv-Mlyn-Adrenalinove-aktivity-1-800x533.jpg);background-position:50% 50%\"><a href=\"https:\/\/harmonyhotel.cz\/wp-content\/uploads\/2024\/06\/Harmony-Hotel-Spindleruv-Mlyn-Adrenalinove-aktivity-1.jpg\"><img loading=\"lazy\" decoding=\"async\" width=\"800\" height=\"533\" src=\"https:\/\/harmonyhotel.cz\/wp-content\/uploads\/2024\/06\/Harmony-Hotel-Spindleruv-Mlyn-Adrenalinove-aktivity-1-800x533.jpg\" alt=\"Harmony Hotel \u0160pindler\u016fv Ml\u00fdn -Adrenalinov\u00e9 aktivity 1\" class=\"wp-image-866 size-medium\" srcset=\"https:\/\/harmonyhotel.cz\/wp-content\/uploads\/2024\/06\/Harmony-Hotel-Spindleruv-Mlyn-Adrenalinove-aktivity-1-800x533.jpg 800w, https:\/\/harmonyhotel.cz\/wp-content\/uploads\/2024\/06\/Harmony-Hotel-Spindleruv-Mlyn-Adrenalinove-aktivity-1.jpg 1600w\" sizes=\"auto, (max-width: 800px) 100vw, 800px\" \/><\/a><\/figure><div class=\"wp-block-media-text__content\">\n<h2 class=\"wp-block-heading\">Adrenalinov\u00e9 aktivity<\/h2>\n\n\n\n<p>Andrenalinov\u00fdch aktivit naleznete ve \u0160pindlu spoustu: lanov\u00fd Adventure Park &#8211; skok z ob\u0159\u00ed houpa\u010dky, velk\u00e1 trampol\u00edna, Jakob\u016fv \u017eeb\u0159\u00edk naleznete cestou z centra m\u011bsta sm\u011brem k Medv\u011bd\u00ednu, vyp\u016fj\u010dit se daj\u00ed ter\u00e9nn\u00ed kolob\u011b\u017eky \u010di \u010dty\u0159kolky.<\/p>\n<\/div><\/div>\n\n\n\n<div class=\"wp-block-media-text has-media-on-the-right is-stacked-on-mobile is-image-fill\"><div class=\"wp-block-media-text__content\">\n<p>Co ur\u010dit\u011b ale nesm\u00edte minout je Bobov\u00e1 dr\u00e1ha a Monkey park, kter\u00fd je p\u0159\u00edmo u hotelu.<\/p>\n\n\n\n<p>Hotelov\u00ed host\u00e9 nav\u00edc maj\u00ed mo\u017enost zakoupit si permanentku na bobovou dr\u00e1hu p\u0159\u00edmo na hotelov\u00e9 recepci a to s <strong>20% slevou<\/strong>.<\/p>\n<\/div><figure class=\"wp-block-media-text__media\" style=\"background-image:url(https:\/\/harmonyhotel.cz\/wp-content\/uploads\/2024\/06\/Harmony-Hotel-Spindleruv-Mlyn-Adrenalinove-aktivity-2-800x533.jpg);background-position:50% 50%\"><a href=\"https:\/\/harmonyhotel.cz\/wp-content\/uploads\/2024\/06\/Harmony-Hotel-Spindleruv-Mlyn-Adrenalinove-aktivity-2.jpg\"><img loading=\"lazy\" decoding=\"async\" width=\"800\" height=\"533\" src=\"https:\/\/harmonyhotel.cz\/wp-content\/uploads\/2024\/06\/Harmony-Hotel-Spindleruv-Mlyn-Adrenalinove-aktivity-2-800x533.jpg\" alt=\"Harmony Hotel \u0160pindler\u016fv Ml\u00fdn -Adrenalinov\u00e9 aktivity 2\" class=\"wp-image-865 size-medium\" srcset=\"https:\/\/harmonyhotel.cz\/wp-content\/uploads\/2024\/06\/Harmony-Hotel-Spindleruv-Mlyn-Adrenalinove-aktivity-2-800x533.jpg 800w, https:\/\/harmonyhotel.cz\/wp-content\/uploads\/2024\/06\/Harmony-Hotel-Spindleruv-Mlyn-Adrenalinove-aktivity-2.jpg 1600w\" sizes=\"auto, (max-width: 800px) 100vw, 800px\" \/><\/a><\/figure><\/div>\n","protected":false},"excerpt":{"rendered":"<p>L\u00e9to na hor\u00e1ch je super, sv\u011b\u017e\u00ed vzduch krkono\u0161sk\u00e9 p\u0159\u00edrody a nav\u00edc j\u00edzdu lanovkou nahoru i dol\u016f za ka\u017edou noc str\u00e1venou na hotelu. Jaro, l\u00e9to \u010di podzim na hor\u00e1ch Dovolen\u00e1 pro \u0160pindler\u016fv Ml\u00fdn&nbsp;v mimo sezonn\u00edm obdob\u00ed (jaro, l\u00e9to, podzim) nab\u00edz\u00ed r\u016fznorod\u00e9 aktivity pro celou rodinu nebo prostor \u00fanik z velkom\u011bsta na \u010derstv\u00fd vzduch za kr\u00e1snou turistikou [&hellip;]<\/p>\n","protected":false},"author":1,"featured_media":743,"parent":19,"menu_order":0,"comment_status":"closed","ping_status":"closed","template":"","meta":{"footnotes":""},"class_list":["post-774","page","type-page","status-publish","has-post-thumbnail","hentry"],"_links":{"self":[{"href":"https:\/\/harmonyhotel.cz\/cz\/wp-json\/wp\/v2\/pages\/774","targetHints":{"allow":["GET"]}}],"collection":[{"href":"https:\/\/harmonyhotel.cz\/cz\/wp-json\/wp\/v2\/pages"}],"about":[{"href":"https:\/\/harmonyhotel.cz\/cz\/wp-json\/wp\/v2\/types\/page"}],"author":[{"embeddable":true,"href":"https:\/\/harmonyhotel.cz\/cz\/wp-json\/wp\/v2\/users\/1"}],"replies":[{"embeddable":true,"href":"https:\/\/harmonyhotel.cz\/cz\/wp-json\/wp\/v2\/comments?post=774"}],"version-history":[{"count":5,"href":"https:\/\/harmonyhotel.cz\/cz\/wp-json\/wp\/v2\/pages\/774\/revisions"}],"predecessor-version":[{"id":1300,"href":"https:\/\/harmonyhotel.cz\/cz\/wp-json\/wp\/v2\/pages\/774\/revisions\/1300"}],"up":[{"embeddable":true,"href":"https:\/\/harmonyhotel.cz\/cz\/wp-json\/wp\/v2\/pages\/19"}],"wp:featuredmedia":[{"embeddable":true,"href":"https:\/\/harmonyhotel.cz\/cz\/wp-json\/wp\/v2\/media\/743"}],"wp:attachment":[{"href":"https:\/\/harmonyhotel.cz\/cz\/wp-json\/wp\/v2\/media?parent=774"}],"curies":[{"name":"wp","href":"https:\/\/api.w.org\/{rel}","templated":true}]}}