{"id":77,"date":"2024-06-06T22:03:24","date_gmt":"2024-06-06T20:03:24","guid":{"rendered":"https:\/\/harmonyhotel.cz\/?page_id=77"},"modified":"2024-11-12T18:00:06","modified_gmt":"2024-11-12T17:00:06","slug":"kariera","status":"publish","type":"page","link":"https:\/\/harmonyhotel.cz\/cz\/hotel\/kariera\/","title":{"rendered":"Kariera"},"content":{"rendered":"\n<h2 class=\"wp-block-heading has-text-align-center\">Person\u00e1ln\u00ed odd\u011blen\u00ed hotelu Harmony<\/h2>\n\n\n\n<p class=\"has-text-align-center\">Kontakty a informace k pracovn\u00edm pozic\u00edm<\/p>\n\n\n\n<div class=\"wp-block-columns is-layout-flex wp-container-core-columns-is-layout-9d6595d7 wp-block-columns-is-layout-flex\">\n<div class=\"wp-block-column is-layout-flow wp-block-column-is-layout-flow\">\n<div class=\"wp-block-buttons is-content-justification-center is-layout-flex wp-container-core-buttons-is-layout-16018d1d wp-block-buttons-is-layout-flex\">\n<div class=\"wp-block-button btnalt\"><a class=\"wp-block-button__link has-text-align-center wp-element-button\" href=\"tel:+420499469111\">+ 420&nbsp;499&nbsp;469&nbsp;111<\/a><\/div>\n\n\n\n<div class=\"wp-block-button\"><a class=\"wp-block-button__link has-text-align-center wp-element-button\" href=\"mailto:rdm@harmonyhotel.cz\">rdm@harmonyhotel.cz<\/a><\/div>\n<\/div>\n<\/div>\n<\/div>\n\n\n\n<div style=\"height:100px\" aria-hidden=\"true\" class=\"wp-block-spacer\"><\/div>\n\n\n\n<div class=\"wp-block-media-text is-stacked-on-mobile is-image-fill\"><figure class=\"wp-block-media-text__media\" style=\"background-image:url(https:\/\/harmonyhotel.cz\/wp-content\/uploads\/2024\/06\/Harmony-Hotel-Spindleruv-Mlyn-Obsluha-pujcovny-lyzi-800x533.jpg);background-position:50% 50%\"><img loading=\"lazy\" decoding=\"async\" width=\"800\" height=\"533\" src=\"https:\/\/harmonyhotel.cz\/wp-content\/uploads\/2024\/06\/Harmony-Hotel-Spindleruv-Mlyn-Obsluha-pujcovny-lyzi-800x533.jpg\" alt=\"Harmony Hotel \u0160pindler\u016fv Ml\u00fdn - Hotel Krkono\u0161e\" class=\"wp-image-220 size-medium\" srcset=\"https:\/\/harmonyhotel.cz\/wp-content\/uploads\/2024\/06\/Harmony-Hotel-Spindleruv-Mlyn-Obsluha-pujcovny-lyzi-800x533.jpg 800w, https:\/\/harmonyhotel.cz\/wp-content\/uploads\/2024\/06\/Harmony-Hotel-Spindleruv-Mlyn-Obsluha-pujcovny-lyzi-1600x1067.jpg 1600w, https:\/\/harmonyhotel.cz\/wp-content\/uploads\/2024\/06\/Harmony-Hotel-Spindleruv-Mlyn-Obsluha-pujcovny-lyzi.jpg 1732w\" sizes=\"auto, (max-width: 800px) 100vw, 800px\" \/><\/figure><div class=\"wp-block-media-text__content\">\n<h2 class=\"wp-block-heading\">Obsluha p\u016fj\u010dovny ly\u017e\u00ed\/bowlingu<\/h2>\n\n\n\n<ul class=\"wp-block-list\">\n<li><strong>Po\u010det m\u00edst&nbsp;<\/strong>1<\/li>\n\n\n\n<li><strong>Nab\u00edz\u00edme&nbsp;<\/strong>ubytov\u00e1n\u00ed na hotelu se stravou, zam\u011bstnaneck\u00e9 zv\u00fdhodn\u011bn\u00e9 vstupy na wellness<\/li>\n\n\n\n<li><strong>Mzda dohodou<\/strong><\/li>\n\n\n\n<li><strong>Po\u017eadujeme&nbsp;<\/strong>spolehlivost, zru\u010dnost, znalost NJ nebo AJ<\/li>\n<\/ul>\n\n\n\n<p>&nbsp;<\/p>\n<\/div><\/div>\n\n\n\n<div class=\"wp-block-media-text has-media-on-the-right is-stacked-on-mobile is-image-fill\"><div class=\"wp-block-media-text__content\">\n<h2 class=\"wp-block-heading\">Obsluha hotelov\u00e9 kav\u00e1rny<\/h2>\n\n\n\n<ul class=\"wp-block-list\">\n<li><strong>Po\u010det m\u00edst&nbsp;<\/strong>1<\/li>\n\n\n\n<li><strong>Nab\u00edz\u00edme&nbsp;<\/strong>ubytov\u00e1n\u00ed na hotelu se stravou, jednotn\u00e9 oble\u010den\u00ed, zam\u011bstnaneck\u00e9 benefity v oblasti poji\u0161t\u011bn\u00ed, p\u0159\u00edsp\u011bvek na dovolenou zv\u00fdhodn\u011bn\u00e9 vstupy na wellness<\/li>\n\n\n\n<li><strong>Mzda a n\u00e1stup dohodou<\/strong><\/li>\n\n\n\n<li><strong>Po\u017eadujeme&nbsp;<\/strong>vyu\u010den\u00ed v oboru a praxi, znalost hotelov\u00e9 NJ, p\u0159\u00edpadn\u011b AJ, spolehlivost, p\u0159\u00edjemn\u00e9 vystupov\u00e1n\u00ed<\/li>\n<\/ul>\n<\/div><figure class=\"wp-block-media-text__media\" style=\"background-image:url(https:\/\/harmonyhotel.cz\/wp-content\/uploads\/2024\/06\/Harmony-Hotel-Spindleruv-Mlyn-Obsluha-hotelove-kavarny-800x533.jpg);background-position:50% 50%\"><img loading=\"lazy\" decoding=\"async\" width=\"800\" height=\"533\" src=\"https:\/\/harmonyhotel.cz\/wp-content\/uploads\/2024\/06\/Harmony-Hotel-Spindleruv-Mlyn-Obsluha-hotelove-kavarny-800x533.jpg\" alt=\"Harmony Hotel \u0160pindler\u016fv Ml\u00fdn - Obsluha hotelov\u00e9 kav\u00e1rny\" class=\"wp-image-221 size-medium\" srcset=\"https:\/\/harmonyhotel.cz\/wp-content\/uploads\/2024\/06\/Harmony-Hotel-Spindleruv-Mlyn-Obsluha-hotelove-kavarny-800x533.jpg 800w, https:\/\/harmonyhotel.cz\/wp-content\/uploads\/2024\/06\/Harmony-Hotel-Spindleruv-Mlyn-Obsluha-hotelove-kavarny-1600x1066.jpg 1600w, https:\/\/harmonyhotel.cz\/wp-content\/uploads\/2024\/06\/Harmony-Hotel-Spindleruv-Mlyn-Obsluha-hotelove-kavarny.jpg 2000w\" sizes=\"auto, (max-width: 800px) 100vw, 800px\" \/><\/figure><\/div>\n\n\n\n<div class=\"wp-block-media-text has-media-on-the-right is-stacked-on-mobile is-image-fill\"><div class=\"wp-block-media-text__content\">\n<h2 class=\"wp-block-heading\">Serv\u00edrka, \u010d\u00ed\u0161n\u00edk Restaurace Classico<\/h2>\n\n\n\n<ul class=\"wp-block-list\">\n<li><strong>Po\u010det m\u00edst&nbsp;<\/strong>1<\/li>\n\n\n\n<li><strong>Nab\u00edz\u00edme&nbsp;<\/strong>ubytov\u00e1n\u00ed na hotelu s mo\u017enost\u00ed stravy, zv\u00fdhodn\u011bn\u00e9 vstupy na wellness, zam\u011bstnaneck\u00e9 benefity v oblasti poji\u0161t\u011bn\u00ed, p\u0159\u00edsp\u011bvek na dovolenou, jednotn\u00e9 oble\u010den\u00ed<\/li>\n\n\n\n<li><strong>Mzda a n\u00e1stup dohodou<\/strong><\/li>\n\n\n\n<li><strong>Po\u017eadujeme&nbsp;<\/strong>vyu\u010den\u00ed v oboru s prax\u00ed (vhodn\u00e9 i pro absolventy), hotelovou znalost n\u011bm\u010diny, \u010d\u00e1ste\u010dn\u011b angli\u010dtiny, p\u0159\u00edjemn\u00e9 vystupov\u00e1n\u00ed, spolehlivost<\/li>\n<\/ul>\n<\/div><figure class=\"wp-block-media-text__media\" style=\"background-image:url(https:\/\/harmonyhotel.cz\/wp-content\/uploads\/2024\/06\/Harmony-Hotel-Spindleruv-Mlyn-Servirka-cisnik-Restaurace-Classico-800x533.jpg);background-position:50% 50%\"><img loading=\"lazy\" decoding=\"async\" width=\"800\" height=\"533\" src=\"https:\/\/harmonyhotel.cz\/wp-content\/uploads\/2024\/06\/Harmony-Hotel-Spindleruv-Mlyn-Servirka-cisnik-Restaurace-Classico-800x533.jpg\" alt=\"Harmony Hotel \u0160pindler\u016fv Ml\u00fdn - Serv\u00edrka, \u010d\u00ed\u0161n\u00edk Restaurace Classico\" class=\"wp-image-223 size-medium\" srcset=\"https:\/\/harmonyhotel.cz\/wp-content\/uploads\/2024\/06\/Harmony-Hotel-Spindleruv-Mlyn-Servirka-cisnik-Restaurace-Classico-800x533.jpg 800w, https:\/\/harmonyhotel.cz\/wp-content\/uploads\/2024\/06\/Harmony-Hotel-Spindleruv-Mlyn-Servirka-cisnik-Restaurace-Classico-1600x1067.jpg 1600w\" sizes=\"auto, (max-width: 800px) 100vw, 800px\" \/><\/figure><\/div>\n\n\n\n<div class=\"wp-block-media-text is-stacked-on-mobile is-image-fill\"><figure class=\"wp-block-media-text__media\" style=\"background-image:url(https:\/\/harmonyhotel.cz\/wp-content\/uploads\/2024\/06\/Harmony-Hotel-Spindleruv-Mlyn-Obsluha-restaurace-Snack-bar-800x448.jpg);background-position:50% 50%\"><img loading=\"lazy\" decoding=\"async\" width=\"800\" height=\"448\" src=\"https:\/\/harmonyhotel.cz\/wp-content\/uploads\/2024\/06\/Harmony-Hotel-Spindleruv-Mlyn-Obsluha-restaurace-Snack-bar-800x448.jpg\" alt=\"Harmony Hotel \u0160pindler\u016fv Ml\u00fdn - Obsluha restaurace Snack bar\" class=\"wp-image-224 size-medium\" srcset=\"https:\/\/harmonyhotel.cz\/wp-content\/uploads\/2024\/06\/Harmony-Hotel-Spindleruv-Mlyn-Obsluha-restaurace-Snack-bar-800x448.jpg 800w, https:\/\/harmonyhotel.cz\/wp-content\/uploads\/2024\/06\/Harmony-Hotel-Spindleruv-Mlyn-Obsluha-restaurace-Snack-bar-1600x897.jpg 1600w\" sizes=\"auto, (max-width: 800px) 100vw, 800px\" \/><\/figure><div class=\"wp-block-media-text__content\">\n<h2 class=\"wp-block-heading\">Obsluha restaurace Snack bar<\/h2>\n\n\n\n<ul class=\"wp-block-list\">\n<li><strong>Po\u010det m\u00edst&nbsp;<\/strong>2<\/li>\n\n\n\n<li><strong>Nab\u00edz\u00edme&nbsp;<\/strong>ubytov\u00e1n\u00ed na hotelu s mo\u017enost\u00ed stravy, zv\u00fdhodn\u011bn\u00e9 vstupy na wellness, zam\u011bstnaneck\u00e9 benefity v oblasti poji\u0161t\u011bn\u00ed, p\u0159\u00edsp\u011bvek na dovolenou, jednotn\u00e9 oble\u010den\u00ed<\/li>\n\n\n\n<li><strong>Mzda a n\u00e1stup dohodou<\/strong><\/li>\n\n\n\n<li><strong>Po\u017eadujeme&nbsp;<\/strong>vyu\u010den\u00ed v oboru s prax\u00ed (vhodn\u00e9 i pro absolventy), hotelovou znalost n\u011bm\u010diny, \u010d\u00e1ste\u010dn\u011b angli\u010dtiny, p\u0159\u00edjemn\u00e9 vystupov\u00e1n\u00ed, spolehlivost<\/li>\n<\/ul>\n<\/div><\/div>\n","protected":false},"excerpt":{"rendered":"<p>Person\u00e1ln\u00ed odd\u011blen\u00ed hotelu Harmony Kontakty a informace k pracovn\u00edm pozic\u00edm<\/p>\n","protected":false},"author":1,"featured_media":43,"parent":7,"menu_order":16,"comment_status":"closed","ping_status":"closed","template":"","meta":{"footnotes":""},"class_list":["post-77","page","type-page","status-publish","has-post-thumbnail","hentry"],"_links":{"self":[{"href":"https:\/\/harmonyhotel.cz\/cz\/wp-json\/wp\/v2\/pages\/77","targetHints":{"allow":["GET"]}}],"collection":[{"href":"https:\/\/harmonyhotel.cz\/cz\/wp-json\/wp\/v2\/pages"}],"about":[{"href":"https:\/\/harmonyhotel.cz\/cz\/wp-json\/wp\/v2\/types\/page"}],"author":[{"embeddable":true,"href":"https:\/\/harmonyhotel.cz\/cz\/wp-json\/wp\/v2\/users\/1"}],"replies":[{"embeddable":true,"href":"https:\/\/harmonyhotel.cz\/cz\/wp-json\/wp\/v2\/comments?post=77"}],"version-history":[{"count":2,"href":"https:\/\/harmonyhotel.cz\/cz\/wp-json\/wp\/v2\/pages\/77\/revisions"}],"predecessor-version":[{"id":1334,"href":"https:\/\/harmonyhotel.cz\/cz\/wp-json\/wp\/v2\/pages\/77\/revisions\/1334"}],"up":[{"embeddable":true,"href":"https:\/\/harmonyhotel.cz\/cz\/wp-json\/wp\/v2\/pages\/7"}],"wp:featuredmedia":[{"embeddable":true,"href":"https:\/\/harmonyhotel.cz\/cz\/wp-json\/wp\/v2\/media\/43"}],"wp:attachment":[{"href":"https:\/\/harmonyhotel.cz\/cz\/wp-json\/wp\/v2\/media?parent=77"}],"curies":[{"name":"wp","href":"https:\/\/api.w.org\/{rel}","templated":true}]}}