{"id":768,"date":"2024-06-13T22:30:07","date_gmt":"2024-06-13T20:30:07","guid":{"rendered":"https:\/\/harmonyhotel.cz\/?page_id=768"},"modified":"2026-03-02T19:45:21","modified_gmt":"2026-03-02T18:45:21","slug":"bowling-a-golfovy-simulator","status":"publish","type":"page","link":"https:\/\/harmonyhotel.cz\/cz\/aktivity\/bowling-a-golfovy-simulator\/","title":{"rendered":"Bowling a golfov\u00fd simul\u00e1tor"},"content":{"rendered":"\n<div class=\"wp-block-media-text has-media-on-the-right is-stacked-on-mobile is-image-fill-element\"><div class=\"wp-block-media-text__content\">\n<p>V&nbsp;Harmony Hotelu&nbsp;\u0160pindler\u016fv Ml\u00fdn&nbsp;si u\u017eijete bowling&nbsp;i profesion\u00e1ln\u00ed golfov\u00fd simul\u00e1tor \u2013 ide\u00e1ln\u00ed indoor z\u00e1bavu v Krkono\u0161\u00edch za ka\u017ed\u00e9ho po\u010das\u00ed. Dv\u011b bowlingov\u00e9 dr\u00e1hy s barem nab\u00edzej\u00ed skv\u011bl\u00e9 vy\u017eit\u00ed pro rodiny, p\u00e1ry i firemn\u00ed skupiny p\u0159\u00edmo v hotelu.<\/p>\n<\/div><figure class=\"wp-block-media-text__media\"><a href=\"https:\/\/harmonyhotel.cz\/wp-content\/uploads\/2026\/02\/bowling-web-2.png\"><img loading=\"lazy\" decoding=\"async\" width=\"1600\" height=\"900\" src=\"https:\/\/harmonyhotel.cz\/wp-content\/uploads\/2026\/02\/bowling-web-2-1600x900.png\" alt=\"\" class=\"wp-image-2319 size-medium\" style=\"object-position:50% 50%\" srcset=\"https:\/\/harmonyhotel.cz\/wp-content\/uploads\/2026\/02\/bowling-web-2-1600x900.png 1600w, https:\/\/harmonyhotel.cz\/wp-content\/uploads\/2026\/02\/bowling-web-2-800x450.png 800w, https:\/\/harmonyhotel.cz\/wp-content\/uploads\/2026\/02\/bowling-web-2-18x10.png 18w, https:\/\/harmonyhotel.cz\/wp-content\/uploads\/2026\/02\/bowling-web-2.png 1920w\" sizes=\"auto, (max-width: 1600px) 100vw, 1600px\" \/><\/a><\/figure><\/div>\n\n\n\n<div class=\"wp-block-media-text is-stacked-on-mobile is-image-fill-element\"><figure class=\"wp-block-media-text__media\"><a href=\"https:\/\/harmonyhotel.cz\/wp-content\/uploads\/2026\/02\/Golf-Image-24.-2.-2026-10_56_40.png\"><img loading=\"lazy\" decoding=\"async\" width=\"1536\" height=\"1024\" src=\"https:\/\/harmonyhotel.cz\/wp-content\/uploads\/2026\/02\/Golf-Image-24.-2.-2026-10_56_40.png\" alt=\"\" class=\"wp-image-2342 size-medium\" style=\"object-position:50% 50%\" srcset=\"https:\/\/harmonyhotel.cz\/wp-content\/uploads\/2026\/02\/Golf-Image-24.-2.-2026-10_56_40.png 1536w, https:\/\/harmonyhotel.cz\/wp-content\/uploads\/2026\/02\/Golf-Image-24.-2.-2026-10_56_40-800x533.png 800w, https:\/\/harmonyhotel.cz\/wp-content\/uploads\/2026\/02\/Golf-Image-24.-2.-2026-10_56_40-18x12.png 18w\" sizes=\"auto, (max-width: 1536px) 100vw, 1536px\" \/><\/a><\/figure><div class=\"wp-block-media-text__content\">\n<p>Golfov\u00fd simul\u00e1tor pot\u011b\u0161\u00ed za\u010d\u00e1te\u010dn\u00edky i zku\u0161en\u00e9 hr\u00e1\u010de, kte\u0159\u00ed si cht\u011bj\u00ed zatr\u00e9novat nebo zahr\u00e1t virtu\u00e1ln\u00ed h\u0159i\u0161t\u011b bez ohledu na ro\u010dn\u00ed obdob\u00ed. Pokud hled\u00e1te aktivn\u00ed z\u00e1bavu b\u011bhem pobytu v&nbsp;\u0160pindlerov\u011b Ml\u00fdn\u011b, v\u0161e najdete pohodln\u011b pod jednou st\u0159echou.<\/p>\n<\/div><\/div>\n","protected":false},"excerpt":{"rendered":"<p>V&nbsp;Harmony Hotelu&nbsp;\u0160pindler\u016fv Ml\u00fdn&nbsp;si u\u017eijete bowling&nbsp;i profesion\u00e1ln\u00ed golfov\u00fd simul\u00e1tor \u2013 ide\u00e1ln\u00ed indoor z\u00e1bavu v Krkono\u0161\u00edch za ka\u017ed\u00e9ho po\u010das\u00ed. Dv\u011b bowlingov\u00e9 dr\u00e1hy s barem nab\u00edzej\u00ed skv\u011bl\u00e9 vy\u017eit\u00ed pro rodiny, p\u00e1ry i firemn\u00ed skupiny p\u0159\u00edmo v hotelu. Golfov\u00fd simul\u00e1tor pot\u011b\u0161\u00ed za\u010d\u00e1te\u010dn\u00edky i zku\u0161en\u00e9 hr\u00e1\u010de, kte\u0159\u00ed si cht\u011bj\u00ed zatr\u00e9novat nebo zahr\u00e1t virtu\u00e1ln\u00ed h\u0159i\u0161t\u011b bez ohledu na ro\u010dn\u00ed obdob\u00ed. Pokud [&hellip;]<\/p>\n","protected":false},"author":1,"featured_media":2341,"parent":19,"menu_order":0,"comment_status":"closed","ping_status":"closed","template":"","meta":{"footnotes":""},"class_list":["post-768","page","type-page","status-publish","has-post-thumbnail","hentry"],"_links":{"self":[{"href":"https:\/\/harmonyhotel.cz\/cz\/wp-json\/wp\/v2\/pages\/768","targetHints":{"allow":["GET"]}}],"collection":[{"href":"https:\/\/harmonyhotel.cz\/cz\/wp-json\/wp\/v2\/pages"}],"about":[{"href":"https:\/\/harmonyhotel.cz\/cz\/wp-json\/wp\/v2\/types\/page"}],"author":[{"embeddable":true,"href":"https:\/\/harmonyhotel.cz\/cz\/wp-json\/wp\/v2\/users\/1"}],"replies":[{"embeddable":true,"href":"https:\/\/harmonyhotel.cz\/cz\/wp-json\/wp\/v2\/comments?post=768"}],"version-history":[{"count":5,"href":"https:\/\/harmonyhotel.cz\/cz\/wp-json\/wp\/v2\/pages\/768\/revisions"}],"predecessor-version":[{"id":2367,"href":"https:\/\/harmonyhotel.cz\/cz\/wp-json\/wp\/v2\/pages\/768\/revisions\/2367"}],"up":[{"embeddable":true,"href":"https:\/\/harmonyhotel.cz\/cz\/wp-json\/wp\/v2\/pages\/19"}],"wp:featuredmedia":[{"embeddable":true,"href":"https:\/\/harmonyhotel.cz\/cz\/wp-json\/wp\/v2\/media\/2341"}],"wp:attachment":[{"href":"https:\/\/harmonyhotel.cz\/cz\/wp-json\/wp\/v2\/media?parent=768"}],"curies":[{"name":"wp","href":"https:\/\/api.w.org\/{rel}","templated":true}]}}