{"id":765,"date":"2024-06-13T22:29:44","date_gmt":"2024-06-13T20:29:44","guid":{"rendered":"https:\/\/harmonyhotel.cz\/?page_id=765"},"modified":"2024-06-14T00:52:57","modified_gmt":"2024-06-13T22:52:57","slug":"fitness-centrum","status":"publish","type":"page","link":"https:\/\/harmonyhotel.cz\/cz\/aktivity\/fitness-centrum\/","title":{"rendered":"Fitness centrum"},"content":{"rendered":"\n<div class=\"wp-block-media-text has-media-on-the-right is-stacked-on-mobile\"><div class=\"wp-block-media-text__content\">\n<p>Fitness Centrum &#8211; je um\u00edst\u011bno v minus 3.pat\u0159e<\/p>\n\n\n\n<p>Vstup na hotelovou kartu od pokoje. Pro nehotelov\u00e9 hosty &#8211; oproti \u00faplat\u011b ve Wellness recepci . \u2013 pro V\u00e1\u0161 tr\u00e9nink m\u016f\u017eete vyu\u017e\u00edt tak\u00e9 slu\u017eeb osobn\u00edho tren\u00e9ra (pro v\u00edce informac\u00ed nav\u0161tivte na\u0161i wellness recepci)<\/p>\n<\/div><figure class=\"wp-block-media-text__media\"><a href=\"https:\/\/harmonyhotel.cz\/wp-content\/uploads\/2024\/06\/Harmony-Hotel-Spindleruv-Mlyn-Fitness-centrum-1-scaled.jpg\"><img loading=\"lazy\" decoding=\"async\" width=\"800\" height=\"533\" src=\"https:\/\/harmonyhotel.cz\/wp-content\/uploads\/2024\/06\/Harmony-Hotel-Spindleruv-Mlyn-Fitness-centrum-1-800x533.jpg\" alt=\"Harmony Hotel \u0160pindler\u016fv Ml\u00fdn - Fitness centrum 1\" class=\"wp-image-826 size-medium\" srcset=\"https:\/\/harmonyhotel.cz\/wp-content\/uploads\/2024\/06\/Harmony-Hotel-Spindleruv-Mlyn-Fitness-centrum-1-800x533.jpg 800w, https:\/\/harmonyhotel.cz\/wp-content\/uploads\/2024\/06\/Harmony-Hotel-Spindleruv-Mlyn-Fitness-centrum-1-1600x1066.jpg 1600w\" sizes=\"auto, (max-width: 800px) 100vw, 800px\" \/><\/a><\/figure><\/div>\n","protected":false},"excerpt":{"rendered":"<p>Fitness Centrum &#8211; je um\u00edst\u011bno v minus 3.pat\u0159e Vstup na hotelovou kartu od pokoje. Pro nehotelov\u00e9 hosty &#8211; oproti \u00faplat\u011b ve Wellness recepci . \u2013 pro V\u00e1\u0161 tr\u00e9nink m\u016f\u017eete vyu\u017e\u00edt tak\u00e9 slu\u017eeb osobn\u00edho tren\u00e9ra (pro v\u00edce informac\u00ed nav\u0161tivte na\u0161i wellness recepci)<\/p>\n","protected":false},"author":1,"featured_media":739,"parent":19,"menu_order":0,"comment_status":"closed","ping_status":"closed","template":"","meta":{"footnotes":""},"class_list":["post-765","page","type-page","status-publish","has-post-thumbnail","hentry"],"_links":{"self":[{"href":"https:\/\/harmonyhotel.cz\/cz\/wp-json\/wp\/v2\/pages\/765","targetHints":{"allow":["GET"]}}],"collection":[{"href":"https:\/\/harmonyhotel.cz\/cz\/wp-json\/wp\/v2\/pages"}],"about":[{"href":"https:\/\/harmonyhotel.cz\/cz\/wp-json\/wp\/v2\/types\/page"}],"author":[{"embeddable":true,"href":"https:\/\/harmonyhotel.cz\/cz\/wp-json\/wp\/v2\/users\/1"}],"replies":[{"embeddable":true,"href":"https:\/\/harmonyhotel.cz\/cz\/wp-json\/wp\/v2\/comments?post=765"}],"version-history":[{"count":0,"href":"https:\/\/harmonyhotel.cz\/cz\/wp-json\/wp\/v2\/pages\/765\/revisions"}],"up":[{"embeddable":true,"href":"https:\/\/harmonyhotel.cz\/cz\/wp-json\/wp\/v2\/pages\/19"}],"wp:featuredmedia":[{"embeddable":true,"href":"https:\/\/harmonyhotel.cz\/cz\/wp-json\/wp\/v2\/media\/739"}],"wp:attachment":[{"href":"https:\/\/harmonyhotel.cz\/cz\/wp-json\/wp\/v2\/media?parent=765"}],"curies":[{"name":"wp","href":"https:\/\/api.w.org\/{rel}","templated":true}]}}