{"id":761,"date":"2024-06-13T22:28:58","date_gmt":"2024-06-13T20:28:58","guid":{"rendered":"https:\/\/harmonyhotel.cz\/?page_id=761"},"modified":"2026-03-17T14:17:55","modified_gmt":"2026-03-17T13:17:55","slug":"boulder","status":"publish","type":"page","link":"https:\/\/harmonyhotel.cz\/cz\/aktivity\/boulder\/","title":{"rendered":"Boulder"},"content":{"rendered":"\n<div class=\"wp-block-media-text has-media-on-the-right is-stacked-on-mobile is-image-fill-element\"><div class=\"wp-block-media-text__content\">\n<p><strong>Boulderov\u00e1 st\u011bna Harmony \u2013 nov\u00e1 dimenze lezen\u00ed!<\/strong><\/p>\n\n\n\n<p>Na\u0161e nov\u00e1 boulderov\u00e1 st\u011bna je ide\u00e1ln\u00edm m\u00edstem pro tr\u00e9nink va\u0161ich lezeck\u00fdch dovednost\u00ed, z\u00e1bavu pro d\u011bti i n\u00e1ro\u010dn\u00fd kondi\u010dn\u00ed tr\u00e9nink.<\/p>\n\n\n\n<p><strong>Vybaven\u00ed pro tr\u00e9nink<\/strong>: Prostor na shyby a pevn\u00fd vodorovn\u00fd \u017eeb\u0159\u00edk pro v\u0161estrann\u00fd kondi\u010dn\u00ed tr\u00e9nink.<\/p>\n\n\n\n<p><strong>Rozm\u011bry st\u011bny<\/strong>: 15 x 2,9 metr\u016f, s celkovou plochou 45 m\u00b2.<\/p>\n\n\n\n<p><strong>Bezpe\u010dnost a pohodl\u00ed<\/strong>: Celoplo\u0161n\u00e1 matrace o v\u00fd\u0161ce 25 cm dopln\u011bn\u00e1 mobiln\u00edmi matracemi (10 cm), kter\u00e9 lze p\u0159izp\u016fsobit podle pot\u0159eby a n\u00e1ro\u010dnosti.<\/p>\n<\/div><figure class=\"wp-block-media-text__media\"><a href=\"https:\/\/harmonyhotel.cz\/wp-content\/uploads\/2025\/01\/Harmony-Hotel-Spindleruv-Mlyn-Boulder-2-scaled.webp\"><img loading=\"lazy\" decoding=\"async\" width=\"1600\" height=\"1140\" src=\"https:\/\/harmonyhotel.cz\/wp-content\/uploads\/2025\/01\/Harmony-Hotel-Spindleruv-Mlyn-Boulder-2-1600x1140.webp\" alt=\"Harmony Hotel Spindleruv Mlyn Boulder 2\" class=\"wp-image-1439 size-medium\" style=\"object-position:50% 50%\" srcset=\"https:\/\/harmonyhotel.cz\/wp-content\/uploads\/2025\/01\/Harmony-Hotel-Spindleruv-Mlyn-Boulder-2-1600x1140.webp 1600w, https:\/\/harmonyhotel.cz\/wp-content\/uploads\/2025\/01\/Harmony-Hotel-Spindleruv-Mlyn-Boulder-2-800x570.webp 800w, https:\/\/harmonyhotel.cz\/wp-content\/uploads\/2025\/01\/Harmony-Hotel-Spindleruv-Mlyn-Boulder-2-18x12.webp 18w\" sizes=\"auto, (max-width: 1600px) 100vw, 1600px\" \/><\/a><\/figure><\/div>\n\n\n\n<div class=\"wp-block-media-text is-stacked-on-mobile is-image-fill-element\"><figure class=\"wp-block-media-text__media\"><a href=\"https:\/\/harmonyhotel.cz\/wp-content\/uploads\/2024\/06\/Harmony-Hotel-Spindleruv-Mlyn-Boulder-3.jpg\"><img loading=\"lazy\" decoding=\"async\" width=\"800\" height=\"533\" src=\"https:\/\/harmonyhotel.cz\/wp-content\/uploads\/2024\/06\/Harmony-Hotel-Spindleruv-Mlyn-Boulder-3-800x533.jpg\" alt=\"Harmony Hotel \u0160pindler\u016fv Ml\u00fdn - Boulder 3\" class=\"wp-image-817 size-medium\" style=\"object-position:50% 50%\" srcset=\"https:\/\/harmonyhotel.cz\/wp-content\/uploads\/2024\/06\/Harmony-Hotel-Spindleruv-Mlyn-Boulder-3-800x533.jpg 800w, https:\/\/harmonyhotel.cz\/wp-content\/uploads\/2024\/06\/Harmony-Hotel-Spindleruv-Mlyn-Boulder-3.jpg 1200w\" sizes=\"auto, (max-width: 800px) 100vw, 800px\" \/><\/a><\/figure><div class=\"wp-block-media-text__content\">\n<p>St\u011bna je navr\u017eena pro&nbsp;<strong>za\u010d\u00ednaj\u00edc\u00ed i pokro\u010dil\u00e9 lezce<\/strong>&nbsp;a je skv\u011blou volbou jak pro jednotlivce, tak pro rodiny s d\u011btmi.<\/p>\n\n\n\n<p><strong>P\u016fj\u010dovna leze\u010dek<\/strong>&nbsp;je k dispozici na wellness recepci.<br><strong>Otev\u00edrac\u00ed doba<\/strong>: denn\u011b od 7:00 do 22:00.<\/p>\n<\/div><\/div>\n\n\n\n<div class=\"wp-block-media-text has-media-on-the-right is-stacked-on-mobile is-image-fill-element\"><div class=\"wp-block-media-text__content\">\n<p>P\u0159ij\u010fte vyzkou\u0161et na\u0161i novou boulderovou st\u011bnu a posu\u0148te sv\u00e9 hranice!<br><strong>Harmony Hotel \u0160pindler\u016fv Ml\u00fdn \u2013 m\u00edsto pro aktivn\u00ed i relaxa\u010dn\u00ed z\u00e1\u017eitky.<\/strong><\/p>\n\n\n\n<p><\/p>\n\n\n\n<p><\/p>\n<\/div><figure class=\"wp-block-media-text__media\"><a href=\"https:\/\/harmonyhotel.cz\/wp-content\/uploads\/2024\/06\/Harmony-Hotel-Spindleruv-Mlyn-Boulder-1.jpg\"><img loading=\"lazy\" decoding=\"async\" width=\"800\" height=\"533\" src=\"https:\/\/harmonyhotel.cz\/wp-content\/uploads\/2024\/06\/Harmony-Hotel-Spindleruv-Mlyn-Boulder-1-800x533.jpg\" alt=\"Harmony Hotel \u0160pindler\u016fv Ml\u00fdn - Boulder 1\" class=\"wp-image-819 size-medium\" style=\"object-position:50% 50%\" srcset=\"https:\/\/harmonyhotel.cz\/wp-content\/uploads\/2024\/06\/Harmony-Hotel-Spindleruv-Mlyn-Boulder-1-800x533.jpg 800w, https:\/\/harmonyhotel.cz\/wp-content\/uploads\/2024\/06\/Harmony-Hotel-Spindleruv-Mlyn-Boulder-1.jpg 1200w\" sizes=\"auto, (max-width: 800px) 100vw, 800px\" \/><\/a><\/figure><\/div>\n","protected":false},"excerpt":{"rendered":"<p>Boulderov\u00e1 st\u011bna Harmony \u2013 nov\u00e1 dimenze lezen\u00ed! Na\u0161e nov\u00e1 boulderov\u00e1 st\u011bna je ide\u00e1ln\u00edm m\u00edstem pro tr\u00e9nink va\u0161ich lezeck\u00fdch dovednost\u00ed, z\u00e1bavu pro d\u011bti i n\u00e1ro\u010dn\u00fd kondi\u010dn\u00ed tr\u00e9nink. Vybaven\u00ed pro tr\u00e9nink: Prostor na shyby a pevn\u00fd vodorovn\u00fd \u017eeb\u0159\u00edk pro v\u0161estrann\u00fd kondi\u010dn\u00ed tr\u00e9nink. Rozm\u011bry st\u011bny: 15 x 2,9 metr\u016f, s celkovou plochou 45 m\u00b2. Bezpe\u010dnost a pohodl\u00ed: Celoplo\u0161n\u00e1 [&hellip;]<\/p>\n","protected":false},"author":1,"featured_media":1440,"parent":19,"menu_order":0,"comment_status":"closed","ping_status":"closed","template":"","meta":{"footnotes":""},"class_list":["post-761","page","type-page","status-publish","has-post-thumbnail","hentry"],"_links":{"self":[{"href":"https:\/\/harmonyhotel.cz\/cz\/wp-json\/wp\/v2\/pages\/761","targetHints":{"allow":["GET"]}}],"collection":[{"href":"https:\/\/harmonyhotel.cz\/cz\/wp-json\/wp\/v2\/pages"}],"about":[{"href":"https:\/\/harmonyhotel.cz\/cz\/wp-json\/wp\/v2\/types\/page"}],"author":[{"embeddable":true,"href":"https:\/\/harmonyhotel.cz\/cz\/wp-json\/wp\/v2\/users\/1"}],"replies":[{"embeddable":true,"href":"https:\/\/harmonyhotel.cz\/cz\/wp-json\/wp\/v2\/comments?post=761"}],"version-history":[{"count":18,"href":"https:\/\/harmonyhotel.cz\/cz\/wp-json\/wp\/v2\/pages\/761\/revisions"}],"predecessor-version":[{"id":2414,"href":"https:\/\/harmonyhotel.cz\/cz\/wp-json\/wp\/v2\/pages\/761\/revisions\/2414"}],"up":[{"embeddable":true,"href":"https:\/\/harmonyhotel.cz\/cz\/wp-json\/wp\/v2\/pages\/19"}],"wp:featuredmedia":[{"embeddable":true,"href":"https:\/\/harmonyhotel.cz\/cz\/wp-json\/wp\/v2\/media\/1440"}],"wp:attachment":[{"href":"https:\/\/harmonyhotel.cz\/cz\/wp-json\/wp\/v2\/media?parent=761"}],"curies":[{"name":"wp","href":"https:\/\/api.w.org\/{rel}","templated":true}]}}