{"id":757,"date":"2024-06-13T22:27:43","date_gmt":"2024-06-13T20:27:43","guid":{"rendered":"https:\/\/harmonyhotel.cz\/?page_id=757"},"modified":"2025-01-28T00:11:54","modified_gmt":"2025-01-27T23:11:54","slug":"pujcovna-a-uschovna-lyzi-a-snowboardu","status":"publish","type":"page","link":"https:\/\/harmonyhotel.cz\/cz\/aktivity\/pujcovna-a-uschovna-lyzi-a-snowboardu\/","title":{"rendered":"P\u016fj\u010dovna a \u00faschovna ly\u017e\u00ed a snowboard\u016f"},"content":{"rendered":"\n<div class=\"wp-block-media-text has-media-on-the-right is-stacked-on-mobile is-image-fill-element\"><div class=\"wp-block-media-text__content\">\n<p>Na\u0161e modern\u00ed hotelov\u00e1 p\u016fj\u010dovna nab\u00edz\u00ed \u0161irok\u00fd v\u00fdb\u011br \u0161pi\u010dkov\u00e9ho vybaven\u00ed pro ly\u017ea\u0159e i snowboardisty. Nov\u011b jsme za\u0159adili do nab\u00eddky&nbsp;<strong>VIP ly\u017ee St\u00f6ckli<\/strong>, kter\u00e9 poskytnou maxim\u00e1ln\u00ed z\u00e1\u017eitek z j\u00edzdy a komfort na svahu.<\/p>\n\n\n\n<ul class=\"wp-block-list\">\n<li><strong>Ly\u017ea\u0159sk\u00e9 vybaven\u00ed<\/strong>&nbsp;zna\u010dek&nbsp;<strong>Atomic<\/strong>,&nbsp;<strong>Salomon<\/strong>&nbsp;a&nbsp;<strong>St\u00f6ckli<\/strong>.<\/li>\n\n\n\n<li><strong>Snowboardov\u00e9 vybaven\u00ed<\/strong>&nbsp;zna\u010dky&nbsp;<strong>Burton<\/strong>.<\/li>\n\n\n\n<li>Mo\u017enost zap\u016fj\u010den\u00ed d\u011btsk\u00e9ho i dosp\u011bl\u00e9ho vybaven\u00ed.<\/li>\n\n\n\n<li>Profesion\u00e1ln\u00ed servis:&nbsp;<strong>se\u0159\u00edzen\u00ed ly\u017e\u00ed a maz\u00e1n\u00ed<\/strong>&nbsp;na profesion\u00e1ln\u00edm mazac\u00edm stroji.<\/li>\n\n\n\n<li>Modern\u00ed&nbsp;<strong>\u00faschovna s automatick\u00fdm vysou\u0161en\u00edm<\/strong>, boxy koresponduj\u00ed s \u010d\u00edsly va\u0161eho pokoje.<\/li>\n<\/ul>\n<\/div><figure class=\"wp-block-media-text__media\"><a href=\"https:\/\/harmonyhotel.cz\/wp-content\/uploads\/2024\/06\/Harmony-Hotel-Spindleruv-Mlyn-Pujcovna-a-uschovna-lyzi-a-kol-1.jpg\"><img loading=\"lazy\" decoding=\"async\" width=\"800\" height=\"533\" src=\"https:\/\/harmonyhotel.cz\/wp-content\/uploads\/2024\/06\/Harmony-Hotel-Spindleruv-Mlyn-Pujcovna-a-uschovna-lyzi-a-kol-1-800x533.jpg\" alt=\"Harmony Hotel \u0160pindler\u016fv Ml\u00fdn - P\u016fj\u010dovna a \u00faschovna ly\u017e\u00ed a kol 1\" class=\"wp-image-801 size-medium\" style=\"object-position:50% 50%\" srcset=\"https:\/\/harmonyhotel.cz\/wp-content\/uploads\/2024\/06\/Harmony-Hotel-Spindleruv-Mlyn-Pujcovna-a-uschovna-lyzi-a-kol-1-800x533.jpg 800w, https:\/\/harmonyhotel.cz\/wp-content\/uploads\/2024\/06\/Harmony-Hotel-Spindleruv-Mlyn-Pujcovna-a-uschovna-lyzi-a-kol-1-1600x1067.jpg 1600w, https:\/\/harmonyhotel.cz\/wp-content\/uploads\/2024\/06\/Harmony-Hotel-Spindleruv-Mlyn-Pujcovna-a-uschovna-lyzi-a-kol-1.jpg 1732w\" sizes=\"auto, (max-width: 800px) 100vw, 800px\" \/><\/a><\/figure><\/div>\n\n\n\n<div class=\"wp-block-media-text is-stacked-on-mobile is-image-fill-element\"><figure class=\"wp-block-media-text__media\"><a href=\"https:\/\/harmonyhotel.cz\/wp-content\/uploads\/2024\/06\/Harmony-Hotel-Spindleruv-Mlyn-Pujcovna-a-uschovna-lyzi-a-kol-2-scaled.jpg\"><img loading=\"lazy\" decoding=\"async\" width=\"800\" height=\"533\" src=\"https:\/\/harmonyhotel.cz\/wp-content\/uploads\/2024\/06\/Harmony-Hotel-Spindleruv-Mlyn-Pujcovna-a-uschovna-lyzi-a-kol-2-800x533.jpg\" alt=\"Harmony Hotel \u0160pindler\u016fv Ml\u00fdn - P\u016fj\u010dovna a \u00faschovna ly\u017e\u00ed a kol 2\" class=\"wp-image-800 size-medium\" style=\"object-position:50% 50%\" srcset=\"https:\/\/harmonyhotel.cz\/wp-content\/uploads\/2024\/06\/Harmony-Hotel-Spindleruv-Mlyn-Pujcovna-a-uschovna-lyzi-a-kol-2-800x533.jpg 800w, https:\/\/harmonyhotel.cz\/wp-content\/uploads\/2024\/06\/Harmony-Hotel-Spindleruv-Mlyn-Pujcovna-a-uschovna-lyzi-a-kol-2-1600x1066.jpg 1600w\" sizes=\"auto, (max-width: 800px) 100vw, 800px\" \/><\/a><\/figure><div class=\"wp-block-media-text__content\">\n<h3 class=\"wp-block-heading\">Provozn\u00ed doba<\/h3>\n\n\n\n<p><strong>pond\u011bl\u00ed \u2013 p\u00e1tek<\/strong><br>8.30 \u2013 11.30, 12.00 \u2013 14.00, 15.30 \u2013 17.30<\/p>\n\n\n\n<p><strong>sobota \u2013 ned\u011ble<\/strong><br>8.30 \u2013 11.30, 12.30 \u2013 17.30<\/p>\n\n\n\n<div class=\"wp-block-buttons is-layout-flex wp-block-buttons-is-layout-flex\">\n<div class=\"wp-block-button btnalt\"><a class=\"wp-block-button__link wp-element-button\" href=\"https:\/\/pujcovna.harmonyhotel.cz\/rezervace\" target=\"_blank\" rel=\"noreferrer noopener\">Online rezervace vybaven\u00ed pro ly\u017ea\u0159e i snowboardisty<\/a><\/div>\n<\/div>\n<\/div><\/div>\n\n\n\n<div class=\"wp-block-media-text has-media-on-the-right is-stacked-on-mobile is-image-fill-element\"><div class=\"wp-block-media-text__content\">\n<p><strong>VIP z\u00e1\u017eitek na svahu s ly\u017eemi St\u00f6ckli<\/strong><br>Vyzkou\u0161ejte exkluzivn\u00ed modely ly\u017e\u00ed St\u00f6ckli, kter\u00e9 jsou ide\u00e1ln\u00ed pro n\u00e1ro\u010dn\u00e9 ly\u017ea\u0159e hledaj\u00edc\u00ed dokonal\u00fd v\u00fdkon a precizn\u00ed ovladatelnost.<\/p>\n\n\n\n<p><strong>Harmony Hotel \u0160pindler\u016fv Ml\u00fdn \u2013 v\u00e1\u0161 partner pro pohodln\u00fd a bezstarostn\u00fd pobyt na hor\u00e1ch.<\/strong><\/p>\n<\/div><figure class=\"wp-block-media-text__media\"><a href=\"https:\/\/harmonyhotel.cz\/wp-content\/uploads\/2024\/06\/Harmony-Hotel-Spindleruv-Mlyn-Pujcovna-a-uschovna-lyzi-a-kol-3.jpg\"><img loading=\"lazy\" decoding=\"async\" width=\"800\" height=\"533\" src=\"https:\/\/harmonyhotel.cz\/wp-content\/uploads\/2024\/06\/Harmony-Hotel-Spindleruv-Mlyn-Pujcovna-a-uschovna-lyzi-a-kol-3-800x533.jpg\" alt=\"Harmony Hotel \u0160pindler\u016fv Ml\u00fdn - P\u016fj\u010dovna a \u00faschovna ly\u017e\u00ed a kol 3\" class=\"wp-image-799 size-medium\" style=\"object-position:50% 50%\" srcset=\"https:\/\/harmonyhotel.cz\/wp-content\/uploads\/2024\/06\/Harmony-Hotel-Spindleruv-Mlyn-Pujcovna-a-uschovna-lyzi-a-kol-3-800x533.jpg 800w, https:\/\/harmonyhotel.cz\/wp-content\/uploads\/2024\/06\/Harmony-Hotel-Spindleruv-Mlyn-Pujcovna-a-uschovna-lyzi-a-kol-3-1600x1067.jpg 1600w, https:\/\/harmonyhotel.cz\/wp-content\/uploads\/2024\/06\/Harmony-Hotel-Spindleruv-Mlyn-Pujcovna-a-uschovna-lyzi-a-kol-3.jpg 1620w\" sizes=\"auto, (max-width: 800px) 100vw, 800px\" \/><\/a><\/figure><\/div>\n\n\n\n<p><\/p>\n","protected":false},"excerpt":{"rendered":"<p>VIP z\u00e1\u017eitek na svahu s ly\u017eemi St\u00f6ckliVyzkou\u0161ejte exkluzivn\u00ed modely ly\u017e\u00ed St\u00f6ckli, kter\u00e9 jsou ide\u00e1ln\u00ed pro n\u00e1ro\u010dn\u00e9 ly\u017ea\u0159e hledaj\u00edc\u00ed dokonal\u00fd v\u00fdkon a precizn\u00ed ovladatelnost. Harmony Hotel \u0160pindler\u016fv Ml\u00fdn \u2013 v\u00e1\u0161 partner pro pohodln\u00fd a bezstarostn\u00fd pobyt na hor\u00e1ch.<\/p>\n","protected":false},"author":1,"featured_media":733,"parent":19,"menu_order":0,"comment_status":"closed","ping_status":"closed","template":"","meta":{"footnotes":""},"class_list":["post-757","page","type-page","status-publish","has-post-thumbnail","hentry"],"_links":{"self":[{"href":"https:\/\/harmonyhotel.cz\/cz\/wp-json\/wp\/v2\/pages\/757","targetHints":{"allow":["GET"]}}],"collection":[{"href":"https:\/\/harmonyhotel.cz\/cz\/wp-json\/wp\/v2\/pages"}],"about":[{"href":"https:\/\/harmonyhotel.cz\/cz\/wp-json\/wp\/v2\/types\/page"}],"author":[{"embeddable":true,"href":"https:\/\/harmonyhotel.cz\/cz\/wp-json\/wp\/v2\/users\/1"}],"replies":[{"embeddable":true,"href":"https:\/\/harmonyhotel.cz\/cz\/wp-json\/wp\/v2\/comments?post=757"}],"version-history":[{"count":5,"href":"https:\/\/harmonyhotel.cz\/cz\/wp-json\/wp\/v2\/pages\/757\/revisions"}],"predecessor-version":[{"id":1447,"href":"https:\/\/harmonyhotel.cz\/cz\/wp-json\/wp\/v2\/pages\/757\/revisions\/1447"}],"up":[{"embeddable":true,"href":"https:\/\/harmonyhotel.cz\/cz\/wp-json\/wp\/v2\/pages\/19"}],"wp:featuredmedia":[{"embeddable":true,"href":"https:\/\/harmonyhotel.cz\/cz\/wp-json\/wp\/v2\/media\/733"}],"wp:attachment":[{"href":"https:\/\/harmonyhotel.cz\/cz\/wp-json\/wp\/v2\/media?parent=757"}],"curies":[{"name":"wp","href":"https:\/\/api.w.org\/{rel}","templated":true}]}}