{"id":755,"date":"2024-06-13T22:27:32","date_gmt":"2024-06-13T20:27:32","guid":{"rendered":"https:\/\/harmonyhotel.cz\/?page_id=755"},"modified":"2025-01-03T09:58:21","modified_gmt":"2025-01-03T08:58:21","slug":"detsky-vlek-magic-carpet","status":"publish","type":"page","link":"https:\/\/harmonyhotel.cz\/cz\/aktivity\/detsky-vlek-magic-carpet\/","title":{"rendered":"D\u011btsk\u00fd vlek &amp; Magic carpet"},"content":{"rendered":"\n<div class=\"wp-block-media-text has-media-on-the-right is-stacked-on-mobile is-image-fill-element\"><div class=\"wp-block-media-text__content\">\n<p>P\u0159\u00edmo za hotelem je ta nejlep\u0161\u00ed cvi\u010dn\u00e1 louka ve \u0160pindlerov\u011b Ml\u00fdn\u011b pro prvn\u00ed ly\u017ea\u0159sk\u00e9 kroky Va\u0161ich d\u00edtek a pro prvn\u00ed carvingov\u00e9 oblou\u010dky.<\/p>\n\n\n\n<p>Provozn\u00ed doba vleku:<br><strong>8.15 \u2013 16.00<\/strong><\/p>\n<\/div><figure class=\"wp-block-media-text__media\"><a href=\"https:\/\/harmonyhotel.cz\/wp-content\/uploads\/2024\/06\/Harmony-Hotel-Spindleruv-Mlyn-Detsky-vlek-Magic-carpet-1.jpg\"><img loading=\"lazy\" decoding=\"async\" width=\"800\" height=\"600\" src=\"https:\/\/harmonyhotel.cz\/wp-content\/uploads\/2024\/06\/Harmony-Hotel-Spindleruv-Mlyn-Detsky-vlek-Magic-carpet-1-800x600.jpg\" alt=\"Harmony Hotel \u0160pindler\u016fv Ml\u00fdn - D\u011btsk\u00fd vlek &amp; Magic carpet 1\" class=\"wp-image-796 size-medium\" style=\"object-position:50% 50%\" srcset=\"https:\/\/harmonyhotel.cz\/wp-content\/uploads\/2024\/06\/Harmony-Hotel-Spindleruv-Mlyn-Detsky-vlek-Magic-carpet-1-800x600.jpg 800w, https:\/\/harmonyhotel.cz\/wp-content\/uploads\/2024\/06\/Harmony-Hotel-Spindleruv-Mlyn-Detsky-vlek-Magic-carpet-1.jpg 1440w\" sizes=\"auto, (max-width: 800px) 100vw, 800px\" \/><\/a><\/figure><\/div>\n\n\n\n<div class=\"wp-block-media-text is-stacked-on-mobile is-image-fill-element\"><figure class=\"wp-block-media-text__media\"><a href=\"https:\/\/harmonyhotel.cz\/wp-content\/uploads\/2024\/06\/Harmony-Hotel-Spindleruv-Mlyn-Detsky-vlek-Magic-carpet-2.jpg\"><img loading=\"lazy\" decoding=\"async\" width=\"800\" height=\"600\" src=\"https:\/\/harmonyhotel.cz\/wp-content\/uploads\/2024\/06\/Harmony-Hotel-Spindleruv-Mlyn-Detsky-vlek-Magic-carpet-2-800x600.jpg\" alt=\"Harmony Hotel \u0160pindler\u016fv Ml\u00fdn - D\u011btsk\u00fd vlek &amp; Magic carpet 2\" class=\"wp-image-795 size-medium\" style=\"object-position:50% 50%\" srcset=\"https:\/\/harmonyhotel.cz\/wp-content\/uploads\/2024\/06\/Harmony-Hotel-Spindleruv-Mlyn-Detsky-vlek-Magic-carpet-2-800x600.jpg 800w, https:\/\/harmonyhotel.cz\/wp-content\/uploads\/2024\/06\/Harmony-Hotel-Spindleruv-Mlyn-Detsky-vlek-Magic-carpet-2.jpg 1440w\" sizes=\"auto, (max-width: 800px) 100vw, 800px\" \/><\/a><\/figure><div class=\"wp-block-media-text__content\">\n<p>Vlek u hotelu (poma) je sou\u010d\u00e1st\u00ed syst\u00e9mu vlek\u016f a lanov\u00fdch drah Skiare\u00e1lu \u0160pindler\u016fv Ml\u00fdn. Na tomto vleku ly\u017euj\u00ed d\u011bti do v\u011bku 5,9 let gratis. Je na n\u011bj platn\u00fd skipas\/gopass platn\u00fd pro cel\u00fd are\u00e1l. Pokud se rozhodnete pro ly\u017eov\u00e1n\u00ed pouze na tomto vleku \u2013 je mo\u017eno zakoupit region\u00e1ln\u00ed j\u00edzdn\u00e9 pouze a jen pro tento vlek (pomu).<\/p>\n<\/div><\/div>\n\n\n\n<div class=\"wp-block-media-text has-media-on-the-right is-stacked-on-mobile is-image-fill-element\"><div class=\"wp-block-media-text__content\">\n<p>Na sjezdovce je um\u00edst\u011bn tak\u00e9 pohybliv\u00fd koberec \/ Magic carpet \u2013 ur\u010den\u00fd opravdu pro ty nejmen\u0161\u00ed a pro \u00fa\u010dely ly\u017ea\u0159sk\u00e9 \u0161kolky a v\u00fduky, realizovan\u00e9 ly\u017ea\u0159skou \u0161kolou.<\/p>\n\n\n\n<p>Informujte se na hotelov\u00e9 recepci o mo\u017enostech a \u010dasech p\u0159\u00edpadn\u00e9ho vyu\u017eit\u00ed tohoto koberce, pokud nebudete vyu\u017e\u00edvat slu\u017eeb ly\u017ea\u0159sk\u00e9 \u0161koly.<\/p>\n<\/div><figure class=\"wp-block-media-text__media\"><a href=\"https:\/\/harmonyhotel.cz\/wp-content\/uploads\/2024\/06\/Harmony-Hotel-Spindleruv-Mlyn-Detsky-vlek-Magic-carpet-3.jpg\"><img loading=\"lazy\" decoding=\"async\" width=\"800\" height=\"800\" src=\"https:\/\/harmonyhotel.cz\/wp-content\/uploads\/2024\/06\/Harmony-Hotel-Spindleruv-Mlyn-Detsky-vlek-Magic-carpet-3-800x800.jpg\" alt=\"Harmony Hotel \u0160pindler\u016fv Ml\u00fdn - D\u011btsk\u00fd vlek &amp; Magic carpet 3\" class=\"wp-image-794 size-medium\" style=\"object-position:50% 50%\" srcset=\"https:\/\/harmonyhotel.cz\/wp-content\/uploads\/2024\/06\/Harmony-Hotel-Spindleruv-Mlyn-Detsky-vlek-Magic-carpet-3-800x800.jpg 800w, https:\/\/harmonyhotel.cz\/wp-content\/uploads\/2024\/06\/Harmony-Hotel-Spindleruv-Mlyn-Detsky-vlek-Magic-carpet-3-200x200.jpg 200w, https:\/\/harmonyhotel.cz\/wp-content\/uploads\/2024\/06\/Harmony-Hotel-Spindleruv-Mlyn-Detsky-vlek-Magic-carpet-3.jpg 1080w\" sizes=\"auto, (max-width: 800px) 100vw, 800px\" \/><\/a><\/figure><\/div>\n","protected":false},"excerpt":{"rendered":"<p>P\u0159\u00edmo za hotelem je ta nejlep\u0161\u00ed cvi\u010dn\u00e1 louka ve \u0160pindlerov\u011b Ml\u00fdn\u011b pro prvn\u00ed ly\u017ea\u0159sk\u00e9 kroky Va\u0161ich d\u00edtek a pro prvn\u00ed carvingov\u00e9 oblou\u010dky. Provozn\u00ed doba vleku:8.15 \u2013 16.00 Vlek u hotelu (poma) je sou\u010d\u00e1st\u00ed syst\u00e9mu vlek\u016f a lanov\u00fdch drah Skiare\u00e1lu \u0160pindler\u016fv Ml\u00fdn. Na tomto vleku ly\u017euj\u00ed d\u011bti do v\u011bku 5,9 let gratis. Je na n\u011bj platn\u00fd [&hellip;]<\/p>\n","protected":false},"author":1,"featured_media":734,"parent":19,"menu_order":0,"comment_status":"closed","ping_status":"closed","template":"","meta":{"footnotes":""},"class_list":["post-755","page","type-page","status-publish","has-post-thumbnail","hentry"],"_links":{"self":[{"href":"https:\/\/harmonyhotel.cz\/cz\/wp-json\/wp\/v2\/pages\/755","targetHints":{"allow":["GET"]}}],"collection":[{"href":"https:\/\/harmonyhotel.cz\/cz\/wp-json\/wp\/v2\/pages"}],"about":[{"href":"https:\/\/harmonyhotel.cz\/cz\/wp-json\/wp\/v2\/types\/page"}],"author":[{"embeddable":true,"href":"https:\/\/harmonyhotel.cz\/cz\/wp-json\/wp\/v2\/users\/1"}],"replies":[{"embeddable":true,"href":"https:\/\/harmonyhotel.cz\/cz\/wp-json\/wp\/v2\/comments?post=755"}],"version-history":[{"count":1,"href":"https:\/\/harmonyhotel.cz\/cz\/wp-json\/wp\/v2\/pages\/755\/revisions"}],"predecessor-version":[{"id":1404,"href":"https:\/\/harmonyhotel.cz\/cz\/wp-json\/wp\/v2\/pages\/755\/revisions\/1404"}],"up":[{"embeddable":true,"href":"https:\/\/harmonyhotel.cz\/cz\/wp-json\/wp\/v2\/pages\/19"}],"wp:featuredmedia":[{"embeddable":true,"href":"https:\/\/harmonyhotel.cz\/cz\/wp-json\/wp\/v2\/media\/734"}],"wp:attachment":[{"href":"https:\/\/harmonyhotel.cz\/cz\/wp-json\/wp\/v2\/media?parent=755"}],"curies":[{"name":"wp","href":"https:\/\/api.w.org\/{rel}","templated":true}]}}