{"id":75,"date":"2024-06-06T21:59:13","date_gmt":"2024-06-06T19:59:13","guid":{"rendered":"https:\/\/harmonyhotel.cz\/?page_id=75"},"modified":"2026-01-12T13:27:09","modified_gmt":"2026-01-12T12:27:09","slug":"sluzby-a-vybaveni","status":"publish","type":"page","link":"https:\/\/harmonyhotel.cz\/cz\/hotel\/sluzby-a-vybaveni\/","title":{"rendered":"Slu\u017eby a vybaven\u00ed"},"content":{"rendered":"\n<div class=\"wp-block-media-text has-media-on-the-right is-stacked-on-mobile is-image-fill-element\" style=\"grid-template-columns:auto 48%\"><div class=\"wp-block-media-text__content\">\n<ul class=\"wp-block-list\">\n<li>Unik\u00e1tn\u00ed <a href=\"https:\/\/harmonyhotel.cz\/wellness\/\" data-type=\"page\" data-id=\"15\">wellness<\/a><\/li>\n\n\n\n<li><a href=\"https:\/\/harmonyhotel.cz\/sport\/\" data-type=\"page\" data-id=\"17\">In-house sporty<\/a> &#8211; fitness, tenis, bowling, golfov\u00fd simul\u00e1tor, st\u0159elnice<\/li>\n\n\n\n<li><a href=\"https:\/\/harmonyhotel.cz\/aktivity\/\" data-type=\"page\" data-id=\"19\">Ski-in ski-out hotel<\/a>\n<ul class=\"wp-block-list\">\n<li>Permanentka na hotelu<\/li>\n\n\n\n<li>P\u016fj\u010dovna ly\u017e\u00ed, \u00faschovna ly\u017e\u00ed a kol na hotelu<\/li>\n\n\n\n<li>D\u011btsk\u00fd vlek &amp; Magic carpet p\u0159\u00edmo u hotelu<\/li>\n<\/ul>\n<\/li>\n\n\n\n<li>Bobov\u00e1 dr\u00e1ha se slevou 10 %<\/li>\n\n\n\n<li>Anima\u010dn\u00ed programy<\/li>\n\n\n\n<li><a href=\"https:\/\/harmonyhotel.cz\/aktivity\/\" data-type=\"page\" data-id=\"19\">D\u011btsk\u00e9 h\u0159i\u0161t\u011b<\/a> s trampol\u00ednou &amp; Kids Play area<\/li>\n\n\n\n<li><a href=\"https:\/\/harmonyhotel.cz\/aktivity\/bunkr-expozice\/\" data-type=\"page\" data-id=\"783\">Bunkr expozice<\/a><\/li>\n\n\n\n<li><a href=\"https:\/\/harmonyhotel.cz\/hotel\/parkoviste\/\" data-type=\"page\" data-id=\"97\">Parkovi\u0161t\u011b<\/a><\/li>\n\n\n\n<li>114 stylov\u00fdch <a href=\"https:\/\/harmonyhotel.cz\/pokoje\/\" data-type=\"page\" data-id=\"9\">pokoj\u016f<\/a><\/li>\n\n\n\n<li>Prostorn\u00e9 modern\u00ed <a href=\"https:\/\/harmonyhotel.cz\/konference\/\" data-type=\"page\" data-id=\"13\">konferen\u010dn\u00ed prostory<\/a><\/li>\n\n\n\n<li>Stylov\u00e1 <a href=\"https:\/\/harmonyhotel.cz\/gastronomie\/\" data-type=\"page\" data-id=\"11\">restaurace<\/a><\/li>\n<\/ul>\n\n\n\n<figure class=\"wp-block-image size-full is-resized\"><img loading=\"lazy\" decoding=\"async\" width=\"2560\" height=\"1707\" src=\"https:\/\/harmonyhotel.cz\/wp-content\/uploads\/2025\/07\/2024_06_24_9490_EOS_R5_A19-scaled.jpg\" alt=\"\" class=\"wp-image-1849\" style=\"width:470px;height:auto\" srcset=\"https:\/\/harmonyhotel.cz\/wp-content\/uploads\/2025\/07\/2024_06_24_9490_EOS_R5_A19-scaled.jpg 2560w, https:\/\/harmonyhotel.cz\/wp-content\/uploads\/2025\/07\/2024_06_24_9490_EOS_R5_A19-800x534.jpg 800w, https:\/\/harmonyhotel.cz\/wp-content\/uploads\/2025\/07\/2024_06_24_9490_EOS_R5_A19-1600x1067.jpg 1600w, https:\/\/harmonyhotel.cz\/wp-content\/uploads\/2025\/07\/2024_06_24_9490_EOS_R5_A19-18x12.jpg 18w\" sizes=\"auto, (max-width: 2560px) 100vw, 2560px\" \/><\/figure>\n<\/div><figure class=\"wp-block-media-text__media\"><a href=\"https:\/\/harmonyhotel.cz\/wp-content\/uploads\/2024\/06\/Harmony-Hotel-Spindleruv-Mlyn-02.jpg\"><img loading=\"lazy\" decoding=\"async\" width=\"1600\" height=\"900\" src=\"https:\/\/harmonyhotel.cz\/wp-content\/uploads\/2024\/06\/Harmony-Hotel-Spindleruv-Mlyn-02-1600x900.jpg\" alt=\"Harmony Hotel \u0160pindler\u016fv Ml\u00fdn\" class=\"wp-image-327 size-medium\" style=\"object-position:50% 50%\" srcset=\"https:\/\/harmonyhotel.cz\/wp-content\/uploads\/2024\/06\/Harmony-Hotel-Spindleruv-Mlyn-02-1600x900.jpg 1600w, https:\/\/harmonyhotel.cz\/wp-content\/uploads\/2024\/06\/Harmony-Hotel-Spindleruv-Mlyn-02-800x450.jpg 800w\" sizes=\"auto, (max-width: 1600px) 100vw, 1600px\" \/><\/a><\/figure><\/div>\n","protected":false},"excerpt":{"rendered":"","protected":false},"author":1,"featured_media":452,"parent":7,"menu_order":15,"comment_status":"closed","ping_status":"closed","template":"","meta":{"footnotes":""},"class_list":["post-75","page","type-page","status-publish","has-post-thumbnail","hentry"],"_links":{"self":[{"href":"https:\/\/harmonyhotel.cz\/cz\/wp-json\/wp\/v2\/pages\/75","targetHints":{"allow":["GET"]}}],"collection":[{"href":"https:\/\/harmonyhotel.cz\/cz\/wp-json\/wp\/v2\/pages"}],"about":[{"href":"https:\/\/harmonyhotel.cz\/cz\/wp-json\/wp\/v2\/types\/page"}],"author":[{"embeddable":true,"href":"https:\/\/harmonyhotel.cz\/cz\/wp-json\/wp\/v2\/users\/1"}],"replies":[{"embeddable":true,"href":"https:\/\/harmonyhotel.cz\/cz\/wp-json\/wp\/v2\/comments?post=75"}],"version-history":[{"count":4,"href":"https:\/\/harmonyhotel.cz\/cz\/wp-json\/wp\/v2\/pages\/75\/revisions"}],"predecessor-version":[{"id":2285,"href":"https:\/\/harmonyhotel.cz\/cz\/wp-json\/wp\/v2\/pages\/75\/revisions\/2285"}],"up":[{"embeddable":true,"href":"https:\/\/harmonyhotel.cz\/cz\/wp-json\/wp\/v2\/pages\/7"}],"wp:featuredmedia":[{"embeddable":true,"href":"https:\/\/harmonyhotel.cz\/cz\/wp-json\/wp\/v2\/media\/452"}],"wp:attachment":[{"href":"https:\/\/harmonyhotel.cz\/cz\/wp-json\/wp\/v2\/media?parent=75"}],"curies":[{"name":"wp","href":"https:\/\/api.w.org\/{rel}","templated":true}]}}