{"id":669,"date":"2024-06-11T23:46:05","date_gmt":"2024-06-11T21:46:05","guid":{"rendered":"https:\/\/harmonyhotel.cz\/?page_id=669"},"modified":"2025-07-31T14:06:22","modified_gmt":"2025-07-31T12:06:22","slug":"masaze-a-relaxace","status":"publish","type":"page","link":"https:\/\/harmonyhotel.cz\/cz\/wellness\/masaze-a-relaxace\/","title":{"rendered":"Mas\u00e1\u017ee a relaxace"},"content":{"rendered":"\n<p class=\"has-text-align-center\">Neodmyslitelnou sou\u010d\u00e1st\u00ed zdrav\u00e9ho zp\u016fsobu \u017eivota je vedle zdrav\u00e9ho stravov\u00e1n\u00ed p\u0159edev\u0161\u00edm sport a relaxace, wellness. Sou\u010d\u00e1st\u00ed wellness a relaxa\u010dn\u00edch terapi\u00ed jsou mas\u00e1\u017ee, jejich\u017e \u0161irokou nab\u00eddku jsme pro V\u00e1s p\u0159ipravili. Vychutnat si m\u016f\u017eete speci\u00e1ln\u00ed relaxa\u010dn\u00ed mas\u00e1\u017ee \u010di klasick\u00e9 sportovn\u00ed mas\u00e1\u017ee . To v\u0161e v kr\u00e1sn\u00e9m prost\u0159ed\u00ed nov\u011b vznikl\u00e9ho saunov\u00e9ho sv\u011bta a jeho relaxa\u010dn\u00ed \u010d\u00e1sti.<\/p>\n\n\n\n<div style=\"height:50px\" aria-hidden=\"true\" class=\"wp-block-spacer\"><\/div>\n\n\n\n<div class=\"wp-block-media-text has-media-on-the-right is-stacked-on-mobile is-image-fill-element\"><div class=\"wp-block-media-text__content\">\n<h2 class=\"wp-block-heading\">Klasick\u00e9 sportovn\u00ed a rekondi\u010dn\u00ed mas\u00e1\u017ee<\/h2>\n\n\n\n<p>Klasick\u00e1 sportovn\u00ed a rekondi\u010dn\u00ed mas\u00e1\u017e slou\u017e\u00ed k odstran\u011bn\u00ed \u00fanavy a osv\u011b\u017een\u00ed, k relaxaci a vylad\u011bn\u00ed svalstva, povzbuzen\u00ed ob\u011bhov\u00e9ho a lymfatick\u00e9ho syst\u00e9mu nejen pro sportovce.<\/p>\n\n\n\n<div style=\"height:20px\" aria-hidden=\"true\" class=\"wp-block-spacer\"><\/div>\n\n\n\n<figure class=\"wp-block-table is-style-stripes\"><table><tbody><tr><td><strong>Celkov\u00e1 mas\u00e1\u017e<\/strong>&nbsp;(z\u00e1da, \u0161\u00edje, nohy)<\/td><td>50 min<\/td><td>1 290 K\u010d<\/td><\/tr><tr><td><strong>\u010c\u00e1ste\u010dn\u00e1 mas\u00e1\u017e<\/strong>&nbsp;(z\u00e1da, \u0161\u00edje)<\/td><td>20 min<\/td><td>690 K\u010d<\/td><\/tr><tr><td><strong>Mas\u00e1\u017e nohou<\/strong>&nbsp;(zadn\u00ed \u010d\u00e1st)<\/td><td>20 min<\/td><td>690 K\u010d<\/td><\/tr><\/tbody><\/table><\/figure>\n<\/div><figure class=\"wp-block-media-text__media\"><a href=\"https:\/\/harmonyhotel.cz\/wp-content\/uploads\/2024\/06\/Masaze-Spindleruv-Mlyn-Harmony-Hotel-Spindleruv-Mlyn-Klasicka-masaz-scaled.jpg\"><img loading=\"lazy\" decoding=\"async\" width=\"800\" height=\"549\" src=\"https:\/\/harmonyhotel.cz\/wp-content\/uploads\/2024\/06\/Masaze-Spindleruv-Mlyn-Harmony-Hotel-Spindleruv-Mlyn-Klasicka-masaz-800x549.jpg\" alt=\"Mas\u00e1\u017ee \u0160pindler\u016fv Ml\u00fdn - Harmony Hotel \u0160pindler\u016fv Ml\u00fdn - Klasick\u00e1 mas\u00e1\u017e\" class=\"wp-image-703 size-medium\" style=\"object-position:50% 50%\" srcset=\"https:\/\/harmonyhotel.cz\/wp-content\/uploads\/2024\/06\/Masaze-Spindleruv-Mlyn-Harmony-Hotel-Spindleruv-Mlyn-Klasicka-masaz-800x549.jpg 800w, https:\/\/harmonyhotel.cz\/wp-content\/uploads\/2024\/06\/Masaze-Spindleruv-Mlyn-Harmony-Hotel-Spindleruv-Mlyn-Klasicka-masaz-1600x1098.jpg 1600w\" sizes=\"auto, (max-width: 800px) 100vw, 800px\" \/><\/a><\/figure><\/div>\n\n\n\n<div class=\"wp-block-media-text is-stacked-on-mobile is-image-fill-element\"><figure class=\"wp-block-media-text__media\"><a href=\"https:\/\/harmonyhotel.cz\/wp-content\/uploads\/2024\/06\/Masaze-Spindleruv-Mlyn-Harmony-Hotel-Spindleruv-Mlyn-Aroma-masaz-scaled.jpg\"><img loading=\"lazy\" decoding=\"async\" width=\"800\" height=\"549\" src=\"https:\/\/harmonyhotel.cz\/wp-content\/uploads\/2024\/06\/Masaze-Spindleruv-Mlyn-Harmony-Hotel-Spindleruv-Mlyn-Aroma-masaz-800x549.jpg\" alt=\"Mas\u00e1\u017ee \u0160pindler\u016fv Ml\u00fdn - Harmony Hotel \u0160pindler\u016fv Ml\u00fdn - Aroma mas\u00e1\u017e\" class=\"wp-image-705 size-medium\" style=\"object-position:50% 50%\" srcset=\"https:\/\/harmonyhotel.cz\/wp-content\/uploads\/2024\/06\/Masaze-Spindleruv-Mlyn-Harmony-Hotel-Spindleruv-Mlyn-Aroma-masaz-800x549.jpg 800w, https:\/\/harmonyhotel.cz\/wp-content\/uploads\/2024\/06\/Masaze-Spindleruv-Mlyn-Harmony-Hotel-Spindleruv-Mlyn-Aroma-masaz-1600x1098.jpg 1600w\" sizes=\"auto, (max-width: 800px) 100vw, 800px\" \/><\/a><\/figure><div class=\"wp-block-media-text__content\">\n<h2 class=\"wp-block-heading\">Aroma mas\u00e1\u017e<\/h2>\n\n\n\n<p>Relaxa\u010dn\u00ed mas\u00e1\u017e, kter\u00e1 p\u016fsob\u00ed nejen na t\u011blo, ale i mysl. Siln\u00fdch \u00fa\u010dink\u016f dosahuje d\u00edky \u010dist\u011b p\u0159\u00edrodn\u00edm l\u00e1tk\u00e1m jako jsou silice a esenci\u00e1ln\u00ed oleje. Podporuje imunitn\u00ed syst\u00e9m, pom\u00e1h\u00e1 uvol\u0148ovat nap\u011bt\u00ed a stres. Vhodn\u011b volen\u00fdmi esenci\u00e1ln\u00edmi oleji dos\u00e1hneme \u00falevy p\u0159i \u0159ad\u011b psychick\u00fdch probl\u00e9m\u016f.<\/p>\n\n\n\n<p>N\u00e1\u0161 odborn\u011b \u0161kolen\u00fd person\u00e1l V\u00e1m na po\u017e\u00e1d\u00e1n\u00ed doporu\u010d\u00ed konkr\u00e9tn\u00ed esenci\u00e1ln\u00ed olej v z\u00e1vislosti na Va\u0161ich konkr\u00e9tn\u00edch p\u0159\u00e1n\u00edch \u010di probl\u00e9mech.<\/p>\n\n\n\n<div style=\"height:20px\" aria-hidden=\"true\" class=\"wp-block-spacer\"><\/div>\n\n\n\n<figure class=\"wp-block-table is-style-stripes\"><table><tbody><tr><td><strong>Celkov\u00e1 aroma mas\u00e1\u017e&nbsp;<\/strong>(z\u00e1da, \u0161\u00edje, nohy)<\/td><td>50 min<\/td><td>1 290 K\u010d<\/td><\/tr><tr><td><strong>\u010c\u00e1ste\u010dn\u00e1 aroma mas\u00e1\u017e<\/strong>&nbsp;(z\u00e1da, \u0161\u00edje)<\/td><td>20 min<\/td><td>690 K\u010d<\/td><\/tr><\/tbody><\/table><\/figure>\n<\/div><\/div>\n\n\n\n<div class=\"wp-block-media-text has-media-on-the-right is-stacked-on-mobile is-image-fill-element\"><div class=\"wp-block-media-text__content\">\n<h2 class=\"wp-block-heading\">Ba\u0148kov\u00e1n\u00ed<\/h2>\n\n\n\n<p>Speci\u00e1ln\u00ed, tradi\u010dn\u00ed, histori\u00ed prov\u011b\u0159en\u00e1 mas\u00e1\u017e, zam\u011b\u0159en\u00e1 na v\u00fdrazn\u00e9 uvoln\u011bn\u00ed sval\u016f, svalov\u00fdch blok\u00e1d, odstran\u011bn\u00ed bolesti a detoxikaci. P\u0159i ba\u0148kov\u00e1n\u00ed je nejprve prov\u00e1d\u011bna mas\u00e1\u017e ba\u0148kou a posl\u00e9ze jsou ba\u0148ky p\u0159ikl\u00e1d\u00e1ny na t\u011blo.<\/p>\n\n\n\n<div style=\"height:20px\" aria-hidden=\"true\" class=\"wp-block-spacer\"><\/div>\n\n\n\n<figure class=\"wp-block-table is-style-stripes\"><table><tbody><tr><td><strong>Ba\u0148kov\u00e1n\u00ed&nbsp;<\/strong>(z\u00e1da)<\/td><td>20 min<\/td><td>690 K\u010d<\/td><\/tr><\/tbody><\/table><\/figure>\n<\/div><figure class=\"wp-block-media-text__media\"><a href=\"https:\/\/harmonyhotel.cz\/wp-content\/uploads\/2024\/06\/Masaze-Spindleruv-Mlyn-Harmony-Hotel-Spindleruv-Mlyn-Bankovani-scaled.jpg\"><img loading=\"lazy\" decoding=\"async\" width=\"800\" height=\"549\" src=\"https:\/\/harmonyhotel.cz\/wp-content\/uploads\/2024\/06\/Masaze-Spindleruv-Mlyn-Harmony-Hotel-Spindleruv-Mlyn-Bankovani-800x549.jpg\" alt=\"Mas\u00e1\u017ee \u0160pindler\u016fv Ml\u00fdn - Harmony Hotel \u0160pindler\u016fv Ml\u00fdn - Ba\u0148kov\u00e1n\u00ed\" class=\"wp-image-702 size-medium\" style=\"object-position:50% 50%\" srcset=\"https:\/\/harmonyhotel.cz\/wp-content\/uploads\/2024\/06\/Masaze-Spindleruv-Mlyn-Harmony-Hotel-Spindleruv-Mlyn-Bankovani-800x549.jpg 800w, https:\/\/harmonyhotel.cz\/wp-content\/uploads\/2024\/06\/Masaze-Spindleruv-Mlyn-Harmony-Hotel-Spindleruv-Mlyn-Bankovani-1600x1098.jpg 1600w\" sizes=\"auto, (max-width: 800px) 100vw, 800px\" \/><\/a><\/figure><\/div>\n\n\n\n<div class=\"wp-block-media-text is-stacked-on-mobile is-image-fill-element\"><figure class=\"wp-block-media-text__media\"><a href=\"https:\/\/harmonyhotel.cz\/wp-content\/uploads\/2024\/06\/Masaze-Spindleruv-Mlyn-Harmony-Hotel-Spindleruv-Mlyn-Masaz-lavovymi-kameny-scaled.jpg\"><img loading=\"lazy\" decoding=\"async\" width=\"800\" height=\"532\" src=\"https:\/\/harmonyhotel.cz\/wp-content\/uploads\/2024\/06\/Masaze-Spindleruv-Mlyn-Harmony-Hotel-Spindleruv-Mlyn-Masaz-lavovymi-kameny-800x532.jpg\" alt=\"Mas\u00e1\u017ee \u0160pindler\u016fv Ml\u00fdn - Harmony Hotel \u0160pindler\u016fv Ml\u00fdn - Mas\u00e1\u017e l\u00e1vov\u00fdmi kameny\" class=\"wp-image-700 size-medium\" style=\"object-position:50% 50%\" srcset=\"https:\/\/harmonyhotel.cz\/wp-content\/uploads\/2024\/06\/Masaze-Spindleruv-Mlyn-Harmony-Hotel-Spindleruv-Mlyn-Masaz-lavovymi-kameny-800x532.jpg 800w, https:\/\/harmonyhotel.cz\/wp-content\/uploads\/2024\/06\/Masaze-Spindleruv-Mlyn-Harmony-Hotel-Spindleruv-Mlyn-Masaz-lavovymi-kameny-1600x1065.jpg 1600w\" sizes=\"auto, (max-width: 800px) 100vw, 800px\" \/><\/a><\/figure><div class=\"wp-block-media-text__content\">\n<h2 class=\"wp-block-heading\">Mas\u00e1\u017e l\u00e1vov\u00fdmi kameny<\/h2>\n\n\n\n<p>Mas\u00e1\u017e l\u00e1vov\u00fdmi kameny je spojen\u00edm speci\u00e1ln\u00edch mas\u00e9rsk\u00fdch technik, kter\u00e9 maj\u00ed ve spojen\u00ed s hork\u00fdmi l\u00e1vov\u00fdmi kameny siln\u00fd terapeutick\u00fd, relaxa\u010dn\u00ed a uvol\u0148uj\u00edc\u00ed \u00fa\u010dinek. Mas\u00e1\u017e slou\u017e\u00ed ke stimulaci krevn\u00edho ob\u011bhu a lymfatick\u00e9ho syst\u00e9mu. Proh\u0159\u00edv\u00e1 cel\u00e9 t\u011blo, napom\u00e1h\u00e1 k detoxikaci organismu a vyrovn\u00e1v\u00e1 energii v t\u011ble. Je vynikaj\u00edc\u00ed p\u0159i bolestech zad a kloub\u016f. L\u00e1vov\u00e9 kameny v\u00fdborn\u011b akumuluj\u00ed teplo a p\u0159isp\u00edvaj\u00ed k urychlen\u00ed regenerace tk\u00e1n\u00ed. Z\u00e1rove\u0148 maj\u00ed silnou energetickou vibraci.<\/p>\n\n\n\n<div style=\"height:20px\" aria-hidden=\"true\" class=\"wp-block-spacer\"><\/div>\n\n\n\n<figure class=\"wp-block-table is-style-stripes\"><table><tbody><tr><td><strong>Celkov\u00e1 mas\u00e1\u017e&nbsp;<\/strong>(z\u00e1da, nohy)<\/td><td>60 min<\/td><td>1 590 K\u010d<\/td><\/tr><tr><td><strong>\u010c\u00e1ste\u010dn\u00e1 mas\u00e1\u017e<\/strong>&nbsp;(z\u00e1da)<\/td><td>30 min<\/td><td>890 K\u010d<\/td><\/tr><\/tbody><\/table><\/figure>\n<\/div><\/div>\n\n\n\n<div class=\"wp-block-media-text has-media-on-the-right is-stacked-on-mobile is-image-fill-element\"><div class=\"wp-block-media-text__content\">\n<h2 class=\"wp-block-heading\">\u010cokol\u00e1dov\u00e1 mas\u00e1\u017e a z\u00e1bal<\/h2>\n\n\n\n<p>Luxusn\u00ed procedura, v\u00fdborn\u00e1 na vyhlazen\u00ed a zkr\u00e1\u0161len\u00ed poko\u017eky, odstran\u011bn\u00ed celulitidy, odplaven\u00ed toxick\u00fdch l\u00e1tek, uvoln\u011bn\u00ed ztuhl\u00fdch sval\u016f stejn\u011b jako komplexn\u00edho psychick\u00e9ho uvoln\u011bn\u00ed a harmonizaci t\u011bla a du\u0161e. Po \u010dokol\u00e1dov\u00e9 procedu\u0159e se budete c\u00edtit sv\u011b\u017ee, uvoln\u011bn\u011b, odpo\u010dat\u011b a d\u00edky schopnosti \u010dokol\u00e1dy uvol\u0148ovat endorfiny tak\u00e9 \u0161\u0165astn\u011b.<\/p>\n\n\n\n<div style=\"height:20px\" aria-hidden=\"true\" class=\"wp-block-spacer\"><\/div>\n\n\n\n<figure class=\"wp-block-table is-style-stripes\"><table><tbody><tr><td><strong>\u010cokol\u00e1dov\u00e1 mas\u00e1\u017e<\/strong>&nbsp;se z\u00e1balem<\/td><td>100 min<\/td><td>2 090 K\u010d<\/td><\/tr><\/tbody><\/table><\/figure>\n<\/div><figure class=\"wp-block-media-text__media\"><a href=\"https:\/\/harmonyhotel.cz\/wp-content\/uploads\/2024\/06\/Masaze-Spindleruv-Mlyn-Harmony-Hotel-Spindleruv-Mlyn-1-scaled.jpg\"><img loading=\"lazy\" decoding=\"async\" width=\"800\" height=\"532\" src=\"https:\/\/harmonyhotel.cz\/wp-content\/uploads\/2024\/06\/Masaze-Spindleruv-Mlyn-Harmony-Hotel-Spindleruv-Mlyn-1-800x532.jpg\" alt=\"Mas\u00e1\u017ee \u0160pindler\u016fv Ml\u00fdn - Harmony Hotel \u0160pindler\u016fv Ml\u00fdn\" class=\"wp-image-654 size-medium\" style=\"object-position:50% 50%\" srcset=\"https:\/\/harmonyhotel.cz\/wp-content\/uploads\/2024\/06\/Masaze-Spindleruv-Mlyn-Harmony-Hotel-Spindleruv-Mlyn-1-800x532.jpg 800w, https:\/\/harmonyhotel.cz\/wp-content\/uploads\/2024\/06\/Masaze-Spindleruv-Mlyn-Harmony-Hotel-Spindleruv-Mlyn-1-1600x1065.jpg 1600w\" sizes=\"auto, (max-width: 800px) 100vw, 800px\" \/><\/a><\/figure><\/div>\n\n\n\n<div class=\"wp-block-media-text is-stacked-on-mobile is-image-fill-element\"><figure class=\"wp-block-media-text__media\"><a href=\"https:\/\/harmonyhotel.cz\/wp-content\/uploads\/2024\/06\/Masaze-Spindleruv-Mlyn-Harmony-Hotel-Spindleruv-Mlyn-Medova-masaz-a-zabal-scaled.jpg\"><img loading=\"lazy\" decoding=\"async\" width=\"800\" height=\"549\" src=\"https:\/\/harmonyhotel.cz\/wp-content\/uploads\/2024\/06\/Masaze-Spindleruv-Mlyn-Harmony-Hotel-Spindleruv-Mlyn-Medova-masaz-a-zabal-800x549.jpg\" alt=\"Mas\u00e1\u017ee \u0160pindler\u016fv Ml\u00fdn - Harmony Hotel \u0160pindler\u016fv Ml\u00fdn - Medov\u00e1 mas\u00e1\u017e a z\u00e1bal\" class=\"wp-image-704 size-medium\" style=\"object-position:50% 50%\" srcset=\"https:\/\/harmonyhotel.cz\/wp-content\/uploads\/2024\/06\/Masaze-Spindleruv-Mlyn-Harmony-Hotel-Spindleruv-Mlyn-Medova-masaz-a-zabal-800x549.jpg 800w, https:\/\/harmonyhotel.cz\/wp-content\/uploads\/2024\/06\/Masaze-Spindleruv-Mlyn-Harmony-Hotel-Spindleruv-Mlyn-Medova-masaz-a-zabal-1600x1098.jpg 1600w\" sizes=\"auto, (max-width: 800px) 100vw, 800px\" \/><\/a><\/figure><div class=\"wp-block-media-text__content\">\n<h2 class=\"wp-block-heading\">Medov\u00e1 mas\u00e1\u017e a z\u00e1bal<\/h2>\n\n\n\n<p>Medov\u00e1 mas\u00e1\u017e je star\u00e1 osv\u011bd\u010den\u00e1 l\u00e9\u010ditelsk\u00e1 metoda, kter\u00e1 vyu\u017e\u00edv\u00e1 detoxika\u010dn\u00edch a reflexn\u00edch \u00fa\u010dink\u016f medu ve spojen\u00ed s kompresn\u00edmi mas\u00e9rsk\u00fdmi hmaty, zakon\u010den\u00e1 z\u00e1v\u011bre\u010dn\u00fdm medov\u00fdm z\u00e1balem. Doch\u00e1z\u00ed k odstra\u0148ov\u00e1n\u00ed usazenin a toxin\u016f a\u017e z hloubky tk\u00e1n\u00ed a t\u00edm k celkov\u00e9mu o\u017eiven\u00ed organismu. Medov\u00e1 mas\u00e1\u017e je vhodn\u00e1 p\u0159i vy\u010derp\u00e1n\u00ed a slabosti zp\u016fsoben\u00e9 stresem, nervov\u00fdch poruch\u00e1ch a stavech neklidu.<\/p>\n\n\n\n<div style=\"height:20px\" aria-hidden=\"true\" class=\"wp-block-spacer\"><\/div>\n\n\n\n<figure class=\"wp-block-table is-style-stripes\"><table><tbody><tr><td><strong>Medov\u00e1 mas\u00e1\u017e<\/strong>&nbsp;a z\u00e1bal<\/td><td>90 min<\/td><td>1 990 K\u010d<\/td><\/tr><\/tbody><\/table><\/figure>\n<\/div><\/div>\n\n\n\n<div class=\"wp-block-media-text has-media-on-the-right is-stacked-on-mobile is-image-fill-element\"><div class=\"wp-block-media-text__content\">\n<h2 class=\"wp-block-heading\">Havajsk\u00e1 mas\u00e1\u017e Lomi Lomi<\/h2>\n\n\n\n<p>Tato mas\u00e1\u017e je vhodn\u00e1 p\u0159edev\u0161\u00edm pro stimulaci krevn\u00edho ob\u011bhu a lymfatick\u00e9ho syst\u00e9mu, navozuje pocit hlubok\u00e9 relaxace a harmonizace organismu, ostra\u0148uje svalov\u00e9 bolesti, \u00fanavu a nap\u011bt\u00ed, uvol\u0148uje kloubn\u00ed spojen\u00ed a detoxikuje organismus.<\/p>\n\n\n\n<div style=\"height:20px\" aria-hidden=\"true\" class=\"wp-block-spacer\"><\/div>\n\n\n\n<figure class=\"wp-block-table is-style-stripes\"><table><tbody><tr><td><strong>Lomi Lomi<\/strong>&nbsp;celkov\u00e1 mas\u00e1\u017e<\/td><td>60 min<\/td><td>1 390 K\u010d<\/td><\/tr><tr><td><strong>Lomi Lomi<\/strong>&nbsp;\u010d\u00e1ste\u010dn\u00e1 mas\u00e1\u017e (z\u00e1da, \u0161\u00edje)<\/td><td>30 min<\/td><td>790 K\u010d<\/td><\/tr><\/tbody><\/table><\/figure>\n<\/div><figure class=\"wp-block-media-text__media\"><a href=\"https:\/\/harmonyhotel.cz\/wp-content\/uploads\/2024\/06\/Masaze-Spindleruv-Mlyn-Harmony-Hotel-Spindleruv-Mlyn-Masaz-scaled.jpg\"><img loading=\"lazy\" decoding=\"async\" width=\"800\" height=\"533\" src=\"https:\/\/harmonyhotel.cz\/wp-content\/uploads\/2024\/06\/Masaze-Spindleruv-Mlyn-Harmony-Hotel-Spindleruv-Mlyn-Masaz-800x533.jpg\" alt=\"Mas\u00e1\u017ee \u0160pindler\u016fv Ml\u00fdn - Harmony Hotel \u0160pindler\u016fv Ml\u00fdn - Mas\u00e1\u017e\" class=\"wp-image-701 size-medium\" style=\"object-position:50% 50%\" srcset=\"https:\/\/harmonyhotel.cz\/wp-content\/uploads\/2024\/06\/Masaze-Spindleruv-Mlyn-Harmony-Hotel-Spindleruv-Mlyn-Masaz-800x533.jpg 800w, https:\/\/harmonyhotel.cz\/wp-content\/uploads\/2024\/06\/Masaze-Spindleruv-Mlyn-Harmony-Hotel-Spindleruv-Mlyn-Masaz-1600x1066.jpg 1600w\" sizes=\"auto, (max-width: 800px) 100vw, 800px\" \/><\/a><\/figure><\/div>\n\n\n\n<div class=\"wp-block-media-text is-stacked-on-mobile is-image-fill-element\"><figure class=\"wp-block-media-text__media\"><a href=\"https:\/\/harmonyhotel.cz\/wp-content\/uploads\/2024\/06\/Masaze-Spindleruv-Mlyn-Harmony-Hotel-Spindleruv-Mlyn-Liftingova-masaz-obliceje-scaled.jpg\"><img loading=\"lazy\" decoding=\"async\" width=\"800\" height=\"549\" src=\"https:\/\/harmonyhotel.cz\/wp-content\/uploads\/2024\/06\/Masaze-Spindleruv-Mlyn-Harmony-Hotel-Spindleruv-Mlyn-Liftingova-masaz-obliceje-800x549.jpg\" alt=\"Mas\u00e1\u017ee \u0160pindler\u016fv Ml\u00fdn - Harmony Hotel \u0160pindler\u016fv Ml\u00fdn - Liftingov\u00e1 mas\u00e1\u017e obli\u010deje\" class=\"wp-image-707 size-medium\" style=\"object-position:50% 50%\" srcset=\"https:\/\/harmonyhotel.cz\/wp-content\/uploads\/2024\/06\/Masaze-Spindleruv-Mlyn-Harmony-Hotel-Spindleruv-Mlyn-Liftingova-masaz-obliceje-800x549.jpg 800w, https:\/\/harmonyhotel.cz\/wp-content\/uploads\/2024\/06\/Masaze-Spindleruv-Mlyn-Harmony-Hotel-Spindleruv-Mlyn-Liftingova-masaz-obliceje-1600x1098.jpg 1600w\" sizes=\"auto, (max-width: 800px) 100vw, 800px\" \/><\/a><\/figure><div class=\"wp-block-media-text__content\">\n<h2 class=\"wp-block-heading\">Liftingov\u00e1 mas\u00e1\u017e obli\u010deje<\/h2>\n\n\n\n<p>Zahrnuje o\u0161et\u0159en\u00ed pleti a dekoltu c\u00edlen\u00fdmi mas\u00e1\u017en\u00edmi technikami navozuj\u00edc\u00edmi hlubokou relaxaci a uvoln\u011bn\u00ed mimick\u00fdch sval\u016f tv\u00e1\u0159e. Pou\u017eit\u00ed p\u0159\u00edpravk\u016f s kyselinou hyaluronovou zajist\u00ed okam\u017eit\u00fd liftingov\u00fd efekt<\/p>\n\n\n\n<div style=\"height:20px\" aria-hidden=\"true\" class=\"wp-block-spacer\"><\/div>\n\n\n\n<figure class=\"wp-block-table is-style-stripes\"><table><tbody><tr><td><strong>Liftingov\u00e1 mas\u00e1\u017e obli\u010deje<\/strong><\/td><td>60 min<\/td><td>1 490 K\u010d<\/td><\/tr><\/tbody><\/table><\/figure>\n<\/div><\/div>\n\n\n\n<div class=\"wp-block-media-text has-media-on-the-right is-stacked-on-mobile is-image-fill-element\"><div class=\"wp-block-media-text__content\">\n<h2 class=\"wp-block-heading\">Indick\u00e1 mas\u00e1\u017e hlavy <\/h2>\n\n\n\n<p>Indick\u00e1 mas\u00e1\u017e hlavy&nbsp;je velice jemn\u00e1 mas\u00e1\u017e hlavy, krku, ramen a horn\u00ed \u010d\u00e1sti pa\u017e\u00ed, kter\u00e9 efektivn\u011b zm\u00edr\u0148uje nap\u011bt\u00ed v p\u0159\u00edslu\u0161n\u00fdch svalov\u00fdch skupin\u00e1ch, zm\u00edr\u0148uje p\u0159\u00edpadn\u00e9 bolesti hlavy \u010di o\u010d\u00ed,&nbsp;navozuje pocit du\u0161evn\u00ed pohody a klidu.<\/p>\n\n\n\n<div style=\"height:20px\" aria-hidden=\"true\" class=\"wp-block-spacer\"><\/div>\n\n\n\n<figure class=\"wp-block-table is-style-stripes\"><table><tbody><tr><td><strong>Indick\u00e1 mas\u00e1\u017e hlavy <\/strong><\/td><td>30 min<\/td><td>690 K\u010d<\/td><\/tr><tr><td><strong>Indick\u00e1 mas\u00e1\u017e hlavy <\/strong><\/td><td>45 min<\/td><td>950 K\u010d<\/td><\/tr><\/tbody><\/table><\/figure>\n<\/div><figure class=\"wp-block-media-text__media\"><a href=\"https:\/\/harmonyhotel.cz\/wp-content\/uploads\/2025\/04\/IMH-3-970x647-1.jpg\"><img loading=\"lazy\" decoding=\"async\" width=\"970\" height=\"647\" src=\"https:\/\/harmonyhotel.cz\/wp-content\/uploads\/2025\/04\/IMH-3-970x647-1.jpg\" alt=\"\" class=\"wp-image-1533 size-medium\" style=\"object-position:50% 50%\" srcset=\"https:\/\/harmonyhotel.cz\/wp-content\/uploads\/2025\/04\/IMH-3-970x647-1.jpg 970w, https:\/\/harmonyhotel.cz\/wp-content\/uploads\/2025\/04\/IMH-3-970x647-1-800x534.jpg 800w, https:\/\/harmonyhotel.cz\/wp-content\/uploads\/2025\/04\/IMH-3-970x647-1-18x12.jpg 18w\" sizes=\"auto, (max-width: 970px) 100vw, 970px\" \/><\/a><\/figure><\/div>\n\n\n\n<div class=\"wp-block-media-text is-stacked-on-mobile is-image-fill-element\"><figure class=\"wp-block-media-text__media\"><a href=\"https:\/\/harmonyhotel.cz\/wp-content\/uploads\/2025\/04\/263166245-1170x658.jpg.webp\"><img loading=\"lazy\" decoding=\"async\" width=\"1170\" height=\"658\" src=\"https:\/\/harmonyhotel.cz\/wp-content\/uploads\/2025\/04\/263166245-1170x658.jpg.webp\" alt=\"\" class=\"wp-image-1535 size-medium\" style=\"object-position:50% 50%\" srcset=\"https:\/\/harmonyhotel.cz\/wp-content\/uploads\/2025\/04\/263166245-1170x658.jpg.webp 1170w, https:\/\/harmonyhotel.cz\/wp-content\/uploads\/2025\/04\/263166245-1170x658.jpg-800x450.webp 800w, https:\/\/harmonyhotel.cz\/wp-content\/uploads\/2025\/04\/263166245-1170x658.jpg-18x10.webp 18w\" sizes=\"auto, (max-width: 1170px) 100vw, 1170px\" \/><\/a><\/figure><div class=\"wp-block-media-text__content\">\n<h2 class=\"wp-block-heading\">Reflexn\u00ed terapie chodidel<\/h2>\n\n\n\n<p>Mas\u00e1\u017e nohou m\u00e1 velmi hlubokou tradici l\u00e9\u010dby. Teoretick\u00fdm z\u00e1kladem reflexn\u00ed mas\u00e1\u017ee je nauka o t\u011blesn\u00fdch meridi\u00e1nech neboli energetick\u00fdch drah\u00e1ch, kter\u00e9 propojuj\u00ed chodidla se v\u0161emi t\u011blesn\u00fdmi org\u00e1ny. Spo\u010d\u00edv\u00e1 ve stimulaci reflexivn\u00edch bod\u016f jednotliv\u00fdch lidsk\u00fdch org\u00e1n\u016f, spojenou s mas\u00e1\u017e\u00ed sval\u016f l\u00fdtek, vmas\u00edrov\u00e1n\u00ed p\u0159\u00edrodn\u00edho mas\u00e1\u017en\u00edho oleje do chodidel a v neposledn\u00ed \u0159ad\u011b prota\u017een\u00ed a uvoln\u011bn\u00ed jednotliv\u00fdch prst\u016f na nohou a s nimi spojen\u00e9 reflexn\u00ed plo\u0161ky.<\/p>\n\n\n\n<div style=\"height:20px\" aria-hidden=\"true\" class=\"wp-block-spacer\"><\/div>\n\n\n\n<figure class=\"wp-block-table is-style-stripes\"><table><tbody><tr><td><strong>Reflexn\u00ed terapie chodidel<\/strong><\/td><td>50 min<\/td><td>1 190 K\u010d<\/td><\/tr><\/tbody><\/table><\/figure>\n<\/div><\/div>\n\n\n\n<p><\/p>\n","protected":false},"excerpt":{"rendered":"<p>Neodmyslitelnou sou\u010d\u00e1st\u00ed zdrav\u00e9ho zp\u016fsobu \u017eivota je vedle zdrav\u00e9ho stravov\u00e1n\u00ed p\u0159edev\u0161\u00edm sport a relaxace, wellness. Sou\u010d\u00e1st\u00ed wellness a relaxa\u010dn\u00edch terapi\u00ed jsou mas\u00e1\u017ee, jejich\u017e \u0161irokou nab\u00eddku jsme pro V\u00e1s p\u0159ipravili. Vychutnat si m\u016f\u017eete speci\u00e1ln\u00ed relaxa\u010dn\u00ed mas\u00e1\u017ee \u010di klasick\u00e9 sportovn\u00ed mas\u00e1\u017ee . To v\u0161e v kr\u00e1sn\u00e9m prost\u0159ed\u00ed nov\u011b vznikl\u00e9ho saunov\u00e9ho sv\u011bta a jeho relaxa\u010dn\u00ed \u010d\u00e1sti.<\/p>\n","protected":false},"author":1,"featured_media":708,"parent":15,"menu_order":0,"comment_status":"closed","ping_status":"closed","template":"","meta":{"footnotes":""},"class_list":["post-669","page","type-page","status-publish","has-post-thumbnail","hentry"],"_links":{"self":[{"href":"https:\/\/harmonyhotel.cz\/cz\/wp-json\/wp\/v2\/pages\/669","targetHints":{"allow":["GET"]}}],"collection":[{"href":"https:\/\/harmonyhotel.cz\/cz\/wp-json\/wp\/v2\/pages"}],"about":[{"href":"https:\/\/harmonyhotel.cz\/cz\/wp-json\/wp\/v2\/types\/page"}],"author":[{"embeddable":true,"href":"https:\/\/harmonyhotel.cz\/cz\/wp-json\/wp\/v2\/users\/1"}],"replies":[{"embeddable":true,"href":"https:\/\/harmonyhotel.cz\/cz\/wp-json\/wp\/v2\/comments?post=669"}],"version-history":[{"count":5,"href":"https:\/\/harmonyhotel.cz\/cz\/wp-json\/wp\/v2\/pages\/669\/revisions"}],"predecessor-version":[{"id":2001,"href":"https:\/\/harmonyhotel.cz\/cz\/wp-json\/wp\/v2\/pages\/669\/revisions\/2001"}],"up":[{"embeddable":true,"href":"https:\/\/harmonyhotel.cz\/cz\/wp-json\/wp\/v2\/pages\/15"}],"wp:featuredmedia":[{"embeddable":true,"href":"https:\/\/harmonyhotel.cz\/cz\/wp-json\/wp\/v2\/media\/708"}],"wp:attachment":[{"href":"https:\/\/harmonyhotel.cz\/cz\/wp-json\/wp\/v2\/media?parent=669"}],"curies":[{"name":"wp","href":"https:\/\/api.w.org\/{rel}","templated":true}]}}