{"id":665,"date":"2024-06-11T23:45:38","date_gmt":"2024-06-11T21:45:38","guid":{"rendered":"https:\/\/harmonyhotel.cz\/?page_id=665"},"modified":"2025-07-31T14:00:53","modified_gmt":"2025-07-31T12:00:53","slug":"saunovy-svet","status":"publish","type":"page","link":"https:\/\/harmonyhotel.cz\/cz\/wellness\/saunovy-svet\/","title":{"rendered":"Saunov\u00fd sv\u011bt"},"content":{"rendered":"\n<p class=\"has-text-align-center\">Wellness centrum Harmony Hotelu uspokoj\u00ed i ty nejn\u00e1ro\u010dn\u011bj\u0161\u00ed po\u017eadavky na relaxaci a odpo\u010dinek. Luxusn\u00ed design, nab\u00eddka saunov\u00fdch prostor r\u016fzn\u00e9ho typu a relaxa\u010dn\u00ed area jsou neodmyslitelnou sou\u010d\u00e1st\u00ed nov\u011b otev\u0159en\u00e9ho Saunov\u00e9ho sv\u011bta (Sauna World), jeho\u017e nab\u00eddka p\u0159ed\u010d\u00ed Va\u0161e o\u010dek\u00e1v\u00e1n\u00ed. 5 druh\u016f saun, Kneipp\u016fv chodn\u00edk, ochalzovac\u00ed a relaxa\u010dn\u00ed z\u00f3na v tom nejvy\u0161\u0161\u00edm standardu.<\/p>\n\n\n\n<div style=\"height:50px\" aria-hidden=\"true\" class=\"wp-block-spacer\"><\/div>\n\n\n\n<div class=\"wp-block-media-text has-media-on-the-right is-stacked-on-mobile is-image-fill-element\"><div class=\"wp-block-media-text__content\">\n<h2 class=\"wp-block-heading\">Velk\u00e1 finsk\u00e1 sauna<\/h2>\n\n\n\n<p>Je vhodn\u00e1 pro zdrav\u00e9 osoby k uchov\u00e1n\u00ed a pos\u00edlen\u00ed kondice, proh\u0159\u00e1t\u00ed t\u011bla, uvoln\u011bn\u00ed sval\u016f, prokrven\u00ed poko\u017eky, \u010di\u0161t\u011bn\u00ed p\u00f3r\u016f a odstra\u0148ov\u00e1n\u00ed stresu. P\u0159\u00edjemn\u00e9mu pocitu z pobytu pom\u00e1h\u00e1 atmosf\u00e9ra sauny.<\/p>\n\n\n\n<p>Teplota vzduchu:&nbsp;cca <strong>90 \u00b0C<\/strong><br>Vlhkost vzduchu:&nbsp;cca <strong>20 \u2013 30 %<\/strong><br>Doporu\u010den\u00e1 doba pobytu:&nbsp;<strong>5 \u2013 15 minut<\/strong><\/p>\n<\/div><figure class=\"wp-block-media-text__media\"><a href=\"https:\/\/harmonyhotel.cz\/wp-content\/uploads\/2025\/07\/2024_06_25_9647_EOS_R5_LRN-1-scaled.jpg\"><img loading=\"lazy\" decoding=\"async\" width=\"1600\" height=\"1058\" src=\"https:\/\/harmonyhotel.cz\/wp-content\/uploads\/2025\/07\/2024_06_25_9647_EOS_R5_LRN-1-1600x1058.jpg\" alt=\"\" class=\"wp-image-1987 size-medium\" style=\"object-position:50% 50%\" srcset=\"https:\/\/harmonyhotel.cz\/wp-content\/uploads\/2025\/07\/2024_06_25_9647_EOS_R5_LRN-1-1600x1058.jpg 1600w, https:\/\/harmonyhotel.cz\/wp-content\/uploads\/2025\/07\/2024_06_25_9647_EOS_R5_LRN-1-800x529.jpg 800w, https:\/\/harmonyhotel.cz\/wp-content\/uploads\/2025\/07\/2024_06_25_9647_EOS_R5_LRN-1-18x12.jpg 18w\" sizes=\"auto, (max-width: 1600px) 100vw, 1600px\" \/><\/a><\/figure><\/div>\n\n\n\n<div class=\"wp-block-media-text is-stacked-on-mobile\"><figure class=\"wp-block-media-text__media\"><a href=\"https:\/\/harmonyhotel.cz\/wp-content\/uploads\/2024\/06\/Wellness-Spindleruv-Mlyn-Harmony-Hotel-Spindleruv-Mlyn-Sauna-9-scaled.jpg\"><img loading=\"lazy\" decoding=\"async\" width=\"800\" height=\"532\" src=\"https:\/\/harmonyhotel.cz\/wp-content\/uploads\/2024\/06\/Wellness-Spindleruv-Mlyn-Harmony-Hotel-Spindleruv-Mlyn-Sauna-9-800x532.jpg\" alt=\"Wellness \u0160pindler\u016fv Ml\u00fdn - Harmony Hotel \u0160pindler\u016fv Ml\u00fdn - Sauna\" class=\"wp-image-688 size-medium\" srcset=\"https:\/\/harmonyhotel.cz\/wp-content\/uploads\/2024\/06\/Wellness-Spindleruv-Mlyn-Harmony-Hotel-Spindleruv-Mlyn-Sauna-9-800x532.jpg 800w, https:\/\/harmonyhotel.cz\/wp-content\/uploads\/2024\/06\/Wellness-Spindleruv-Mlyn-Harmony-Hotel-Spindleruv-Mlyn-Sauna-9-1600x1065.jpg 1600w\" sizes=\"auto, (max-width: 800px) 100vw, 800px\" \/><\/a><\/figure><div class=\"wp-block-media-text__content\">\n<h2 class=\"wp-block-heading\">Tropick\u00e1 sauna<\/h2>\n\n\n\n<p>je vhodn\u00e1 pro zdrav\u00e9 osoby k uchov\u00e1n\u00ed a pos\u00edlen\u00ed kondice, proh\u0159\u00e1t\u00ed t\u011bla, uvoln\u011bn\u00ed sval\u016f, prokrven\u00ed poko\u017eky, \u010di\u0161t\u011bn\u00ed p\u00f3r\u016f a odstra\u0148ov\u00e1n\u00ed stresu. P\u0159\u00edjemn\u00fd pocit ze saunov\u00e1n\u00ed umoc\u0148uje jemn\u00e9 citrusov\u00e9 aroma. Jedn\u00e1 se o druh finsk\u00e9 sauny s vy\u0161\u0161\u00ed vlhkost\u00ed vzduchu.<\/p>\n\n\n\n<p>Teplota vzduchu:&nbsp;cca <strong>70 \u00b0C<\/strong><br>Vlhkost vzduchu:&nbsp;cca <strong>35 \u2013 55 %<\/strong><br>Doporu\u010den\u00e1 doba pobytu:&nbsp;<strong>10 \u2013 15 minut<\/strong><\/p>\n<\/div><\/div>\n\n\n\n<div class=\"wp-block-media-text has-media-on-the-right is-stacked-on-mobile is-image-fill-element\"><div class=\"wp-block-media-text__content\">\n<h2 class=\"wp-block-heading\">Eukalyptov\u00e1 sauna (kabina)<\/h2>\n\n\n\n<p>Je ur\u010dena pro jemn\u00e9, aromatizuj\u00edc\u00ed proh\u0159\u00e1t\u00ed organismu, kter\u00e9 blahod\u00e1rn\u011b p\u016fsob\u00ed na horn\u00ed cesty d\u00fdchac\u00ed. Pohodl\u00ed v kabin\u011b je umocn\u011bno vyh\u0159\u00edvan\u00fdmi sed\u00e1ky.<\/p>\n\n\n\n<p>Teplota vzduchu:&nbsp;cca <strong>40 \u00b0C<\/strong><br>Vlhkost vzduchu:&nbsp;cca <strong>20 %<\/strong><br>Doporu\u010den\u00e1 doba pobytu:&nbsp;<strong>15 minut<\/strong><\/p>\n<\/div><figure class=\"wp-block-media-text__media\"><a href=\"https:\/\/harmonyhotel.cz\/wp-content\/uploads\/2025\/07\/2024_06_25_9699_EOS_R5_LRN-1-scaled.jpg\"><img loading=\"lazy\" decoding=\"async\" width=\"1600\" height=\"1042\" src=\"https:\/\/harmonyhotel.cz\/wp-content\/uploads\/2025\/07\/2024_06_25_9699_EOS_R5_LRN-1-1600x1042.jpg\" alt=\"\" class=\"wp-image-1992 size-medium\" style=\"object-position:50% 50%\" srcset=\"https:\/\/harmonyhotel.cz\/wp-content\/uploads\/2025\/07\/2024_06_25_9699_EOS_R5_LRN-1-1600x1042.jpg 1600w, https:\/\/harmonyhotel.cz\/wp-content\/uploads\/2025\/07\/2024_06_25_9699_EOS_R5_LRN-1-800x521.jpg 800w, https:\/\/harmonyhotel.cz\/wp-content\/uploads\/2025\/07\/2024_06_25_9699_EOS_R5_LRN-1-18x12.jpg 18w\" sizes=\"auto, (max-width: 1600px) 100vw, 1600px\" \/><\/a><\/figure><\/div>\n\n\n\n<div class=\"wp-block-media-text is-stacked-on-mobile is-image-fill-element\"><figure class=\"wp-block-media-text__media\"><a href=\"https:\/\/harmonyhotel.cz\/wp-content\/uploads\/2025\/07\/2024_06_25_9654_EOS_R5_LRN-scaled.jpg\"><img loading=\"lazy\" decoding=\"async\" width=\"1600\" height=\"1055\" src=\"https:\/\/harmonyhotel.cz\/wp-content\/uploads\/2025\/07\/2024_06_25_9654_EOS_R5_LRN-1600x1055.jpg\" alt=\"\" class=\"wp-image-1892 size-medium\" style=\"object-position:50% 50%\" srcset=\"https:\/\/harmonyhotel.cz\/wp-content\/uploads\/2025\/07\/2024_06_25_9654_EOS_R5_LRN-1600x1055.jpg 1600w, https:\/\/harmonyhotel.cz\/wp-content\/uploads\/2025\/07\/2024_06_25_9654_EOS_R5_LRN-800x527.jpg 800w, https:\/\/harmonyhotel.cz\/wp-content\/uploads\/2025\/07\/2024_06_25_9654_EOS_R5_LRN-18x12.jpg 18w\" sizes=\"auto, (max-width: 1600px) 100vw, 1600px\" \/><\/a><\/figure><div class=\"wp-block-media-text__content\">\n<h2 class=\"wp-block-heading\">Parn\u00ed sauna (l\u00e1ze\u0148)<\/h2>\n\n\n\n<p>Je ur\u010dena pro jemn\u00e9, aromatizuj\u00edc\u00ed proh\u0159\u00e1t\u00ed organismu, kter\u00e9 blahod\u00e1rn\u011b p\u016fsob\u00ed na horn\u00ed cesty d\u00fdchac\u00ed. Pohodl\u00ed v kabin\u011b je umocn\u011bno vyh\u0159\u00edvan\u00fdmi sed\u00e1ky.<\/p>\n\n\n\n<p>Teplota vzduchu:&nbsp;cca <strong>50 \u00b0C<\/strong><br>Vlhkost vzduchu:&nbsp;cca <strong>100 %<\/strong><br>Doporu\u010den\u00e1 doba pobytu:&nbsp;<strong>15 minut<\/strong><\/p>\n<\/div><\/div>\n\n\n\n<div class=\"wp-block-media-text has-media-on-the-right is-stacked-on-mobile is-image-fill-element\"><div class=\"wp-block-media-text__content\">\n<h2 class=\"wp-block-heading\">Bylinkov\u00e1 sauna (l\u00e1ze\u0148)<\/h2>\n\n\n\n<p>D\u00e1vkovan\u00e9 bylinn\u00e9 aroma, tvo\u0159en\u00e9 sm\u011bsic\u00ed blahod\u00e1rn\u011b p\u016fsob\u00edc\u00edch bylin, vyvol\u00e1v\u00e1 p\u0159\u00edjemn\u00e9 pocity uvoln\u011bn\u00ed a dokonal\u00e9 relaxace. Teplota sauny je ni\u017e\u0161\u00ed a sauna je vybavena vyh\u0159\u00edvan\u00fdmi sedadly.<\/p>\n\n\n\n<p>Teplota vzduchu:&nbsp;cca <strong>45 \u2013 55 \u00b0C<\/strong><br>Vlhkost vzduchu:&nbsp;cca <strong>40 \u2013 50 %<\/strong><br>Doporu\u010den\u00e1 doba pobytu:&nbsp;<strong>10 minut<\/strong><\/p>\n<\/div><figure class=\"wp-block-media-text__media\"><a href=\"https:\/\/harmonyhotel.cz\/wp-content\/uploads\/2025\/07\/2024_06_25_9627_EOS_R5_LRN-1-scaled.jpg\"><img loading=\"lazy\" decoding=\"async\" width=\"1600\" height=\"1044\" src=\"https:\/\/harmonyhotel.cz\/wp-content\/uploads\/2025\/07\/2024_06_25_9627_EOS_R5_LRN-1-1600x1044.jpg\" alt=\"\" class=\"wp-image-1994 size-medium\" style=\"object-position:50% 50%\" srcset=\"https:\/\/harmonyhotel.cz\/wp-content\/uploads\/2025\/07\/2024_06_25_9627_EOS_R5_LRN-1-1600x1044.jpg 1600w, https:\/\/harmonyhotel.cz\/wp-content\/uploads\/2025\/07\/2024_06_25_9627_EOS_R5_LRN-1-800x522.jpg 800w, https:\/\/harmonyhotel.cz\/wp-content\/uploads\/2025\/07\/2024_06_25_9627_EOS_R5_LRN-1-18x12.jpg 18w\" sizes=\"auto, (max-width: 1600px) 100vw, 1600px\" \/><\/a><\/figure><\/div>\n\n\n\n<div class=\"wp-block-media-text is-stacked-on-mobile is-image-fill-element\"><figure class=\"wp-block-media-text__media\"><a href=\"https:\/\/harmonyhotel.cz\/wp-content\/uploads\/2025\/07\/2024_06_25_9660_EOS_R5_LRN-scaled.jpg\"><img loading=\"lazy\" decoding=\"async\" width=\"1600\" height=\"1067\" src=\"https:\/\/harmonyhotel.cz\/wp-content\/uploads\/2025\/07\/2024_06_25_9660_EOS_R5_LRN-1600x1067.jpg\" alt=\"\" class=\"wp-image-1995 size-medium\" style=\"object-position:50% 50%\" srcset=\"https:\/\/harmonyhotel.cz\/wp-content\/uploads\/2025\/07\/2024_06_25_9660_EOS_R5_LRN-1600x1067.jpg 1600w, https:\/\/harmonyhotel.cz\/wp-content\/uploads\/2025\/07\/2024_06_25_9660_EOS_R5_LRN-800x533.jpg 800w, https:\/\/harmonyhotel.cz\/wp-content\/uploads\/2025\/07\/2024_06_25_9660_EOS_R5_LRN-18x12.jpg 18w\" sizes=\"auto, (max-width: 1600px) 100vw, 1600px\" \/><\/a><\/figure><div class=\"wp-block-media-text__content\">\n<h2 class=\"wp-block-heading\">Kneipp\u016fv chodn\u00edk<\/h2>\n\n\n\n<p>Pro Kneippovu vodol\u00e9\u010dbu je typick\u00e9 st\u0159\u00edd\u00e1n\u00ed tepl\u00e9 a studen\u00e9 vody. Obl\u00e1zky na dn\u011b vodn\u00edch box\u016f mas\u00edruj\u00ed chodidla, prokrven\u00ed zlep\u0161uje i st\u0159\u00eddav\u00e1 teplota vody. Tepl\u00e9 koupele pomohou p\u0159i onemocn\u011bn\u00ed d\u00fdchac\u00edch cest, u studen\u00e9 koupele nast\u00e1v\u00e1 tr\u00e9nink c\u00e9vn\u00edho \u0159e\u010di\u0161t\u011b, vhodn\u00fd nap\u0159. p\u0159i chronicky studen\u00fdch noh\u00e1ch a p\u0159i potivosti nohou. St\u0159\u00eddav\u00e9 koupele zlep\u0161uj\u00ed prokrven\u00ed ve v\u0161ech oblastech t\u011bla, vyu\u017e\u00edvaj\u00ed se p\u0159i spasmu c\u00e9vn\u00edho syst\u00e9mu, rovn\u011b\u017e p\u0159i po\u010d\u00ednaj\u00edc\u00edm nachlazen\u00ed a dal\u0161\u00edch obt\u00ed\u017e\u00edch.<\/p>\n<\/div><\/div>\n\n\n\n<div class=\"wp-block-media-text has-media-on-the-right is-stacked-on-mobile is-image-fill-element\"><div class=\"wp-block-media-text__content\">\n<h2 class=\"wp-block-heading\">Ochlazen\u00ed<\/h2>\n\n\n\n<p>Neodd\u011blitelnou sou\u010d\u00e1st\u00ed saunov\u00e1n\u00ed je n\u00e1sledn\u00e9 ochlazen\u00ed studenou vodou. M\u016f\u017ee m\u00edt v\u00edce podob -nab\u00edz\u00edme v\u00e1m tradi\u010dn\u00ed ochlazen\u00ed zav\u011b\u0161en\u00fdm v\u011bdrem s ledovou vodou \u010di klasickou ledovou sprchou. Pro ty odv\u00e1\u017en\u011bj\u0161\u00ed je k dispozici zchlazen\u00ed v ochlazovac\u00edm baz\u00e9nku, kter\u00fd je dopln\u011bn mo\u017enost\u00ed studen\u00e9ho proudu vody, vych\u00e1zej\u00edc\u00edho z designov\u00e9 vlny nad baz\u00e9nkem.<\/p>\n<\/div><figure class=\"wp-block-media-text__media\"><a href=\"https:\/\/harmonyhotel.cz\/wp-content\/uploads\/2025\/07\/2024_06_25_9676_EOS_R5_LRN-1-scaled.jpg\"><img loading=\"lazy\" decoding=\"async\" width=\"1600\" height=\"1065\" src=\"https:\/\/harmonyhotel.cz\/wp-content\/uploads\/2025\/07\/2024_06_25_9676_EOS_R5_LRN-1-1600x1065.jpg\" alt=\"\" class=\"wp-image-1993 size-medium\" style=\"object-position:50% 50%\" srcset=\"https:\/\/harmonyhotel.cz\/wp-content\/uploads\/2025\/07\/2024_06_25_9676_EOS_R5_LRN-1-1600x1065.jpg 1600w, https:\/\/harmonyhotel.cz\/wp-content\/uploads\/2025\/07\/2024_06_25_9676_EOS_R5_LRN-1-800x532.jpg 800w, https:\/\/harmonyhotel.cz\/wp-content\/uploads\/2025\/07\/2024_06_25_9676_EOS_R5_LRN-1-18x12.jpg 18w\" sizes=\"auto, (max-width: 1600px) 100vw, 1600px\" \/><\/a><\/figure><\/div>\n\n\n\n<div class=\"wp-block-media-text is-stacked-on-mobile is-image-fill-element\"><figure class=\"wp-block-media-text__media\"><a href=\"https:\/\/harmonyhotel.cz\/wp-content\/uploads\/2025\/07\/2024_06_25_9634_EOS_R5_LRN-2-scaled.jpg\"><img loading=\"lazy\" decoding=\"async\" width=\"1600\" height=\"1071\" src=\"https:\/\/harmonyhotel.cz\/wp-content\/uploads\/2025\/07\/2024_06_25_9634_EOS_R5_LRN-2-1600x1071.jpg\" alt=\"\" class=\"wp-image-1990 size-medium\" style=\"object-position:50% 50%\" srcset=\"https:\/\/harmonyhotel.cz\/wp-content\/uploads\/2025\/07\/2024_06_25_9634_EOS_R5_LRN-2-1600x1071.jpg 1600w, https:\/\/harmonyhotel.cz\/wp-content\/uploads\/2025\/07\/2024_06_25_9634_EOS_R5_LRN-2-800x535.jpg 800w, https:\/\/harmonyhotel.cz\/wp-content\/uploads\/2025\/07\/2024_06_25_9634_EOS_R5_LRN-2-18x12.jpg 18w\" sizes=\"auto, (max-width: 1600px) 100vw, 1600px\" \/><\/a><\/figure><div class=\"wp-block-media-text__content\">\n<h2 class=\"wp-block-heading\">Relaxa\u010dn\u00ed z\u00f3na<\/h2>\n\n\n\n<p>Relaxace je ned\u00edlnou ned\u00edlnou sou\u010d\u00e1st\u00ed ka\u017ed\u00e9ho zdrav\u00e9ho saunov\u00e1n\u00ed.&nbsp; P\u0159ipravili jsem pro V\u00e1s n\u00e1dhernou relaxa\u010dn\u00ed m\u00edstnost s hudbou, kter\u00e1 je sou\u010d\u00e1st\u00ed saunov\u00e9ho sv\u011bta a pobyt v n\u00ed, bude pro v\u0161echny z V\u00e1s p\u0159\u00edjemn\u00fdm zakon\u010den\u00edm saunovac\u00edho procesu.<\/p>\n<\/div><\/div>\n\n\n\n<div class=\"wp-block-media-text has-media-on-the-right is-stacked-on-mobile is-image-fill-element\"><div class=\"wp-block-media-text__content\">\n<h2 class=\"wp-block-heading\">Kontakty a otev\u00edrac\u00ed doba<\/h2>\n\n\n\n<p>+420 499 469 113<br>+420 499 469 111<br>wellness@harmonyhotel.cz<\/p>\n\n\n\n<p><strong>Denn\u011b, 16:00 \u2013 22:00<\/strong><\/p>\n<\/div><figure class=\"wp-block-media-text__media\"><a href=\"https:\/\/harmonyhotel.cz\/wp-content\/uploads\/2025\/07\/2024_06_25_9639_EOS_R5_LRN-2-scaled.jpg\"><img loading=\"lazy\" decoding=\"async\" width=\"1600\" height=\"1065\" src=\"https:\/\/harmonyhotel.cz\/wp-content\/uploads\/2025\/07\/2024_06_25_9639_EOS_R5_LRN-2-1600x1065.jpg\" alt=\"\" class=\"wp-image-1991 size-medium\" style=\"object-position:50% 50%\" srcset=\"https:\/\/harmonyhotel.cz\/wp-content\/uploads\/2025\/07\/2024_06_25_9639_EOS_R5_LRN-2-1600x1065.jpg 1600w, https:\/\/harmonyhotel.cz\/wp-content\/uploads\/2025\/07\/2024_06_25_9639_EOS_R5_LRN-2-800x532.jpg 800w, https:\/\/harmonyhotel.cz\/wp-content\/uploads\/2025\/07\/2024_06_25_9639_EOS_R5_LRN-2-18x12.jpg 18w\" sizes=\"auto, (max-width: 1600px) 100vw, 1600px\" \/><\/a><\/figure><\/div>\n\n\n\n<p><\/p>\n","protected":false},"excerpt":{"rendered":"<p>Wellness centrum Harmony Hotelu uspokoj\u00ed i ty nejn\u00e1ro\u010dn\u011bj\u0161\u00ed po\u017eadavky na relaxaci a odpo\u010dinek. Luxusn\u00ed design, nab\u00eddka saunov\u00fdch prostor r\u016fzn\u00e9ho typu a relaxa\u010dn\u00ed area jsou neodmyslitelnou sou\u010d\u00e1st\u00ed nov\u011b otev\u0159en\u00e9ho Saunov\u00e9ho sv\u011bta (Sauna World), jeho\u017e nab\u00eddka p\u0159ed\u010d\u00ed Va\u0161e o\u010dek\u00e1v\u00e1n\u00ed. 5 druh\u016f saun, Kneipp\u016fv chodn\u00edk, ochalzovac\u00ed a relaxa\u010dn\u00ed z\u00f3na v tom nejvy\u0161\u0161\u00edm standardu. Velk\u00e1 finsk\u00e1 sauna Je vhodn\u00e1 [&hellip;]<\/p>\n","protected":false},"author":1,"featured_media":652,"parent":15,"menu_order":0,"comment_status":"closed","ping_status":"closed","template":"","meta":{"footnotes":""},"class_list":["post-665","page","type-page","status-publish","has-post-thumbnail","hentry"],"_links":{"self":[{"href":"https:\/\/harmonyhotel.cz\/cz\/wp-json\/wp\/v2\/pages\/665","targetHints":{"allow":["GET"]}}],"collection":[{"href":"https:\/\/harmonyhotel.cz\/cz\/wp-json\/wp\/v2\/pages"}],"about":[{"href":"https:\/\/harmonyhotel.cz\/cz\/wp-json\/wp\/v2\/types\/page"}],"author":[{"embeddable":true,"href":"https:\/\/harmonyhotel.cz\/cz\/wp-json\/wp\/v2\/users\/1"}],"replies":[{"embeddable":true,"href":"https:\/\/harmonyhotel.cz\/cz\/wp-json\/wp\/v2\/comments?post=665"}],"version-history":[{"count":5,"href":"https:\/\/harmonyhotel.cz\/cz\/wp-json\/wp\/v2\/pages\/665\/revisions"}],"predecessor-version":[{"id":1996,"href":"https:\/\/harmonyhotel.cz\/cz\/wp-json\/wp\/v2\/pages\/665\/revisions\/1996"}],"up":[{"embeddable":true,"href":"https:\/\/harmonyhotel.cz\/cz\/wp-json\/wp\/v2\/pages\/15"}],"wp:featuredmedia":[{"embeddable":true,"href":"https:\/\/harmonyhotel.cz\/cz\/wp-json\/wp\/v2\/media\/652"}],"wp:attachment":[{"href":"https:\/\/harmonyhotel.cz\/cz\/wp-json\/wp\/v2\/media?parent=665"}],"curies":[{"name":"wp","href":"https:\/\/api.w.org\/{rel}","templated":true}]}}