{"id":2148,"date":"2025-10-27T23:14:26","date_gmt":"2025-10-27T22:14:26","guid":{"rendered":"https:\/\/harmonyhotel.cz\/?page_id=2148"},"modified":"2025-10-27T23:17:00","modified_gmt":"2025-10-27T22:17:00","slug":"darkovy-poukaz-na-romanticke-wellness-odpoledne-pro-dva","status":"publish","type":"page","link":"https:\/\/harmonyhotel.cz\/cz\/specialni-nabidky\/darkovy-poukaz-na-romanticke-wellness-odpoledne-pro-dva\/","title":{"rendered":"D\u00e1rkov\u00fd poukaz na Romantick\u00e9 wellness odpoledne pro dva"},"content":{"rendered":"\n<p><strong>D\u00e1rkov\u00fd poukaz v hodnot\u011b 1.990 CZK Romantick\u00e9 wellness odpoledne pro dva<\/strong><\/p>\n\n\n\n<p>Po zakoupen\u00ed romantick\u00e9ho wellness voucheru od n\u00e1s obdr\u017e\u00edte:<\/p>\n\n\n\n<ul class=\"wp-block-list\">\n<li><strong>\u010derstv\u00fd d\u017eus pro dv\u011b osoby p\u0159i p\u0159\u00edjezdu (Lounge bar)<\/strong><\/li>\n\n\n\n<li><strong>3-hodinov\u00fd pobyt ve wellness (saunov\u00fd sv\u011bt, baz\u00e9n, v\u00ed\u0159ivky)<\/strong><\/li>\n\n\n\n<li><strong>degusta\u010dn\u00ed ve\u010de\u0159i o \u010dty\u0159ech chodech pro dva<\/strong><\/li>\n<\/ul>\n\n\n\n<h2 class=\"wp-block-heading\">Dop\u0159ejte sv\u00fdm bl\u00edzk\u00fdm chv\u00edle odpo\u010dinku a luxusu v Hotelu Harmony<\/h2>\n\n\n\n<p>Platnost voucheru je 12 m\u011bs\u00edc\u016f od zakoupen\u00ed.<\/p>\n\n\n\n<p>Poukaz bude po zaplacen\u00ed zasl\u00e1n na v\u00e1\u0161 e-mail v elektronick\u00e9 podob\u011b.\u00a0<br>V p\u0159\u00edpad\u011b z\u00e1jmu o ti\u0161t\u011bnou verzi n\u00e1s pros\u00edm <a href=\"https:\/\/harmonyhotel.cz\/kontakty\/\" data-type=\"page\" data-id=\"25\">kontaktujte<\/a>.<\/p>\n\n\n\n<figure class=\"wp-block-image size-medium\"><a href=\"https:\/\/hotelharmony.book-onlinenow.net\/gift\/gift.aspx?Page=0&amp;lan_id=cs-CZ\" target=\"_blank\" rel=\" noopener\"><img loading=\"lazy\" decoding=\"async\" width=\"800\" height=\"400\" src=\"https:\/\/harmonyhotel.cz\/wp-content\/uploads\/2025\/10\/Harmony_Wellness-800x400.webp\" alt=\"D\u00e1rkov\u00fd poukaz na Romantick\u00e9 wellness odpoledne pro dva\" class=\"wp-image-2146\" srcset=\"https:\/\/harmonyhotel.cz\/wp-content\/uploads\/2025\/10\/Harmony_Wellness-800x400.webp 800w, https:\/\/harmonyhotel.cz\/wp-content\/uploads\/2025\/10\/Harmony_Wellness-1600x800.webp 1600w, https:\/\/harmonyhotel.cz\/wp-content\/uploads\/2025\/10\/Harmony_Wellness-18x9.webp 18w\" sizes=\"auto, (max-width: 800px) 100vw, 800px\" \/><\/a><\/figure>\n\n\n\n<div style=\"height:50px\" aria-hidden=\"true\" class=\"wp-block-spacer\"><\/div>\n\n\n\n<div class=\"wp-block-buttons is-layout-flex wp-block-buttons-is-layout-flex\">\n<div class=\"wp-block-button btnalt rezervovat\"><a class=\"wp-block-button__link wp-element-button\" href=\"https:\/\/hotelharmony.book-onlinenow.net\/gift\/gift.aspx?Page=0&amp;lan_id=cs-CZ\" target=\"_blank\" rel=\"noopener\">Koupit poukaz pro dva<\/a><\/div>\n<\/div>\n\n\n\n<p><\/p>\n","protected":false},"excerpt":{"rendered":"<p>D\u00e1rkov\u00fd poukaz v hodnot\u011b 1.990 CZK Romantick\u00e9 wellness odpoledne pro dva Po zakoupen\u00ed romantick\u00e9ho wellness voucheru od n\u00e1s obdr\u017e\u00edte: Dop\u0159ejte sv\u00fdm bl\u00edzk\u00fdm chv\u00edle odpo\u010dinku a luxusu v Hotelu Harmony Platnost voucheru je 12 m\u011bs\u00edc\u016f od zakoupen\u00ed. Poukaz bude po zaplacen\u00ed zasl\u00e1n na v\u00e1\u0161 e-mail v elektronick\u00e9 podob\u011b.\u00a0V p\u0159\u00edpad\u011b z\u00e1jmu o ti\u0161t\u011bnou verzi n\u00e1s pros\u00edm kontaktujte.<\/p>\n","protected":false},"author":1,"featured_media":2152,"parent":21,"menu_order":0,"comment_status":"closed","ping_status":"closed","template":"","meta":{"footnotes":""},"class_list":["post-2148","page","type-page","status-publish","has-post-thumbnail","hentry"],"_links":{"self":[{"href":"https:\/\/harmonyhotel.cz\/cz\/wp-json\/wp\/v2\/pages\/2148","targetHints":{"allow":["GET"]}}],"collection":[{"href":"https:\/\/harmonyhotel.cz\/cz\/wp-json\/wp\/v2\/pages"}],"about":[{"href":"https:\/\/harmonyhotel.cz\/cz\/wp-json\/wp\/v2\/types\/page"}],"author":[{"embeddable":true,"href":"https:\/\/harmonyhotel.cz\/cz\/wp-json\/wp\/v2\/users\/1"}],"replies":[{"embeddable":true,"href":"https:\/\/harmonyhotel.cz\/cz\/wp-json\/wp\/v2\/comments?post=2148"}],"version-history":[{"count":3,"href":"https:\/\/harmonyhotel.cz\/cz\/wp-json\/wp\/v2\/pages\/2148\/revisions"}],"predecessor-version":[{"id":2154,"href":"https:\/\/harmonyhotel.cz\/cz\/wp-json\/wp\/v2\/pages\/2148\/revisions\/2154"}],"up":[{"embeddable":true,"href":"https:\/\/harmonyhotel.cz\/cz\/wp-json\/wp\/v2\/pages\/21"}],"wp:featuredmedia":[{"embeddable":true,"href":"https:\/\/harmonyhotel.cz\/cz\/wp-json\/wp\/v2\/media\/2152"}],"wp:attachment":[{"href":"https:\/\/harmonyhotel.cz\/cz\/wp-json\/wp\/v2\/media?parent=2148"}],"curies":[{"name":"wp","href":"https:\/\/api.w.org\/{rel}","templated":true}]}}