{"id":21,"date":"2024-05-29T00:53:55","date_gmt":"2024-05-28T22:53:55","guid":{"rendered":"https:\/\/harmonyhotel.cz\/?page_id=21"},"modified":"2026-04-12T22:37:21","modified_gmt":"2026-04-12T20:37:21","slug":"specialni-nabidky","status":"publish","type":"page","link":"https:\/\/harmonyhotel.cz\/cz\/specialni-nabidky\/","title":{"rendered":"Speci\u00e1ln\u00ed nab\u00eddky"},"content":{"rendered":"\n<div class=\"wp-block-media-text has-media-on-the-right is-stacked-on-mobile is-image-fill-element\"><div class=\"wp-block-media-text__content\">\n<h2 class=\"wp-block-heading\">Pobyt s wellness a polopenz\u00ed<\/h2>\n\n\n\n<ul class=\"wp-block-list\">\n<li>Ubytov\u00e1n\u00ed v pohodln\u00e9m pokoji<\/li>\n\n\n\n<li>Polopenze b\u011bhem pobytu (sn\u00eddan\u011b a ve\u010de\u0159e)<\/li>\n\n\n\n<li>Ka\u017ed\u00fd den 1x vstup do wellness (<strong>baz\u00e9n a d\u011btsk\u00e1 Aqua z\u00f3na<\/strong>) na 120 minut<\/li>\n<\/ul>\n\n\n\n<div class=\"wp-block-buttons is-layout-flex wp-block-buttons-is-layout-flex\">\n<div class=\"wp-block-button\"><a class=\"wp-block-button__link wp-element-button\" href=\"https:\/\/harmonyhotel.cz\/specialni-nabidky\/balicek-s-wellness-a-polopenzi\/\">V\u00edce informac\u00ed<\/a><\/div>\n\n\n\n<div class=\"wp-block-button btnalt rezervovat\"><a class=\"wp-block-button__link wp-element-button\" href=\"https:\/\/hotelharmony.book-onlinenow.net\/index.aspx?Page=26&amp;lan_id=cs-CZ\" target=\"_blank\" rel=\"noopener noreferrer noopener\">Rezervovat bal\u00ed\u010dek<\/a><\/div>\n<\/div>\n<\/div><figure class=\"wp-block-media-text__media\"><a href=\"https:\/\/harmonyhotel.cz\/wp-content\/uploads\/2024\/06\/Wellness-Spindleruv-Mlyn-Harmony-Hotel-Spindleruv-Mlyn-01-scaled.jpg\"><img loading=\"lazy\" decoding=\"async\" width=\"1600\" height=\"1065\" src=\"https:\/\/harmonyhotel.cz\/wp-content\/uploads\/2024\/06\/Wellness-Spindleruv-Mlyn-Harmony-Hotel-Spindleruv-Mlyn-01-1600x1065.jpg\" alt=\"Wellness \u0160pindler\u016fv Ml\u00fdn - Harmony Hotel \u0160pindler\u016fv Ml\u00fdn\" class=\"wp-image-310 size-medium\" style=\"object-position:50% 50%\" srcset=\"https:\/\/harmonyhotel.cz\/wp-content\/uploads\/2024\/06\/Wellness-Spindleruv-Mlyn-Harmony-Hotel-Spindleruv-Mlyn-01-1600x1065.jpg 1600w, https:\/\/harmonyhotel.cz\/wp-content\/uploads\/2024\/06\/Wellness-Spindleruv-Mlyn-Harmony-Hotel-Spindleruv-Mlyn-01-800x532.jpg 800w\" sizes=\"auto, (max-width: 1600px) 100vw, 1600px\" \/><\/a><\/figure><\/div>\n\n\n\n<div class=\"wp-block-media-text is-stacked-on-mobile is-image-fill-element\"><figure class=\"wp-block-media-text__media\"><a href=\"https:\/\/harmonyhotel.cz\/specialni-nabidky\/zimni-balicek-na-5-az-7-noci\/\"><img loading=\"lazy\" decoding=\"async\" width=\"1600\" height=\"1066\" src=\"https:\/\/harmonyhotel.cz\/wp-content\/uploads\/2026\/01\/Web_balicky_1920x1280_05-1600x1066.png\" alt=\"\" class=\"wp-image-2272 size-medium\" style=\"object-position:50% 50%\" srcset=\"https:\/\/harmonyhotel.cz\/wp-content\/uploads\/2026\/01\/Web_balicky_1920x1280_05-1600x1066.png 1600w, https:\/\/harmonyhotel.cz\/wp-content\/uploads\/2026\/01\/Web_balicky_1920x1280_05-800x533.png 800w, https:\/\/harmonyhotel.cz\/wp-content\/uploads\/2026\/01\/Web_balicky_1920x1280_05-18x12.png 18w, https:\/\/harmonyhotel.cz\/wp-content\/uploads\/2026\/01\/Web_balicky_1920x1280_05.png 1921w\" sizes=\"auto, (max-width: 1600px) 100vw, 1600px\" \/><\/a><\/figure><div class=\"wp-block-media-text__content\">\n<h2 class=\"wp-block-heading\"><strong>Letn\u00ed bal\u00ed\u010dek se sn\u00eddan\u00ed, wellness a saunou<\/strong><\/h2>\n\n\n\n<ol class=\"wp-block-list\">\n<li>Pobyt v komfortn\u00edm pokoji se sn\u00eddan\u00ed&nbsp;na 2-4 noci, nebo 5-8 noc\u00ed<\/li>\n\n\n\n<li>Ka\u017ed\u00fd den 1x vstup do wellness (baz\u00e9n, saunov\u00fd sv\u011bt a Babie`s Aqua z\u00f3na) na 120 minut<\/li>\n\n\n\n<li><strong>Anima\u010dn\u00ed program<\/strong> pro d\u011bti<\/li>\n\n\n\n<li>L\u00edstky na lanovku<\/li>\n<\/ol>\n\n\n\n<div class=\"wp-block-buttons is-layout-flex wp-block-buttons-is-layout-flex\">\n<div class=\"wp-block-button\"><a class=\"wp-block-button__link wp-element-button\" href=\"https:\/\/hotelharmony.book-onlinenow.net\/index.aspx?Page=26&amp;lan_id=cs-CZ&amp;cur=CZK&amp;_gl=1*fhyp3v*_gcl_aw*R0NMLjE3NjA5NTYyMDIuRUFJYUlRb2JDaE1Jbk9fUnNwbThpd01WTGFPREJ4M3BtUldXRUFBWUFTQUFFZ0s0enZEX0J3RQ..*_gcl_au*MTg0NTYzODgzOC4xNzYzMDIxODU3*_ga*MzU0NDI2ODQzLjE3Mzc2MzM0OTY.*_ga_N2V8QSPJ5S*czE3Njc2OTA0NzEkbzIxMSRnMSR0MTc2NzY5MjE2MCRqNjAkbDAkaDExNDAxMjUyMjg.\">V\u00edce informac\u00ed<\/a><\/div>\n\n\n\n<div class=\"wp-block-button btnalt rezervovat\"><a class=\"wp-block-button__link wp-element-button\" href=\"https:\/\/hotelharmony.book-onlinenow.net\/index.aspx?Page=26&amp;lan_id=cs-CZ\">Rezervovat bal\u00ed\u010dek<\/a><\/div>\n<\/div>\n<\/div><\/div>\n\n\n\n<div class=\"wp-block-media-text has-media-on-the-right is-stacked-on-mobile is-image-fill-element\"><div class=\"wp-block-media-text__content\">\n<h2 class=\"wp-block-heading\"><strong><strong>Letn\u00ed bal\u00ed\u010dek s polopenz\u00ed, wellness a saunou<\/strong><\/strong><\/h2>\n\n\n\n<ol class=\"wp-block-list\">\n<li>Pobyt v &nbsp;komfortn\u00edm pokoji na 2-4 noci, nebo 5-8 noc\u00ed<\/li>\n\n\n\n<li><strong>Polopenze<\/strong> b\u011bhem pobytu (sn\u00eddan\u011b a ve\u010de\u0159e)<\/li>\n\n\n\n<li>Ka\u017ed\u00fd den 1x <strong>vstup do wellness<\/strong> (baz\u00e9n, saunov\u00fd sv\u011bt a d\u011btsk\u00e1 Aqua z\u00f3na) na 120 minut<\/li>\n\n\n\n<li><strong>Anima\u010dn\u00ed program<\/strong> pro d\u011bti<\/li>\n\n\n\n<li>L\u00edstky na lanovku<\/li>\n<\/ol>\n\n\n\n<div class=\"wp-block-buttons is-layout-flex wp-block-buttons-is-layout-flex\">\n<div class=\"wp-block-button\"><a class=\"wp-block-button__link wp-element-button\" href=\"https:\/\/hotelharmony.book-onlinenow.net\/index.aspx?Page=26&amp;lan_id=cs-CZ&amp;cur=CZK&amp;_gl=1*fhyp3v*_gcl_aw*R0NMLjE3NjA5NTYyMDIuRUFJYUlRb2JDaE1Jbk9fUnNwbThpd01WTGFPREJ4M3BtUldXRUFBWUFTQUFFZ0s0enZEX0J3RQ..*_gcl_au*MTg0NTYzODgzOC4xNzYzMDIxODU3*_ga*MzU0NDI2ODQzLjE3Mzc2MzM0OTY.*_ga_N2V8QSPJ5S*czE3Njc2OTA0NzEkbzIxMSRnMSR0MTc2NzY5MjE2MCRqNjAkbDAkaDExNDAxMjUyMjg.\">V\u00edce informac\u00ed<\/a><\/div>\n\n\n\n<div class=\"wp-block-button btnalt rezervovat\"><a class=\"wp-block-button__link wp-element-button\" href=\"https:\/\/hotelharmony.book-onlinenow.net\/index.aspx?Page=26&amp;lan_id=cs-CZ\">Rezervovat bal\u00ed\u010dek<\/a><\/div>\n<\/div>\n<\/div><figure class=\"wp-block-media-text__media\"><a href=\"https:\/\/harmonyhotel.cz\/specialni-nabidky\/zimni-balicek-na-5-az-7-noci\/\"><img loading=\"lazy\" decoding=\"async\" width=\"1600\" height=\"1066\" src=\"https:\/\/harmonyhotel.cz\/wp-content\/uploads\/2025\/03\/Specialni-letni-balicek-na-3-noci-1600x1066.jpg\" alt=\"Speci\u00e1ln\u00ed letn\u00ed bal\u00ed\u010dek na 3 noci\" class=\"wp-image-1500 size-medium\" style=\"object-position:50% 50%\" srcset=\"https:\/\/harmonyhotel.cz\/wp-content\/uploads\/2025\/03\/Specialni-letni-balicek-na-3-noci-1600x1066.jpg 1600w, https:\/\/harmonyhotel.cz\/wp-content\/uploads\/2025\/03\/Specialni-letni-balicek-na-3-noci-800x533.jpg 800w, https:\/\/harmonyhotel.cz\/wp-content\/uploads\/2025\/03\/Specialni-letni-balicek-na-3-noci-18x12.jpg 18w, https:\/\/harmonyhotel.cz\/wp-content\/uploads\/2025\/03\/Specialni-letni-balicek-na-3-noci.jpg 2000w\" sizes=\"auto, (max-width: 1600px) 100vw, 1600px\" \/><\/a><\/figure><\/div>\n\n\n\n<div class=\"wp-block-media-text is-stacked-on-mobile is-image-fill-element\"><figure class=\"wp-block-media-text__media\"><a href=\"https:\/\/harmonyhotel.cz\/wp-content\/uploads\/2026\/01\/Harmony_darkovy-poukaz_1600x800-07-scaled.png\"><img loading=\"lazy\" decoding=\"async\" width=\"1600\" height=\"800\" src=\"https:\/\/harmonyhotel.cz\/wp-content\/uploads\/2026\/01\/Harmony_darkovy-poukaz_1600x800-07-1600x800.png\" alt=\"\" class=\"wp-image-2305 size-medium\" style=\"object-position:50% 50%\" srcset=\"https:\/\/harmonyhotel.cz\/wp-content\/uploads\/2026\/01\/Harmony_darkovy-poukaz_1600x800-07-1600x800.png 1600w, https:\/\/harmonyhotel.cz\/wp-content\/uploads\/2026\/01\/Harmony_darkovy-poukaz_1600x800-07-800x400.png 800w, https:\/\/harmonyhotel.cz\/wp-content\/uploads\/2026\/01\/Harmony_darkovy-poukaz_1600x800-07-18x9.png 18w\" sizes=\"auto, (max-width: 1600px) 100vw, 1600px\" \/><\/a><\/figure><div class=\"wp-block-media-text__content\">\n<h2 class=\"wp-block-heading\">Z\u016fsta\u0148te d\u00e9le a u\u0161et\u0159ete 10%<\/h2>\n\n\n\n<p>D\u00e9lka pobytu od 3 noc\u00ed &#8211; bez mo\u017enosti storna<\/p>\n\n\n\n<div class=\"wp-block-buttons is-layout-flex wp-block-buttons-is-layout-flex\">\n<div class=\"wp-block-button btnalt rezervovat\"><a class=\"wp-block-button__link wp-element-button\" href=\"https:\/\/hotelharmony.book-onlinenow.net\/index.aspx?specialoffer=NRF+3+or+more+-+10%25&amp;cur=CZK&amp;lan_id=cs-CZ\" target=\"_blank\" rel=\"noopener\">Rezervovat bal\u00ed\u010dek<\/a><\/div>\n<\/div>\n<\/div><\/div>\n\n\n\n<div class=\"wp-block-media-text has-media-on-the-right is-stacked-on-mobile is-image-fill-element\"><div class=\"wp-block-media-text__content\">\n<h2 class=\"wp-block-heading\">Speci\u00e1ln\u00ed nab\u00eddka se slevou 5%<\/h2>\n\n\n\n<p>D\u00e9lka pobytu 1 \u2013 2 noci &#8211; bez mo\u017enosti storna<\/p>\n\n\n\n<div class=\"wp-block-buttons is-layout-flex wp-block-buttons-is-layout-flex\">\n<div class=\"wp-block-button btnalt rezervovat\"><a class=\"wp-block-button__link wp-element-button\" href=\"https:\/\/hotelharmony.book-onlinenow.net\/index.aspx?specialoffer=NRF+1-2+nights+5%25&amp;cur=CZK&amp;lan_id=cs-CZ\" target=\"_blank\" rel=\"noopener\">Rezervovat bal\u00ed\u010dek<\/a><\/div>\n<\/div>\n<\/div><figure class=\"wp-block-media-text__media\"><a href=\"https:\/\/harmonyhotel.cz\/wp-content\/uploads\/2026\/01\/Harmony_darkovy-poukaz_1600x800-06-scaled.png\"><img loading=\"lazy\" decoding=\"async\" width=\"1600\" height=\"800\" src=\"https:\/\/harmonyhotel.cz\/wp-content\/uploads\/2026\/01\/Harmony_darkovy-poukaz_1600x800-06-1600x800.png\" alt=\"\" class=\"wp-image-2304 size-medium\" style=\"object-position:50% 50%\" srcset=\"https:\/\/harmonyhotel.cz\/wp-content\/uploads\/2026\/01\/Harmony_darkovy-poukaz_1600x800-06-1600x800.png 1600w, https:\/\/harmonyhotel.cz\/wp-content\/uploads\/2026\/01\/Harmony_darkovy-poukaz_1600x800-06-800x400.png 800w, https:\/\/harmonyhotel.cz\/wp-content\/uploads\/2026\/01\/Harmony_darkovy-poukaz_1600x800-06-18x9.png 18w\" sizes=\"auto, (max-width: 1600px) 100vw, 1600px\" \/><\/a><\/figure><\/div>\n\n\n\n<div class=\"wp-block-media-text is-stacked-on-mobile is-image-fill-element\"><figure class=\"wp-block-media-text__media\"><a href=\"https:\/\/harmonyhotel.cz\/wp-content\/uploads\/2026\/01\/Harmony_darkovy-poukaz_1600x800-05-scaled.png\"><img loading=\"lazy\" decoding=\"async\" width=\"1600\" height=\"800\" src=\"https:\/\/harmonyhotel.cz\/wp-content\/uploads\/2026\/01\/Harmony_darkovy-poukaz_1600x800-05-1600x800.png\" alt=\"\" class=\"wp-image-2303 size-medium\" style=\"object-position:50% 50%\" srcset=\"https:\/\/harmonyhotel.cz\/wp-content\/uploads\/2026\/01\/Harmony_darkovy-poukaz_1600x800-05-1600x800.png 1600w, https:\/\/harmonyhotel.cz\/wp-content\/uploads\/2026\/01\/Harmony_darkovy-poukaz_1600x800-05-800x400.png 800w, https:\/\/harmonyhotel.cz\/wp-content\/uploads\/2026\/01\/Harmony_darkovy-poukaz_1600x800-05-18x9.png 18w\" sizes=\"auto, (max-width: 1600px) 100vw, 1600px\" \/><\/a><\/figure><div class=\"wp-block-media-text__content\">\n<h2 class=\"wp-block-heading\">Z\u016fsta\u0148te 3 a v\u00edce noc\u00ed a u\u0161et\u0159ete 5%<\/h2>\n\n\n\n<p>Minim\u00e1ln\u00ed d\u00e9lka pobytu je 3 noci &#8211; s mo\u017enost\u00ed storna<\/p>\n\n\n\n<div class=\"wp-block-buttons is-layout-flex wp-block-buttons-is-layout-flex\">\n<div class=\"wp-block-button btnalt rezervovat\"><a class=\"wp-block-button__link wp-element-button\" href=\"https:\/\/hotelharmony.book-onlinenow.net\/index.aspx?specialoffer=Stay+Longer+-+5%25&amp;cur=CZK&amp;lan_id=cs-CZ\" target=\"_blank\" rel=\"noopener\">Rezervovat bal\u00ed\u010dek<\/a><\/div>\n<\/div>\n<\/div><\/div>\n\n\n\n<div class=\"wp-block-media-text has-media-on-the-right is-stacked-on-mobile\"><div class=\"wp-block-media-text__content\">\n<h2 class=\"wp-block-heading\">D\u00e1rkov\u00fd poukaz<\/h2>\n\n\n\n<p>D\u00e1rkov\u00fd poukaz na v\u0161echny slu\u017eby hotelu<\/p>\n\n\n\n<div class=\"wp-block-buttons is-layout-flex wp-block-buttons-is-layout-flex\">\n<div class=\"wp-block-button btnalt rezervovat\"><a class=\"wp-block-button__link wp-element-button\" href=\"https:\/\/harmonyhotel.cz\/darkovy-poukaz\/\">D\u00e1rkov\u00fd poukaz<\/a><\/div>\n<\/div>\n<\/div><figure class=\"wp-block-media-text__media\"><a href=\"https:\/\/harmonyhotel.cz\/wp-content\/uploads\/2026\/01\/Harmony_darkovy-poukaz_1600x800-01-scaled.png\"><img loading=\"lazy\" decoding=\"async\" width=\"1600\" height=\"800\" src=\"https:\/\/harmonyhotel.cz\/wp-content\/uploads\/2026\/01\/Harmony_darkovy-poukaz_1600x800-01-1600x800.png\" alt=\"\" class=\"wp-image-2299 size-medium\" srcset=\"https:\/\/harmonyhotel.cz\/wp-content\/uploads\/2026\/01\/Harmony_darkovy-poukaz_1600x800-01-1600x800.png 1600w, https:\/\/harmonyhotel.cz\/wp-content\/uploads\/2026\/01\/Harmony_darkovy-poukaz_1600x800-01-800x400.png 800w, https:\/\/harmonyhotel.cz\/wp-content\/uploads\/2026\/01\/Harmony_darkovy-poukaz_1600x800-01-18x9.png 18w\" sizes=\"auto, (max-width: 1600px) 100vw, 1600px\" \/><\/a><\/figure><\/div>\n\n\n\n<div class=\"wp-block-media-text is-stacked-on-mobile\"><figure class=\"wp-block-media-text__media\"><a href=\"https:\/\/harmonyhotel.cz\/specialni-nabidky\/darkovy-poukaz-na-romanticke-wellness-odpoledne-pro-dva\/\"><img loading=\"lazy\" decoding=\"async\" width=\"1600\" height=\"800\" src=\"https:\/\/harmonyhotel.cz\/wp-content\/uploads\/2026\/01\/Harmony_darkovy-poukaz_1600x800-02-1600x800.png\" alt=\"\" class=\"wp-image-2300 size-medium\" srcset=\"https:\/\/harmonyhotel.cz\/wp-content\/uploads\/2026\/01\/Harmony_darkovy-poukaz_1600x800-02-1600x800.png 1600w, https:\/\/harmonyhotel.cz\/wp-content\/uploads\/2026\/01\/Harmony_darkovy-poukaz_1600x800-02-800x400.png 800w, https:\/\/harmonyhotel.cz\/wp-content\/uploads\/2026\/01\/Harmony_darkovy-poukaz_1600x800-02-18x9.png 18w\" sizes=\"auto, (max-width: 1600px) 100vw, 1600px\" \/><\/a><\/figure><div class=\"wp-block-media-text__content\">\n<h2 class=\"wp-block-heading\">D\u00e1rkov\u00fd poukaz na Romantick\u00e9 wellness odpoledne pro dva<\/h2>\n\n\n\n<p>D\u00e1rkov\u00fd poukaz na v\u0161echny slu\u017eby hotelu<\/p>\n\n\n\n<div class=\"wp-block-buttons is-layout-flex wp-block-buttons-is-layout-flex\">\n<div class=\"wp-block-button btnalt rezervovat\"><a class=\"wp-block-button__link wp-element-button\" href=\"https:\/\/harmonyhotel.cz\/specialni-nabidky\/darkovy-poukaz-na-romanticke-wellness-odpoledne-pro-dva\/\">D\u00e1rkov\u00fd poukaz pro dva<\/a><\/div>\n<\/div>\n<\/div><\/div>\n\n\n\n<p><\/p>\n","protected":false},"excerpt":{"rendered":"","protected":false},"author":1,"featured_media":432,"parent":0,"menu_order":9,"comment_status":"closed","ping_status":"closed","template":"","meta":{"footnotes":""},"class_list":["post-21","page","type-page","status-publish","has-post-thumbnail","hentry"],"_links":{"self":[{"href":"https:\/\/harmonyhotel.cz\/cz\/wp-json\/wp\/v2\/pages\/21","targetHints":{"allow":["GET"]}}],"collection":[{"href":"https:\/\/harmonyhotel.cz\/cz\/wp-json\/wp\/v2\/pages"}],"about":[{"href":"https:\/\/harmonyhotel.cz\/cz\/wp-json\/wp\/v2\/types\/page"}],"author":[{"embeddable":true,"href":"https:\/\/harmonyhotel.cz\/cz\/wp-json\/wp\/v2\/users\/1"}],"replies":[{"embeddable":true,"href":"https:\/\/harmonyhotel.cz\/cz\/wp-json\/wp\/v2\/comments?post=21"}],"version-history":[{"count":89,"href":"https:\/\/harmonyhotel.cz\/cz\/wp-json\/wp\/v2\/pages\/21\/revisions"}],"predecessor-version":[{"id":2451,"href":"https:\/\/harmonyhotel.cz\/cz\/wp-json\/wp\/v2\/pages\/21\/revisions\/2451"}],"wp:featuredmedia":[{"embeddable":true,"href":"https:\/\/harmonyhotel.cz\/cz\/wp-json\/wp\/v2\/media\/432"}],"wp:attachment":[{"href":"https:\/\/harmonyhotel.cz\/cz\/wp-json\/wp\/v2\/media?parent=21"}],"curies":[{"name":"wp","href":"https:\/\/api.w.org\/{rel}","templated":true}]}}