{"id":2068,"date":"2025-09-10T00:16:47","date_gmt":"2025-09-09T22:16:47","guid":{"rendered":"https:\/\/harmonyhotel.cz\/?page_id=2068"},"modified":"2026-01-06T10:10:55","modified_gmt":"2026-01-06T09:10:55","slug":"zimni-balicek-na-5-az-7-noci","status":"publish","type":"page","link":"https:\/\/harmonyhotel.cz\/cz\/specialni-nabidky\/zimni-balicek-na-5-az-7-noci\/","title":{"rendered":"Zimn\u00ed bal\u00ed\u010dek na 5 a 7 noc\u00ed"},"content":{"rendered":"\n<p>Dop\u0159ejte si dokonal\u00fd zimn\u00ed \u00fat\u011bk na hory a nechte se h\u00fd\u010dkat! U\u017eijte si \u010derstv\u00fd horsk\u00fd vzduch, dechberouc\u00ed v\u00fdhledy a \u0161pi\u010dkov\u00e9 wellness slu\u017eby v na\u0161em hotelu.<br>P\u0159esta\u0148te d\u00fdchat a najd\u011bte svou vlastn\u00ed harmonii. Rezervujte si pobyt v Hotel Harmony.<\/p>\n\n\n\n<p><strong>Bal\u00ed\u010dek se vstupem do wellness a sn\u00eddan\u011b na 5 nebo 7 noc\u00ed<\/strong><\/p>\n\n\n\n<p>&nbsp;<\/p>\n\n\n\n<h2 class=\"wp-block-heading\">Bal\u00ed\u010dek obsahuje<\/h2>\n\n\n\n<ul class=\"wp-block-list\">\n<li>Pobyt v pohodln\u00e9m pokoji na 5 nebo 7 noc\u00ed<\/li>\n\n\n\n<li><strong>Polopenzi <\/strong>b\u011bhem pobytu (sn\u00eddan\u011b a ve\u010de\u0159e)<\/li>\n\n\n\n<li>Ka\u017ed\u00fd den 1x <strong>vstup do wellness<\/strong> (baz\u00e9n a d\u011btsk\u00e1 aqua z\u00f3na) na 120 minut<\/li>\n\n\n\n<li>Anima\u010dn\u00ed program pro d\u011bti<\/li>\n<\/ul>\n\n\n\n<p><em>M\u011bstsk\u00e1 da\u0148 ve v\u00fd\u0161i 40 CZK na osobu a noc nen\u00ed v cen\u011b.<\/em> <br>Ceny jsou v CZK a zahrnuj\u00ed sn\u00eddani, ve\u010de\u0159i formou bufetu, wellness a v\u0161echny p\u0159\u00edslu\u0161n\u00e9 dan\u011b.<\/p>\n\n\n\n<p><\/p>\n\n\n\n<div class=\"wp-block-buttons is-layout-flex wp-block-buttons-is-layout-flex\">\n<div class=\"wp-block-button btnalt\"><a class=\"wp-block-button__link wp-element-button\" href=\"https:\/\/hotelharmony.book-onlinenow.net\/index.aspx?Page=26&amp;lan_id=cs-CZ\" target=\"_blank\" rel=\"noopener noreferrer noopener\">Rezervovat bal\u00ed\u010dek<\/a><\/div>\n<\/div>\n\n\n\n<p>&nbsp;<\/p>\n\n\n\n<h3 class=\"wp-block-heading\">Platebn\u00ed podm\u00ednky<\/h3>\n\n\n\n<ul class=\"wp-block-list\">\n<li>Pro tuto nab\u00eddku je zapot\u0159eb\u00ed&nbsp;<strong>100% p\u0159edplatba.<\/strong><\/li>\n\n\n\n<li>P\u0159i rezervaci bude cel\u00e1 \u010d\u00e1stka \u00fa\u010dtov\u00e1na na va\u0161i kreditn\u00ed kartu&nbsp;<strong>(pln\u00e1 platba p\u0159edem)<\/strong>, pokud si vyberete platbu kartou.<\/li>\n\n\n\n<li>Pro platbu bankovn\u00edm p\u0159evodem je t\u0159eba zaslat celou \u010d\u00e1stku.<\/li>\n\n\n\n<li>V&nbsp;p\u0159\u00edpad\u011b zru\u0161en\u00ed nebo nedojezdu je p\u0159edplatba&nbsp;<strong>nevratn\u00e1<\/strong>.<\/li>\n<\/ul>\n\n\n\n<h3 class=\"wp-block-heading\">Storno podm\u00ednky s mo\u017enost\u00ed storna<\/h3>\n\n\n\n<p><strong><strong>Tato nab\u00eddka je k dispozici pouze na z\u00e1klad\u011b nevratn\u00e9 platby.<\/strong><\/strong><br>Pro tuto speci\u00e1ln\u00ed nab\u00eddku je zapot\u0159eb\u00ed 100% platba p\u0159edem. P\u0159i uskute\u010dn\u011bn\u00ed rezervace bude cel\u00e1 \u010d\u00e1stka \u00fa\u010dtov\u00e1na na va\u0161i platebn\u00ed kartu.<br>Rezervace je nezm\u011bniteln\u00e1 a v p\u0159\u00edpad\u011b zru\u0161en\u00ed, zm\u011bny nebo nedojezdu je p\u0159edplacen\u00ed nevratn\u00e9.<\/p>\n\n\n\n<p><\/p>\n","protected":false},"excerpt":{"rendered":"<p>Dop\u0159ejte si dokonal\u00fd zimn\u00ed \u00fat\u011bk na hory a nechte se h\u00fd\u010dkat! U\u017eijte si \u010derstv\u00fd horsk\u00fd vzduch, dechberouc\u00ed v\u00fdhledy a \u0161pi\u010dkov\u00e9 wellness slu\u017eby v na\u0161em hotelu.P\u0159esta\u0148te d\u00fdchat a najd\u011bte svou vlastn\u00ed harmonii. Rezervujte si pobyt v Hotel Harmony. Bal\u00ed\u010dek se vstupem do wellness a sn\u00eddan\u011b na 5 nebo 7 noc\u00ed &nbsp; Bal\u00ed\u010dek obsahuje M\u011bstsk\u00e1 da\u0148 ve [&hellip;]<\/p>\n","protected":false},"author":1,"featured_media":1272,"parent":21,"menu_order":0,"comment_status":"closed","ping_status":"closed","template":"","meta":{"footnotes":""},"class_list":["post-2068","page","type-page","status-publish","has-post-thumbnail","hentry"],"_links":{"self":[{"href":"https:\/\/harmonyhotel.cz\/cz\/wp-json\/wp\/v2\/pages\/2068","targetHints":{"allow":["GET"]}}],"collection":[{"href":"https:\/\/harmonyhotel.cz\/cz\/wp-json\/wp\/v2\/pages"}],"about":[{"href":"https:\/\/harmonyhotel.cz\/cz\/wp-json\/wp\/v2\/types\/page"}],"author":[{"embeddable":true,"href":"https:\/\/harmonyhotel.cz\/cz\/wp-json\/wp\/v2\/users\/1"}],"replies":[{"embeddable":true,"href":"https:\/\/harmonyhotel.cz\/cz\/wp-json\/wp\/v2\/comments?post=2068"}],"version-history":[{"count":6,"href":"https:\/\/harmonyhotel.cz\/cz\/wp-json\/wp\/v2\/pages\/2068\/revisions"}],"predecessor-version":[{"id":2253,"href":"https:\/\/harmonyhotel.cz\/cz\/wp-json\/wp\/v2\/pages\/2068\/revisions\/2253"}],"up":[{"embeddable":true,"href":"https:\/\/harmonyhotel.cz\/cz\/wp-json\/wp\/v2\/pages\/21"}],"wp:featuredmedia":[{"embeddable":true,"href":"https:\/\/harmonyhotel.cz\/cz\/wp-json\/wp\/v2\/media\/1272"}],"wp:attachment":[{"href":"https:\/\/harmonyhotel.cz\/cz\/wp-json\/wp\/v2\/media?parent=2068"}],"curies":[{"name":"wp","href":"https:\/\/api.w.org\/{rel}","templated":true}]}}