{"id":1659,"date":"2025-06-06T18:18:17","date_gmt":"2025-06-06T16:18:17","guid":{"rendered":"https:\/\/harmonyhotel.cz\/?page_id=1659"},"modified":"2025-11-26T23:18:54","modified_gmt":"2025-11-26T22:18:54","slug":"petanque","status":"publish","type":"page","link":"https:\/\/harmonyhotel.cz\/cz\/aktivity\/petanque\/","title":{"rendered":"P\u00e9tanque"},"content":{"rendered":"\n<h2 class=\"wp-block-heading\">P\u00e9tanque <\/h2>\n\n\n\n<div class=\"wp-block-media-text is-stacked-on-mobile is-image-fill-element\"><figure class=\"wp-block-media-text__media\"><a href=\"https:\/\/harmonyhotel.cz\/wp-content\/uploads\/2025\/06\/3.jpg\"><img loading=\"lazy\" decoding=\"async\" width=\"1600\" height=\"900\" src=\"https:\/\/harmonyhotel.cz\/wp-content\/uploads\/2025\/06\/3-1600x900.jpg\" alt=\"P\u00e9tanque\" class=\"wp-image-1665 size-medium\" style=\"object-position:50% 50%\" srcset=\"https:\/\/harmonyhotel.cz\/wp-content\/uploads\/2025\/06\/3-1600x900.jpg 1600w, https:\/\/harmonyhotel.cz\/wp-content\/uploads\/2025\/06\/3-800x450.jpg 800w, https:\/\/harmonyhotel.cz\/wp-content\/uploads\/2025\/06\/3-18x10.jpg 18w, https:\/\/harmonyhotel.cz\/wp-content\/uploads\/2025\/06\/3.jpg 1920w\" sizes=\"auto, (max-width: 1600px) 100vw, 1600px\" \/><\/a><\/figure><div class=\"wp-block-media-text__content\">\n<p><strong>Obl\u00edben\u00e1 francouzsk\u00e1 hra pro dva a\u017e \u0161est hr\u00e1\u010d\u016f rozd\u011blen\u00fdch do t\u00fdm\u016f. C\u00edlem je um\u00edstit kovov\u00e9 koule co nejbl\u00ed\u017ee k mal\u00e9 d\u0159ev\u011bn\u00e9 kuli\u010dce \u2013 tzv. ko\u0161onku (neboli \u201epras\u00e1tku\u201c).<\/strong><\/p>\n\n\n\n<p>Pravidla jsou jednoduch\u00e1, ale d\u00edky taktice a p\u0159esnosti hod\u016f je hra nap\u00ednav\u00e1 a z\u00e1bavn\u00e1 pro v\u0161echny v\u011bkov\u00e9 kategorie.<\/p>\n<\/div><\/div>\n\n\n\n<div class=\"wp-block-media-text has-media-on-the-right is-stacked-on-mobile is-image-fill-element\"><div class=\"wp-block-media-text__content\">\n<h2 class=\"wp-block-heading\">STRU\u010cN\u00c1 PRAVIDLA<\/h2>\n\n\n\n<ul class=\"wp-block-list\">\n<li>Ka\u017ed\u00fd t\u00fdm m\u00e1 6 koul\u00ed, na zem se nakresl\u00ed kruh, ve kter\u00e9m hraj\u00edc\u00ed stoj\u00ed<\/li>\n\n\n\n<li>Hr\u00e1\u010d hod\u00ed ko\u0161onek do vzd\u00e1lenosti 6-10 m a sna\u017e\u00ed se um\u00edstit svou kouli co nejbl\u00ed\u017ee<\/li>\n\n\n\n<li>Hraje t\u00fdm, kter\u00fd je d\u00e1l od ko\u0161onku a sna\u017e\u00ed se p\u0159ibl\u00ed\u017eit nebo vytla\u010dit soupe\u0159ovu kouli<\/li>\n\n\n\n<li>Kolo kon\u010d\u00ed, kdy\u017e v\u0161ichni hr\u00e1\u010di doh\u00e1z\u00ed sv\u00e9 koule<\/li>\n\n\n\n<li>Body z\u00edsk\u00e1v\u00e1 t\u00fdm, jeho\u017e koule jsou bl\u00ed\u017ee ko\u0161onku<\/li>\n\n\n\n<li>V\u00edt\u011bzem se st\u00e1v\u00e1 dru\u017estvo, kter\u00e9 jako prvn\u00ed dos\u00e1hne 13 bod\u016f<\/li>\n<\/ul>\n<\/div><figure class=\"wp-block-media-text__media\"><a href=\"https:\/\/harmonyhotel.cz\/wp-content\/uploads\/2025\/06\/4.jpg\"><img loading=\"lazy\" decoding=\"async\" width=\"800\" height=\"450\" src=\"https:\/\/harmonyhotel.cz\/wp-content\/uploads\/2025\/06\/4-800x450.jpg\" alt=\"P\u00e9tanque\" class=\"wp-image-1661 size-medium\" style=\"object-position:50% 50%\" srcset=\"https:\/\/harmonyhotel.cz\/wp-content\/uploads\/2025\/06\/4-800x450.jpg 800w, https:\/\/harmonyhotel.cz\/wp-content\/uploads\/2025\/06\/4-1600x900.jpg 1600w, https:\/\/harmonyhotel.cz\/wp-content\/uploads\/2025\/06\/4-18x10.jpg 18w, https:\/\/harmonyhotel.cz\/wp-content\/uploads\/2025\/06\/4.jpg 1920w\" sizes=\"auto, (max-width: 800px) 100vw, 800px\" \/><\/a><\/figure><\/div>\n\n\n\n<div class=\"wp-block-media-text is-stacked-on-mobile is-image-fill-element\"><figure class=\"wp-block-media-text__media\"><a href=\"https:\/\/harmonyhotel.cz\/wp-content\/uploads\/2025\/06\/2.jpg\"><img loading=\"lazy\" decoding=\"async\" width=\"800\" height=\"450\" src=\"https:\/\/harmonyhotel.cz\/wp-content\/uploads\/2025\/06\/2-800x450.jpg\" alt=\"P\u00e9tanque\" class=\"wp-image-1677 size-medium\" style=\"object-position:50% 50%\" srcset=\"https:\/\/harmonyhotel.cz\/wp-content\/uploads\/2025\/06\/2-800x450.jpg 800w, https:\/\/harmonyhotel.cz\/wp-content\/uploads\/2025\/06\/2-1600x900.jpg 1600w, https:\/\/harmonyhotel.cz\/wp-content\/uploads\/2025\/06\/2-18x10.jpg 18w, https:\/\/harmonyhotel.cz\/wp-content\/uploads\/2025\/06\/2.jpg 1920w\" sizes=\"auto, (max-width: 800px) 100vw, 800px\" \/><\/a><\/figure><div class=\"wp-block-media-text__content\">\n<p><strong>Hr\u00e1t m\u016f\u017eete na na\u0161em pravideln\u011b upravovan\u00e9m h\u0159i\u0161ti, kter\u00e9 se nach\u00e1z\u00ed u zadn\u00edho v\u00fdchodu na sjezdovku.<\/strong><\/p>\n\n\n\n<p>Ide\u00e1ln\u00ed pro odpoledn\u00ed turnaj s p\u0159\u00e1teli nebo rodinou. Hern\u00ed set v\u00e1m r\u00e1di zap\u016fj\u010d\u00edme na wellness recepci.<\/p>\n<\/div><\/div>\n\n\n\n<p><\/p>\n","protected":false},"excerpt":{"rendered":"<p>P\u00e9tanque Obl\u00edben\u00e1 francouzsk\u00e1 hra pro dva a\u017e \u0161est hr\u00e1\u010d\u016f rozd\u011blen\u00fdch do t\u00fdm\u016f. C\u00edlem je um\u00edstit kovov\u00e9 koule co nejbl\u00ed\u017ee k mal\u00e9 d\u0159ev\u011bn\u00e9 kuli\u010dce \u2013 tzv. ko\u0161onku (neboli \u201epras\u00e1tku\u201c). Pravidla jsou jednoduch\u00e1, ale d\u00edky taktice a p\u0159esnosti hod\u016f je hra nap\u00ednav\u00e1 a z\u00e1bavn\u00e1 pro v\u0161echny v\u011bkov\u00e9 kategorie. Hr\u00e1t m\u016f\u017eete na na\u0161em pravideln\u011b upravovan\u00e9m h\u0159i\u0161ti, kter\u00e9 se [&hellip;]<\/p>\n","protected":false},"author":3,"featured_media":2222,"parent":19,"menu_order":1,"comment_status":"closed","ping_status":"closed","template":"","meta":{"footnotes":""},"class_list":["post-1659","page","type-page","status-publish","has-post-thumbnail","hentry"],"_links":{"self":[{"href":"https:\/\/harmonyhotel.cz\/cz\/wp-json\/wp\/v2\/pages\/1659","targetHints":{"allow":["GET"]}}],"collection":[{"href":"https:\/\/harmonyhotel.cz\/cz\/wp-json\/wp\/v2\/pages"}],"about":[{"href":"https:\/\/harmonyhotel.cz\/cz\/wp-json\/wp\/v2\/types\/page"}],"author":[{"embeddable":true,"href":"https:\/\/harmonyhotel.cz\/cz\/wp-json\/wp\/v2\/users\/3"}],"replies":[{"embeddable":true,"href":"https:\/\/harmonyhotel.cz\/cz\/wp-json\/wp\/v2\/comments?post=1659"}],"version-history":[{"count":11,"href":"https:\/\/harmonyhotel.cz\/cz\/wp-json\/wp\/v2\/pages\/1659\/revisions"}],"predecessor-version":[{"id":1718,"href":"https:\/\/harmonyhotel.cz\/cz\/wp-json\/wp\/v2\/pages\/1659\/revisions\/1718"}],"up":[{"embeddable":true,"href":"https:\/\/harmonyhotel.cz\/cz\/wp-json\/wp\/v2\/pages\/19"}],"wp:featuredmedia":[{"embeddable":true,"href":"https:\/\/harmonyhotel.cz\/cz\/wp-json\/wp\/v2\/media\/2222"}],"wp:attachment":[{"href":"https:\/\/harmonyhotel.cz\/cz\/wp-json\/wp\/v2\/media?parent=1659"}],"curies":[{"name":"wp","href":"https:\/\/api.w.org\/{rel}","templated":true}]}}