{"id":1630,"date":"2025-06-02T00:04:08","date_gmt":"2025-06-01T22:04:08","guid":{"rendered":"https:\/\/harmonyhotel.cz\/?page_id=1630"},"modified":"2025-06-02T22:53:08","modified_gmt":"2025-06-02T20:53:08","slug":"rodinny-pokoj-deleny","status":"publish","type":"page","link":"https:\/\/harmonyhotel.cz\/cz\/pokoje\/rodinny-pokoj-deleny\/","title":{"rendered":"Rodinn\u00fd pokoj d\u011blen\u00fd"},"content":{"rendered":"\n<p>Rodinn\u00fd d\u011blen\u00fd pokoj se skl\u00e1d\u00e1 z p\u0159eds\u00edn\u011b, jedn\u00e9 koupelny s vanou a toaletou a dvou samostatn\u00fdch lo\u017enic. Ka\u017ed\u00e1 lo\u017enice m\u00e1 vlastn\u00ed vstup na hotelovou kartu a je standardn\u011b vybavena dv\u011bma pevn\u00fdmi l\u016f\u017eky, tedy celkem \u010dty\u0159mi l\u016f\u017eky. V ka\u017ed\u00e9m pokoji je k dispozici r\u00e1dio, telefon, trezor a minibar. V prostorn\u00e9 p\u0159eds\u00edni se nach\u00e1z\u00ed \u0161atna. Internetov\u00e9 p\u0159ipojen\u00ed je dostupn\u00e9 z obou pokoj\u016f.<\/p>\n\n\n\n<ul class=\"wp-block-list\">\n<li>43 m2<\/li>\n\n\n\n<li>2 x dvoul\u016f\u017eko<\/li>\n\n\n\n<li>Minibar<\/li>\n\n\n\n<li>Safe<\/li>\n\n\n\n<li>TV SAT<\/li>\n\n\n\n<li>Telefon<\/li>\n\n\n\n<li>Balkonov\u00e9 okno<\/li>\n\n\n\n<li>Wifi<\/li>\n<\/ul>\n\n\n\n<div class=\"wp-block-buttons is-layout-flex wp-block-buttons-is-layout-flex\">\n<div class=\"wp-block-button btnalt rezervovat\"><a class=\"wp-block-button__link wp-element-button\" href=\"https:\/\/hotelharmony.book-onlinenow.net\/index.aspx?cur=CZK&amp;lan_id=cs-CZ\" target=\"_blank\" rel=\"noreferrer noopener\">Rezervovat<\/a><\/div>\n<\/div>\n\n\n\n<div style=\"height:50px\" aria-hidden=\"true\" class=\"wp-block-spacer\"><\/div>\n\n\n\n<figure class=\"wp-block-gallery has-nested-images columns-4 is-cropped wp-block-gallery-1 is-layout-flex wp-block-gallery-is-layout-flex\">\n<figure class=\"wp-block-image size-medium\"><a href=\"https:\/\/harmonyhotel.cz\/wp-content\/uploads\/2025\/06\/Harmony-Hotel-Spindleruv-Mlyn-Rodinny-pokoj-deleny-01-scaled.webp\"><img loading=\"lazy\" decoding=\"async\" width=\"800\" height=\"564\" data-id=\"1641\" src=\"https:\/\/harmonyhotel.cz\/wp-content\/uploads\/2025\/06\/Harmony-Hotel-Spindleruv-Mlyn-Rodinny-pokoj-deleny-01-800x564.webp\" alt=\"Harmony Hotel \u0160pindler\u016fv Ml\u00fdn - Rodinn\u00fd pokoj d\u011blen\u00fd 01\" class=\"wp-image-1641\" srcset=\"https:\/\/harmonyhotel.cz\/wp-content\/uploads\/2025\/06\/Harmony-Hotel-Spindleruv-Mlyn-Rodinny-pokoj-deleny-01-800x564.webp 800w, https:\/\/harmonyhotel.cz\/wp-content\/uploads\/2025\/06\/Harmony-Hotel-Spindleruv-Mlyn-Rodinny-pokoj-deleny-01-1600x1128.webp 1600w, https:\/\/harmonyhotel.cz\/wp-content\/uploads\/2025\/06\/Harmony-Hotel-Spindleruv-Mlyn-Rodinny-pokoj-deleny-01-18x12.webp 18w\" sizes=\"auto, (max-width: 800px) 100vw, 800px\" \/><\/a><\/figure>\n\n\n\n<figure class=\"wp-block-image size-medium\"><a href=\"https:\/\/harmonyhotel.cz\/wp-content\/uploads\/2025\/06\/Harmony-Hotel-Spindleruv-Mlyn-Rodinny-pokoj-deleny-03-scaled.webp\"><img loading=\"lazy\" decoding=\"async\" width=\"800\" height=\"528\" data-id=\"1639\" src=\"https:\/\/harmonyhotel.cz\/wp-content\/uploads\/2025\/06\/Harmony-Hotel-Spindleruv-Mlyn-Rodinny-pokoj-deleny-03-800x528.webp\" alt=\"Harmony Hotel \u0160pindler\u016fv Ml\u00fdn - Rodinn\u00fd pokoj d\u011blen\u00fd 03\" class=\"wp-image-1639\" srcset=\"https:\/\/harmonyhotel.cz\/wp-content\/uploads\/2025\/06\/Harmony-Hotel-Spindleruv-Mlyn-Rodinny-pokoj-deleny-03-800x528.webp 800w, https:\/\/harmonyhotel.cz\/wp-content\/uploads\/2025\/06\/Harmony-Hotel-Spindleruv-Mlyn-Rodinny-pokoj-deleny-03-1600x1056.webp 1600w, https:\/\/harmonyhotel.cz\/wp-content\/uploads\/2025\/06\/Harmony-Hotel-Spindleruv-Mlyn-Rodinny-pokoj-deleny-03-18x12.webp 18w\" sizes=\"auto, (max-width: 800px) 100vw, 800px\" \/><\/a><\/figure>\n\n\n\n<figure class=\"wp-block-image size-medium\"><a href=\"https:\/\/harmonyhotel.cz\/wp-content\/uploads\/2025\/06\/Harmony-Hotel-Spindleruv-Mlyn-Rodinny-pokoj-deleny-04-scaled.webp\"><img loading=\"lazy\" decoding=\"async\" width=\"800\" height=\"566\" data-id=\"1638\" src=\"https:\/\/harmonyhotel.cz\/wp-content\/uploads\/2025\/06\/Harmony-Hotel-Spindleruv-Mlyn-Rodinny-pokoj-deleny-04-800x566.webp\" alt=\"Harmony Hotel \u0160pindler\u016fv Ml\u00fdn - Rodinn\u00fd pokoj d\u011blen\u00fd 04\" class=\"wp-image-1638\" srcset=\"https:\/\/harmonyhotel.cz\/wp-content\/uploads\/2025\/06\/Harmony-Hotel-Spindleruv-Mlyn-Rodinny-pokoj-deleny-04-800x566.webp 800w, https:\/\/harmonyhotel.cz\/wp-content\/uploads\/2025\/06\/Harmony-Hotel-Spindleruv-Mlyn-Rodinny-pokoj-deleny-04-1600x1131.webp 1600w, https:\/\/harmonyhotel.cz\/wp-content\/uploads\/2025\/06\/Harmony-Hotel-Spindleruv-Mlyn-Rodinny-pokoj-deleny-04-18x12.webp 18w\" sizes=\"auto, (max-width: 800px) 100vw, 800px\" \/><\/a><\/figure>\n\n\n\n<figure class=\"wp-block-image size-medium\"><a href=\"https:\/\/harmonyhotel.cz\/wp-content\/uploads\/2025\/06\/Harmony-Hotel-Spindleruv-Mlyn-Rodinny-pokoj-deleny-02-scaled.webp\"><img loading=\"lazy\" decoding=\"async\" width=\"800\" height=\"548\" data-id=\"1640\" src=\"https:\/\/harmonyhotel.cz\/wp-content\/uploads\/2025\/06\/Harmony-Hotel-Spindleruv-Mlyn-Rodinny-pokoj-deleny-02-800x548.webp\" alt=\"Harmony Hotel \u0160pindler\u016fv Ml\u00fdn - Rodinn\u00fd pokoj d\u011blen\u00fd 02\" class=\"wp-image-1640\" srcset=\"https:\/\/harmonyhotel.cz\/wp-content\/uploads\/2025\/06\/Harmony-Hotel-Spindleruv-Mlyn-Rodinny-pokoj-deleny-02-800x548.webp 800w, https:\/\/harmonyhotel.cz\/wp-content\/uploads\/2025\/06\/Harmony-Hotel-Spindleruv-Mlyn-Rodinny-pokoj-deleny-02-1600x1097.webp 1600w, https:\/\/harmonyhotel.cz\/wp-content\/uploads\/2025\/06\/Harmony-Hotel-Spindleruv-Mlyn-Rodinny-pokoj-deleny-02-18x12.webp 18w\" sizes=\"auto, (max-width: 800px) 100vw, 800px\" \/><\/a><\/figure>\n<\/figure>\n","protected":false},"excerpt":{"rendered":"<p>Rodinn\u00fd d\u011blen\u00fd pokoj se skl\u00e1d\u00e1 z p\u0159eds\u00edn\u011b, jedn\u00e9 koupelny s vanou a toaletou a dvou samostatn\u00fdch lo\u017enic. Ka\u017ed\u00e1 lo\u017enice m\u00e1 vlastn\u00ed vstup na hotelovou kartu a je standardn\u011b vybavena dv\u011bma pevn\u00fdmi l\u016f\u017eky, tedy celkem \u010dty\u0159mi l\u016f\u017eky. V ka\u017ed\u00e9m pokoji je k dispozici r\u00e1dio, telefon, trezor a minibar. V prostorn\u00e9 p\u0159eds\u00edni se nach\u00e1z\u00ed \u0161atna. Internetov\u00e9 p\u0159ipojen\u00ed [&hellip;]<\/p>\n","protected":false},"author":1,"featured_media":1638,"parent":9,"menu_order":0,"comment_status":"closed","ping_status":"closed","template":"","meta":{"footnotes":""},"class_list":["post-1630","page","type-page","status-publish","has-post-thumbnail","hentry"],"_links":{"self":[{"href":"https:\/\/harmonyhotel.cz\/cz\/wp-json\/wp\/v2\/pages\/1630","targetHints":{"allow":["GET"]}}],"collection":[{"href":"https:\/\/harmonyhotel.cz\/cz\/wp-json\/wp\/v2\/pages"}],"about":[{"href":"https:\/\/harmonyhotel.cz\/cz\/wp-json\/wp\/v2\/types\/page"}],"author":[{"embeddable":true,"href":"https:\/\/harmonyhotel.cz\/cz\/wp-json\/wp\/v2\/users\/1"}],"replies":[{"embeddable":true,"href":"https:\/\/harmonyhotel.cz\/cz\/wp-json\/wp\/v2\/comments?post=1630"}],"version-history":[{"count":4,"href":"https:\/\/harmonyhotel.cz\/cz\/wp-json\/wp\/v2\/pages\/1630\/revisions"}],"predecessor-version":[{"id":1644,"href":"https:\/\/harmonyhotel.cz\/cz\/wp-json\/wp\/v2\/pages\/1630\/revisions\/1644"}],"up":[{"embeddable":true,"href":"https:\/\/harmonyhotel.cz\/cz\/wp-json\/wp\/v2\/pages\/9"}],"wp:featuredmedia":[{"embeddable":true,"href":"https:\/\/harmonyhotel.cz\/cz\/wp-json\/wp\/v2\/media\/1638"}],"wp:attachment":[{"href":"https:\/\/harmonyhotel.cz\/cz\/wp-json\/wp\/v2\/media?parent=1630"}],"curies":[{"name":"wp","href":"https:\/\/api.w.org\/{rel}","templated":true}]}}