{"id":15,"date":"2024-05-29T00:52:10","date_gmt":"2024-05-28T22:52:10","guid":{"rendered":"https:\/\/harmonyhotel.cz\/?page_id=15"},"modified":"2026-04-11T12:31:50","modified_gmt":"2026-04-11T10:31:50","slug":"wellness","status":"publish","type":"page","link":"https:\/\/harmonyhotel.cz\/cz\/wellness\/","title":{"rendered":"Wellness"},"content":{"rendered":"\n<p class=\"has-text-align-center\">Pono\u0159te se do sv\u011bta odpo\u010dinku a zregenerujte t\u011blo i ducha v na\u0161em modern\u00edm wellness a nechte se h\u00fd\u010dkat na\u0161imi profesion\u00e1ln\u00edmi terapeuty. U\u017eijte si nekone\u010dn\u00fd klid a panoramatick\u00e9 v\u00fdhledy na majest\u00e1tn\u00ed vrcholy, kter\u00e9 pohlad\u00ed va\u0161e smysly. Vyberte si ze \u0161irok\u00e9 \u0161k\u00e1ly wellness aktivit:<\/p>\n\n\n\n<div style=\"height:50px\" aria-hidden=\"true\" class=\"wp-block-spacer\"><\/div>\n\n\n\n<div class=\"wp-block-media-text has-media-on-the-right is-stacked-on-mobile is-image-fill-element\"><div class=\"wp-block-media-text__content\">\n<h2 class=\"wp-block-heading\">Baz\u00e9n a hydromas\u00e1\u017en\u00ed whirlpooly<\/h2>\n\n\n\n<p>Plav\u00e1n\u00ed je dozajista t\u00edm nejzdrav\u011bj\u0161\u00edm sportem a je sou\u010d\u00e1st\u00ed t\u00e9m\u011b\u0159 ka\u017ed\u00e9ho regenera\u010dn\u00edho cvi\u010den\u00ed pro celkov\u00e9 uvoln\u011bn\u00ed. <strong>Nerezov\u00fd baz\u00e9n<\/strong> s mas\u00e1\u017en\u00edm chrli\u010dem a dnov\u00fdmi perli\u010dkami je <strong>dopln\u011bn sv\u011bteln\u00fdmi efekty a podvodn\u00edm reproduktorem<\/strong>. Baz\u00e9n m\u00e1 velikost 12 x 6 m, teplota vody je 28\u00b0C.<\/p>\n\n\n\n<div class=\"wp-block-buttons is-layout-flex wp-block-buttons-is-layout-flex\">\n<div class=\"wp-block-button\"><a class=\"wp-block-button__link wp-element-button\" href=\"https:\/\/harmonyhotel.cz\/wellness\/bazen-a-hydromasazni-whirlpooly\/\">Baz\u00e9n a whirlpooly<\/a><\/div>\n<\/div>\n<\/div><figure class=\"wp-block-media-text__media\"><a href=\"https:\/\/harmonyhotel.cz\/wp-content\/uploads\/2025\/07\/2024_12_19_8269_EOS_R5_MK_II_LRNL-scaled.jpg\"><img loading=\"lazy\" decoding=\"async\" width=\"1600\" height=\"1081\" src=\"https:\/\/harmonyhotel.cz\/wp-content\/uploads\/2025\/07\/2024_12_19_8269_EOS_R5_MK_II_LRNL-1600x1081.jpg\" alt=\"\" class=\"wp-image-1887 size-medium\" style=\"object-position:50% 50%\" srcset=\"https:\/\/harmonyhotel.cz\/wp-content\/uploads\/2025\/07\/2024_12_19_8269_EOS_R5_MK_II_LRNL-1600x1081.jpg 1600w, https:\/\/harmonyhotel.cz\/wp-content\/uploads\/2025\/07\/2024_12_19_8269_EOS_R5_MK_II_LRNL-800x541.jpg 800w, https:\/\/harmonyhotel.cz\/wp-content\/uploads\/2025\/07\/2024_12_19_8269_EOS_R5_MK_II_LRNL-18x12.jpg 18w\" sizes=\"auto, (max-width: 1600px) 100vw, 1600px\" \/><\/a><\/figure><\/div>\n\n\n\n<div class=\"wp-block-media-text is-stacked-on-mobile is-image-fill-element\"><figure class=\"wp-block-media-text__media\"><a href=\"https:\/\/harmonyhotel.cz\/wp-content\/uploads\/2025\/07\/2024_06_25_9639_EOS_R5_LRN-scaled.jpg\"><img loading=\"lazy\" decoding=\"async\" width=\"1600\" height=\"1065\" src=\"https:\/\/harmonyhotel.cz\/wp-content\/uploads\/2025\/07\/2024_06_25_9639_EOS_R5_LRN-1600x1065.jpg\" alt=\"\" class=\"wp-image-1889 size-medium\" style=\"object-position:50% 50%\" srcset=\"https:\/\/harmonyhotel.cz\/wp-content\/uploads\/2025\/07\/2024_06_25_9639_EOS_R5_LRN-1600x1065.jpg 1600w, https:\/\/harmonyhotel.cz\/wp-content\/uploads\/2025\/07\/2024_06_25_9639_EOS_R5_LRN-800x532.jpg 800w, https:\/\/harmonyhotel.cz\/wp-content\/uploads\/2025\/07\/2024_06_25_9639_EOS_R5_LRN-18x12.jpg 18w\" sizes=\"auto, (max-width: 1600px) 100vw, 1600px\" \/><\/a><\/figure><div class=\"wp-block-media-text__content\">\n<h2 class=\"wp-block-heading\">Saunov\u00fd sv\u011bt<\/h2>\n\n\n\n<p>Wellness centrum Harmony Hotelu uspokoj\u00ed i ty nejn\u00e1ro\u010dn\u011bj\u0161\u00ed po\u017eadavky na relaxaci a odpo\u010dinek. Luxusn\u00ed design, nab\u00eddka saunov\u00fdch prostor r\u016fzn\u00e9ho typu a relaxa\u010dn\u00ed area jsou neodmyslitelnou sou\u010d\u00e1st\u00ed nov\u011b otev\u0159en\u00e9ho Saunov\u00e9ho sv\u011bta (Sauna World), jeho\u017e nab\u00eddka p\u0159ed\u010d\u00ed Va\u0161e o\u010dek\u00e1v\u00e1n\u00ed. 5 druh\u016f saun, Kneipp\u016fv chodn\u00edk, ochalzovac\u00ed a relaxa\u010dn\u00ed z\u00f3na v tom nejvy\u0161\u0161\u00edm standardu.<\/p>\n\n\n\n<div class=\"wp-block-buttons is-layout-flex wp-block-buttons-is-layout-flex\">\n<div class=\"wp-block-button\"><a class=\"wp-block-button__link wp-element-button\" href=\"https:\/\/harmonyhotel.cz\/wellness\/saunovy-svet\/\">Saunov\u00fd sv\u011bt<\/a><\/div>\n<\/div>\n<\/div><\/div>\n\n\n\n<div class=\"wp-block-media-text has-media-on-the-right is-stacked-on-mobile is-image-fill-element\"><div class=\"wp-block-media-text__content\">\n<h2 class=\"wp-block-heading\">D\u011btsk\u00e1 aqua z\u00f3na<\/h2>\n\n\n\n<p>D\u011btsk\u00e9 brouzdali\u0161t\u011b pro ty nejmen\u0161\u00ed n\u00e1v\u0161t\u011bvn\u00edky na\u0161eho hotelu je sou\u010d\u00e1st\u00ed na\u0161eho Wellness Centra a baz\u00e9nov\u00e9ho prostoru. Nach\u00e1z\u00ed se na rozloze cca 60 metr\u016f \u010dtvere\u010dn\u00edch. <\/p>\n\n\n\n<div class=\"wp-block-buttons is-layout-flex wp-block-buttons-is-layout-flex\">\n<div class=\"wp-block-button\"><a class=\"wp-block-button__link wp-element-button\" href=\"https:\/\/harmonyhotel.cz\/wellness\/detska-aqua-zona\/\">D\u011btsk\u00e1 aqua z\u00f3na<\/a><\/div>\n<\/div>\n<\/div><figure class=\"wp-block-media-text__media\"><a href=\"https:\/\/harmonyhotel.cz\/wp-content\/uploads\/2024\/06\/Wellness-Spindleruv-Mlyn-Harmony-Hotel-Spindleruv-Mlyn-Babies-Aqua-Zone-1-scaled.jpg\"><img loading=\"lazy\" decoding=\"async\" width=\"800\" height=\"532\" src=\"https:\/\/harmonyhotel.cz\/wp-content\/uploads\/2024\/06\/Wellness-Spindleruv-Mlyn-Harmony-Hotel-Spindleruv-Mlyn-Babies-Aqua-Zone-1-800x532.jpg\" alt=\"Wellness \u0160pindler\u016fv Ml\u00fdn - Harmony Hotel \u0160pindler\u016fv Ml\u00fdn - Babies Aqua Zone\" class=\"wp-image-653 size-medium\" style=\"object-position:50% 50%\" srcset=\"https:\/\/harmonyhotel.cz\/wp-content\/uploads\/2024\/06\/Wellness-Spindleruv-Mlyn-Harmony-Hotel-Spindleruv-Mlyn-Babies-Aqua-Zone-1-800x532.jpg 800w, https:\/\/harmonyhotel.cz\/wp-content\/uploads\/2024\/06\/Wellness-Spindleruv-Mlyn-Harmony-Hotel-Spindleruv-Mlyn-Babies-Aqua-Zone-1-1600x1065.jpg 1600w\" sizes=\"auto, (max-width: 800px) 100vw, 800px\" \/><\/a><\/figure><\/div>\n\n\n\n<div class=\"wp-block-media-text is-stacked-on-mobile is-image-fill-element\"><figure class=\"wp-block-media-text__media\"><a href=\"https:\/\/harmonyhotel.cz\/wp-content\/uploads\/2024\/06\/Masaze-Spindleruv-Mlyn-Harmony-Hotel-Spindleruv-Mlyn-1-scaled.jpg\"><img loading=\"lazy\" decoding=\"async\" width=\"800\" height=\"532\" src=\"https:\/\/harmonyhotel.cz\/wp-content\/uploads\/2024\/06\/Masaze-Spindleruv-Mlyn-Harmony-Hotel-Spindleruv-Mlyn-1-800x532.jpg\" alt=\"Mas\u00e1\u017ee \u0160pindler\u016fv Ml\u00fdn - Harmony Hotel \u0160pindler\u016fv Ml\u00fdn\" class=\"wp-image-654 size-medium\" style=\"object-position:50% 50%\" srcset=\"https:\/\/harmonyhotel.cz\/wp-content\/uploads\/2024\/06\/Masaze-Spindleruv-Mlyn-Harmony-Hotel-Spindleruv-Mlyn-1-800x532.jpg 800w, https:\/\/harmonyhotel.cz\/wp-content\/uploads\/2024\/06\/Masaze-Spindleruv-Mlyn-Harmony-Hotel-Spindleruv-Mlyn-1-1600x1065.jpg 1600w\" sizes=\"auto, (max-width: 800px) 100vw, 800px\" \/><\/a><\/figure><div class=\"wp-block-media-text__content\">\n<h2 class=\"wp-block-heading\">Mas\u00e1\u017ee a relaxace<\/h2>\n\n\n\n<p>Neodmyslitelnou sou\u010d\u00e1st\u00ed zdrav\u00e9ho zp\u016fsobu \u017eivota je vedle zdrav\u00e9ho stravov\u00e1n\u00ed p\u0159edev\u0161\u00edm sport a relaxace, wellness. Sou\u010d\u00e1st\u00ed wellness a relaxa\u010dn\u00edch terapi\u00ed jsou mas\u00e1\u017ee, jejich\u017e \u0161irokou nab\u00eddku jsme pro V\u00e1s p\u0159ipravili. Vychutnat si m\u016f\u017eete speci\u00e1ln\u00ed relaxa\u010dn\u00ed mas\u00e1\u017ee \u010di klasick\u00e9 sportovn\u00ed mas\u00e1\u017ee . To v\u0161e v kr\u00e1sn\u00e9m prost\u0159ed\u00ed nov\u011b vznikl\u00e9ho saunov\u00e9ho sv\u011bta a jeho relaxa\u010dn\u00ed \u010d\u00e1sti.<\/p>\n\n\n\n<div class=\"wp-block-buttons is-layout-flex wp-block-buttons-is-layout-flex\">\n<div class=\"wp-block-button\"><a class=\"wp-block-button__link wp-element-button\" href=\"https:\/\/harmonyhotel.cz\/wellness\/masaze-a-relaxace\/\">Mas\u00e1\u017ee a relaxace<\/a><\/div>\n<\/div>\n<\/div><\/div>\n\n\n\n<div class=\"wp-block-media-text has-media-on-the-right is-stacked-on-mobile is-image-fill-element\"><div class=\"wp-block-media-text__content\">\n<h2 class=\"wp-block-heading\">Kontakty a otev\u00edrac\u00ed doba<\/h2>\n\n\n\n<p>+420 499 469 113<br>+420 499 469 111<br>wellness@harmonyhotel.cz<\/p>\n\n\n\n<p class=\"has-text-align-left\">Otev\u00edrac\u00ed doba: <br><strong>Pond\u011bl\u00ed \u2013 Ned\u011ble<\/strong><br> <strong>07:00 &#8211; 11:30 | 14:00 &#8211; 22:00<\/strong><\/p>\n<\/div><figure class=\"wp-block-media-text__media\"><a href=\"https:\/\/harmonyhotel.cz\/wp-content\/uploads\/2025\/07\/2024_06_25_9634_EOS_R5_LRN-1-scaled.jpg\"><img loading=\"lazy\" decoding=\"async\" width=\"1600\" height=\"1071\" src=\"https:\/\/harmonyhotel.cz\/wp-content\/uploads\/2025\/07\/2024_06_25_9634_EOS_R5_LRN-1-1600x1071.jpg\" alt=\"\" class=\"wp-image-1890 size-medium\" style=\"object-position:50% 50%\" srcset=\"https:\/\/harmonyhotel.cz\/wp-content\/uploads\/2025\/07\/2024_06_25_9634_EOS_R5_LRN-1-1600x1071.jpg 1600w, https:\/\/harmonyhotel.cz\/wp-content\/uploads\/2025\/07\/2024_06_25_9634_EOS_R5_LRN-1-800x535.jpg 800w, https:\/\/harmonyhotel.cz\/wp-content\/uploads\/2025\/07\/2024_06_25_9634_EOS_R5_LRN-1-18x12.jpg 18w\" sizes=\"auto, (max-width: 1600px) 100vw, 1600px\" \/><\/a><\/figure><\/div>\n\n\n\n<div class=\"wp-block-media-text is-stacked-on-mobile is-image-fill-element\"><figure class=\"wp-block-media-text__media\"><a href=\"https:\/\/harmonyhotel.cz\/wp-content\/uploads\/2025\/07\/2024_06_25_9699_EOS_R5_LRN-scaled.jpg\"><img loading=\"lazy\" decoding=\"async\" width=\"1600\" height=\"1042\" src=\"https:\/\/harmonyhotel.cz\/wp-content\/uploads\/2025\/07\/2024_06_25_9699_EOS_R5_LRN-1600x1042.jpg\" alt=\"\" class=\"wp-image-1891 size-medium\" style=\"object-position:50% 50%\" srcset=\"https:\/\/harmonyhotel.cz\/wp-content\/uploads\/2025\/07\/2024_06_25_9699_EOS_R5_LRN-1600x1042.jpg 1600w, https:\/\/harmonyhotel.cz\/wp-content\/uploads\/2025\/07\/2024_06_25_9699_EOS_R5_LRN-800x521.jpg 800w, https:\/\/harmonyhotel.cz\/wp-content\/uploads\/2025\/07\/2024_06_25_9699_EOS_R5_LRN-18x12.jpg 18w\" sizes=\"auto, (max-width: 1600px) 100vw, 1600px\" \/><\/a><\/figure><div class=\"wp-block-media-text__content\">\n<h2 class=\"wp-block-heading\">Cen\u00edk<\/h2>\n\n\n\n<h3 class=\"wp-block-heading\">Aqua zone (baz\u00e9n a d\u011btsk\u00e9 brouzdali\u0161t\u011b)<\/h3>\n\n\n\n<p><strong><strong>07:00 &#8211; 11:30 | 14:00 &#8211; 22:00<\/strong><\/strong><\/p>\n\n\n\n<ul class=\"wp-block-list\">\n<li><strong>do 5,99 let zdarma<\/strong><\/li>\n\n\n\n<li><strong>od 6 do 11,99 let 100 K\u010d\/osoba &#8211; 120 minut<\/strong><\/li>\n\n\n\n<li><strong>od 12 let 200 K\u010d\/osoba &#8211; 120 minut<\/strong><\/li>\n<\/ul>\n\n\n\n<p><strong>Vstup pro ve\u0159ejnost: 350 K\u010d\/osoba (v\u010detn\u011b d\u011bt\u00ed od 6 let) &#8211; 120 minut<\/strong><\/p>\n\n\n\n<p>D\u011bti do 5,99 let zdarma<\/p>\n\n\n\n<h3 class=\"wp-block-heading\">Aqua zone + Saunov\u00fd sv\u011bt<\/h3>\n\n\n\n<p><strong>16:00 \u2013 22:00<\/strong><br><strong>450 K\u010d\/osoba \u2013 120 minut<\/strong><\/p>\n\n\n\n<p><strong>Vstup pro ve\u0159ejnost: 550 K\u010d\/osoba &#8211; 120 minut<\/strong><\/p>\n\n\n\n<ul class=\"wp-block-list\">\n<li>D\u011bti do 5,99 let zdarma<\/li>\n\n\n\n<li>V \u010dase <strong>19.00 \u2013 22.00<\/strong> d\u011btem vstup do prostoru saunov\u00e9ho sv\u011bta nen\u00ed povolen<\/li>\n<\/ul>\n<\/div><\/div>\n\n\n\n<hr class=\"wp-block-separator has-alpha-channel-opacity\"\/>\n\n\n\n<figure class=\"wp-block-gallery has-nested-images columns-4 is-cropped wp-block-gallery-1 is-layout-flex wp-block-gallery-is-layout-flex\">\n<figure class=\"wp-block-image size-medium\"><a href=\"https:\/\/harmonyhotel.cz\/wp-content\/uploads\/2024\/06\/Wellness-Spindleruv-Mlyn-Harmony-Hotel-Spindleruv-Mlyn-Bazen-2-scaled.jpg\"><img loading=\"lazy\" decoding=\"async\" width=\"800\" height=\"536\" data-id=\"677\" src=\"https:\/\/harmonyhotel.cz\/wp-content\/uploads\/2024\/06\/Wellness-Spindleruv-Mlyn-Harmony-Hotel-Spindleruv-Mlyn-Bazen-2-800x536.jpg\" alt=\"Wellness \u0160pindler\u016fv Ml\u00fdn - Harmony Hotel \u0160pindler\u016fv Ml\u00fdn - Bazen\" class=\"wp-image-677\" srcset=\"https:\/\/harmonyhotel.cz\/wp-content\/uploads\/2024\/06\/Wellness-Spindleruv-Mlyn-Harmony-Hotel-Spindleruv-Mlyn-Bazen-2-800x536.jpg 800w, https:\/\/harmonyhotel.cz\/wp-content\/uploads\/2024\/06\/Wellness-Spindleruv-Mlyn-Harmony-Hotel-Spindleruv-Mlyn-Bazen-2-1600x1071.jpg 1600w\" sizes=\"auto, (max-width: 800px) 100vw, 800px\" \/><\/a><\/figure>\n\n\n\n<figure class=\"wp-block-image size-medium\"><a href=\"https:\/\/harmonyhotel.cz\/wp-content\/uploads\/2024\/06\/Wellness-Spindleruv-Mlyn-Harmony-Hotel-Spindleruv-Mlyn-Wellness-4-scaled.jpg\"><img loading=\"lazy\" decoding=\"async\" width=\"800\" height=\"532\" data-id=\"678\" src=\"https:\/\/harmonyhotel.cz\/wp-content\/uploads\/2024\/06\/Wellness-Spindleruv-Mlyn-Harmony-Hotel-Spindleruv-Mlyn-Wellness-4-800x532.jpg\" alt=\"Wellness \u0160pindler\u016fv Ml\u00fdn - Harmony Hotel \u0160pindler\u016fv Ml\u00fdn - Wellness\" class=\"wp-image-678\" srcset=\"https:\/\/harmonyhotel.cz\/wp-content\/uploads\/2024\/06\/Wellness-Spindleruv-Mlyn-Harmony-Hotel-Spindleruv-Mlyn-Wellness-4-800x532.jpg 800w, https:\/\/harmonyhotel.cz\/wp-content\/uploads\/2024\/06\/Wellness-Spindleruv-Mlyn-Harmony-Hotel-Spindleruv-Mlyn-Wellness-4-1600x1065.jpg 1600w\" sizes=\"auto, (max-width: 800px) 100vw, 800px\" \/><\/a><\/figure>\n\n\n\n<figure class=\"wp-block-image size-medium\"><a href=\"https:\/\/harmonyhotel.cz\/wp-content\/uploads\/2024\/06\/Wellness-Spindleruv-Mlyn-Harmony-Hotel-Spindleruv-Mlyn-Babies-Aqua-Zone-3-scaled.jpg\"><img loading=\"lazy\" decoding=\"async\" width=\"532\" height=\"800\" data-id=\"693\" src=\"https:\/\/harmonyhotel.cz\/wp-content\/uploads\/2024\/06\/Wellness-Spindleruv-Mlyn-Harmony-Hotel-Spindleruv-Mlyn-Babies-Aqua-Zone-3-532x800.jpg\" alt=\"Wellness \u0160pindler\u016fv Ml\u00fdn - Harmony Hotel \u0160pindler\u016fv Ml\u00fdn - Babies Aqua Zone\" class=\"wp-image-693\" srcset=\"https:\/\/harmonyhotel.cz\/wp-content\/uploads\/2024\/06\/Wellness-Spindleruv-Mlyn-Harmony-Hotel-Spindleruv-Mlyn-Babies-Aqua-Zone-3-532x800.jpg 532w, https:\/\/harmonyhotel.cz\/wp-content\/uploads\/2024\/06\/Wellness-Spindleruv-Mlyn-Harmony-Hotel-Spindleruv-Mlyn-Babies-Aqua-Zone-3-1065x1600.jpg 1065w, https:\/\/harmonyhotel.cz\/wp-content\/uploads\/2024\/06\/Wellness-Spindleruv-Mlyn-Harmony-Hotel-Spindleruv-Mlyn-Babies-Aqua-Zone-3-scaled.jpg 1703w\" sizes=\"auto, (max-width: 532px) 100vw, 532px\" \/><\/a><\/figure>\n\n\n\n<figure class=\"wp-block-image size-medium\"><a href=\"https:\/\/harmonyhotel.cz\/wp-content\/uploads\/2024\/06\/Wellness-Spindleruv-Mlyn-Harmony-Hotel-Spindleruv-Mlyn-Babies-Aqua-Zone-2-scaled.jpg\"><img loading=\"lazy\" decoding=\"async\" width=\"800\" height=\"532\" data-id=\"694\" src=\"https:\/\/harmonyhotel.cz\/wp-content\/uploads\/2024\/06\/Wellness-Spindleruv-Mlyn-Harmony-Hotel-Spindleruv-Mlyn-Babies-Aqua-Zone-2-800x532.jpg\" alt=\"Wellness \u0160pindler\u016fv Ml\u00fdn - Harmony Hotel \u0160pindler\u016fv Ml\u00fdn - Babies Aqua Zone\" class=\"wp-image-694\" srcset=\"https:\/\/harmonyhotel.cz\/wp-content\/uploads\/2024\/06\/Wellness-Spindleruv-Mlyn-Harmony-Hotel-Spindleruv-Mlyn-Babies-Aqua-Zone-2-800x532.jpg 800w, https:\/\/harmonyhotel.cz\/wp-content\/uploads\/2024\/06\/Wellness-Spindleruv-Mlyn-Harmony-Hotel-Spindleruv-Mlyn-Babies-Aqua-Zone-2-1600x1065.jpg 1600w\" sizes=\"auto, (max-width: 800px) 100vw, 800px\" \/><\/a><\/figure>\n\n\n\n<figure class=\"wp-block-image size-medium\"><a href=\"https:\/\/harmonyhotel.cz\/wp-content\/uploads\/2025\/07\/2024_06_25_9647_EOS_R5_LRN-scaled.jpg\"><img loading=\"lazy\" decoding=\"async\" width=\"800\" height=\"529\" data-id=\"1893\" src=\"https:\/\/harmonyhotel.cz\/wp-content\/uploads\/2025\/07\/2024_06_25_9647_EOS_R5_LRN-800x529.jpg\" alt=\"\" class=\"wp-image-1893\" srcset=\"https:\/\/harmonyhotel.cz\/wp-content\/uploads\/2025\/07\/2024_06_25_9647_EOS_R5_LRN-800x529.jpg 800w, https:\/\/harmonyhotel.cz\/wp-content\/uploads\/2025\/07\/2024_06_25_9647_EOS_R5_LRN-1600x1058.jpg 1600w, https:\/\/harmonyhotel.cz\/wp-content\/uploads\/2025\/07\/2024_06_25_9647_EOS_R5_LRN-18x12.jpg 18w\" sizes=\"auto, (max-width: 800px) 100vw, 800px\" \/><\/a><\/figure>\n\n\n\n<figure class=\"wp-block-image size-medium\"><a href=\"https:\/\/harmonyhotel.cz\/wp-content\/uploads\/2024\/06\/Wellness-Spindleruv-Mlyn-Harmony-Hotel-Spindleruv-Mlyn-Sauna-6-scaled.jpg\"><img loading=\"lazy\" decoding=\"async\" width=\"800\" height=\"533\" data-id=\"683\" src=\"https:\/\/harmonyhotel.cz\/wp-content\/uploads\/2024\/06\/Wellness-Spindleruv-Mlyn-Harmony-Hotel-Spindleruv-Mlyn-Sauna-6-800x533.jpg\" alt=\"Wellness \u0160pindler\u016fv Ml\u00fdn - Harmony Hotel \u0160pindler\u016fv Ml\u00fdn - Sauna\" class=\"wp-image-683\" srcset=\"https:\/\/harmonyhotel.cz\/wp-content\/uploads\/2024\/06\/Wellness-Spindleruv-Mlyn-Harmony-Hotel-Spindleruv-Mlyn-Sauna-6-800x533.jpg 800w, https:\/\/harmonyhotel.cz\/wp-content\/uploads\/2024\/06\/Wellness-Spindleruv-Mlyn-Harmony-Hotel-Spindleruv-Mlyn-Sauna-6-1600x1066.jpg 1600w\" sizes=\"auto, (max-width: 800px) 100vw, 800px\" \/><\/a><\/figure>\n\n\n\n<figure class=\"wp-block-image size-medium\"><a href=\"https:\/\/harmonyhotel.cz\/wp-content\/uploads\/2025\/07\/2024_06_25_9654_EOS_R5_LRN-scaled.jpg\"><img loading=\"lazy\" decoding=\"async\" width=\"800\" height=\"527\" data-id=\"1892\" src=\"https:\/\/harmonyhotel.cz\/wp-content\/uploads\/2025\/07\/2024_06_25_9654_EOS_R5_LRN-800x527.jpg\" alt=\"\" class=\"wp-image-1892\" srcset=\"https:\/\/harmonyhotel.cz\/wp-content\/uploads\/2025\/07\/2024_06_25_9654_EOS_R5_LRN-800x527.jpg 800w, https:\/\/harmonyhotel.cz\/wp-content\/uploads\/2025\/07\/2024_06_25_9654_EOS_R5_LRN-1600x1055.jpg 1600w, https:\/\/harmonyhotel.cz\/wp-content\/uploads\/2025\/07\/2024_06_25_9654_EOS_R5_LRN-18x12.jpg 18w\" sizes=\"auto, (max-width: 800px) 100vw, 800px\" \/><\/a><\/figure>\n\n\n\n<figure class=\"wp-block-image size-medium\"><a href=\"https:\/\/harmonyhotel.cz\/wp-content\/uploads\/2024\/06\/Masaze-Spindleruv-Mlyn-Harmony-Hotel-Spindleruv-Mlyn-Masaz-lavovymi-kameny-scaled.jpg\"><img loading=\"lazy\" decoding=\"async\" width=\"800\" height=\"532\" data-id=\"700\" src=\"https:\/\/harmonyhotel.cz\/wp-content\/uploads\/2024\/06\/Masaze-Spindleruv-Mlyn-Harmony-Hotel-Spindleruv-Mlyn-Masaz-lavovymi-kameny-800x532.jpg\" alt=\"Mas\u00e1\u017ee \u0160pindler\u016fv Ml\u00fdn - Harmony Hotel \u0160pindler\u016fv Ml\u00fdn - Mas\u00e1\u017e l\u00e1vov\u00fdmi kameny\" class=\"wp-image-700\" srcset=\"https:\/\/harmonyhotel.cz\/wp-content\/uploads\/2024\/06\/Masaze-Spindleruv-Mlyn-Harmony-Hotel-Spindleruv-Mlyn-Masaz-lavovymi-kameny-800x532.jpg 800w, https:\/\/harmonyhotel.cz\/wp-content\/uploads\/2024\/06\/Masaze-Spindleruv-Mlyn-Harmony-Hotel-Spindleruv-Mlyn-Masaz-lavovymi-kameny-1600x1065.jpg 1600w\" sizes=\"auto, (max-width: 800px) 100vw, 800px\" \/><\/a><\/figure>\n<\/figure>\n","protected":false},"excerpt":{"rendered":"<p>Pono\u0159te se do sv\u011bta odpo\u010dinku a zregenerujte t\u011blo i ducha v na\u0161em modern\u00edm wellness a nechte se h\u00fd\u010dkat na\u0161imi profesion\u00e1ln\u00edmi terapeuty. U\u017eijte si nekone\u010dn\u00fd klid a panoramatick\u00e9 v\u00fdhledy na majest\u00e1tn\u00ed vrcholy, kter\u00e9 pohlad\u00ed va\u0161e smysly. Vyberte si ze \u0161irok\u00e9 \u0161k\u00e1ly wellness aktivit: Kontakty a otev\u00edrac\u00ed doba +420 499 469 113+420 499 469 111wellness@harmonyhotel.cz Otev\u00edrac\u00ed doba: [&hellip;]<\/p>\n","protected":false},"author":1,"featured_media":310,"parent":0,"menu_order":6,"comment_status":"closed","ping_status":"closed","template":"","meta":{"footnotes":""},"class_list":["post-15","page","type-page","status-publish","has-post-thumbnail","hentry"],"_links":{"self":[{"href":"https:\/\/harmonyhotel.cz\/cz\/wp-json\/wp\/v2\/pages\/15","targetHints":{"allow":["GET"]}}],"collection":[{"href":"https:\/\/harmonyhotel.cz\/cz\/wp-json\/wp\/v2\/pages"}],"about":[{"href":"https:\/\/harmonyhotel.cz\/cz\/wp-json\/wp\/v2\/types\/page"}],"author":[{"embeddable":true,"href":"https:\/\/harmonyhotel.cz\/cz\/wp-json\/wp\/v2\/users\/1"}],"replies":[{"embeddable":true,"href":"https:\/\/harmonyhotel.cz\/cz\/wp-json\/wp\/v2\/comments?post=15"}],"version-history":[{"count":20,"href":"https:\/\/harmonyhotel.cz\/cz\/wp-json\/wp\/v2\/pages\/15\/revisions"}],"predecessor-version":[{"id":2449,"href":"https:\/\/harmonyhotel.cz\/cz\/wp-json\/wp\/v2\/pages\/15\/revisions\/2449"}],"wp:featuredmedia":[{"embeddable":true,"href":"https:\/\/harmonyhotel.cz\/cz\/wp-json\/wp\/v2\/media\/310"}],"wp:attachment":[{"href":"https:\/\/harmonyhotel.cz\/cz\/wp-json\/wp\/v2\/media?parent=15"}],"curies":[{"name":"wp","href":"https:\/\/api.w.org\/{rel}","templated":true}]}}