{"id":144,"date":"2024-06-07T00:06:50","date_gmt":"2024-06-06T22:06:50","guid":{"rendered":"https:\/\/harmonyhotel.cz\/?page_id=144"},"modified":"2025-11-12T10:36:04","modified_gmt":"2025-11-12T09:36:04","slug":"kralovske-apartma","status":"publish","type":"page","link":"https:\/\/harmonyhotel.cz\/cz\/pokoje\/kralovske-apartma\/","title":{"rendered":"Kr\u00e1lovsk\u00e9 apartm\u00e1"},"content":{"rendered":"\n<p>Poznejte, co znamen\u00e1 opravdov\u00fd odpo\u010dinek a luxus v na\u0161em kr\u00e1lovsk\u00e9m apartm\u00e1, kde ka\u017ed\u00fd detail je pe\u010dliv\u011b promy\u0161len pro va\u0161e maxim\u00e1ln\u00ed pohodl\u00ed a spokojenost.<\/p>\n\n\n\n<p>Kr\u00e1lovsk\u00e9 apartm\u00e1 s majest\u00e1tn\u00edm v\u00fdhledem na Sv. Petr a \u017deleznou horu, vrchol jedine\u010dnosti a komfortu, kter\u00e9 se rozkl\u00e1d\u00e1 na prostorn\u00fdch 105 m2. Toto apartm\u00e1, symbol v\u00fdjime\u010dnosti a elegance, nab\u00edz\u00ed nejen \u00fachvatn\u00e9 panoramatick\u00e9 v\u00fdhledy, ale je vybaveno i prvot\u0159\u00eddn\u00edm n\u00e1bytkem a technologiemi. U\u017eijte si neopakovatelnou atmosf\u00e9ru v ob\u00fdvac\u00edm pokoji s pohodlnou pohovkou, ide\u00e1ln\u00edm m\u00edstem pro relaxaci nebo p\u0159ij\u00edm\u00e1n\u00ed n\u00e1v\u0161t\u011bv. Pracovn\u00ed a j\u00eddeln\u00ed st\u016fl dod\u00e1vaj\u00ed prostoru prakti\u010dnost a \u0161mrnc.<\/p>\n\n\n\n<p>Prostorn\u00e9, luxusn\u00ed apartm\u00e1 je vhodn\u00e9 a\u017e pro 5 host\u016f. Lo\u017enice je vybavena postel\u00ed \u201eHastens\u201c 210 x 210. Ob\u00fdvac\u00ed pokoj je vybaven dv\u011bma pohovkami, smart TV, sound syst\u00e9mem a pracovn\u00edm stolem. V apartm\u00e1nu je jedna koupelna s vanou, sprchov\u00fdm koutem, saunou a dv\u011b toalety. K dispozici je tak\u00e9 k\u00e1vovar s bezplatnou k\u00e1vou a vodou. Internetov\u00e9 p\u0159ipojen\u00ed je k dispozici zdarma.<\/p>\n\n\n\n<ul class=\"wp-block-list vybaveni\">\n<li>105 m2<\/li>\n\n\n\n<li>Soukrom\u00e1 sauna s&nbsp;odpo\u010d\u00edv\u00e1rnou v&nbsp;apartm\u00e1<\/li>\n\n\n\n<li>Neomezen\u00fd vstup do hotelov\u00e9ho wellness<\/li>\n\n\n\n<li>V\u00fdhled na hory<\/li>\n\n\n\n<li>Jednac\u00ed st\u016fl a Coffee station<\/li>\n\n\n\n<li>Postel 210 x 210 cm<\/li>\n\n\n\n<li>Minibar<\/li>\n\n\n\n<li>Safe<\/li>\n\n\n\n<li>TV SAT<\/li>\n\n\n\n<li>Telefon<\/li>\n\n\n\n<li>Wifi<\/li>\n\n\n\n<li>Sn\u00eddan\u011b<\/li>\n\n\n\n<li>Uv\u00edtac\u00ed voda<\/li>\n\n\n\n<li>Mo\u017enost a\u017e dvou p\u0159ist\u00fdlek oproti poplatku<\/li>\n\n\n\n<li>V tomto pokoji nen\u00ed povolen pobyt dom\u00e1c\u00edch mazl\u00ed\u010dk\u016f.<\/li>\n<\/ul>\n\n\n\n<div class=\"wp-block-buttons is-layout-flex wp-block-buttons-is-layout-flex\">\n<div class=\"wp-block-button btnalt rezervovat\"><a class=\"wp-block-button__link wp-element-button\" href=\"https:\/\/hotelharmony.book-onlinenow.net\/index.aspx?cur=CZK&amp;lan_id=cs-CZ\" target=\"_blank\" rel=\"noreferrer noopener\">Rezervovat<\/a><\/div>\n<\/div>\n\n\n\n<div style=\"height:50px\" aria-hidden=\"true\" class=\"wp-block-spacer\"><\/div>\n\n\n\n<figure class=\"wp-block-gallery has-nested-images columns-default is-cropped wp-block-gallery-1 is-layout-flex wp-block-gallery-is-layout-flex\">\n<figure class=\"wp-block-image size-medium\"><a href=\"https:\/\/harmonyhotel.cz\/wp-content\/uploads\/2025\/07\/2024_06_24_9115_EOS_R5_LRN-1-scaled.jpg\"><img loading=\"lazy\" decoding=\"async\" width=\"800\" height=\"532\" data-id=\"1941\" src=\"https:\/\/harmonyhotel.cz\/wp-content\/uploads\/2025\/07\/2024_06_24_9115_EOS_R5_LRN-1-800x532.jpg\" alt=\"\" class=\"wp-image-1941\" srcset=\"https:\/\/harmonyhotel.cz\/wp-content\/uploads\/2025\/07\/2024_06_24_9115_EOS_R5_LRN-1-800x532.jpg 800w, https:\/\/harmonyhotel.cz\/wp-content\/uploads\/2025\/07\/2024_06_24_9115_EOS_R5_LRN-1-1600x1065.jpg 1600w, https:\/\/harmonyhotel.cz\/wp-content\/uploads\/2025\/07\/2024_06_24_9115_EOS_R5_LRN-1-18x12.jpg 18w\" sizes=\"auto, (max-width: 800px) 100vw, 800px\" \/><\/a><\/figure>\n\n\n\n<figure class=\"wp-block-image size-medium\"><a href=\"https:\/\/harmonyhotel.cz\/wp-content\/uploads\/2024\/06\/Harmony-Hotel-Spindleruv-Mlyn-Kralovske-apartma-02-scaled.jpg\"><img loading=\"lazy\" decoding=\"async\" width=\"800\" height=\"532\" data-id=\"193\" src=\"https:\/\/harmonyhotel.cz\/wp-content\/uploads\/2024\/06\/Harmony-Hotel-Spindleruv-Mlyn-Kralovske-apartma-02-800x532.jpg\" alt=\"Harmony Hotel \u0160pindler\u016fv Ml\u00fdn - Kr\u00e1lovsk\u00e9 apartm\u00e1\" class=\"wp-image-193\" srcset=\"https:\/\/harmonyhotel.cz\/wp-content\/uploads\/2024\/06\/Harmony-Hotel-Spindleruv-Mlyn-Kralovske-apartma-02-800x532.jpg 800w, https:\/\/harmonyhotel.cz\/wp-content\/uploads\/2024\/06\/Harmony-Hotel-Spindleruv-Mlyn-Kralovske-apartma-02-1600x1065.jpg 1600w\" sizes=\"auto, (max-width: 800px) 100vw, 800px\" \/><\/a><\/figure>\n\n\n\n<figure class=\"wp-block-image size-medium\"><a href=\"https:\/\/harmonyhotel.cz\/wp-content\/uploads\/2024\/06\/Harmony-Hotel-Spindleruv-Mlyn-Kralovske-apartma-01-1-scaled.jpg\"><img loading=\"lazy\" decoding=\"async\" width=\"800\" height=\"532\" data-id=\"192\" src=\"https:\/\/harmonyhotel.cz\/wp-content\/uploads\/2024\/06\/Harmony-Hotel-Spindleruv-Mlyn-Kralovske-apartma-01-1-800x532.jpg\" alt=\"Harmony Hotel \u0160pindler\u016fv Ml\u00fdn - Kr\u00e1lovsk\u00e9 apartm\u00e1\" class=\"wp-image-192\" srcset=\"https:\/\/harmonyhotel.cz\/wp-content\/uploads\/2024\/06\/Harmony-Hotel-Spindleruv-Mlyn-Kralovske-apartma-01-1-800x532.jpg 800w, https:\/\/harmonyhotel.cz\/wp-content\/uploads\/2024\/06\/Harmony-Hotel-Spindleruv-Mlyn-Kralovske-apartma-01-1-1600x1065.jpg 1600w\" sizes=\"auto, (max-width: 800px) 100vw, 800px\" \/><\/a><\/figure>\n\n\n\n<figure class=\"wp-block-image size-medium\"><a href=\"https:\/\/harmonyhotel.cz\/wp-content\/uploads\/2025\/07\/2024_12_19_8396_EOS_R5_MK_II_LRNL_crop-scaled.jpg\"><img loading=\"lazy\" decoding=\"async\" width=\"800\" height=\"543\" data-id=\"1979\" src=\"https:\/\/harmonyhotel.cz\/wp-content\/uploads\/2025\/07\/2024_12_19_8396_EOS_R5_MK_II_LRNL_crop-800x543.jpg\" alt=\"\" class=\"wp-image-1979\" srcset=\"https:\/\/harmonyhotel.cz\/wp-content\/uploads\/2025\/07\/2024_12_19_8396_EOS_R5_MK_II_LRNL_crop-800x543.jpg 800w, https:\/\/harmonyhotel.cz\/wp-content\/uploads\/2025\/07\/2024_12_19_8396_EOS_R5_MK_II_LRNL_crop-1600x1085.jpg 1600w, https:\/\/harmonyhotel.cz\/wp-content\/uploads\/2025\/07\/2024_12_19_8396_EOS_R5_MK_II_LRNL_crop-18x12.jpg 18w\" sizes=\"auto, (max-width: 800px) 100vw, 800px\" \/><\/a><\/figure>\n\n\n\n<figure class=\"wp-block-image size-medium\"><a href=\"https:\/\/harmonyhotel.cz\/wp-content\/uploads\/2025\/07\/2024_06_24_9142_EOS_R5_LRN-1-scaled.jpg\"><img loading=\"lazy\" decoding=\"async\" width=\"800\" height=\"522\" data-id=\"1948\" src=\"https:\/\/harmonyhotel.cz\/wp-content\/uploads\/2025\/07\/2024_06_24_9142_EOS_R5_LRN-1-800x522.jpg\" alt=\"\" class=\"wp-image-1948\" srcset=\"https:\/\/harmonyhotel.cz\/wp-content\/uploads\/2025\/07\/2024_06_24_9142_EOS_R5_LRN-1-800x522.jpg 800w, https:\/\/harmonyhotel.cz\/wp-content\/uploads\/2025\/07\/2024_06_24_9142_EOS_R5_LRN-1-1600x1044.jpg 1600w, https:\/\/harmonyhotel.cz\/wp-content\/uploads\/2025\/07\/2024_06_24_9142_EOS_R5_LRN-1-18x12.jpg 18w\" sizes=\"auto, (max-width: 800px) 100vw, 800px\" \/><\/a><\/figure>\n\n\n\n<figure class=\"wp-block-image size-medium\"><a href=\"https:\/\/harmonyhotel.cz\/wp-content\/uploads\/2024\/06\/Harmony-Hotel-Spindleruv-Mlyn-Kralovske-apartma-03-scaled.jpg\"><img loading=\"lazy\" decoding=\"async\" width=\"800\" height=\"532\" data-id=\"194\" src=\"https:\/\/harmonyhotel.cz\/wp-content\/uploads\/2024\/06\/Harmony-Hotel-Spindleruv-Mlyn-Kralovske-apartma-03-800x532.jpg\" alt=\"Harmony Hotel \u0160pindler\u016fv Ml\u00fdn - Kr\u00e1lovsk\u00e9 apartm\u00e1\" class=\"wp-image-194\" srcset=\"https:\/\/harmonyhotel.cz\/wp-content\/uploads\/2024\/06\/Harmony-Hotel-Spindleruv-Mlyn-Kralovske-apartma-03-800x532.jpg 800w, https:\/\/harmonyhotel.cz\/wp-content\/uploads\/2024\/06\/Harmony-Hotel-Spindleruv-Mlyn-Kralovske-apartma-03-1600x1065.jpg 1600w\" sizes=\"auto, (max-width: 800px) 100vw, 800px\" \/><\/a><\/figure>\n\n\n\n<figure class=\"wp-block-image size-medium\"><a href=\"https:\/\/harmonyhotel.cz\/wp-content\/uploads\/2024\/06\/Harmony-Hotel-Spindleruv-Mlyn-Kralovske-apartma-08-scaled.jpg\"><img loading=\"lazy\" decoding=\"async\" width=\"800\" height=\"532\" data-id=\"199\" src=\"https:\/\/harmonyhotel.cz\/wp-content\/uploads\/2024\/06\/Harmony-Hotel-Spindleruv-Mlyn-Kralovske-apartma-08-800x532.jpg\" alt=\"Harmony Hotel \u0160pindler\u016fv Ml\u00fdn - Kr\u00e1lovsk\u00e9 apartm\u00e1\" class=\"wp-image-199\" srcset=\"https:\/\/harmonyhotel.cz\/wp-content\/uploads\/2024\/06\/Harmony-Hotel-Spindleruv-Mlyn-Kralovske-apartma-08-800x532.jpg 800w, https:\/\/harmonyhotel.cz\/wp-content\/uploads\/2024\/06\/Harmony-Hotel-Spindleruv-Mlyn-Kralovske-apartma-08-1600x1065.jpg 1600w\" sizes=\"auto, (max-width: 800px) 100vw, 800px\" \/><\/a><\/figure>\n\n\n\n<figure class=\"wp-block-image size-medium\"><a href=\"https:\/\/harmonyhotel.cz\/wp-content\/uploads\/2025\/07\/2024_06_24_9194_EOS_R5_LRN_nigh_mode-2-scaled.jpg\"><img loading=\"lazy\" decoding=\"async\" width=\"800\" height=\"513\" data-id=\"1945\" src=\"https:\/\/harmonyhotel.cz\/wp-content\/uploads\/2025\/07\/2024_06_24_9194_EOS_R5_LRN_nigh_mode-2-800x513.jpg\" alt=\"\" class=\"wp-image-1945\" srcset=\"https:\/\/harmonyhotel.cz\/wp-content\/uploads\/2025\/07\/2024_06_24_9194_EOS_R5_LRN_nigh_mode-2-800x513.jpg 800w, https:\/\/harmonyhotel.cz\/wp-content\/uploads\/2025\/07\/2024_06_24_9194_EOS_R5_LRN_nigh_mode-2-1600x1026.jpg 1600w, https:\/\/harmonyhotel.cz\/wp-content\/uploads\/2025\/07\/2024_06_24_9194_EOS_R5_LRN_nigh_mode-2-18x12.jpg 18w\" sizes=\"auto, (max-width: 800px) 100vw, 800px\" \/><\/a><\/figure>\n\n\n\n<figure class=\"wp-block-image size-large\"><a href=\"https:\/\/harmonyhotel.cz\/wp-content\/uploads\/2025\/07\/2024_06_24_9206_EOS_R5_LRN-scaled.jpg\"><img loading=\"lazy\" decoding=\"async\" width=\"1600\" height=\"1052\" data-id=\"1944\" src=\"https:\/\/harmonyhotel.cz\/wp-content\/uploads\/2025\/07\/2024_06_24_9206_EOS_R5_LRN-1600x1052.jpg\" alt=\"\" class=\"wp-image-1944\" srcset=\"https:\/\/harmonyhotel.cz\/wp-content\/uploads\/2025\/07\/2024_06_24_9206_EOS_R5_LRN-1600x1052.jpg 1600w, https:\/\/harmonyhotel.cz\/wp-content\/uploads\/2025\/07\/2024_06_24_9206_EOS_R5_LRN-800x526.jpg 800w, https:\/\/harmonyhotel.cz\/wp-content\/uploads\/2025\/07\/2024_06_24_9206_EOS_R5_LRN-18x12.jpg 18w\" sizes=\"auto, (max-width: 1600px) 100vw, 1600px\" \/><\/a><\/figure>\n\n\n\n<figure class=\"wp-block-image size-medium\"><a href=\"https:\/\/harmonyhotel.cz\/wp-content\/uploads\/2024\/06\/Harmony-Hotel-Spindleruv-Mlyn-Kralovske-apartma-09-scaled.jpg\"><img loading=\"lazy\" decoding=\"async\" width=\"800\" height=\"532\" data-id=\"200\" src=\"https:\/\/harmonyhotel.cz\/wp-content\/uploads\/2024\/06\/Harmony-Hotel-Spindleruv-Mlyn-Kralovske-apartma-09-800x532.jpg\" alt=\"Harmony Hotel \u0160pindler\u016fv Ml\u00fdn - Kr\u00e1lovsk\u00e9 apartm\u00e1\" class=\"wp-image-200\" srcset=\"https:\/\/harmonyhotel.cz\/wp-content\/uploads\/2024\/06\/Harmony-Hotel-Spindleruv-Mlyn-Kralovske-apartma-09-800x532.jpg 800w, https:\/\/harmonyhotel.cz\/wp-content\/uploads\/2024\/06\/Harmony-Hotel-Spindleruv-Mlyn-Kralovske-apartma-09-1600x1065.jpg 1600w\" sizes=\"auto, (max-width: 800px) 100vw, 800px\" \/><\/a><\/figure>\n\n\n\n<figure class=\"wp-block-image size-medium\"><a href=\"https:\/\/harmonyhotel.cz\/wp-content\/uploads\/2024\/06\/Harmony-Hotel-Spindleruv-Mlyn-Kralovske-apartma-10-scaled.jpg\"><img loading=\"lazy\" decoding=\"async\" width=\"800\" height=\"532\" data-id=\"201\" src=\"https:\/\/harmonyhotel.cz\/wp-content\/uploads\/2024\/06\/Harmony-Hotel-Spindleruv-Mlyn-Kralovske-apartma-10-800x532.jpg\" alt=\"Harmony Hotel \u0160pindler\u016fv Ml\u00fdn - Kr\u00e1lovsk\u00e9 apartm\u00e1\" class=\"wp-image-201\" srcset=\"https:\/\/harmonyhotel.cz\/wp-content\/uploads\/2024\/06\/Harmony-Hotel-Spindleruv-Mlyn-Kralovske-apartma-10-800x532.jpg 800w, https:\/\/harmonyhotel.cz\/wp-content\/uploads\/2024\/06\/Harmony-Hotel-Spindleruv-Mlyn-Kralovske-apartma-10-1600x1065.jpg 1600w\" sizes=\"auto, (max-width: 800px) 100vw, 800px\" \/><\/a><\/figure>\n<\/figure>\n","protected":false},"excerpt":{"rendered":"<p>Poznejte, co znamen\u00e1 opravdov\u00fd odpo\u010dinek a luxus v na\u0161em kr\u00e1lovsk\u00e9m apartm\u00e1, kde ka\u017ed\u00fd detail je pe\u010dliv\u011b promy\u0161len pro va\u0161e maxim\u00e1ln\u00ed pohodl\u00ed a spokojenost. Kr\u00e1lovsk\u00e9 apartm\u00e1 s majest\u00e1tn\u00edm v\u00fdhledem na Sv. Petr a \u017deleznou horu, vrchol jedine\u010dnosti a komfortu, kter\u00e9 se rozkl\u00e1d\u00e1 na prostorn\u00fdch 105 m2. Toto apartm\u00e1, symbol v\u00fdjime\u010dnosti a elegance, nab\u00edz\u00ed nejen \u00fachvatn\u00e9 panoramatick\u00e9 [&hellip;]<\/p>\n","protected":false},"author":1,"featured_media":164,"parent":9,"menu_order":26,"comment_status":"closed","ping_status":"closed","template":"","meta":{"footnotes":""},"class_list":["post-144","page","type-page","status-publish","has-post-thumbnail","hentry"],"_links":{"self":[{"href":"https:\/\/harmonyhotel.cz\/cz\/wp-json\/wp\/v2\/pages\/144","targetHints":{"allow":["GET"]}}],"collection":[{"href":"https:\/\/harmonyhotel.cz\/cz\/wp-json\/wp\/v2\/pages"}],"about":[{"href":"https:\/\/harmonyhotel.cz\/cz\/wp-json\/wp\/v2\/types\/page"}],"author":[{"embeddable":true,"href":"https:\/\/harmonyhotel.cz\/cz\/wp-json\/wp\/v2\/users\/1"}],"replies":[{"embeddable":true,"href":"https:\/\/harmonyhotel.cz\/cz\/wp-json\/wp\/v2\/comments?post=144"}],"version-history":[{"count":8,"href":"https:\/\/harmonyhotel.cz\/cz\/wp-json\/wp\/v2\/pages\/144\/revisions"}],"predecessor-version":[{"id":2185,"href":"https:\/\/harmonyhotel.cz\/cz\/wp-json\/wp\/v2\/pages\/144\/revisions\/2185"}],"up":[{"embeddable":true,"href":"https:\/\/harmonyhotel.cz\/cz\/wp-json\/wp\/v2\/pages\/9"}],"wp:featuredmedia":[{"embeddable":true,"href":"https:\/\/harmonyhotel.cz\/cz\/wp-json\/wp\/v2\/media\/164"}],"wp:attachment":[{"href":"https:\/\/harmonyhotel.cz\/cz\/wp-json\/wp\/v2\/media?parent=144"}],"curies":[{"name":"wp","href":"https:\/\/api.w.org\/{rel}","templated":true}]}}