{"id":142,"date":"2024-06-07T00:06:29","date_gmt":"2024-06-06T22:06:29","guid":{"rendered":"https:\/\/harmonyhotel.cz\/?page_id=142"},"modified":"2025-08-06T13:41:12","modified_gmt":"2025-08-06T11:41:12","slug":"rodinny-apartman-typu-deluxe","status":"publish","type":"page","link":"https:\/\/harmonyhotel.cz\/cz\/pokoje\/rodinny-apartman-typu-deluxe\/","title":{"rendered":"Rodinn\u00fd apartm\u00e1n typu Deluxe"},"content":{"rendered":"\n<p>Apartm\u00e1n o velikosti 75-88 m2 je vhodn\u00fd a\u017e pro 6 host\u016f (maxim\u00e1ln\u011b 5 dosp\u011bl\u00fdch) a je vybaven man\u017eelskou postel\u00ed, t\u0159emi samostatn\u00fdmi l\u016f\u017eky a jednou pohodlnou rozkl\u00e1dac\u00ed pohovkou. Apartm\u00e1ny maj\u00ed koupelnu se sprchou nebo vanou a samostatn\u00e9 WC. Pokoj je d\u00e1le za\u0159\u00edzen psac\u00edm stolem a \u017eidl\u00ed. V apartm\u00e1nu je TV\/SAT, r\u00e1dio, telefon a trezor. V\u0161echny pokoje jsou vybaveny minibarem. Internetov\u00e9 p\u0159ipojen\u00ed je dostupn\u00e9 z ka\u017ed\u00e9ho pokoje zdarma.<\/p>\n\n\n\n<ul class=\"wp-block-list vybaveni\">\n<li>75 &#8211; 88 m2<\/li>\n\n\n\n<li>Minibar<\/li>\n\n\n\n<li>Trezor<\/li>\n\n\n\n<li>TV SAT 2x<\/li>\n\n\n\n<li>Telefon<\/li>\n\n\n\n<li>V\u00fdhled na hory<\/li>\n\n\n\n<li>Koupelna s vanou<\/li>\n\n\n\n<li>Wifi<\/li>\n\n\n\n<li>Sn\u00eddan\u011b<\/li>\n\n\n\n<li>Mo\u017enost p\u0159ist\u00fdlky<\/li>\n<\/ul>\n\n\n\n<div class=\"wp-block-buttons is-layout-flex wp-block-buttons-is-layout-flex\">\n<div class=\"wp-block-button btnalt rezervovat\"><a class=\"wp-block-button__link wp-element-button\" href=\"https:\/\/hotelharmony.book-onlinenow.net\/index.aspx?cur=CZK&amp;lan_id=cs-CZ\" target=\"_blank\" rel=\"noreferrer noopener\">Rezervovat<\/a><\/div>\n<\/div>\n\n\n\n<div style=\"height:50px\" aria-hidden=\"true\" class=\"wp-block-spacer\"><\/div>\n\n\n\n<figure class=\"wp-block-gallery has-nested-images columns-4 is-cropped wp-block-gallery-1 is-layout-flex wp-block-gallery-is-layout-flex\">\n<figure class=\"wp-block-image size-medium\"><a href=\"https:\/\/harmonyhotel.cz\/wp-content\/uploads\/2025\/07\/2024_06_24_9569_EOS_R5_LRN-scaled.jpg\"><img loading=\"lazy\" decoding=\"async\" width=\"800\" height=\"537\" data-id=\"1971\" src=\"https:\/\/harmonyhotel.cz\/wp-content\/uploads\/2025\/07\/2024_06_24_9569_EOS_R5_LRN-800x537.jpg\" alt=\"\" class=\"wp-image-1971\" srcset=\"https:\/\/harmonyhotel.cz\/wp-content\/uploads\/2025\/07\/2024_06_24_9569_EOS_R5_LRN-800x537.jpg 800w, https:\/\/harmonyhotel.cz\/wp-content\/uploads\/2025\/07\/2024_06_24_9569_EOS_R5_LRN-1600x1074.jpg 1600w, https:\/\/harmonyhotel.cz\/wp-content\/uploads\/2025\/07\/2024_06_24_9569_EOS_R5_LRN-18x12.jpg 18w\" sizes=\"auto, (max-width: 800px) 100vw, 800px\" \/><\/a><\/figure>\n\n\n\n<figure class=\"wp-block-image size-medium\"><a href=\"https:\/\/harmonyhotel.cz\/wp-content\/uploads\/2024\/06\/Harmony-Hotel-Spindleruv-Mlyn-Rodinny-apartman-typu-Deluxe-04.jpg\"><img loading=\"lazy\" decoding=\"async\" width=\"800\" height=\"557\" data-id=\"385\" src=\"https:\/\/harmonyhotel.cz\/wp-content\/uploads\/2024\/06\/Harmony-Hotel-Spindleruv-Mlyn-Rodinny-apartman-typu-Deluxe-04-800x557.jpg\" alt=\"Harmony Hotel \u0160pindler\u016fv Ml\u00fdn - Rodinn\u00fd apartm\u00e1n typu Deluxe\" class=\"wp-image-385\" srcset=\"https:\/\/harmonyhotel.cz\/wp-content\/uploads\/2024\/06\/Harmony-Hotel-Spindleruv-Mlyn-Rodinny-apartman-typu-Deluxe-04-800x557.jpg 800w, https:\/\/harmonyhotel.cz\/wp-content\/uploads\/2024\/06\/Harmony-Hotel-Spindleruv-Mlyn-Rodinny-apartman-typu-Deluxe-04-1600x1113.jpg 1600w, https:\/\/harmonyhotel.cz\/wp-content\/uploads\/2024\/06\/Harmony-Hotel-Spindleruv-Mlyn-Rodinny-apartman-typu-Deluxe-04.jpg 1920w\" sizes=\"auto, (max-width: 800px) 100vw, 800px\" \/><\/a><\/figure>\n\n\n\n<figure class=\"wp-block-image size-medium\"><a href=\"https:\/\/harmonyhotel.cz\/wp-content\/uploads\/2025\/07\/2024_06_24_9588_EOS_R5_LRN-scaled.jpg\"><img loading=\"lazy\" decoding=\"async\" width=\"800\" height=\"536\" data-id=\"1972\" src=\"https:\/\/harmonyhotel.cz\/wp-content\/uploads\/2025\/07\/2024_06_24_9588_EOS_R5_LRN-800x536.jpg\" alt=\"\" class=\"wp-image-1972\" srcset=\"https:\/\/harmonyhotel.cz\/wp-content\/uploads\/2025\/07\/2024_06_24_9588_EOS_R5_LRN-800x536.jpg 800w, https:\/\/harmonyhotel.cz\/wp-content\/uploads\/2025\/07\/2024_06_24_9588_EOS_R5_LRN-1600x1072.jpg 1600w, https:\/\/harmonyhotel.cz\/wp-content\/uploads\/2025\/07\/2024_06_24_9588_EOS_R5_LRN-18x12.jpg 18w\" sizes=\"auto, (max-width: 800px) 100vw, 800px\" \/><\/a><\/figure>\n\n\n\n<figure class=\"wp-block-image size-medium\"><a href=\"https:\/\/harmonyhotel.cz\/wp-content\/uploads\/2024\/06\/Harmony-Hotel-Spindleruv-Mlyn-Rodinny-apartman-typu-Deluxe-05.jpg\"><img loading=\"lazy\" decoding=\"async\" width=\"800\" height=\"541\" data-id=\"386\" src=\"https:\/\/harmonyhotel.cz\/wp-content\/uploads\/2024\/06\/Harmony-Hotel-Spindleruv-Mlyn-Rodinny-apartman-typu-Deluxe-05-800x541.jpg\" alt=\"Harmony Hotel \u0160pindler\u016fv Ml\u00fdn - Rodinn\u00fd apartm\u00e1n typu Deluxe\" class=\"wp-image-386\" srcset=\"https:\/\/harmonyhotel.cz\/wp-content\/uploads\/2024\/06\/Harmony-Hotel-Spindleruv-Mlyn-Rodinny-apartman-typu-Deluxe-05-800x541.jpg 800w, https:\/\/harmonyhotel.cz\/wp-content\/uploads\/2024\/06\/Harmony-Hotel-Spindleruv-Mlyn-Rodinny-apartman-typu-Deluxe-05-1600x1082.jpg 1600w, https:\/\/harmonyhotel.cz\/wp-content\/uploads\/2024\/06\/Harmony-Hotel-Spindleruv-Mlyn-Rodinny-apartman-typu-Deluxe-05.jpg 1920w\" sizes=\"auto, (max-width: 800px) 100vw, 800px\" \/><\/a><\/figure>\n\n\n\n<figure class=\"wp-block-image size-large\"><a href=\"https:\/\/harmonyhotel.cz\/wp-content\/uploads\/2025\/07\/IMGL7346-1.jpg\"><img loading=\"lazy\" decoding=\"async\" width=\"1200\" height=\"800\" data-id=\"1828\" src=\"https:\/\/harmonyhotel.cz\/wp-content\/uploads\/2025\/07\/IMGL7346-1.jpg\" alt=\"\" class=\"wp-image-1828\" srcset=\"https:\/\/harmonyhotel.cz\/wp-content\/uploads\/2025\/07\/IMGL7346-1.jpg 1200w, https:\/\/harmonyhotel.cz\/wp-content\/uploads\/2025\/07\/IMGL7346-1-800x533.jpg 800w, https:\/\/harmonyhotel.cz\/wp-content\/uploads\/2025\/07\/IMGL7346-1-18x12.jpg 18w\" sizes=\"auto, (max-width: 1200px) 100vw, 1200px\" \/><\/a><\/figure>\n\n\n\n<figure class=\"wp-block-image size-medium\"><a href=\"https:\/\/harmonyhotel.cz\/wp-content\/uploads\/2024\/06\/Harmony-Hotel-Spindleruv-Mlyn-Rodinny-apartman-typu-Deluxe-06.jpg\"><img loading=\"lazy\" decoding=\"async\" width=\"800\" height=\"536\" data-id=\"387\" src=\"https:\/\/harmonyhotel.cz\/wp-content\/uploads\/2024\/06\/Harmony-Hotel-Spindleruv-Mlyn-Rodinny-apartman-typu-Deluxe-06-800x536.jpg\" alt=\"Harmony Hotel \u0160pindler\u016fv Ml\u00fdn - Rodinn\u00fd apartm\u00e1n typu Deluxe\" class=\"wp-image-387\" srcset=\"https:\/\/harmonyhotel.cz\/wp-content\/uploads\/2024\/06\/Harmony-Hotel-Spindleruv-Mlyn-Rodinny-apartman-typu-Deluxe-06-800x536.jpg 800w, https:\/\/harmonyhotel.cz\/wp-content\/uploads\/2024\/06\/Harmony-Hotel-Spindleruv-Mlyn-Rodinny-apartman-typu-Deluxe-06-1600x1072.jpg 1600w, https:\/\/harmonyhotel.cz\/wp-content\/uploads\/2024\/06\/Harmony-Hotel-Spindleruv-Mlyn-Rodinny-apartman-typu-Deluxe-06.jpg 1920w\" sizes=\"auto, (max-width: 800px) 100vw, 800px\" \/><\/a><\/figure>\n\n\n\n<figure class=\"wp-block-image size-medium\"><a href=\"https:\/\/harmonyhotel.cz\/wp-content\/uploads\/2024\/06\/Harmony-Hotel-Spindleruv-Mlyn-Rodinny-apartman-typu-Deluxe-02-scaled.jpg\"><img loading=\"lazy\" decoding=\"async\" width=\"800\" height=\"536\" data-id=\"383\" src=\"https:\/\/harmonyhotel.cz\/wp-content\/uploads\/2024\/06\/Harmony-Hotel-Spindleruv-Mlyn-Rodinny-apartman-typu-Deluxe-02-800x536.jpg\" alt=\"Harmony Hotel \u0160pindler\u016fv Ml\u00fdn - Rodinn\u00fd apartm\u00e1n typu Deluxe\" class=\"wp-image-383\" srcset=\"https:\/\/harmonyhotel.cz\/wp-content\/uploads\/2024\/06\/Harmony-Hotel-Spindleruv-Mlyn-Rodinny-apartman-typu-Deluxe-02-800x536.jpg 800w, https:\/\/harmonyhotel.cz\/wp-content\/uploads\/2024\/06\/Harmony-Hotel-Spindleruv-Mlyn-Rodinny-apartman-typu-Deluxe-02-1600x1072.jpg 1600w\" sizes=\"auto, (max-width: 800px) 100vw, 800px\" \/><\/a><\/figure>\n\n\n\n<figure class=\"wp-block-image size-medium\"><a href=\"https:\/\/harmonyhotel.cz\/wp-content\/uploads\/2024\/06\/Harmony-Hotel-Spindleruv-Mlyn-Rodinny-apartman-typu-Deluxe-03-scaled.jpg\"><img loading=\"lazy\" decoding=\"async\" width=\"800\" height=\"335\" data-id=\"384\" src=\"https:\/\/harmonyhotel.cz\/wp-content\/uploads\/2024\/06\/Harmony-Hotel-Spindleruv-Mlyn-Rodinny-apartman-typu-Deluxe-03-800x335.jpg\" alt=\"Harmony Hotel \u0160pindler\u016fv Ml\u00fdn - Rodinn\u00fd apartm\u00e1n typu Deluxe\" class=\"wp-image-384\" srcset=\"https:\/\/harmonyhotel.cz\/wp-content\/uploads\/2024\/06\/Harmony-Hotel-Spindleruv-Mlyn-Rodinny-apartman-typu-Deluxe-03-800x335.jpg 800w, https:\/\/harmonyhotel.cz\/wp-content\/uploads\/2024\/06\/Harmony-Hotel-Spindleruv-Mlyn-Rodinny-apartman-typu-Deluxe-03-1600x670.jpg 1600w\" sizes=\"auto, (max-width: 800px) 100vw, 800px\" \/><\/a><\/figure>\n<\/figure>\n\n\n\n<figure class=\"wp-block-gallery has-nested-images columns-default is-cropped wp-block-gallery-2 is-layout-flex wp-block-gallery-is-layout-flex\">\n<figure class=\"wp-block-image size-large\"><a href=\"https:\/\/harmonyhotel.cz\/wp-content\/uploads\/2025\/07\/324-koupelna-2-scaled.jpg\"><img loading=\"lazy\" decoding=\"async\" width=\"1600\" height=\"1067\" data-id=\"1829\" src=\"https:\/\/harmonyhotel.cz\/wp-content\/uploads\/2025\/07\/324-koupelna-2-1600x1067.jpg\" alt=\"\" class=\"wp-image-1829\" srcset=\"https:\/\/harmonyhotel.cz\/wp-content\/uploads\/2025\/07\/324-koupelna-2-1600x1067.jpg 1600w, https:\/\/harmonyhotel.cz\/wp-content\/uploads\/2025\/07\/324-koupelna-2-800x533.jpg 800w, https:\/\/harmonyhotel.cz\/wp-content\/uploads\/2025\/07\/324-koupelna-2-18x12.jpg 18w\" sizes=\"auto, (max-width: 1600px) 100vw, 1600px\" \/><\/a><\/figure>\n\n\n\n<figure class=\"wp-block-image size-large\"><a href=\"https:\/\/harmonyhotel.cz\/wp-content\/uploads\/2025\/07\/324-koupelna--scaled.jpg\"><img loading=\"lazy\" decoding=\"async\" width=\"1600\" height=\"1067\" data-id=\"1830\" src=\"https:\/\/harmonyhotel.cz\/wp-content\/uploads\/2025\/07\/324-koupelna--1600x1067.jpg\" alt=\"\" class=\"wp-image-1830\" srcset=\"https:\/\/harmonyhotel.cz\/wp-content\/uploads\/2025\/07\/324-koupelna--1600x1067.jpg 1600w, https:\/\/harmonyhotel.cz\/wp-content\/uploads\/2025\/07\/324-koupelna--800x533.jpg 800w, https:\/\/harmonyhotel.cz\/wp-content\/uploads\/2025\/07\/324-koupelna--18x12.jpg 18w\" sizes=\"auto, (max-width: 1600px) 100vw, 1600px\" \/><\/a><\/figure>\n<\/figure>\n\n\n\n<p><\/p>\n","protected":false},"excerpt":{"rendered":"<p>Apartm\u00e1n o velikosti 75-88 m2 je vhodn\u00fd a\u017e pro 6 host\u016f (maxim\u00e1ln\u011b 5 dosp\u011bl\u00fdch) a je vybaven man\u017eelskou postel\u00ed, t\u0159emi samostatn\u00fdmi l\u016f\u017eky a jednou pohodlnou rozkl\u00e1dac\u00ed pohovkou. Apartm\u00e1ny maj\u00ed koupelnu se sprchou nebo vanou a samostatn\u00e9 WC. Pokoj je d\u00e1le za\u0159\u00edzen psac\u00edm stolem a \u017eidl\u00ed. V apartm\u00e1nu je TV\/SAT, r\u00e1dio, telefon a trezor. V\u0161echny pokoje [&hellip;]<\/p>\n","protected":false},"author":1,"featured_media":382,"parent":9,"menu_order":25,"comment_status":"closed","ping_status":"closed","template":"","meta":{"footnotes":""},"class_list":["post-142","page","type-page","status-publish","has-post-thumbnail","hentry"],"_links":{"self":[{"href":"https:\/\/harmonyhotel.cz\/cz\/wp-json\/wp\/v2\/pages\/142","targetHints":{"allow":["GET"]}}],"collection":[{"href":"https:\/\/harmonyhotel.cz\/cz\/wp-json\/wp\/v2\/pages"}],"about":[{"href":"https:\/\/harmonyhotel.cz\/cz\/wp-json\/wp\/v2\/types\/page"}],"author":[{"embeddable":true,"href":"https:\/\/harmonyhotel.cz\/cz\/wp-json\/wp\/v2\/users\/1"}],"replies":[{"embeddable":true,"href":"https:\/\/harmonyhotel.cz\/cz\/wp-json\/wp\/v2\/comments?post=142"}],"version-history":[{"count":4,"href":"https:\/\/harmonyhotel.cz\/cz\/wp-json\/wp\/v2\/pages\/142\/revisions"}],"predecessor-version":[{"id":2011,"href":"https:\/\/harmonyhotel.cz\/cz\/wp-json\/wp\/v2\/pages\/142\/revisions\/2011"}],"up":[{"embeddable":true,"href":"https:\/\/harmonyhotel.cz\/cz\/wp-json\/wp\/v2\/pages\/9"}],"wp:featuredmedia":[{"embeddable":true,"href":"https:\/\/harmonyhotel.cz\/cz\/wp-json\/wp\/v2\/media\/382"}],"wp:attachment":[{"href":"https:\/\/harmonyhotel.cz\/cz\/wp-json\/wp\/v2\/media?parent=142"}],"curies":[{"name":"wp","href":"https:\/\/api.w.org\/{rel}","templated":true}]}}