{"id":138,"date":"2024-06-07T00:05:45","date_gmt":"2024-06-06T22:05:45","guid":{"rendered":"https:\/\/harmonyhotel.cz\/?page_id=138"},"modified":"2025-07-31T13:15:23","modified_gmt":"2025-07-31T11:15:23","slug":"rodinny-apartman","status":"publish","type":"page","link":"https:\/\/harmonyhotel.cz\/cz\/pokoje\/rodinny-apartman\/","title":{"rendered":"Rodinn\u00fd apartm\u00e1n"},"content":{"rendered":"\n<p>Tento apartm\u00e1n je vhodn\u00fd a\u017e pro 6 host\u016f (4 dosp\u011bl\u00e9 a 2 d\u011bti). Dispozice apartm\u00e1nu je jedna man\u017eelsk\u00e1 postel, jedna rozkl\u00e1dac\u00ed pohovka a dv\u011b patrov\u00e9 postele (pro d\u011bti). V&nbsp;pokoji se nach\u00e1z\u00ed koupelna vybaven\u00e1 dvojit\u00fdm umyvadlem a sprchov\u00fdm koutem. Apartm\u00e1n je d\u00e1le za\u0159\u00edzen psac\u00edm stolem a \u017eidl\u00ed. V pokoji je TV\/SAT, r\u00e1dio, telefon a trezor. V\u0161echny pokoje jsou vybaveny minibarem. Internetov\u00e9 p\u0159ipojen\u00ed je dostupn\u00e9 z ka\u017ed\u00e9ho pokoje. Velikost apartm\u00e1nu je 49 m2.<\/p>\n\n\n\n<ul class=\"wp-block-list vybaveni\">\n<li>49 m2<\/li>\n\n\n\n<li>Ob\u00fdv\u00e1\u010dek<\/li>\n\n\n\n<li>Minibar<\/li>\n\n\n\n<li>Trezor<\/li>\n\n\n\n<li>TV SAT 2x<\/li>\n\n\n\n<li>Telefon<\/li>\n\n\n\n<li>Wifi<\/li>\n\n\n\n<li>Sn\u00eddan\u011b<\/li>\n\n\n\n<li>Koupelna s dv\u011bma umyvadly a sprchov\u00fdm koutem<\/li>\n<\/ul>\n\n\n\n<div class=\"wp-block-buttons is-layout-flex wp-block-buttons-is-layout-flex\">\n<div class=\"wp-block-button btnalt rezervovat\"><a class=\"wp-block-button__link wp-element-button\" href=\"https:\/\/hotelharmony.book-onlinenow.net\/index.aspx?cur=CZK&amp;lan_id=cs-CZ\" target=\"_blank\" rel=\"noreferrer noopener\">Rezervovat<\/a><\/div>\n<\/div>\n\n\n\n<div style=\"height:50px\" aria-hidden=\"true\" class=\"wp-block-spacer\"><\/div>\n\n\n\n<figure class=\"wp-block-gallery has-nested-images columns-4 is-cropped wp-block-gallery-1 is-layout-flex wp-block-gallery-is-layout-flex\">\n<figure class=\"wp-block-image size-medium\"><a href=\"https:\/\/harmonyhotel.cz\/wp-content\/uploads\/2025\/07\/2024_06_24_9456_EOS_R5_LRN-scaled.jpg\"><img loading=\"lazy\" decoding=\"async\" width=\"800\" height=\"542\" data-id=\"1898\" src=\"https:\/\/harmonyhotel.cz\/wp-content\/uploads\/2025\/07\/2024_06_24_9456_EOS_R5_LRN-800x542.jpg\" alt=\"\" class=\"wp-image-1898\" srcset=\"https:\/\/harmonyhotel.cz\/wp-content\/uploads\/2025\/07\/2024_06_24_9456_EOS_R5_LRN-800x542.jpg 800w, https:\/\/harmonyhotel.cz\/wp-content\/uploads\/2025\/07\/2024_06_24_9456_EOS_R5_LRN-1600x1084.jpg 1600w, https:\/\/harmonyhotel.cz\/wp-content\/uploads\/2025\/07\/2024_06_24_9456_EOS_R5_LRN-18x12.jpg 18w\" sizes=\"auto, (max-width: 800px) 100vw, 800px\" \/><\/a><\/figure>\n\n\n\n<figure class=\"wp-block-image size-medium\"><a href=\"https:\/\/harmonyhotel.cz\/wp-content\/uploads\/2025\/07\/2024_06_24_9535_EOS_R5_LRN-scaled.jpg\"><img loading=\"lazy\" decoding=\"async\" width=\"800\" height=\"526\" data-id=\"1959\" src=\"https:\/\/harmonyhotel.cz\/wp-content\/uploads\/2025\/07\/2024_06_24_9535_EOS_R5_LRN-800x526.jpg\" alt=\"\" class=\"wp-image-1959\" srcset=\"https:\/\/harmonyhotel.cz\/wp-content\/uploads\/2025\/07\/2024_06_24_9535_EOS_R5_LRN-800x526.jpg 800w, https:\/\/harmonyhotel.cz\/wp-content\/uploads\/2025\/07\/2024_06_24_9535_EOS_R5_LRN-1600x1052.jpg 1600w, https:\/\/harmonyhotel.cz\/wp-content\/uploads\/2025\/07\/2024_06_24_9535_EOS_R5_LRN-18x12.jpg 18w\" sizes=\"auto, (max-width: 800px) 100vw, 800px\" \/><\/a><\/figure>\n\n\n\n<figure class=\"wp-block-image size-medium\"><a href=\"https:\/\/harmonyhotel.cz\/wp-content\/uploads\/2025\/07\/2024_06_24_9562_EOS_R5_LRN-scaled.jpg\"><img loading=\"lazy\" decoding=\"async\" width=\"800\" height=\"501\" data-id=\"1896\" src=\"https:\/\/harmonyhotel.cz\/wp-content\/uploads\/2025\/07\/2024_06_24_9562_EOS_R5_LRN-800x501.jpg\" alt=\"\" class=\"wp-image-1896\" srcset=\"https:\/\/harmonyhotel.cz\/wp-content\/uploads\/2025\/07\/2024_06_24_9562_EOS_R5_LRN-800x501.jpg 800w, https:\/\/harmonyhotel.cz\/wp-content\/uploads\/2025\/07\/2024_06_24_9562_EOS_R5_LRN-1600x1003.jpg 1600w, https:\/\/harmonyhotel.cz\/wp-content\/uploads\/2025\/07\/2024_06_24_9562_EOS_R5_LRN-18x12.jpg 18w\" sizes=\"auto, (max-width: 800px) 100vw, 800px\" \/><\/a><\/figure>\n\n\n\n<figure class=\"wp-block-image size-medium\"><a href=\"https:\/\/harmonyhotel.cz\/wp-content\/uploads\/2025\/07\/2024_06_24_9562_EOS_R5_LRN_pristylka-scaled.jpg\"><img loading=\"lazy\" decoding=\"async\" width=\"800\" height=\"501\" data-id=\"1961\" src=\"https:\/\/harmonyhotel.cz\/wp-content\/uploads\/2025\/07\/2024_06_24_9562_EOS_R5_LRN_pristylka-800x501.jpg\" alt=\"\" class=\"wp-image-1961\" srcset=\"https:\/\/harmonyhotel.cz\/wp-content\/uploads\/2025\/07\/2024_06_24_9562_EOS_R5_LRN_pristylka-800x501.jpg 800w, https:\/\/harmonyhotel.cz\/wp-content\/uploads\/2025\/07\/2024_06_24_9562_EOS_R5_LRN_pristylka-1600x1003.jpg 1600w, https:\/\/harmonyhotel.cz\/wp-content\/uploads\/2025\/07\/2024_06_24_9562_EOS_R5_LRN_pristylka-18x12.jpg 18w\" sizes=\"auto, (max-width: 800px) 100vw, 800px\" \/><\/a><\/figure>\n\n\n\n<figure class=\"wp-block-image size-medium\"><a href=\"https:\/\/harmonyhotel.cz\/wp-content\/uploads\/2025\/07\/2024_06_24_9515_EOS_R5_HDR_pan-1-scaled.jpg\"><img loading=\"lazy\" decoding=\"async\" width=\"800\" height=\"474\" data-id=\"1902\" src=\"https:\/\/harmonyhotel.cz\/wp-content\/uploads\/2025\/07\/2024_06_24_9515_EOS_R5_HDR_pan-1-800x474.jpg\" alt=\"\" class=\"wp-image-1902\" srcset=\"https:\/\/harmonyhotel.cz\/wp-content\/uploads\/2025\/07\/2024_06_24_9515_EOS_R5_HDR_pan-1-800x474.jpg 800w, https:\/\/harmonyhotel.cz\/wp-content\/uploads\/2025\/07\/2024_06_24_9515_EOS_R5_HDR_pan-1-1600x948.jpg 1600w, https:\/\/harmonyhotel.cz\/wp-content\/uploads\/2025\/07\/2024_06_24_9515_EOS_R5_HDR_pan-1-18x12.jpg 18w\" sizes=\"auto, (max-width: 800px) 100vw, 800px\" \/><\/a><\/figure>\n\n\n\n<figure class=\"wp-block-image size-medium\"><a href=\"https:\/\/harmonyhotel.cz\/wp-content\/uploads\/2024\/06\/Harmony-Hotel-Spindleruv-Mlyn-Rodinny-apartman-05-scaled.jpg\"><img loading=\"lazy\" decoding=\"async\" width=\"800\" height=\"553\" data-id=\"351\" src=\"https:\/\/harmonyhotel.cz\/wp-content\/uploads\/2024\/06\/Harmony-Hotel-Spindleruv-Mlyn-Rodinny-apartman-05-800x553.jpg\" alt=\"Harmony Hotel \u0160pindler\u016fv Ml\u00fdn - Rodinn\u00fd apartm\u00e1n\" class=\"wp-image-351\" srcset=\"https:\/\/harmonyhotel.cz\/wp-content\/uploads\/2024\/06\/Harmony-Hotel-Spindleruv-Mlyn-Rodinny-apartman-05-800x553.jpg 800w, https:\/\/harmonyhotel.cz\/wp-content\/uploads\/2024\/06\/Harmony-Hotel-Spindleruv-Mlyn-Rodinny-apartman-05-1600x1106.jpg 1600w\" sizes=\"auto, (max-width: 800px) 100vw, 800px\" \/><\/a><\/figure>\n<\/figure>\n","protected":false},"excerpt":{"rendered":"<p>Tento apartm\u00e1n je vhodn\u00fd a\u017e pro 6 host\u016f (4 dosp\u011bl\u00e9 a 2 d\u011bti). Dispozice apartm\u00e1nu je jedna man\u017eelsk\u00e1 postel, jedna rozkl\u00e1dac\u00ed pohovka a dv\u011b patrov\u00e9 postele (pro d\u011bti). V&nbsp;pokoji se nach\u00e1z\u00ed koupelna vybaven\u00e1 dvojit\u00fdm umyvadlem a sprchov\u00fdm koutem. Apartm\u00e1n je d\u00e1le za\u0159\u00edzen psac\u00edm stolem a \u017eidl\u00ed. V pokoji je TV\/SAT, r\u00e1dio, telefon a trezor. V\u0161echny [&hellip;]<\/p>\n","protected":false},"author":1,"featured_media":347,"parent":9,"menu_order":23,"comment_status":"closed","ping_status":"closed","template":"","meta":{"footnotes":""},"class_list":["post-138","page","type-page","status-publish","has-post-thumbnail","hentry"],"_links":{"self":[{"href":"https:\/\/harmonyhotel.cz\/cz\/wp-json\/wp\/v2\/pages\/138","targetHints":{"allow":["GET"]}}],"collection":[{"href":"https:\/\/harmonyhotel.cz\/cz\/wp-json\/wp\/v2\/pages"}],"about":[{"href":"https:\/\/harmonyhotel.cz\/cz\/wp-json\/wp\/v2\/types\/page"}],"author":[{"embeddable":true,"href":"https:\/\/harmonyhotel.cz\/cz\/wp-json\/wp\/v2\/users\/1"}],"replies":[{"embeddable":true,"href":"https:\/\/harmonyhotel.cz\/cz\/wp-json\/wp\/v2\/comments?post=138"}],"version-history":[{"count":5,"href":"https:\/\/harmonyhotel.cz\/cz\/wp-json\/wp\/v2\/pages\/138\/revisions"}],"predecessor-version":[{"id":1963,"href":"https:\/\/harmonyhotel.cz\/cz\/wp-json\/wp\/v2\/pages\/138\/revisions\/1963"}],"up":[{"embeddable":true,"href":"https:\/\/harmonyhotel.cz\/cz\/wp-json\/wp\/v2\/pages\/9"}],"wp:featuredmedia":[{"embeddable":true,"href":"https:\/\/harmonyhotel.cz\/cz\/wp-json\/wp\/v2\/media\/347"}],"wp:attachment":[{"href":"https:\/\/harmonyhotel.cz\/cz\/wp-json\/wp\/v2\/media?parent=138"}],"curies":[{"name":"wp","href":"https:\/\/api.w.org\/{rel}","templated":true}]}}