{"id":1373,"date":"2024-12-16T22:52:42","date_gmt":"2024-12-16T21:52:42","guid":{"rendered":"https:\/\/harmonyhotel.cz\/?page_id=1373"},"modified":"2026-02-01T23:49:36","modified_gmt":"2026-02-01T22:49:36","slug":"ski-award","status":"publish","type":"page","link":"https:\/\/harmonyhotel.cz\/cz\/hotel\/ski-award\/","title":{"rendered":"Ski Award"},"content":{"rendered":"\n<p><strong>Hotel Harmony<\/strong>&nbsp;se py\u0161n\u00ed ocen\u011bn\u00edm&nbsp;<strong>Best Ski Hotel in the Czech Republic<\/strong>, kter\u00e9 jsme opakovan\u011b z\u00edskali v r\u00e1mci presti\u017en\u00edch&nbsp;<strong>World Ski Awards<\/strong>&nbsp;\u2013 konkr\u00e9tn\u011b v letech 2015, 2018, 2020, 2021, 2022, 2023, 2024 a 2025. Toto uzn\u00e1n\u00ed je nejen d\u016fkazem na\u0161\u00ed vysok\u00e9 \u00farovn\u011b slu\u017eeb, ale tak\u00e9 potvrzen\u00edm na\u0161\u00ed ide\u00e1ln\u00ed polohy a kvalitn\u00edho z\u00e1zem\u00ed pro ly\u017ea\u0159e i milovn\u00edky hor.<\/p>\n\n\n\n<p><strong>World Ski Awards<\/strong>&nbsp;jsou nejpresti\u017en\u011bj\u0161\u00ed sout\u011b\u017e\u00ed v&nbsp;ly\u017ea\u0159sk\u00e9ho turismu a ka\u017edoro\u010dn\u011b oce\u0148uj\u00ed ty nejlep\u0161\u00ed hotely a poskytovatele slu\u017eeb po cel\u00e9m sv\u011bt\u011b. Hlasuj\u00ed zde profesion\u00e1lov\u00e9 z oboru i \u0161irok\u00e1 ve\u0159ejnost, co\u017e d\u011bl\u00e1 toto ocen\u011bn\u00ed obzvl\u00e1\u0161t\u011b presti\u017en\u00edm.<\/p>\n\n\n\n<p><strong>V\u00edt\u011bzstv\u00ed<\/strong>&nbsp;v t\u00e9to sout\u011b\u017ei odr\u00e1\u017e\u00ed na\u0161i oddanost kvalit\u011b, pohodl\u00ed a jedine\u010dn\u00fdm z\u00e1\u017eitk\u016fm, kter\u00e9 na\u0161im host\u016fm poskytujeme. Od skv\u011bl\u00e9ho ubytov\u00e1n\u00ed, \u0161pi\u010dkov\u00e9 gastronomie a relaxace ve wellness a\u017e po vynikaj\u00edc\u00ed podm\u00ednky pro zimn\u00ed sporty \u2013&nbsp;<strong>Hotel Harmony<\/strong>&nbsp;je ide\u00e1ln\u00ed volbou pro ka\u017ed\u00e9ho, kdo hled\u00e1 dokonalou zimn\u00ed dovolenou.<\/p>\n\n\n\n<p>P\u0159ij\u010fte k n\u00e1m a za\u017eijte, pro\u010d jsme opakovan\u011b uzn\u00e1ni jako&nbsp;<strong>Nejlep\u0161\u00ed ski hotel v \u010cesk\u00e9 republice.<\/strong>&nbsp;Va\u0161e dokonal\u00e1 zimn\u00ed dovolen\u00e1 za\u010d\u00edn\u00e1 pr\u00e1v\u011b zde!<\/p>\n\n\n\n<p>Hotel Harmony z\u00edskal presti\u017en\u00ed ocen\u011bn\u00ed&nbsp;d\u00edky t\u011bmto d\u016fvod\u016fm:<\/p>\n\n\n\n<ol start=\"1\" class=\"wp-block-list\">\n<li><strong>V\u00fdjime\u010dn\u00e1 poloha<\/strong>: Nach\u00e1z\u00ed se v bezprost\u0159edn\u00ed bl\u00edzkosti nejlep\u0161\u00edch sjezdovek,&nbsp;s p\u0159\u00edm\u00fdm p\u0159\u00edstupem ke sjezdovce.<\/li>\n\n\n\n<li><strong>\u0160pi\u010dkov\u00e9 z\u00e1zem\u00ed<\/strong>: Modern\u00ed wellness centrum, kter\u00e9 nab\u00edz\u00ed relaxaci po n\u00e1ro\u010dn\u00e9m dni na svahu, a prvot\u0159\u00eddn\u00ed ly\u017ea\u0159sk\u00e9 vybaven\u00ed k dispozici host\u016fm.<\/li>\n\n\n\n<li><strong>Modern\u00ed ubytov\u00e1n\u00ed<\/strong>: Stylov\u00e9 pokoje a apartm\u00e1 s v\u00fdhledem na zasn\u011b\u017een\u00e9 vrcholky, navr\u017een\u00e9 s d\u016frazem na komfort.<\/li>\n\n\n\n<li><strong>Gastronomick\u00e9 z\u00e1\u017eitky<\/strong>: Restaurace poskytuj\u00edc\u00ed modern\u00ed kuchyni a speciality, kter\u00e9 kombinuj\u00ed lok\u00e1ln\u00ed ingredience s mezin\u00e1rodn\u00edmi trendy.<\/li>\n\n\n\n<li><strong>Vynikaj\u00edc\u00ed z\u00e1kaznick\u00fd servis<\/strong>: Profesion\u00e1ln\u00ed t\u00fdm, kter\u00fd se star\u00e1 o ka\u017ed\u00e9 p\u0159\u00e1n\u00ed host\u016f s maxim\u00e1ln\u00ed p\u00e9\u010d\u00ed a pozornost\u00ed.<\/li>\n\n\n\n<li><strong>Tradice a reputace<\/strong>: Dlouhodob\u00e9 zku\u0161enosti v poskytov\u00e1n\u00ed \u0161pi\u010dkov\u00fdch slu\u017eeb pro n\u00e1ro\u010dn\u00e9 ly\u017ea\u0159e a milovn\u00edky hor.<\/li>\n<\/ol>\n\n\n\n<p><\/p>\n\n\n\n<p>\u00a0<\/p>\n\n\n<div class=\"wp-block-image\">\n<figure class=\"aligncenter size-medium is-resized\"><img loading=\"lazy\" decoding=\"async\" width=\"740\" height=\"800\" src=\"https:\/\/harmonyhotel.cz\/wp-content\/uploads\/2025\/11\/czech-republics-best-ski-hotel-2025-winner-shield-gold-740x800.png\" alt=\"czech-republics-best-ski-hotel-2025-winner-shield-gold\" class=\"wp-image-2162\" style=\"width:300px\" srcset=\"https:\/\/harmonyhotel.cz\/wp-content\/uploads\/2025\/11\/czech-republics-best-ski-hotel-2025-winner-shield-gold-740x800.png 740w, https:\/\/harmonyhotel.cz\/wp-content\/uploads\/2025\/11\/czech-republics-best-ski-hotel-2025-winner-shield-gold-1479x1600.png 1479w, https:\/\/harmonyhotel.cz\/wp-content\/uploads\/2025\/11\/czech-republics-best-ski-hotel-2025-winner-shield-gold-11x12.png 11w, https:\/\/harmonyhotel.cz\/wp-content\/uploads\/2025\/11\/czech-republics-best-ski-hotel-2025-winner-shield-gold.png 1960w\" sizes=\"auto, (max-width: 740px) 100vw, 740px\" \/><\/figure>\n<\/div>\n\n\n<div style=\"height:100px\" aria-hidden=\"true\" class=\"wp-block-spacer\"><\/div>\n\n\n\n<p><\/p>\n","protected":false},"excerpt":{"rendered":"<p>Hotel Harmony&nbsp;se py\u0161n\u00ed ocen\u011bn\u00edm&nbsp;Best Ski Hotel in the Czech Republic, kter\u00e9 jsme opakovan\u011b z\u00edskali v r\u00e1mci presti\u017en\u00edch&nbsp;World Ski Awards&nbsp;\u2013 konkr\u00e9tn\u011b v letech 2015, 2018, 2020, 2021, 2022, 2023, 2024 a 2025. Toto uzn\u00e1n\u00ed je nejen d\u016fkazem na\u0161\u00ed vysok\u00e9 \u00farovn\u011b slu\u017eeb, ale tak\u00e9 potvrzen\u00edm na\u0161\u00ed ide\u00e1ln\u00ed polohy a kvalitn\u00edho z\u00e1zem\u00ed pro ly\u017ea\u0159e i milovn\u00edky hor. World [&hellip;]<\/p>\n","protected":false},"author":1,"featured_media":2164,"parent":7,"menu_order":18,"comment_status":"closed","ping_status":"closed","template":"","meta":{"footnotes":""},"class_list":["post-1373","page","type-page","status-publish","has-post-thumbnail","hentry"],"_links":{"self":[{"href":"https:\/\/harmonyhotel.cz\/cz\/wp-json\/wp\/v2\/pages\/1373","targetHints":{"allow":["GET"]}}],"collection":[{"href":"https:\/\/harmonyhotel.cz\/cz\/wp-json\/wp\/v2\/pages"}],"about":[{"href":"https:\/\/harmonyhotel.cz\/cz\/wp-json\/wp\/v2\/types\/page"}],"author":[{"embeddable":true,"href":"https:\/\/harmonyhotel.cz\/cz\/wp-json\/wp\/v2\/users\/1"}],"replies":[{"embeddable":true,"href":"https:\/\/harmonyhotel.cz\/cz\/wp-json\/wp\/v2\/comments?post=1373"}],"version-history":[{"count":22,"href":"https:\/\/harmonyhotel.cz\/cz\/wp-json\/wp\/v2\/pages\/1373\/revisions"}],"predecessor-version":[{"id":2315,"href":"https:\/\/harmonyhotel.cz\/cz\/wp-json\/wp\/v2\/pages\/1373\/revisions\/2315"}],"up":[{"embeddable":true,"href":"https:\/\/harmonyhotel.cz\/cz\/wp-json\/wp\/v2\/pages\/7"}],"wp:featuredmedia":[{"embeddable":true,"href":"https:\/\/harmonyhotel.cz\/cz\/wp-json\/wp\/v2\/media\/2164"}],"wp:attachment":[{"href":"https:\/\/harmonyhotel.cz\/cz\/wp-json\/wp\/v2\/media?parent=1373"}],"curies":[{"name":"wp","href":"https:\/\/api.w.org\/{rel}","templated":true}]}}