{"id":134,"date":"2024-06-07T00:04:56","date_gmt":"2024-06-06T22:04:56","guid":{"rendered":"https:\/\/harmonyhotel.cz\/?page_id=134"},"modified":"2026-01-05T16:21:10","modified_gmt":"2026-01-05T15:21:10","slug":"triluzkovy-pokoj-typu-comfort","status":"publish","type":"page","link":"https:\/\/harmonyhotel.cz\/cz\/pokoje\/triluzkovy-pokoj-typu-comfort\/","title":{"rendered":"T\u0159\u00edl\u016f\u017ekov\u00fd pokoj typu Comfort"},"content":{"rendered":"\n<p>Tento pokoj vhodn\u00fd pro 3 osoby o velikosti od 22 m2 je vybaven man\u017eelskou postel\u00ed a pohodlnou rozkl\u00e1dac\u00ed pohovkou. V koupeln\u011b je sprchov\u00fd kout nebo vana a toaleta. T\u0159\u00edl\u016f\u017ekov\u00fd pokoj Comfort je vybaven psac\u00edm stolem a \u017eidl\u00ed. Na pokoji je TV\/SAT, r\u00e1dio, telefon a trezor. V\u0161echny pokoje jsou vybaveny minibarem. P\u0159\u00edstup k internetu je k dispozici zdarma.<\/p>\n\n\n\n<ul class=\"wp-block-list vybaveni\">\n<li>22 m2<\/li>\n\n\n\n<li>Minibar<\/li>\n\n\n\n<li>Safe<\/li>\n\n\n\n<li>TV SAT \/Telefon<\/li>\n\n\n\n<li>Sprchov\u00fd kout \u010di vana<\/li>\n\n\n\n<li>Balkonov\u00e9 okno<\/li>\n\n\n\n<li>V\u00fdhled na hory<\/li>\n\n\n\n<li>Free Wifi<\/li>\n\n\n\n<li>Sn\u00eddan\u011b<\/li>\n\n\n\n<li>Mo\u017enost p\u0159\u00edst\u00fdlky<\/li>\n<\/ul>\n\n\n\n<div class=\"wp-block-buttons is-layout-flex wp-block-buttons-is-layout-flex\">\n<div class=\"wp-block-button btnalt rezervovat\"><a class=\"wp-block-button__link wp-element-button\" href=\"https:\/\/hotelharmony.book-onlinenow.net\/index.aspx?cur=CZK&amp;lan_id=cs-CZ\" target=\"_blank\" rel=\"noreferrer noopener\">Rezervovat<\/a><\/div>\n<\/div>\n\n\n\n<div style=\"height:50px\" aria-hidden=\"true\" class=\"wp-block-spacer\"><\/div>\n\n\n\n<figure class=\"wp-block-gallery has-nested-images columns-4 is-cropped wp-block-gallery-1 is-layout-flex wp-block-gallery-is-layout-flex\">\n<figure class=\"wp-block-image size-medium\"><a href=\"https:\/\/harmonyhotel.cz\/wp-content\/uploads\/2025\/07\/2024_12_19_8335_EOS_R5_MK_II_LRNR-scaled.jpg\"><img loading=\"lazy\" decoding=\"async\" width=\"800\" height=\"549\" data-id=\"1924\" src=\"https:\/\/harmonyhotel.cz\/wp-content\/uploads\/2025\/07\/2024_12_19_8335_EOS_R5_MK_II_LRNR-800x549.jpg\" alt=\"\" class=\"wp-image-1924\" srcset=\"https:\/\/harmonyhotel.cz\/wp-content\/uploads\/2025\/07\/2024_12_19_8335_EOS_R5_MK_II_LRNR-800x549.jpg 800w, https:\/\/harmonyhotel.cz\/wp-content\/uploads\/2025\/07\/2024_12_19_8335_EOS_R5_MK_II_LRNR-1600x1098.jpg 1600w, https:\/\/harmonyhotel.cz\/wp-content\/uploads\/2025\/07\/2024_12_19_8335_EOS_R5_MK_II_LRNR-18x12.jpg 18w\" sizes=\"auto, (max-width: 800px) 100vw, 800px\" \/><\/a><\/figure>\n\n\n\n<figure class=\"wp-block-image size-medium\"><a href=\"https:\/\/harmonyhotel.cz\/wp-content\/uploads\/2024\/06\/Harmony-Hotel-Spindleruv-Mlyn-Dvouluzkovy-pokoj-Superior-s-manzelskou-posteli-01-scaled.jpg\"><img loading=\"lazy\" decoding=\"async\" width=\"800\" height=\"532\" data-id=\"328\" src=\"https:\/\/harmonyhotel.cz\/wp-content\/uploads\/2024\/06\/Harmony-Hotel-Spindleruv-Mlyn-Dvouluzkovy-pokoj-Superior-s-manzelskou-posteli-01-800x532.jpg\" alt=\"Harmony Hotel \u0160pindler\u016fv Ml\u00fdn - Dvoul\u016f\u017ekov\u00fd pokoj Superior s man\u017eelskou postel\u00ed\" class=\"wp-image-328\" srcset=\"https:\/\/harmonyhotel.cz\/wp-content\/uploads\/2024\/06\/Harmony-Hotel-Spindleruv-Mlyn-Dvouluzkovy-pokoj-Superior-s-manzelskou-posteli-01-800x532.jpg 800w, https:\/\/harmonyhotel.cz\/wp-content\/uploads\/2024\/06\/Harmony-Hotel-Spindleruv-Mlyn-Dvouluzkovy-pokoj-Superior-s-manzelskou-posteli-01-1600x1065.jpg 1600w\" sizes=\"auto, (max-width: 800px) 100vw, 800px\" \/><\/a><\/figure>\n\n\n\n<figure class=\"wp-block-image size-medium\"><a href=\"https:\/\/harmonyhotel.cz\/wp-content\/uploads\/2024\/06\/Harmony-Hotel-Spindleruv-Mlyn-Dvouluzkovy-pokoj-Superior-s-manzelskou-posteli-02.jpg\"><img loading=\"lazy\" decoding=\"async\" width=\"800\" height=\"557\" data-id=\"329\" src=\"https:\/\/harmonyhotel.cz\/wp-content\/uploads\/2024\/06\/Harmony-Hotel-Spindleruv-Mlyn-Dvouluzkovy-pokoj-Superior-s-manzelskou-posteli-02-800x557.jpg\" alt=\"Harmony Hotel \u0160pindler\u016fv Ml\u00fdn - Dvoul\u016f\u017ekov\u00fd pokoj Superior s man\u017eelskou postel\u00ed\" class=\"wp-image-329\" srcset=\"https:\/\/harmonyhotel.cz\/wp-content\/uploads\/2024\/06\/Harmony-Hotel-Spindleruv-Mlyn-Dvouluzkovy-pokoj-Superior-s-manzelskou-posteli-02-800x557.jpg 800w, https:\/\/harmonyhotel.cz\/wp-content\/uploads\/2024\/06\/Harmony-Hotel-Spindleruv-Mlyn-Dvouluzkovy-pokoj-Superior-s-manzelskou-posteli-02-1600x1113.jpg 1600w, https:\/\/harmonyhotel.cz\/wp-content\/uploads\/2024\/06\/Harmony-Hotel-Spindleruv-Mlyn-Dvouluzkovy-pokoj-Superior-s-manzelskou-posteli-02.jpg 1920w\" sizes=\"auto, (max-width: 800px) 100vw, 800px\" \/><\/a><\/figure>\n\n\n\n<figure class=\"wp-block-image size-medium\"><a href=\"https:\/\/harmonyhotel.cz\/wp-content\/uploads\/2024\/06\/Harmony-Hotel-Spindleruv-Mlyn-Dvouluzkovy-pokoj-typu-Comfort-s-manzelskou-posteli-3-scaled.jpg\"><img loading=\"lazy\" decoding=\"async\" width=\"800\" height=\"536\" data-id=\"182\" src=\"https:\/\/harmonyhotel.cz\/wp-content\/uploads\/2024\/06\/Harmony-Hotel-Spindleruv-Mlyn-Dvouluzkovy-pokoj-typu-Comfort-s-manzelskou-posteli-3-800x536.jpg\" alt=\"Harmony Hotel \u0160pindler\u016fv Ml\u00fdn - Dvoul\u016f\u017ekov\u00fd pokoj typu Comfort s man\u017eelskou postel\u00ed\" class=\"wp-image-182\" srcset=\"https:\/\/harmonyhotel.cz\/wp-content\/uploads\/2024\/06\/Harmony-Hotel-Spindleruv-Mlyn-Dvouluzkovy-pokoj-typu-Comfort-s-manzelskou-posteli-3-800x536.jpg 800w, https:\/\/harmonyhotel.cz\/wp-content\/uploads\/2024\/06\/Harmony-Hotel-Spindleruv-Mlyn-Dvouluzkovy-pokoj-typu-Comfort-s-manzelskou-posteli-3-1600x1071.jpg 1600w\" sizes=\"auto, (max-width: 800px) 100vw, 800px\" \/><\/a><\/figure>\n\n\n\n<figure class=\"wp-block-image size-medium\"><a href=\"https:\/\/harmonyhotel.cz\/wp-content\/uploads\/2024\/06\/Harmony-Hotel-Spindleruv-Mlyn-Dvouluzkovy-pokoj-typu-Comfort-s-manzelskou-posteli-6-scaled.jpg\"><img loading=\"lazy\" decoding=\"async\" width=\"800\" height=\"536\" data-id=\"185\" src=\"https:\/\/harmonyhotel.cz\/wp-content\/uploads\/2024\/06\/Harmony-Hotel-Spindleruv-Mlyn-Dvouluzkovy-pokoj-typu-Comfort-s-manzelskou-posteli-6-800x536.jpg\" alt=\"Harmony Hotel \u0160pindler\u016fv Ml\u00fdn - Dvoul\u016f\u017ekov\u00fd pokoj typu Comfort s man\u017eelskou postel\u00ed\" class=\"wp-image-185\" srcset=\"https:\/\/harmonyhotel.cz\/wp-content\/uploads\/2024\/06\/Harmony-Hotel-Spindleruv-Mlyn-Dvouluzkovy-pokoj-typu-Comfort-s-manzelskou-posteli-6-800x536.jpg 800w, https:\/\/harmonyhotel.cz\/wp-content\/uploads\/2024\/06\/Harmony-Hotel-Spindleruv-Mlyn-Dvouluzkovy-pokoj-typu-Comfort-s-manzelskou-posteli-6-1600x1071.jpg 1600w\" sizes=\"auto, (max-width: 800px) 100vw, 800px\" \/><\/a><\/figure>\n\n\n\n<figure class=\"wp-block-image size-medium\"><a href=\"https:\/\/harmonyhotel.cz\/wp-content\/uploads\/2024\/06\/Harmony-Hotel-Spindleruv-Mlyn-Dvouluzkovy-pokoj-Superior-s-manzelskou-posteli-03.jpg\"><img loading=\"lazy\" decoding=\"async\" width=\"800\" height=\"563\" data-id=\"330\" src=\"https:\/\/harmonyhotel.cz\/wp-content\/uploads\/2024\/06\/Harmony-Hotel-Spindleruv-Mlyn-Dvouluzkovy-pokoj-Superior-s-manzelskou-posteli-03-800x563.jpg\" alt=\"Harmony Hotel \u0160pindler\u016fv Ml\u00fdn - Dvoul\u016f\u017ekov\u00fd pokoj Superior s man\u017eelskou postel\u00ed\" class=\"wp-image-330\" srcset=\"https:\/\/harmonyhotel.cz\/wp-content\/uploads\/2024\/06\/Harmony-Hotel-Spindleruv-Mlyn-Dvouluzkovy-pokoj-Superior-s-manzelskou-posteli-03-800x563.jpg 800w, https:\/\/harmonyhotel.cz\/wp-content\/uploads\/2024\/06\/Harmony-Hotel-Spindleruv-Mlyn-Dvouluzkovy-pokoj-Superior-s-manzelskou-posteli-03-1600x1126.jpg 1600w, https:\/\/harmonyhotel.cz\/wp-content\/uploads\/2024\/06\/Harmony-Hotel-Spindleruv-Mlyn-Dvouluzkovy-pokoj-Superior-s-manzelskou-posteli-03.jpg 1920w\" sizes=\"auto, (max-width: 800px) 100vw, 800px\" \/><\/a><\/figure>\n\n\n\n<figure class=\"wp-block-image size-medium\"><a href=\"https:\/\/harmonyhotel.cz\/wp-content\/uploads\/2024\/06\/Harmony-Hotel-Spindleruv-Mlyn-Dvouluzkovy-pokoj-Superior-s-manzelskou-posteli-04.jpg\"><img loading=\"lazy\" decoding=\"async\" width=\"800\" height=\"542\" data-id=\"331\" src=\"https:\/\/harmonyhotel.cz\/wp-content\/uploads\/2024\/06\/Harmony-Hotel-Spindleruv-Mlyn-Dvouluzkovy-pokoj-Superior-s-manzelskou-posteli-04-800x542.jpg\" alt=\"Harmony Hotel \u0160pindler\u016fv Ml\u00fdn - Dvoul\u016f\u017ekov\u00fd pokoj Superior s man\u017eelskou postel\u00ed\" class=\"wp-image-331\" srcset=\"https:\/\/harmonyhotel.cz\/wp-content\/uploads\/2024\/06\/Harmony-Hotel-Spindleruv-Mlyn-Dvouluzkovy-pokoj-Superior-s-manzelskou-posteli-04-800x542.jpg 800w, https:\/\/harmonyhotel.cz\/wp-content\/uploads\/2024\/06\/Harmony-Hotel-Spindleruv-Mlyn-Dvouluzkovy-pokoj-Superior-s-manzelskou-posteli-04-1600x1083.jpg 1600w, https:\/\/harmonyhotel.cz\/wp-content\/uploads\/2024\/06\/Harmony-Hotel-Spindleruv-Mlyn-Dvouluzkovy-pokoj-Superior-s-manzelskou-posteli-04.jpg 1920w\" sizes=\"auto, (max-width: 800px) 100vw, 800px\" \/><\/a><\/figure>\n<\/figure>\n","protected":false},"excerpt":{"rendered":"<p>Tento pokoj vhodn\u00fd pro 3 osoby o velikosti od 22 m2 je vybaven man\u017eelskou postel\u00ed a pohodlnou rozkl\u00e1dac\u00ed pohovkou. V koupeln\u011b je sprchov\u00fd kout nebo vana a toaleta. T\u0159\u00edl\u016f\u017ekov\u00fd pokoj Comfort je vybaven psac\u00edm stolem a \u017eidl\u00ed. Na pokoji je TV\/SAT, r\u00e1dio, telefon a trezor. V\u0161echny pokoje jsou vybaveny minibarem. P\u0159\u00edstup k internetu je k [&hellip;]<\/p>\n","protected":false},"author":1,"featured_media":329,"parent":9,"menu_order":21,"comment_status":"closed","ping_status":"closed","template":"","meta":{"footnotes":""},"class_list":["post-134","page","type-page","status-publish","has-post-thumbnail","hentry"],"_links":{"self":[{"href":"https:\/\/harmonyhotel.cz\/cz\/wp-json\/wp\/v2\/pages\/134","targetHints":{"allow":["GET"]}}],"collection":[{"href":"https:\/\/harmonyhotel.cz\/cz\/wp-json\/wp\/v2\/pages"}],"about":[{"href":"https:\/\/harmonyhotel.cz\/cz\/wp-json\/wp\/v2\/types\/page"}],"author":[{"embeddable":true,"href":"https:\/\/harmonyhotel.cz\/cz\/wp-json\/wp\/v2\/users\/1"}],"replies":[{"embeddable":true,"href":"https:\/\/harmonyhotel.cz\/cz\/wp-json\/wp\/v2\/comments?post=134"}],"version-history":[{"count":3,"href":"https:\/\/harmonyhotel.cz\/cz\/wp-json\/wp\/v2\/pages\/134\/revisions"}],"predecessor-version":[{"id":2250,"href":"https:\/\/harmonyhotel.cz\/cz\/wp-json\/wp\/v2\/pages\/134\/revisions\/2250"}],"up":[{"embeddable":true,"href":"https:\/\/harmonyhotel.cz\/cz\/wp-json\/wp\/v2\/pages\/9"}],"wp:featuredmedia":[{"embeddable":true,"href":"https:\/\/harmonyhotel.cz\/cz\/wp-json\/wp\/v2\/media\/329"}],"wp:attachment":[{"href":"https:\/\/harmonyhotel.cz\/cz\/wp-json\/wp\/v2\/media?parent=134"}],"curies":[{"name":"wp","href":"https:\/\/api.w.org\/{rel}","templated":true}]}}