{"id":1261,"date":"2024-09-03T22:50:26","date_gmt":"2024-09-03T20:50:26","guid":{"rendered":"https:\/\/harmonyhotel.cz\/?page_id=1261"},"modified":"2025-11-06T22:11:43","modified_gmt":"2025-11-06T21:11:43","slug":"balicek-s-wellness-a-polopenzi","status":"publish","type":"page","link":"https:\/\/harmonyhotel.cz\/cz\/specialni-nabidky\/balicek-s-wellness-a-polopenzi\/","title":{"rendered":"Bal\u00ed\u010dek s wellness a polopenz\u00ed"},"content":{"rendered":"\n<p>Chcete si u\u017e\u00edt kr\u00e1sy p\u0159\u00edrody Krkono\u0161? Zastavte se vydechnout a nal\u00e9zt vlastn\u00ed harmonii. Rezervujte si alespo\u0148 jednu noc ve ski-in ski-out Hotelu Harmony.&nbsp;<\/p>\n\n\n\n<h2 class=\"wp-block-heading\">Bal\u00ed\u010dek obsahuje<\/h2>\n\n\n\n<ul class=\"wp-block-list\">\n<li>pobyt v pohodln\u00e9m pokoji<\/li>\n\n\n\n<li>sn\u00eddan\u011b formou bufetu<\/li>\n\n\n\n<li>ve\u010de\u0159e formou bufetu<\/li>\n\n\n\n<li>1x vstup do wellness (<strong>Baz\u00e9n a d\u011btsk\u00e1 aqua z\u00f3na<\/strong>: denn\u011b od 7:00 do 11:30, a op\u011bt od 14:00 do 22:00) na 120 minut ka\u017ed\u00fd den&nbsp;<\/li>\n<\/ul>\n\n\n\n<p><em>Cena zahrnuje sn\u00eddani, ve\u010de\u0159i, da\u0148 a v\u00fd\u0161e uveden\u00e9 slu\u017eby.<br>M\u011bstsk\u00e1 da\u0148 ve v\u00fd\u0161i 40 CZK na osobu a noc nen\u00ed v cen\u011b.<\/em><\/p>\n\n\n\n<div class=\"wp-block-buttons is-layout-flex wp-block-buttons-is-layout-flex\">\n<div class=\"wp-block-button btnalt\"><a class=\"wp-block-button__link wp-element-button\" href=\"https:\/\/hotelharmony.book-onlinenow.net\/index.aspx?cur=CZK&amp;lan_id=cs-CZ\" target=\"_blank\" rel=\"noopener noreferrer noopener\">Rezervovat bal\u00ed\u010dek<\/a><\/div>\n<\/div>\n\n\n\n<p>&nbsp;<\/p>\n\n\n\n<h3 class=\"wp-block-heading\">Platebn\u00ed podm\u00ednky<\/h3>\n\n\n\n<p><strong>S mo\u017enost\u00ed storna:<\/strong><\/p>\n\n\n\n<ul class=\"wp-block-list\">\n<li>Hotel vy\u017eaduje \u00fadaje o kreditn\u00ed kart\u011b&nbsp;pouze&nbsp;<strong>ke garanci a p\u0159edautorizaci<\/strong>&nbsp;Va\u0161\u00ed rezervace.&nbsp;Na Va\u0161i kreditn\u00ed kartu nebude \u00fa\u010dtov\u00e1n \u017e\u00e1dn\u00fd poplatek za rezervaci.<\/li>\n\n\n\n<li><strong>P\u0159edautorizace = blokace prost\u0159edk\u016f v pln\u00e9 v\u00fd\u0161i = bude provedena<\/strong>&nbsp;<strong>8<\/strong>&nbsp;<strong>nebo m\u00e9n\u011b dn\u016f p\u0159ed datem p\u0159\u00edjezdu a pokud nebude mo\u017en\u00e9 kartu p\u0159edautorizovat, rezervace m\u016f\u017ee b\u00fdt zam\u00edtnuta.&nbsp;<\/strong><\/li>\n\n\n\n<li>Storno je bezplatn\u00e9 p\u0159i dodr\u017een\u00ed storno podm\u00ednek rezervace. No show je \u00fa\u010dtov\u00e1no dle platn\u00fdch storno podm\u00ednek hotelu.<\/li>\n\n\n\n<li>Platba p\u0159edem: 0% (nebude \u00fa\u010dtov\u00e1n \u017e\u00e1dn\u00fd poplatek)<\/li>\n<\/ul>\n\n\n\n<p><\/p>\n","protected":false},"excerpt":{"rendered":"<p>Chcete si u\u017e\u00edt kr\u00e1sy p\u0159\u00edrody Krkono\u0161? Zastavte se vydechnout a nal\u00e9zt vlastn\u00ed harmonii. Rezervujte si alespo\u0148 jednu noc ve ski-in ski-out Hotelu Harmony.&nbsp; Bal\u00ed\u010dek obsahuje Cena zahrnuje sn\u00eddani, ve\u010de\u0159i, da\u0148 a v\u00fd\u0161e uveden\u00e9 slu\u017eby.M\u011bstsk\u00e1 da\u0148 ve v\u00fd\u0161i 40 CZK na osobu a noc nen\u00ed v cen\u011b. &nbsp; Platebn\u00ed podm\u00ednky S mo\u017enost\u00ed storna:<\/p>\n","protected":false},"author":1,"featured_media":310,"parent":21,"menu_order":0,"comment_status":"closed","ping_status":"closed","template":"","meta":{"footnotes":""},"class_list":["post-1261","page","type-page","status-publish","has-post-thumbnail","hentry"],"_links":{"self":[{"href":"https:\/\/harmonyhotel.cz\/cz\/wp-json\/wp\/v2\/pages\/1261","targetHints":{"allow":["GET"]}}],"collection":[{"href":"https:\/\/harmonyhotel.cz\/cz\/wp-json\/wp\/v2\/pages"}],"about":[{"href":"https:\/\/harmonyhotel.cz\/cz\/wp-json\/wp\/v2\/types\/page"}],"author":[{"embeddable":true,"href":"https:\/\/harmonyhotel.cz\/cz\/wp-json\/wp\/v2\/users\/1"}],"replies":[{"embeddable":true,"href":"https:\/\/harmonyhotel.cz\/cz\/wp-json\/wp\/v2\/comments?post=1261"}],"version-history":[{"count":8,"href":"https:\/\/harmonyhotel.cz\/cz\/wp-json\/wp\/v2\/pages\/1261\/revisions"}],"predecessor-version":[{"id":2182,"href":"https:\/\/harmonyhotel.cz\/cz\/wp-json\/wp\/v2\/pages\/1261\/revisions\/2182"}],"up":[{"embeddable":true,"href":"https:\/\/harmonyhotel.cz\/cz\/wp-json\/wp\/v2\/pages\/21"}],"wp:featuredmedia":[{"embeddable":true,"href":"https:\/\/harmonyhotel.cz\/cz\/wp-json\/wp\/v2\/media\/310"}],"wp:attachment":[{"href":"https:\/\/harmonyhotel.cz\/cz\/wp-json\/wp\/v2\/media?parent=1261"}],"curies":[{"name":"wp","href":"https:\/\/api.w.org\/{rel}","templated":true}]}}